{"id":9886,"date":"2022-10-07T11:09:14","date_gmt":"2022-10-07T11:09:14","guid":{"rendered":"https:\/\/prettylinks.com\/?page_id=9886"},"modified":"2022-11-29T11:19:42","modified_gmt":"2022-11-29T11:19:42","slug":"black-friday-2022","status":"publish","type":"page","link":"https:\/\/prettylinks.com\/pt\/black-friday-2022\/","title":{"rendered":"PrettyLinks Cyber Monday Extended 2022"},"content":{"rendered":"","protected":false},"excerpt":{"rendered":"","protected":false},"author":31802,"featured_media":10100,"parent":0,"menu_order":0,"comment_status":"closed","ping_status":"open","template":"cm-landing.php","meta":{"om_disable_all_campaigns":false,"_strive_editorial_status":"not-started","_strive_copy_of":0,"_monsterinsights_skip_tracking":false,"_monsterinsights_sitenote_active":false,"_monsterinsights_sitenote_note":"","_monsterinsights_sitenote_category":0,"footnotes":"","maurice_hero_tagline":"","maurice_hero_title":"","maurice_hero_subtitle":"","maurice_hero_cta_link":"","maurice_hero_cta_text":""},"class_list":["post-9886","page","type-page","status-publish","has-post-thumbnail","hentry"],"aioseo_notices":[],"aioseo_head":"\n\t\t<!-- All in One SEO Pro 4.9.5.2 - aioseo.com -->\n\t<meta name=\"description\" content=\"Cyber sales too HOT to quit! Get Pretty Links up to 65% off during our Cyber Monday Extended event going on all week long! Sale and giveaway ends 12\/3.\" \/>\n\t<meta name=\"robots\" content=\"max-snippet:-1, max-image-preview:large, max-video-preview:-1\" \/>\n\t<link rel=\"canonical\" href=\"https:\/\/prettylinks.com\/pt\/black-friday-2022\/\" \/>\n\t<meta name=\"generator\" content=\"All in One SEO Pro (AIOSEO) 4.9.5.2\" \/>\n\t\t<meta property=\"og:locale\" content=\"pt_BR\" \/>\n\t\t<meta property=\"og:site_name\" content=\"PrettyLinks\" \/>\n\t\t<meta property=\"og:type\" content=\"article\" \/>\n\t\t<meta property=\"og:title\" content=\"Cyber Monday Sale Extended | Save Up to 65% Off Pretty Links\" \/>\n\t\t<meta property=\"og:description\" content=\"Cyber sales too HOT to quit! Get Pretty Links up to 65% off during our Cyber Monday Extended event going on all week long! Sale and giveaway ends 12\/3.\" \/>\n\t\t<meta property=\"og:url\" content=\"https:\/\/prettylinks.com\/pt\/black-friday-2022\/\" \/>\n\t\t<meta property=\"og:image\" content=\"https:\/\/prettylinks.com\/wp-content\/uploads\/2022\/11\/PL-CME-LP-FT-IM.png\" \/>\n\t\t<meta property=\"og:image:secure_url\" content=\"https:\/\/prettylinks.com\/wp-content\/uploads\/2022\/11\/PL-CME-LP-FT-IM.png\" \/>\n\t\t<meta property=\"og:image:width\" content=\"1000\" \/>\n\t\t<meta property=\"og:image:height\" content=\"576\" \/>\n\t\t<meta property=\"article:published_time\" content=\"2022-10-07T11:09:14+00:00\" \/>\n\t\t<meta property=\"article:modified_time\" content=\"2022-11-29T11:19:42+00:00\" \/>\n\t\t<meta name=\"twitter:card\" content=\"summary_large_image\" \/>\n\t\t<meta name=\"twitter:title\" content=\"Cyber Monday Sale Extended | Save Up to 65% Off Pretty Links\" \/>\n\t\t<meta name=\"twitter:description\" content=\"Cyber sales too HOT to quit! Get Pretty Links up to 65% off during our Cyber Monday Extended event going on all week long! Sale and giveaway ends 12\/3.\" \/>\n\t\t<meta name=\"twitter:image\" content=\"https:\/\/prettylinks.com\/wp-content\/uploads\/2022\/11\/PL-CME-LP-FT-IM.png\" \/>\n\t\t<script type=\"application\/ld+json\" class=\"aioseo-schema\">\n\t\t\t{\"@context\":\"https:\\\/\\\/schema.org\",\"@graph\":[{\"@type\":\"BreadcrumbList\",\"@id\":\"https:\\\/\\\/prettylinks.com\\\/pt\\\/black-friday-2022\\\/#breadcrumblist\",\"itemListElement\":[{\"@type\":\"ListItem\",\"@id\":\"https:\\\/\\\/prettylinks.com\\\/pt#listItem\",\"position\":1,\"name\":\"Home\",\"item\":\"https:\\\/\\\/prettylinks.com\\\/pt\",\"nextItem\":{\"@type\":\"ListItem\",\"@id\":\"https:\\\/\\\/prettylinks.com\\\/pt\\\/black-friday-2022\\\/#listItem\",\"name\":\"PrettyLinks Cyber Monday Extended 2022\"}},{\"@type\":\"ListItem\",\"@id\":\"https:\\\/\\\/prettylinks.com\\\/pt\\\/black-friday-2022\\\/#listItem\",\"position\":2,\"name\":\"PrettyLinks Cyber Monday Extended 2022\",\"previousItem\":{\"@type\":\"ListItem\",\"@id\":\"https:\\\/\\\/prettylinks.com\\\/pt#listItem\",\"name\":\"Home\"}}]},{\"@type\":\"Organization\",\"@id\":\"https:\\\/\\\/prettylinks.com\\\/pt\\\/#organization\",\"name\":\"PrettyLinks\",\"description\":\"Top Affiliate Link & URL Shortener for WordPress\",\"url\":\"https:\\\/\\\/prettylinks.com\\\/pt\\\/\"},{\"@type\":\"WebPage\",\"@id\":\"https:\\\/\\\/prettylinks.com\\\/pt\\\/black-friday-2022\\\/#webpage\",\"url\":\"https:\\\/\\\/prettylinks.com\\\/pt\\\/black-friday-2022\\\/\",\"name\":\"Cyber Monday Sale Extended | Save Up to 65% Off Pretty Links\",\"description\":\"Cyber sales too HOT to quit! Get Pretty Links up to 65% off during our Cyber Monday Extended event going on all week long! Sale and giveaway ends 12\\\/3.\",\"inLanguage\":\"pt-BR\",\"isPartOf\":{\"@id\":\"https:\\\/\\\/prettylinks.com\\\/pt\\\/#website\"},\"breadcrumb\":{\"@id\":\"https:\\\/\\\/prettylinks.com\\\/pt\\\/black-friday-2022\\\/#breadcrumblist\"},\"image\":{\"@type\":\"ImageObject\",\"url\":\"https:\\\/\\\/prettylinks.com\\\/wp-content\\\/uploads\\\/2022\\\/11\\\/PL-CME-LP-FT-IM.png\",\"@id\":\"https:\\\/\\\/prettylinks.com\\\/pt\\\/black-friday-2022\\\/#mainImage\",\"width\":1000,\"height\":576,\"caption\":\"Cyber Monday Extended PrettyLinks\"},\"primaryImageOfPage\":{\"@id\":\"https:\\\/\\\/prettylinks.com\\\/pt\\\/black-friday-2022\\\/#mainImage\"},\"datePublished\":\"2022-10-07T11:09:14-06:00\",\"dateModified\":\"2022-11-29T11:19:42-07:00\"},{\"@type\":\"WebSite\",\"@id\":\"https:\\\/\\\/prettylinks.com\\\/pt\\\/#website\",\"url\":\"https:\\\/\\\/prettylinks.com\\\/pt\\\/\",\"name\":\"PrettyLinks\",\"description\":\"Top Affiliate Link & URL Shortener for WordPress\",\"inLanguage\":\"pt-BR\",\"publisher\":{\"@id\":\"https:\\\/\\\/prettylinks.com\\\/pt\\\/#organization\"}}]}\n\t\t<\/script>\n\t\t<!-- All in One SEO Pro -->\r\n\t\t<title>Cyber Monday Sale Extended | Save Up to 65% Off Pretty Links<\/title>\n\n","aioseo_head_json":{"title":"Promo\u00e7\u00e3o estendida da Cyber Monday: economize at\u00e9 65% na Pretty Links","description":"As vendas cibern\u00e9ticas est\u00e3o muito quentes para serem abandonadas! Obtenha Pretty Links com at\u00e9 65% de desconto durante nosso evento Cyber Monday Extended que est\u00e1 acontecendo durante toda a semana! A promo\u00e7\u00e3o e o brinde terminam em 12\/3.","canonical_url":"https:\/\/prettylinks.com\/pt\/black-friday-2022\/","robots":"max-snippet:-1, max-image-preview:large, max-video-preview:-1","keywords":"","webmasterTools":{"miscellaneous":""},"schema":{"@context":"https:\/\/schema.org","@graph":[{"@type":"BreadcrumbList","@id":"https:\/\/prettylinks.com\/pt\/black-friday-2022\/#breadcrumblist","itemListElement":[{"@type":"ListItem","@id":"https:\/\/prettylinks.com\/pt#listItem","position":1,"name":"Home","item":"https:\/\/prettylinks.com\/pt","nextItem":{"@type":"ListItem","@id":"https:\/\/prettylinks.com\/pt\/black-friday-2022\/#listItem","name":"PrettyLinks Cyber Monday Extended 2022"}},{"@type":"ListItem","@id":"https:\/\/prettylinks.com\/pt\/black-friday-2022\/#listItem","position":2,"name":"PrettyLinks Cyber Monday Extended 2022","previousItem":{"@type":"ListItem","@id":"https:\/\/prettylinks.com\/pt#listItem","name":"Home"}}]},{"@type":"Organization","@id":"https:\/\/prettylinks.com\/pt\/#organization","name":"PrettyLinks","description":"Top Affiliate Link & URL Shortener for WordPress","url":"https:\/\/prettylinks.com\/pt\/"},{"@type":"WebPage","@id":"https:\/\/prettylinks.com\/pt\/black-friday-2022\/#webpage","url":"https:\/\/prettylinks.com\/pt\/black-friday-2022\/","name":"Cyber Monday Sale Extended | Save Up to 65% Off Pretty Links","description":"Cyber sales too HOT to quit! Get Pretty Links up to 65% off during our Cyber Monday Extended event going on all week long! Sale and giveaway ends 12\/3.","inLanguage":"pt-BR","isPartOf":{"@id":"https:\/\/prettylinks.com\/pt\/#website"},"breadcrumb":{"@id":"https:\/\/prettylinks.com\/pt\/black-friday-2022\/#breadcrumblist"},"image":{"@type":"ImageObject","url":"https:\/\/prettylinks.com\/wp-content\/uploads\/2022\/11\/PL-CME-LP-FT-IM.png","@id":"https:\/\/prettylinks.com\/pt\/black-friday-2022\/#mainImage","width":1000,"height":576,"caption":"Cyber Monday Extended PrettyLinks"},"primaryImageOfPage":{"@id":"https:\/\/prettylinks.com\/pt\/black-friday-2022\/#mainImage"},"datePublished":"2022-10-07T11:09:14-06:00","dateModified":"2022-11-29T11:19:42-07:00"},{"@type":"WebSite","@id":"https:\/\/prettylinks.com\/pt\/#website","url":"https:\/\/prettylinks.com\/pt\/","name":"PrettyLinks","description":"Top Affiliate Link & URL Shortener for WordPress","inLanguage":"pt-BR","publisher":{"@id":"https:\/\/prettylinks.com\/pt\/#organization"}}]},"og:locale":"pt_BR","og:site_name":"PrettyLinks","og:type":"article","og:title":"Cyber Monday Sale Extended | Save Up to 65% Off Pretty Links","og:description":"Cyber sales too HOT to quit! Get Pretty Links up to 65% off during our Cyber Monday Extended event going on all week long! Sale and giveaway ends 12\/3.","og:url":"https:\/\/prettylinks.com\/pt\/black-friday-2022\/","og:image":"https:\/\/prettylinks.com\/wp-content\/uploads\/2022\/11\/PL-CME-LP-FT-IM.png","og:image:secure_url":"https:\/\/prettylinks.com\/wp-content\/uploads\/2022\/11\/PL-CME-LP-FT-IM.png","og:image:width":1000,"og:image:height":576,"article:published_time":"2022-10-07T11:09:14+00:00","article:modified_time":"2022-11-29T11:19:42+00:00","twitter:card":"summary_large_image","twitter:title":"Cyber Monday Sale Extended | Save Up to 65% Off Pretty Links","twitter:description":"Cyber sales too HOT to quit! Get Pretty Links up to 65% off during our Cyber Monday Extended event going on all week long! Sale and giveaway ends 12\/3.","twitter:image":"https:\/\/prettylinks.com\/wp-content\/uploads\/2022\/11\/PL-CME-LP-FT-IM.png"},"aioseo_meta_data":{"post_id":"9886","title":"Cyber Monday Sale Extended #separator_sa Save Up to 65% Off Pretty Links","description":"As vendas cibern\u00e9ticas est\u00e3o muito quentes para serem abandonadas! Obtenha Pretty Links com at\u00e9 65% de desconto durante nosso evento Cyber Monday Extended que est\u00e1 acontecendo durante toda a semana! A promo\u00e7\u00e3o e o brinde terminam em 12\/3.","keywords":[{"label":"Black Friday ","value":"Black Friday "},{"label":"Small Business Saturday","value":"Small Business Saturday"},{"label":"Cyber Monday ","value":"Cyber Monday "},{"label":"Cyber Monday Extended","value":"Cyber Monday Extended"}],"keyphrases":{"focus":{"keyphrase":"Cyber Monday","score":88,"analysis":{"keyphraseInTitle":{"title":"Focus keyphrase in SEO title","description":"Focus keyphrase found in SEO title.","score":9,"maxScore":9,"error":0},"keyphraseInDescription":{"title":"Focus keyphrase in meta description","description":"Focus keyphrase found in meta description.","score":9,"maxScore":9,"error":0},"keyphraseLength":{"title":"Focus keyphrase length","description":"Good job!","score":9,"maxScore":9,"error":0,"length":2},"keyphraseInURL":{"title":"Focus keyphrase in URL","description":"Focus keyphrase not found in the URL.","score":1,"maxScore":5,"error":1}}},"additional":[]},"primary_term":null,"canonical_url":null,"og_title":null,"og_description":null,"og_object_type":"default","og_image_type":"default","og_image_url":null,"og_image_width":null,"og_image_height":null,"og_image_custom_url":null,"og_image_custom_fields":null,"og_video":"","og_custom_url":null,"og_article_section":null,"og_article_tags":[],"twitter_use_og":false,"twitter_card":"default","twitter_image_type":"default","twitter_image_url":null,"twitter_image_custom_url":null,"twitter_image_custom_fields":null,"twitter_title":null,"twitter_description":null,"schema":{"blockGraphs":[],"customGraphs":[],"default":{"data":{"Article":[],"Course":[],"Dataset":[],"FAQPage":[],"Movie":[],"Person":[],"Product":[],"ProductReview":[],"Car":[],"Recipe":[],"Service":[],"SoftwareApplication":[],"WebPage":[]},"graphName":"WebPage","isEnabled":true},"graphs":[]},"schema_type":"default","schema_type_options":null,"pillar_content":false,"robots_default":true,"robots_noindex":false,"robots_noarchive":false,"robots_nosnippet":false,"robots_nofollow":false,"robots_noimageindex":false,"robots_noodp":false,"robots_notranslate":false,"robots_max_snippet":"-1","robots_max_videopreview":"-1","robots_max_imagepreview":"large","priority":null,"frequency":"default","local_seo":null,"seo_analyzer_scan_date":"2025-10-10 00:43:28","breadcrumb_settings":null,"limit_modified_date":false,"open_ai":null,"ai":null,"created":"2022-10-07 11:07:28","updated":"2025-11-06 08:31:01"},"_links":{"self":[{"href":"https:\/\/prettylinks.com\/pt\/wp-json\/wp\/v2\/pages\/9886","targetHints":{"allow":["GET"]}}],"collection":[{"href":"https:\/\/prettylinks.com\/pt\/wp-json\/wp\/v2\/pages"}],"about":[{"href":"https:\/\/prettylinks.com\/pt\/wp-json\/wp\/v2\/types\/page"}],"author":[{"embeddable":true,"href":"https:\/\/prettylinks.com\/pt\/wp-json\/wp\/v2\/users\/31802"}],"replies":[{"embeddable":true,"href":"https:\/\/prettylinks.com\/pt\/wp-json\/wp\/v2\/comments?post=9886"}],"version-history":[{"count":1,"href":"https:\/\/prettylinks.com\/pt\/wp-json\/wp\/v2\/pages\/9886\/revisions"}],"predecessor-version":[{"id":14390,"href":"https:\/\/prettylinks.com\/pt\/wp-json\/wp\/v2\/pages\/9886\/revisions\/14390"}],"wp:featuredmedia":[{"embeddable":true,"href":"https:\/\/prettylinks.com\/pt\/wp-json\/wp\/v2\/media\/10100"}],"wp:attachment":[{"href":"https:\/\/prettylinks.com\/pt\/wp-json\/wp\/v2\/media?parent=9886"}],"curies":[{"name":"wp","href":"https:\/\/api.w.org\/{rel}","templated":true}]}}