{"id":854,"date":"2013-12-13T22:57:02","date_gmt":"2013-12-13T22:57:02","guid":{"rendered":"https:\/\/prettylinks.com\/thank-you-2\/"},"modified":"2025-10-15T09:30:13","modified_gmt":"2025-10-15T15:30:13","slug":"thank-you","status":"publish","type":"page","link":"https:\/\/prettylinks.com\/pt\/thank-you\/","title":{"rendered":"Obrigado por comprar o PrettyLinks"},"content":{"rendered":"<p>Em breve, voc\u00ea receber\u00e1 um e-mail com sua licen\u00e7a PrettyLinks.<\/p>\n\n\n\n<p>Voc\u00ea pode fazer login aqui para gerenciar sua conta e licen\u00e7as do PrettyLinks (usando o nome de usu\u00e1rio e a senha que acabou de configurar):<\/p>\n\n\n\n<p><a href=\"https:\/\/prettylinks.com\/pt\/account\/\" data-type=\"link\" data-id=\"https:\/\/prettylinks.com\/account\">https:\/\/prettylinks.com\/account<\/a><\/p>\n\n\n\n<p>Depois de obter sua chave de licen\u00e7a, <em><b>se voc\u00ea n\u00e3o tiver o PrettyLinks Lite instalado no momento<\/b><\/em>Veja a seguir como voc\u00ea instalar\u00e1 e ativar\u00e1 o PrettyLinks:<\/p>\n\n\n\n<ol class=\"wp-block-list\">\n<li>Fa\u00e7a o download da vers\u00e3o mais recente do PrettyLinks usando o link exclusivo fornecido a voc\u00ea no e-mail de instala\u00e7\u00e3o.<\/li>\n\n\n\n<li>V\u00e1 para o administrador do site do WordPress<\/li>\n\n\n\n<li>Navegue at\u00e9 \"Plugins\" -&gt; \"Add New\" e clique em \"Upload\".<\/li>\n\n\n\n<li>Carregue o arquivo zip que voc\u00ea acabou de baixar e clique em \"Activate\" (Ativar)<\/li>\n\n\n\n<li>Navegue at\u00e9 \"PrettyLinks\" -&gt; \"Activate Pro\" em seu administrador do WordPress, insira sua chave de licen\u00e7a e a ative.<\/li>\n<\/ol>\n\n\n\n<p>Alternativamente, <em><b>Se voc\u00ea j\u00e1 tiver o PrettyLinks Lite instalado<\/b><\/em>Veja a seguir como voc\u00ea instalar\u00e1 e ativar\u00e1 o PrettyLinks:<\/p>\n\n\n\n<ol class=\"wp-block-list\">\n<li>Navegue at\u00e9 \"PrettyLinks\" -&gt; \"Upgrade to Pro\" em seu administrador do WordPress, insira sua chave de licen\u00e7a e a ative.<\/li>\n\n\n\n<li>Clique no bot\u00e3o \"Upgrade plugin to Pro\"<\/li>\n<\/ol>\n\n\n\n<p>\u00c9 isso a\u00ed!<\/p>\n\n\n\n<p>Se tiver d\u00favidas ao longo do processo, voc\u00ea pode acessar o manual do usu\u00e1rio e o suporte do PrettyLinks no painel de controle da associa\u00e7\u00e3o em <a href=\"https:\/\/prettylinks.com\/pt\/account\/\">https:\/\/prettylinks.com\/account\/<\/a>.<\/p>\n\n\n\n<p>Sa\u00fade!<\/p>\n\n\n\n<p>A equipe do PrettyLinks<\/p>","protected":false},"excerpt":{"rendered":"<p>Em breve, voc\u00ea receber\u00e1 um e-mail com sua licen\u00e7a do PrettyLinks. Voc\u00ea pode fazer login aqui para gerenciar sua conta e licen\u00e7as do PrettyLinks (usando o nome de usu\u00e1rio e a senha que acabou de configurar): https:\/\/prettylinks.com\/account Depois de receber sua chave de licen\u00e7a, se voc\u00ea n\u00e3o tiver o PrettyLinks Lite instalado no momento, veja como instalar e ativar o PrettyLinks: Alternativamente, se voc\u00ea tiver...<\/p>","protected":false},"author":2,"featured_media":0,"parent":0,"menu_order":56,"comment_status":"closed","ping_status":"closed","template":"single_framed","meta":{"om_disable_all_campaigns":false,"_strive_editorial_status":"not-started","_strive_copy_of":0,"_monsterinsights_skip_tracking":false,"_monsterinsights_sitenote_active":false,"_monsterinsights_sitenote_note":"","_monsterinsights_sitenote_category":0,"footnotes":"","maurice_hero_tagline":"","maurice_hero_title":"","maurice_hero_subtitle":"","maurice_hero_cta_link":"","maurice_hero_cta_text":""},"class_list":["post-854","page","type-page","status-publish","hentry"],"aioseo_notices":[],"aioseo_head":"\n\t\t<!-- All in One SEO Pro 4.9.5.2 - aioseo.com -->\n\t<meta name=\"description\" content=\"You&#039;ll be receiving an email shortly with your PrettyLinks license. You can login here to manage your PrettyLinks account and licenses (using the username &amp; password you just setup): https:\/\/prettylinks.com\/account Once you get your License Key, if you don&#039;t currently have PrettyLinks Lite installed, here&#039;s how you&#039;ll install &amp; activate PrettyLinks: Download the latest version\" \/>\n\t<meta name=\"robots\" content=\"max-snippet:-1, max-image-preview:large, max-video-preview:-1\" \/>\n\t<link rel=\"canonical\" href=\"https:\/\/prettylinks.com\/pt\/thank-you\/\" \/>\n\t<meta name=\"generator\" content=\"All in One SEO Pro (AIOSEO) 4.9.5.2\" \/>\n\t\t<meta property=\"og:locale\" content=\"pt_BR\" \/>\n\t\t<meta property=\"og:site_name\" content=\"PrettyLinks\" \/>\n\t\t<meta property=\"og:type\" content=\"article\" \/>\n\t\t<meta property=\"og:title\" content=\"Thanks for Purchasing PrettyLinks\" \/>\n\t\t<meta property=\"og:description\" content=\"You&#039;ll be receiving an email shortly with your PrettyLinks license. You can login here to manage your PrettyLinks account and licenses (using the username &amp; password you just setup): https:\/\/prettylinks.com\/account Once you get your License Key, if you don&#039;t currently have PrettyLinks Lite installed, here&#039;s how you&#039;ll install &amp; activate PrettyLinks: Download the latest version\" \/>\n\t\t<meta property=\"og:url\" content=\"https:\/\/prettylinks.com\/pt\/thank-you\/\" \/>\n\t\t<meta property=\"article:published_time\" content=\"2013-12-13T22:57:02+00:00\" \/>\n\t\t<meta property=\"article:modified_time\" content=\"2025-10-15T15:30:13+00:00\" \/>\n\t\t<meta name=\"twitter:card\" content=\"summary_large_image\" \/>\n\t\t<meta name=\"twitter:title\" content=\"Thanks for Purchasing PrettyLinks\" \/>\n\t\t<meta name=\"twitter:description\" content=\"You&#039;ll be receiving an email shortly with your PrettyLinks license. You can login here to manage your PrettyLinks account and licenses (using the username &amp; password you just setup): https:\/\/prettylinks.com\/account Once you get your License Key, if you don&#039;t currently have PrettyLinks Lite installed, here&#039;s how you&#039;ll install &amp; activate PrettyLinks: Download the latest version\" \/>\n\t\t<script type=\"application\/ld+json\" class=\"aioseo-schema\">\n\t\t\t{\"@context\":\"https:\\\/\\\/schema.org\",\"@graph\":[{\"@type\":\"BreadcrumbList\",\"@id\":\"https:\\\/\\\/prettylinks.com\\\/pt\\\/thank-you\\\/#breadcrumblist\",\"itemListElement\":[{\"@type\":\"ListItem\",\"@id\":\"https:\\\/\\\/prettylinks.com\\\/pt#listItem\",\"position\":1,\"name\":\"Home\",\"item\":\"https:\\\/\\\/prettylinks.com\\\/pt\",\"nextItem\":{\"@type\":\"ListItem\",\"@id\":\"https:\\\/\\\/prettylinks.com\\\/pt\\\/thank-you\\\/#listItem\",\"name\":\"Thanks for Purchasing PrettyLinks\"}},{\"@type\":\"ListItem\",\"@id\":\"https:\\\/\\\/prettylinks.com\\\/pt\\\/thank-you\\\/#listItem\",\"position\":2,\"name\":\"Thanks for Purchasing PrettyLinks\",\"previousItem\":{\"@type\":\"ListItem\",\"@id\":\"https:\\\/\\\/prettylinks.com\\\/pt#listItem\",\"name\":\"Home\"}}]},{\"@type\":\"Organization\",\"@id\":\"https:\\\/\\\/prettylinks.com\\\/pt\\\/#organization\",\"name\":\"PrettyLinks\",\"description\":\"Top Affiliate Link & URL Shortener for WordPress\",\"url\":\"https:\\\/\\\/prettylinks.com\\\/pt\\\/\"},{\"@type\":\"WebPage\",\"@id\":\"https:\\\/\\\/prettylinks.com\\\/pt\\\/thank-you\\\/#webpage\",\"url\":\"https:\\\/\\\/prettylinks.com\\\/pt\\\/thank-you\\\/\",\"name\":\"Thanks for Purchasing PrettyLinks\",\"description\":\"You'll be receiving an email shortly with your PrettyLinks license. You can login here to manage your PrettyLinks account and licenses (using the username & password you just setup): https:\\\/\\\/prettylinks.com\\\/account Once you get your License Key, if you don't currently have PrettyLinks Lite installed, here's how you'll install & activate PrettyLinks: Download the latest version\",\"inLanguage\":\"pt-BR\",\"isPartOf\":{\"@id\":\"https:\\\/\\\/prettylinks.com\\\/pt\\\/#website\"},\"breadcrumb\":{\"@id\":\"https:\\\/\\\/prettylinks.com\\\/pt\\\/thank-you\\\/#breadcrumblist\"},\"datePublished\":\"2013-12-13T22:57:02-07:00\",\"dateModified\":\"2025-10-15T09:30:13-06:00\"},{\"@type\":\"WebSite\",\"@id\":\"https:\\\/\\\/prettylinks.com\\\/pt\\\/#website\",\"url\":\"https:\\\/\\\/prettylinks.com\\\/pt\\\/\",\"name\":\"PrettyLinks\",\"description\":\"Top Affiliate Link & URL Shortener for WordPress\",\"inLanguage\":\"pt-BR\",\"publisher\":{\"@id\":\"https:\\\/\\\/prettylinks.com\\\/pt\\\/#organization\"}}]}\n\t\t<\/script>\n\t\t<!-- All in One SEO Pro -->\r\n\t\t<title>Thanks for Purchasing PrettyLinks<\/title>\n\n","aioseo_head_json":{"title":"Obrigado por comprar o PrettyLinks","description":"Em breve, voc\u00ea receber\u00e1 um e-mail com sua licen\u00e7a do PrettyLinks. Voc\u00ea pode fazer o login aqui para gerenciar sua conta e licen\u00e7as do PrettyLinks (usando o nome de usu\u00e1rio e a senha que acabou de configurar): https:\/\/prettylinks.com\/account Depois de receber sua chave de licen\u00e7a, se voc\u00ea ainda n\u00e3o tiver o PrettyLinks Lite instalado, veja como instalar e ativar o PrettyLinks: Fa\u00e7a o download da vers\u00e3o mais recente","canonical_url":"https:\/\/prettylinks.com\/pt\/thank-you\/","robots":"max-snippet:-1, max-image-preview:large, max-video-preview:-1","keywords":"","webmasterTools":{"miscellaneous":""},"schema":{"@context":"https:\/\/schema.org","@graph":[{"@type":"BreadcrumbList","@id":"https:\/\/prettylinks.com\/pt\/thank-you\/#breadcrumblist","itemListElement":[{"@type":"ListItem","@id":"https:\/\/prettylinks.com\/pt#listItem","position":1,"name":"Home","item":"https:\/\/prettylinks.com\/pt","nextItem":{"@type":"ListItem","@id":"https:\/\/prettylinks.com\/pt\/thank-you\/#listItem","name":"Thanks for Purchasing PrettyLinks"}},{"@type":"ListItem","@id":"https:\/\/prettylinks.com\/pt\/thank-you\/#listItem","position":2,"name":"Thanks for Purchasing PrettyLinks","previousItem":{"@type":"ListItem","@id":"https:\/\/prettylinks.com\/pt#listItem","name":"Home"}}]},{"@type":"Organization","@id":"https:\/\/prettylinks.com\/pt\/#organization","name":"PrettyLinks","description":"Top Affiliate Link & URL Shortener for WordPress","url":"https:\/\/prettylinks.com\/pt\/"},{"@type":"WebPage","@id":"https:\/\/prettylinks.com\/pt\/thank-you\/#webpage","url":"https:\/\/prettylinks.com\/pt\/thank-you\/","name":"Thanks for Purchasing PrettyLinks","description":"You'll be receiving an email shortly with your PrettyLinks license. You can login here to manage your PrettyLinks account and licenses (using the username & password you just setup): https:\/\/prettylinks.com\/account Once you get your License Key, if you don't currently have PrettyLinks Lite installed, here's how you'll install & activate PrettyLinks: Download the latest version","inLanguage":"pt-BR","isPartOf":{"@id":"https:\/\/prettylinks.com\/pt\/#website"},"breadcrumb":{"@id":"https:\/\/prettylinks.com\/pt\/thank-you\/#breadcrumblist"},"datePublished":"2013-12-13T22:57:02-07:00","dateModified":"2025-10-15T09:30:13-06:00"},{"@type":"WebSite","@id":"https:\/\/prettylinks.com\/pt\/#website","url":"https:\/\/prettylinks.com\/pt\/","name":"PrettyLinks","description":"Top Affiliate Link & URL Shortener for WordPress","inLanguage":"pt-BR","publisher":{"@id":"https:\/\/prettylinks.com\/pt\/#organization"}}]},"og:locale":"pt_BR","og:site_name":"PrettyLinks","og:type":"article","og:title":"Thanks for Purchasing PrettyLinks","og:description":"You'll be receiving an email shortly with your PrettyLinks license. You can login here to manage your PrettyLinks account and licenses (using the username &amp; password you just setup): https:\/\/prettylinks.com\/account Once you get your License Key, if you don't currently have PrettyLinks Lite installed, here's how you'll install &amp; activate PrettyLinks: Download the latest version","og:url":"https:\/\/prettylinks.com\/pt\/thank-you\/","article:published_time":"2013-12-13T22:57:02+00:00","article:modified_time":"2025-10-15T15:30:13+00:00","twitter:card":"summary_large_image","twitter:title":"Thanks for Purchasing PrettyLinks","twitter:description":"You'll be receiving an email shortly with your PrettyLinks license. You can login here to manage your PrettyLinks account and licenses (using the username &amp; password you just setup): https:\/\/prettylinks.com\/account Once you get your License Key, if you don't currently have PrettyLinks Lite installed, here's how you'll install &amp; activate PrettyLinks: Download the latest version"},"aioseo_meta_data":{"post_id":"854","title":null,"description":null,"keywords":null,"keyphrases":null,"primary_term":null,"canonical_url":null,"og_title":null,"og_description":null,"og_object_type":"default","og_image_type":"default","og_image_url":null,"og_image_width":null,"og_image_height":null,"og_image_custom_url":null,"og_image_custom_fields":null,"og_video":null,"og_custom_url":null,"og_article_section":null,"og_article_tags":null,"twitter_use_og":false,"twitter_card":"default","twitter_image_type":"default","twitter_image_url":null,"twitter_image_custom_url":null,"twitter_image_custom_fields":null,"twitter_title":null,"twitter_description":null,"schema":{"blockGraphs":[],"customGraphs":[],"default":{"data":{"Article":[],"Course":[],"Dataset":[],"FAQPage":[],"Movie":[],"Person":[],"Product":[],"ProductReview":[],"Car":[],"Recipe":[],"Service":[],"SoftwareApplication":[],"WebPage":[]},"graphName":"","isEnabled":true},"graphs":[]},"schema_type":null,"schema_type_options":null,"pillar_content":false,"robots_default":true,"robots_noindex":false,"robots_noarchive":false,"robots_nosnippet":false,"robots_nofollow":false,"robots_noimageindex":false,"robots_noodp":false,"robots_notranslate":false,"robots_max_snippet":null,"robots_max_videopreview":null,"robots_max_imagepreview":"large","priority":null,"frequency":null,"local_seo":null,"seo_analyzer_scan_date":"2025-10-15 15:37:52","breadcrumb_settings":null,"limit_modified_date":false,"open_ai":null,"ai":null,"created":"2020-12-21 17:50:21","updated":"2026-01-19 11:40:37"},"_links":{"self":[{"href":"https:\/\/prettylinks.com\/pt\/wp-json\/wp\/v2\/pages\/854","targetHints":{"allow":["GET"]}}],"collection":[{"href":"https:\/\/prettylinks.com\/pt\/wp-json\/wp\/v2\/pages"}],"about":[{"href":"https:\/\/prettylinks.com\/pt\/wp-json\/wp\/v2\/types\/page"}],"author":[{"embeddable":true,"href":"https:\/\/prettylinks.com\/pt\/wp-json\/wp\/v2\/users\/2"}],"replies":[{"embeddable":true,"href":"https:\/\/prettylinks.com\/pt\/wp-json\/wp\/v2\/comments?post=854"}],"version-history":[{"count":1,"href":"https:\/\/prettylinks.com\/pt\/wp-json\/wp\/v2\/pages\/854\/revisions"}],"predecessor-version":[{"id":16726,"href":"https:\/\/prettylinks.com\/pt\/wp-json\/wp\/v2\/pages\/854\/revisions\/16726"}],"wp:attachment":[{"href":"https:\/\/prettylinks.com\/pt\/wp-json\/wp\/v2\/media?parent=854"}],"curies":[{"name":"wp","href":"https:\/\/api.w.org\/{rel}","templated":true}]}}