{"id":72,"date":"2009-07-23T15:57:05","date_gmt":"2009-07-23T19:57:05","guid":{"rendered":"https:\/\/prettylinks.com\/?page_id=72"},"modified":"2025-10-15T09:30:07","modified_gmt":"2025-10-15T15:30:07","slug":"privacy-policy","status":"publish","type":"page","link":"https:\/\/prettylinks.com\/pt\/privacy-policy\/","title":{"rendered":"Pol\u00edtica de privacidade"},"content":{"rendered":"<div class=\"wp-block-group alignwide is-style-maurice-layout-container is-layout-flow wp-block-group-is-layout-flow is-style-maurice-layout-container--1\">\n<p>A Caseproof, LLC, uma empresa de responsabilidade limitada de Utah, \u00e9 propriet\u00e1ria e opera este site. Estamos comprometidos com a privacidade e a seguran\u00e7a das informa\u00e7\u00f5es de nossos visitantes. A seguir, apresentamos uma declara\u00e7\u00e3o de nossas pr\u00e1ticas de privacidade:<\/p>\n\n\n\n<h4 class=\"wp-block-heading\">Informa\u00e7\u00f5es coletadas<\/h4>\n\n\n\n<ul class=\"wp-block-list\">\n<li>Suas informa\u00e7\u00f5es pessoais n\u00e3o s\u00e3o necess\u00e1rias para visitar o site PrettyLinks.com<\/li>\n\n\n\n<li>Todas as informa\u00e7\u00f5es pessoais coletadas s\u00e3o fornecidas conscientemente pelo usu\u00e1rio e somente quando solicitadas\/exigidas durante o registro da conta para participa\u00e7\u00e3o interativa no site PrettyLinks.com e durante o processo de pedido<\/li>\n<\/ul>\n\n\n\n<h5 class=\"wp-block-heading\">Dados de tr\u00e1fego<\/h5>\n\n\n\n<ul class=\"wp-block-list\">\n<li>Seu endere\u00e7o IP \u00e9 um endere\u00e7o num\u00e9rico atribu\u00eddo ao seu computador, atribu\u00eddo pelo seu provedor de servi\u00e7os de Internet. Coletamos automaticamente seu endere\u00e7o IP como dados de tr\u00e1fego para que possamos enviar informa\u00e7\u00f5es de volta a voc\u00ea quando solicitado. Isso n\u00e3o \u00e9 usado para identificar suas informa\u00e7\u00f5es pessoais.<\/li>\n\n\n\n<li>Os referenciadores s\u00e3o refer\u00eancias ao endere\u00e7o da Web a partir do qual voc\u00ea fez o link e s\u00e3o transmitidos automaticamente pelo navegador da Web. Coletamos os referenciadores que seu navegador envia como parte dos dados de tr\u00e1fego. Isso n\u00e3o est\u00e1 associado a informa\u00e7\u00f5es de identifica\u00e7\u00e3o pessoal.<\/li>\n\n\n\n<li>Informa\u00e7\u00f5es do sistema, como seu sistema operacional\/plataforma e o tipo de navegador da Web que voc\u00ea usa. Essas informa\u00e7\u00f5es n\u00e3o est\u00e3o associadas a informa\u00e7\u00f5es de identifica\u00e7\u00e3o pessoal.<\/li>\n<\/ul>\n\n\n\n<h4 class=\"wp-block-heading\">Uso de informa\u00e7\u00f5es<\/h4>\n\n\n\n<h5 class=\"wp-block-heading\">Informa\u00e7\u00f5es sobre a conta<\/h5>\n\n\n\n<ul class=\"wp-block-list\">\n<li>Suas informa\u00e7\u00f5es s\u00e3o mantidas em um servidor da Web seguro no que acreditamos ser um ambiente bem protegido.<\/li>\n\n\n\n<li>A Caseproof s\u00f3 compartilha informa\u00e7\u00f5es pessoais com empresas de cobran\u00e7a para concluir transa\u00e7\u00f5es e para nenhuma outra finalidade. Nenhuma outra informa\u00e7\u00e3o \u00e9 compartilhada com qualquer outra empresa terceirizada para qualquer finalidade, em qualquer circunst\u00e2ncia.<\/li>\n\n\n\n<li>A Caseproof envida todos os esfor\u00e7os para preservar sua privacidade; as informa\u00e7\u00f5es pessoais podem ser divulgadas quando exigido por lei, quando acreditarmos de boa-f\u00e9 que tal a\u00e7\u00e3o \u00e9 necess\u00e1ria para cumprir um processo judicial, ordem judicial ou processo legal.<\/li>\n<\/ul>\n\n\n\n<h5 class=\"wp-block-heading\">Cookies<\/h5>\n\n\n\n<ul class=\"wp-block-list\">\n<li>O site PrettyLinks.com conta com a tecnologia de \"cookies\" para permitir que voc\u00ea acesse novamente o perfil de sua conta registrada durante uma sess\u00e3o da Web. Esse mecanismo \u00e9 empregado apenas para sua conveni\u00eancia e para nenhuma outra finalidade.<\/li>\n<\/ul>\n\n\n\n<h5 class=\"wp-block-heading\">Links<\/h5>\n\n\n\n<p>Este site cont\u00e9m links para outros sites. Esteja ciente de que n\u00f3s, da Caseproof, n\u00e3o somos respons\u00e1veis pelas pr\u00e1ticas de privacidade desses outros sites. Incentivamos nossos visitantes a estarem atentos quando sa\u00edrem de nosso site e a lerem as declara\u00e7\u00f5es de privacidade de cada site que coleta informa\u00e7\u00f5es pessoalmente identific\u00e1veis. Esta declara\u00e7\u00e3o de privacidade aplica-se exclusivamente \u00e0s informa\u00e7\u00f5es coletadas por este site.<\/p>\n\n\n\n<h5 class=\"wp-block-heading\">Seguran\u00e7a<\/h5>\n\n\n\n<p>Este site toma todas as precau\u00e7\u00f5es para proteger as informa\u00e7\u00f5es de nossos visitantes. Quando os visitantes enviam informa\u00e7\u00f5es confidenciais pelo site, elas s\u00e3o protegidas on-line e off-line.<\/p>\n\n\n\n<p>Nosso formul\u00e1rio de pedido solicita que os clientes insiram informa\u00e7\u00f5es confidenciais (como o n\u00famero do cart\u00e3o de cr\u00e9dito e\/ou o n\u00famero do seguro social). Essas informa\u00e7\u00f5es s\u00e3o protegidas por criptografia de 128 bits via SSL (Secure Sockets Layer) (<a href=\"http:\/\/en.wikipedia.org\/wiki\/Secure_Sockets_Layer\">Saiba mais sobre a tecnologia SSL aqui<\/a>).<\/p>\n\n\n\n<p>Embora usemos a criptografia SSL para proteger informa\u00e7\u00f5es confidenciais on-line, tamb\u00e9m fazemos tudo o que est\u00e1 ao nosso alcance para proteger as informa\u00e7\u00f5es do usu\u00e1rio off-line. Todas as informa\u00e7\u00f5es de nossos clientes, n\u00e3o apenas as informa\u00e7\u00f5es confidenciais mencionadas acima, s\u00e3o restritas em nossos escrit\u00f3rios. Somente os funcion\u00e1rios que precisam das informa\u00e7\u00f5es para realizar um trabalho espec\u00edfico (por exemplo, nosso funcion\u00e1rio de cobran\u00e7a ou um representante de atendimento ao cliente) t\u00eam acesso \u00e0s informa\u00e7\u00f5es de identifica\u00e7\u00e3o pessoal. Nossos funcion\u00e1rios devem usar protetores de tela protegidos por senha quando saem de suas mesas. Quando retornarem, dever\u00e3o digitar novamente a senha para recuperar o acesso \u00e0s informa\u00e7\u00f5es do usu\u00e1rio. <\/p>\n\n\n\n<p>Al\u00e9m disso, TODOS os funcion\u00e1rios s\u00e3o mantidos atualizados sobre nossas pr\u00e1ticas de seguran\u00e7a e privacidade. A cada trimestre, bem como sempre que novas pol\u00edticas s\u00e3o adicionadas, nossos funcion\u00e1rios s\u00e3o notificados e\/ou lembrados sobre a import\u00e2ncia que damos \u00e0 privacidade e o que eles podem fazer para garantir que as informa\u00e7\u00f5es de nossos clientes sejam protegidas. Por fim, os servidores que armazenam informa\u00e7\u00f5es de identifica\u00e7\u00e3o pessoal ficam em um ambiente seguro, em uma instala\u00e7\u00e3o trancada.<\/p>\n\n\n\n<p>Se os visitantes tiverem alguma d\u00favida sobre a seguran\u00e7a no PrettyLinks.com, fique \u00e0 vontade para entrar em contato com&nbsp;<a href=\"\/pt\/contact\/\">Atendimento ao cliente<\/a>.<\/p>\n\n\n\n<h4 class=\"wp-block-heading\">Corre\u00e7\u00e3o, atualiza\u00e7\u00e3o, exclus\u00e3o e desativa\u00e7\u00e3o de informa\u00e7\u00f5es pessoais<\/h4>\n\n\n\n<p>Se as informa\u00e7\u00f5es de identifica\u00e7\u00e3o pessoal de um visitante mudarem (como CEP, telefone, e-mail ou endere\u00e7o postal), ou se um visitante n\u00e3o desejar mais nossos servi\u00e7os, oferecemos uma maneira de corrigir, atualizar ou excluir\/desativar informa\u00e7\u00f5es de identifica\u00e7\u00e3o pessoal. Em geral, isso pode ser feito na p\u00e1gina \"Sua conta\" ou entrando em contato com nosso Atendimento ao Cliente. Ou entre em contato conosco por telefone ou correio postal nas informa\u00e7\u00f5es de contato listadas abaixo.<\/p>\n\n\n\n<h4 class=\"wp-block-heading\">Notifica\u00e7\u00e3o de altera\u00e7\u00f5es<\/h4>\n\n\n\n<p>Se decidirmos alterar nossa pol\u00edtica de privacidade, publicaremos essas altera\u00e7\u00f5es nesta declara\u00e7\u00e3o de privacidade, na p\u00e1gina inicial e em outros locais que julgarmos apropriados para que nossos visitantes estejam sempre cientes das informa\u00e7\u00f5es que coletamos, como as usamos e em que circunst\u00e2ncias, se houver, as divulgamos.<\/p>\n\n\n\n<p>No entanto, se formos usar as informa\u00e7\u00f5es de identifica\u00e7\u00e3o pessoal dos visitantes de maneira diferente daquela declarada no momento da coleta, notificaremos os usu\u00e1rios publicando um aviso em nosso site por 30 dias.<\/p>\n\n\n\n<h4 class=\"wp-block-heading\">Informa\u00e7\u00f5es de contato<\/h4>\n\n\n\n<p>Se os visitantes tiverem alguma d\u00favida ou sugest\u00e3o sobre nossa pol\u00edtica de privacidade, entre em contato conosco pelo e-mail <strong>Caseproof, LLC<\/strong><br> 11429 S District Dr.<br> #1227<br> South Jordan, UT 84095<br> (801) 921-6928<\/p>\n<\/div>","protected":false},"excerpt":{"rendered":"<p>A Caseproof, LLC, uma empresa de responsabilidade limitada de Utah, \u00e9 propriet\u00e1ria e opera este site. Estamos comprometidos com a privacidade e a seguran\u00e7a das informa\u00e7\u00f5es de nossos visitantes. A seguir, apresentamos uma declara\u00e7\u00e3o de nossas pr\u00e1ticas de privacidade: Informa\u00e7\u00f5es coletadas Dados de tr\u00e1fego Informa\u00e7\u00f5es de uso Informa\u00e7\u00f5es da conta Cookies Links Este site cont\u00e9m links para outros sites. Esteja ciente de que n\u00f3s,...<\/p>","protected":false},"author":1,"featured_media":0,"parent":0,"menu_order":24,"comment_status":"closed","ping_status":"open","template":"","meta":{"om_disable_all_campaigns":false,"_strive_editorial_status":"not-started","_strive_copy_of":0,"_monsterinsights_skip_tracking":false,"_monsterinsights_sitenote_active":false,"_monsterinsights_sitenote_note":"","_monsterinsights_sitenote_category":0,"footnotes":"","maurice_hero_tagline":"","maurice_hero_title":"","maurice_hero_subtitle":"","maurice_hero_cta_link":"","maurice_hero_cta_text":""},"class_list":["post-72","page","type-page","status-publish","hentry"],"aioseo_notices":[],"aioseo_head":"\n\t\t<!-- All in One SEO Pro 4.9.5.2 - aioseo.com -->\n\t<meta name=\"description\" content=\"Caseproof, LLC, a Utah limited liability company, owns and operates this website. We are committed to the privacy and security of our visitors&#039; information. The following is a statement of our privacy practices: Information Collected Your personal information is not required to visit PrettyLinks.com Any personal information collected is knowingly provided by you and only\" \/>\n\t<meta name=\"robots\" content=\"max-snippet:-1, max-image-preview:large, max-video-preview:-1\" \/>\n\t<link rel=\"canonical\" href=\"https:\/\/prettylinks.com\/pt\/privacy-policy\/\" \/>\n\t<meta name=\"generator\" content=\"All in One SEO Pro (AIOSEO) 4.9.5.2\" \/>\n\t\t<meta property=\"og:locale\" content=\"pt_BR\" \/>\n\t\t<meta property=\"og:site_name\" content=\"PrettyLinks\" \/>\n\t\t<meta property=\"og:type\" content=\"article\" \/>\n\t\t<meta property=\"og:title\" content=\"Privacy Policy\" \/>\n\t\t<meta property=\"og:description\" content=\"Caseproof, LLC, a Utah limited liability company, owns and operates this website. We are committed to the privacy and security of our visitors&#039; information. The following is a statement of our privacy practices: Information Collected Your personal information is not required to visit PrettyLinks.com Any personal information collected is knowingly provided by you and only\" \/>\n\t\t<meta property=\"og:url\" content=\"https:\/\/prettylinks.com\/pt\/privacy-policy\/\" \/>\n\t\t<meta property=\"article:published_time\" content=\"2009-07-23T19:57:05+00:00\" \/>\n\t\t<meta property=\"article:modified_time\" content=\"2025-10-15T15:30:07+00:00\" \/>\n\t\t<meta name=\"twitter:card\" content=\"summary_large_image\" \/>\n\t\t<meta name=\"twitter:title\" content=\"Privacy Policy\" \/>\n\t\t<meta name=\"twitter:description\" content=\"Caseproof, LLC, a Utah limited liability company, owns and operates this website. We are committed to the privacy and security of our visitors&#039; information. The following is a statement of our privacy practices: Information Collected Your personal information is not required to visit PrettyLinks.com Any personal information collected is knowingly provided by you and only\" \/>\n\t\t<script type=\"application\/ld+json\" class=\"aioseo-schema\">\n\t\t\t{\"@context\":\"https:\\\/\\\/schema.org\",\"@graph\":[{\"@type\":\"BreadcrumbList\",\"@id\":\"https:\\\/\\\/prettylinks.com\\\/pt\\\/privacy-policy\\\/#breadcrumblist\",\"itemListElement\":[{\"@type\":\"ListItem\",\"@id\":\"https:\\\/\\\/prettylinks.com\\\/pt#listItem\",\"position\":1,\"name\":\"Home\",\"item\":\"https:\\\/\\\/prettylinks.com\\\/pt\",\"nextItem\":{\"@type\":\"ListItem\",\"@id\":\"https:\\\/\\\/prettylinks.com\\\/pt\\\/privacy-policy\\\/#listItem\",\"name\":\"Privacy Policy\"}},{\"@type\":\"ListItem\",\"@id\":\"https:\\\/\\\/prettylinks.com\\\/pt\\\/privacy-policy\\\/#listItem\",\"position\":2,\"name\":\"Privacy Policy\",\"previousItem\":{\"@type\":\"ListItem\",\"@id\":\"https:\\\/\\\/prettylinks.com\\\/pt#listItem\",\"name\":\"Home\"}}]},{\"@type\":\"Organization\",\"@id\":\"https:\\\/\\\/prettylinks.com\\\/pt\\\/#organization\",\"name\":\"PrettyLinks\",\"description\":\"Top Affiliate Link & URL Shortener for WordPress\",\"url\":\"https:\\\/\\\/prettylinks.com\\\/pt\\\/\"},{\"@type\":\"WebPage\",\"@id\":\"https:\\\/\\\/prettylinks.com\\\/pt\\\/privacy-policy\\\/#webpage\",\"url\":\"https:\\\/\\\/prettylinks.com\\\/pt\\\/privacy-policy\\\/\",\"name\":\"Privacy Policy\",\"description\":\"Caseproof, LLC, a Utah limited liability company, owns and operates this website. We are committed to the privacy and security of our visitors' information. The following is a statement of our privacy practices: Information Collected Your personal information is not required to visit PrettyLinks.com Any personal information collected is knowingly provided by you and only\",\"inLanguage\":\"pt-BR\",\"isPartOf\":{\"@id\":\"https:\\\/\\\/prettylinks.com\\\/pt\\\/#website\"},\"breadcrumb\":{\"@id\":\"https:\\\/\\\/prettylinks.com\\\/pt\\\/privacy-policy\\\/#breadcrumblist\"},\"datePublished\":\"2009-07-23T15:57:05-06:00\",\"dateModified\":\"2025-10-15T09:30:07-06:00\"},{\"@type\":\"WebSite\",\"@id\":\"https:\\\/\\\/prettylinks.com\\\/pt\\\/#website\",\"url\":\"https:\\\/\\\/prettylinks.com\\\/pt\\\/\",\"name\":\"PrettyLinks\",\"description\":\"Top Affiliate Link & URL Shortener for WordPress\",\"inLanguage\":\"pt-BR\",\"publisher\":{\"@id\":\"https:\\\/\\\/prettylinks.com\\\/pt\\\/#organization\"}}]}\n\t\t<\/script>\n\t\t<!-- All in One SEO Pro -->\r\n\t\t<title>Privacy Policy<\/title>\n\n","aioseo_head_json":{"title":"Pol\u00edtica de privacidade","description":"A Caseproof, LLC, uma empresa de responsabilidade limitada de Utah, \u00e9 propriet\u00e1ria e opera este site. Estamos comprometidos com a privacidade e a seguran\u00e7a das informa\u00e7\u00f5es de nossos visitantes. A seguir, apresentamos uma declara\u00e7\u00e3o de nossas pr\u00e1ticas de privacidade: Informa\u00e7\u00f5es coletadas Suas informa\u00e7\u00f5es pessoais n\u00e3o s\u00e3o necess\u00e1rias para visitar o PrettyLinks.com. Todas as informa\u00e7\u00f5es pessoais coletadas s\u00e3o fornecidas conscientemente por voc\u00ea e somente","canonical_url":"https:\/\/prettylinks.com\/pt\/privacy-policy\/","robots":"max-snippet:-1, max-image-preview:large, max-video-preview:-1","keywords":"","webmasterTools":{"miscellaneous":""},"schema":{"@context":"https:\/\/schema.org","@graph":[{"@type":"BreadcrumbList","@id":"https:\/\/prettylinks.com\/pt\/privacy-policy\/#breadcrumblist","itemListElement":[{"@type":"ListItem","@id":"https:\/\/prettylinks.com\/pt#listItem","position":1,"name":"Home","item":"https:\/\/prettylinks.com\/pt","nextItem":{"@type":"ListItem","@id":"https:\/\/prettylinks.com\/pt\/privacy-policy\/#listItem","name":"Privacy Policy"}},{"@type":"ListItem","@id":"https:\/\/prettylinks.com\/pt\/privacy-policy\/#listItem","position":2,"name":"Privacy Policy","previousItem":{"@type":"ListItem","@id":"https:\/\/prettylinks.com\/pt#listItem","name":"Home"}}]},{"@type":"Organization","@id":"https:\/\/prettylinks.com\/pt\/#organization","name":"PrettyLinks","description":"Top Affiliate Link & URL Shortener for WordPress","url":"https:\/\/prettylinks.com\/pt\/"},{"@type":"WebPage","@id":"https:\/\/prettylinks.com\/pt\/privacy-policy\/#webpage","url":"https:\/\/prettylinks.com\/pt\/privacy-policy\/","name":"Privacy Policy","description":"Caseproof, LLC, a Utah limited liability company, owns and operates this website. We are committed to the privacy and security of our visitors' information. The following is a statement of our privacy practices: Information Collected Your personal information is not required to visit PrettyLinks.com Any personal information collected is knowingly provided by you and only","inLanguage":"pt-BR","isPartOf":{"@id":"https:\/\/prettylinks.com\/pt\/#website"},"breadcrumb":{"@id":"https:\/\/prettylinks.com\/pt\/privacy-policy\/#breadcrumblist"},"datePublished":"2009-07-23T15:57:05-06:00","dateModified":"2025-10-15T09:30:07-06:00"},{"@type":"WebSite","@id":"https:\/\/prettylinks.com\/pt\/#website","url":"https:\/\/prettylinks.com\/pt\/","name":"PrettyLinks","description":"Top Affiliate Link & URL Shortener for WordPress","inLanguage":"pt-BR","publisher":{"@id":"https:\/\/prettylinks.com\/pt\/#organization"}}]},"og:locale":"pt_BR","og:site_name":"PrettyLinks","og:type":"article","og:title":"Privacy Policy","og:description":"Caseproof, LLC, a Utah limited liability company, owns and operates this website. We are committed to the privacy and security of our visitors' information. The following is a statement of our privacy practices: Information Collected Your personal information is not required to visit PrettyLinks.com Any personal information collected is knowingly provided by you and only","og:url":"https:\/\/prettylinks.com\/pt\/privacy-policy\/","article:published_time":"2009-07-23T19:57:05+00:00","article:modified_time":"2025-10-15T15:30:07+00:00","twitter:card":"summary_large_image","twitter:title":"Privacy Policy","twitter:description":"Caseproof, LLC, a Utah limited liability company, owns and operates this website. We are committed to the privacy and security of our visitors' information. The following is a statement of our privacy practices: Information Collected Your personal information is not required to visit PrettyLinks.com Any personal information collected is knowingly provided by you and only"},"aioseo_meta_data":{"post_id":"72","title":null,"description":null,"keywords":[{"label":"pretty links privacy policy","value":"pretty links privacy policy"}],"keyphrases":{"focus":[],"additional":[]},"primary_term":null,"canonical_url":null,"og_title":null,"og_description":null,"og_object_type":"default","og_image_type":"default","og_image_url":null,"og_image_width":null,"og_image_height":null,"og_image_custom_url":null,"og_image_custom_fields":null,"og_video":"","og_custom_url":null,"og_article_section":null,"og_article_tags":[],"twitter_use_og":false,"twitter_card":"default","twitter_image_type":"default","twitter_image_url":null,"twitter_image_custom_url":null,"twitter_image_custom_fields":null,"twitter_title":null,"twitter_description":null,"schema":{"blockGraphs":[],"customGraphs":[],"default":{"data":{"Article":[],"Course":[],"Dataset":[],"FAQPage":[],"Movie":[],"Person":[],"Product":[],"ProductReview":[],"Car":[],"Recipe":[],"Service":[],"SoftwareApplication":[],"WebPage":[]},"graphName":"","isEnabled":true},"graphs":[]},"schema_type":"default","schema_type_options":"{\"article\":{\"articleType\":\"BlogPosting\"},\"course\":{\"name\":\"\",\"description\":\"\",\"provider\":\"\"},\"faq\":{\"pages\":[]},\"product\":{\"reviews\":[]},\"recipe\":{\"ingredients\":[],\"instructions\":[],\"keywords\":[]},\"software\":{\"reviews\":[],\"operatingSystems\":[]},\"webPage\":{\"webPageType\":\"WebPage\"}}","pillar_content":false,"robots_default":true,"robots_noindex":false,"robots_noarchive":false,"robots_nosnippet":false,"robots_nofollow":false,"robots_noimageindex":false,"robots_noodp":false,"robots_notranslate":false,"robots_max_snippet":"-1","robots_max_videopreview":"-1","robots_max_imagepreview":"large","priority":null,"frequency":"default","local_seo":{"locations":{"business":{"name":"","businessType":"","image":"","areaServed":"","urls":{"website":"","aboutPage":"","contactPage":""},"address":{"streetLine1":"","streetLine2":"","zipCode":"","city":"","state":"","country":"","addressFormat":"#streetLineOne\\n#streetLineTwo\\n#city, #state #zipCode"},"contact":{"email":"","phone":"","phoneFormatted":"","fax":"","faxFormatted":""},"ids":{"vat":"","tax":"","chamberOfCommerce":""},"payment":{"priceRange":"","currenciesAccepted":"","methods":""}}},"openingHours":{"useDefaults":true,"show":false,"alwaysOpen":false,"use24hFormat":false,"timezone":"","labels":{"closed":"","alwaysOpen":""},"days":{"monday":{"open24h":false,"closed":false,"openTime":"09:00","closeTime":"17:00"},"tuesday":{"open24h":false,"closed":false,"openTime":"09:00","closeTime":"17:00"},"wednesday":{"open24h":false,"closed":false,"openTime":"09:00","closeTime":"17:00"},"thursday":{"open24h":false,"closed":false,"openTime":"09:00","closeTime":"17:00"},"friday":{"open24h":false,"closed":false,"openTime":"09:00","closeTime":"17:00"},"saturday":{"open24h":false,"closed":false,"openTime":"09:00","closeTime":"17:00"},"sunday":{"open24h":false,"closed":false,"openTime":"09:00","closeTime":"17:00"}},"closedLabel":"","open24h":false,"open24hLabel":"","open247":false,"twoSets":false,"hours":[]},"businessInfo":{"name":"","urls":{"website":"","aboutPage":"","contactPage":""},"address":{"line1":"","line2":"","zip":"","city":"","state":"","country":""},"contact":{"email":"","phone":"","fax":""},"ids":{"vatID":"","taxID":"","chamberID":""},"payment":{"priceIndication":"","currenciesAccepted":"","methodsAccepted":""},"areaServed":""}},"seo_analyzer_scan_date":"2025-10-15 15:34:33","breadcrumb_settings":null,"limit_modified_date":false,"open_ai":null,"ai":null,"created":"2020-12-21 17:50:19","updated":"2026-01-28 12:50:00"},"_links":{"self":[{"href":"https:\/\/prettylinks.com\/pt\/wp-json\/wp\/v2\/pages\/72","targetHints":{"allow":["GET"]}}],"collection":[{"href":"https:\/\/prettylinks.com\/pt\/wp-json\/wp\/v2\/pages"}],"about":[{"href":"https:\/\/prettylinks.com\/pt\/wp-json\/wp\/v2\/types\/page"}],"author":[{"embeddable":true,"href":"https:\/\/prettylinks.com\/pt\/wp-json\/wp\/v2\/users\/1"}],"replies":[{"embeddable":true,"href":"https:\/\/prettylinks.com\/pt\/wp-json\/wp\/v2\/comments?post=72"}],"version-history":[{"count":1,"href":"https:\/\/prettylinks.com\/pt\/wp-json\/wp\/v2\/pages\/72\/revisions"}],"predecessor-version":[{"id":16714,"href":"https:\/\/prettylinks.com\/pt\/wp-json\/wp\/v2\/pages\/72\/revisions\/16714"}],"wp:attachment":[{"href":"https:\/\/prettylinks.com\/pt\/wp-json\/wp\/v2\/media?parent=72"}],"curies":[{"name":"wp","href":"https:\/\/api.w.org\/{rel}","templated":true}]}}