{"id":68,"date":"2009-07-23T15:36:35","date_gmt":"2009-07-23T19:36:35","guid":{"rendered":"https:\/\/prettylinks.com\/?page_id=68"},"modified":"2025-10-15T09:30:07","modified_gmt":"2025-10-15T15:30:07","slug":"terms","status":"publish","type":"page","link":"https:\/\/prettylinks.com\/pt\/terms\/","title":{"rendered":"Termos e condi\u00e7\u00f5es"},"content":{"rendered":"<div class=\"wp-block-group alignwide is-style-maurice-layout-container is-layout-flow wp-block-group-is-layout-flow is-style-maurice-layout-container--1\">\n<p>Nosso site lhe concede uma licen\u00e7a limitada n\u00e3o exclusiva para usar o plug-in PrettyLinks e outros produtos vendidos em nosso site (<a href=\"https:\/\/prettylinks.com\/pt\/\">https:\/\/prettylinks.com<\/a>) pela Caseproof, LLC (os \"produtos\") de acordo com estes Termos e Condi\u00e7\u00f5es (a \"licen\u00e7a\") emitidos por nossa empresa.<\/p>\n\n\n\n<h5 class=\"wp-block-heading\">1. Licenciamento de plug-ins<\/h5>\n\n\n\n<p>O PrettyLinks est\u00e1 licenciado sob a licen\u00e7a p\u00fablica geral GNU (<a href=\"http:\/\/www.gnu.org\/licenses\/gpl.html\">http:\/\/www.gnu.org\/licenses\/gpl.html<\/a>).<\/p>\n\n\n\n<p><a name=\"upgrades\"><\/a><\/p>\n\n\n\n<h5 class=\"wp-block-heading\">2. Servi\u00e7o de atualiza\u00e7\u00e3o autom\u00e1tica<\/h5>\n\n\n\n<p>O acesso ao nosso Servi\u00e7o de Atualiza\u00e7\u00f5es Autom\u00e1ticas est\u00e1 dispon\u00edvel para os clientes, de acordo com a licen\u00e7a adquirida, que tenham uma chave de licen\u00e7a ativa. Uma licen\u00e7a de Blogger fornece upgrades autom\u00e1ticos para um \u00fanico site e uma licen\u00e7a de Desenvolvedor fornece upgrades autom\u00e1ticos para sites ilimitados para voc\u00ea ou seus clientes. Voc\u00ea n\u00e3o pode revender o acesso \u00e0 sua chave de licen\u00e7a.<\/p>\n\n\n\n<p><a name=\"delivery\"><\/a><\/p>\n\n\n\n<h5 class=\"wp-block-heading\">3. Entrega<\/h5>\n\n\n\n<p>Ap\u00f3s o recebimento do pagamento, voc\u00ea receber\u00e1 um e-mail com o link para download, o nome de usu\u00e1rio e a senha. Esse e-mail pode levar at\u00e9 uma hora para chegar, mas geralmente chega minutos ap\u00f3s a realiza\u00e7\u00e3o do pedido. Se voc\u00ea n\u00e3o receber um e-mail ap\u00f3s esse per\u00edodo, favor <a href=\"https:\/\/prettylinks.com\/pt\/contact\/\">Entre em contato conosco<\/a>. Em seguida, voc\u00ea pode fazer login em <a href=\"\/login\/\">sua conta<\/a> para receber suporte. Se voc\u00ea usar o endere\u00e7o de e-mail que usou para comprar o plug-in, ter\u00e1 acesso instant\u00e2neo a todo o material relacionado ao suporte.<\/p>\n\n\n\n<p><a name=\"ownership\"><\/a><\/p>\n\n\n\n<h5 class=\"wp-block-heading\">4. Propriedade<\/h5>\n\n\n\n<p>Voc\u00ea n\u00e3o pode reivindicar direitos de propriedade intelectual ou exclusiva de nenhum de nossos produtos. Todos os produtos s\u00e3o de propriedade da Caseproof, LLC. Eles s\u00e3o fornecidos \"no estado em que se encontram\", sem garantia de qualquer tipo, expressa ou impl\u00edcita. N\u00e3o seremos respons\u00e1veis por quaisquer danos, incluindo, entre outros, danos diretos, indiretos, especiais, incidentais ou consequenciais ou perdas que ocorram em decorr\u00eancia do uso ou da incapacidade de usar nossos produtos.<\/p>\n\n\n\n<p><a name=\"content\"><\/a><\/p>\n\n\n\n<h5 class=\"wp-block-heading\">5. Conte\u00fado do site<\/h5>\n\n\n\n<p>Todo o conte\u00fado do site, incluindo imagens e documenta\u00e7\u00e3o publicada no PrettyLinks.com, \u00e9 de propriedade da Caseproof, LLC. Qualquer conte\u00fado replicado do site deve ser autorizado com anteced\u00eancia. O conte\u00fado deste site n\u00e3o deve ser usado ou explorado para fins comerciais ou n\u00e3o comerciais sem o consentimento pr\u00e9vio por escrito da Caseproof, LLC.<\/p>\n\n\n\n<p><a name=\"refunds\"><\/a><\/p>\n\n\n\n<h5 class=\"wp-block-heading\">6. Pol\u00edtica de reembolso<\/h5>\n\n\n\n<p>A garantia de devolu\u00e7\u00e3o do dinheiro sem risco do PrettyLinks oferece que, se a qualquer momento, nos primeiros 14 dias ap\u00f3s a abertura de sua conta paga, voc\u00ea decidir que o PrettyLinks n\u00e3o \u00e9 para voc\u00ea, basta informar nossa incr\u00edvel equipe de suporte (n\u00f3s facilitamos isso!).<\/p>\n\n\n\n<p>Interromperemos sua Assinatura e emitiremos um reembolso. Sua solicita\u00e7\u00e3o de reembolso deve ser recebida em at\u00e9 24 horas \u00fateis ap\u00f3s 14 dias da data e hora de abertura da sua conta paga. Embora alguns reembolsos possam ser instant\u00e2neos, o cr\u00e9dito do reembolso pode levar de 5 a 10 dias \u00fateis para aparecer no extrato do seu cart\u00e3o de cr\u00e9dito. As solicita\u00e7\u00f5es de reembolso feitas ap\u00f3s esse per\u00edodo de 14 dias n\u00e3o ser\u00e3o concedidas.<\/p>\n\n\n\n<p>Tamb\u00e9m oferecemos reembolsos nos primeiros 14 dias ap\u00f3s a renova\u00e7\u00e3o da assinatura pelo valor total, menos uma taxa administrativa de 20% (e possivelmente taxas do processador de pagamento). Observe que enviamos um lembrete sobre as pr\u00f3ximas renova\u00e7\u00f5es, e \u00e9 responsabilidade do cliente cancelar sua assinatura antes que a renova\u00e7\u00e3o ocorra, caso n\u00e3o deseje continuar. As solicita\u00e7\u00f5es de reembolso para renova\u00e7\u00f5es feitas ap\u00f3s os primeiros 14 dias ap\u00f3s a renova\u00e7\u00e3o n\u00e3o ser\u00e3o concedidas.<\/p>\n\n\n\n<p><a name=\"chargebacks\"><\/a><\/p>\n\n\n\n<h5 class=\"wp-block-heading\">7. Estornos e taxas banc\u00e1rias<\/h5>\n\n\n\n<p>Os titulares de licen\u00e7as devem <a href=\"https:\/\/prettylinks.com\/pt\/contact\/\" target=\"_blank\" rel=\"noopener noreferrer\">Entre em contato conosco<\/a> O titular da licen\u00e7a deve se informar primeiro sobre as solicita\u00e7\u00f5es de reembolso ou sobre cobran\u00e7as n\u00e3o reconhecidas antes de emitir uma solicita\u00e7\u00e3o de estorno ao seu banco. Reservamo-nos o direito de contestar estornos se a cobran\u00e7a n\u00e3o for fraudulenta e n\u00e3o houver comunica\u00e7\u00e3o do titular da licen\u00e7a.<\/p>\n\n\n\n<p>N\u00e3o reembolsaremos o cliente, por qualquer motivo, por taxas banc\u00e1rias, como, entre outras, taxas de cheque especial ou de convers\u00e3o de moeda.<\/p>\n\n\n\n<p><a name=\"support\"><\/a><\/p>\n\n\n\n<h5 class=\"wp-block-heading\">8. Apoio<\/h5>\n\n\n\n<p>A Caseproof, LLC oferece plug-ins do WordPress \"no estado em que se encontram\" e sem qualquer significado impl\u00edcito de que funcionar\u00e3o exatamente como voc\u00ea gostaria ou que ser\u00e3o compat\u00edveis com todos os componentes e plug-ins de terceiros. N\u00e3o oferecemos suporte por e-mail nem suporte ao WordPress ou a outros plug-ins do WordPress que n\u00e3o tenhamos desenvolvido.<\/p>\n\n\n\n<p>O suporte \u00e9 oferecido por meio de um nome de usu\u00e1rio e senha v\u00e1lidos. A compra de uma licen\u00e7a lhe d\u00e1 acesso ao nosso sistema de tickets de suporte.<\/p>\n\n\n\n<p>O suporte e o acesso ao nosso sistema de atualiza\u00e7\u00e3o autom\u00e1tica de produtos s\u00e3o fornecidos por um per\u00edodo de um ano a partir do momento da compra. Ap\u00f3s um ano, \u00e9 necess\u00e1rio adquirir uma renova\u00e7\u00e3o da licen\u00e7a para continuar recebendo suporte e atualiza\u00e7\u00f5es do produto.<\/p>\n\n\n\n<p>Os titulares de licen\u00e7as n\u00e3o t\u00eam permiss\u00e3o para republicar conte\u00fado de suporte (incluindo e-mails, t\u00edquetes de suporte, grava\u00e7\u00f5es de chamadas telef\u00f4nicas ou grava\u00e7\u00f5es de compartilhamentos de tela) ou documenta\u00e7\u00e3o em sites externos, m\u00eddias sociais, etc. A publica\u00e7\u00e3o de capturas de tela desse conte\u00fado tamb\u00e9m \u00e9 proibida. A viola\u00e7\u00e3o ser\u00e1 motivo para a rescis\u00e3o imediata da licen\u00e7a. Todo o acesso ao conte\u00fado de suporte tamb\u00e9m ser\u00e1 encerrado, e as atualiza\u00e7\u00f5es do produto ser\u00e3o descontinuadas. Da mesma forma, nenhum desses conte\u00fados pode ser usado como base para, ou parte de, quaisquer disputas decorrentes do suporte ou do uso de nossos plug-ins.<\/p>\n\n\n\n<p>N\u00e3o garantimos que nosso suporte ser\u00e1 capaz de resolver todos os problemas e em todas as situa\u00e7\u00f5es. Tamb\u00e9m n\u00e3o nos responsabilizamos por a\u00e7\u00f5es tomadas pelos propriet\u00e1rios do site ou por nossa equipe de suporte que resultem em tempo de inatividade do site, perda de dados ou quaisquer outros problemas durante o processo de solu\u00e7\u00e3o de problemas, corre\u00e7\u00e3o de bugs, testes ou outros.<\/p>\n\n\n\n<p>Tamb\u00e9m n\u00e3o garantimos nenhuma resposta \u00e0s solicita\u00e7\u00f5es de suporte que recebemos por e-mail (fora do nosso sistema de t\u00edquetes de suporte), telefone ou formul\u00e1rio de contato p\u00fablico. Reservamo-nos o direito de recusar suporte a qualquer usu\u00e1rio ou cliente, conforme julgarmos adequado.<\/p>\n\n\n\n<h5 class=\"wp-block-heading\">9. E-mails transacionais<\/h5>\n\n\n\n<p>Caseproof, LLC pode ocasionalmente lhe enviar notifica\u00e7\u00f5es por e-mail relacionadas \u00e0 sua licen\u00e7a do PrettyLinks. Esses e-mails transacionais podem incluir notifica\u00e7\u00e3o de mudan\u00e7as de licen\u00e7a, mudan\u00e7as em nossos termos e condi\u00e7\u00f5es, avisos de expira\u00e7\u00e3o de licen\u00e7a e outras informa\u00e7\u00f5es transacionais relacionadas \u00e0 sua compra do PrettyLinks.<\/p>\n\n\n\n<h5 class=\"wp-block-heading\">10. Altera\u00e7\u00f5es de pre\u00e7o<\/h5>\n\n\n\n<p>A Caseproof, LLC se reserva o direito de, a qualquer momento, modificar ou descontinuar, tempor\u00e1ria ou permanentemente, uma licen\u00e7a com ou sem aviso pr\u00e9vio. Os pre\u00e7os de todos os produtos est\u00e3o sujeitos a altera\u00e7\u00f5es. O aviso de altera\u00e7\u00f5es de pre\u00e7os ser\u00e1 feito no site.<\/p>\n\n\n\n<h5 class=\"wp-block-heading\">11. Garantia<\/h5>\n\n\n\n<p>Todos os nossos plug-ins do WordPress s\u00e3o fornecidos \"no estado em que se encontram\". N\u00e3o garantimos que eles funcionar\u00e3o com todos os plug-ins de terceiros, com todos os navegadores da Web ou com todos os hosts da Web. N\u00e3o nos responsabilizamos por quaisquer conflitos de compatibilidade de plug-ins que possam ocorrer. \u00c9 nossa pol\u00edtica oferecer suporte aos nossos plug-ins da melhor forma poss\u00edvel e forneceremos suporte para conflitos de plug-ins de terceiros a nosso crit\u00e9rio ou conforme o tempo permitir. N\u00e3o nos responsabilizamos por qualquer perda de dados, tempo de inatividade do site ou qualquer outro problema que possa ocorrer como resultado da instala\u00e7\u00e3o de nossos plug-ins.<\/p>\n\n\n\n<h5 class=\"wp-block-heading\">12. Aceita\u00e7\u00e3o<\/h5>\n\n\n\n<p>Ao comprar nosso(s) produto(s) ou fazer download de nossos plug-ins gratuitos no wordpress.org, voc\u00ea indica que leu e concorda com os Termos e Condi\u00e7\u00f5es detalhados nesta p\u00e1gina.<\/p>\n\n\n\n<h5 class=\"wp-block-heading\">13. Lei Aplic\u00e1vel e Jurisdi\u00e7\u00e3o<\/h5>\n\n\n\n<p>Estes Termos e Condi\u00e7\u00f5es ser\u00e3o regidos de acordo com as leis do estado de Utah, sem levar em conta os princ\u00edpios de conflito de leis. Qualquer disputa relacionada a estes Termos e Condi\u00e7\u00f5es dever\u00e1 ser resolvida exclusivamente nos tribunais estaduais ou federais localizados em Salt Lake City, Utah, e as partes concordam com a jurisdi\u00e7\u00e3o pessoal desses tribunais.<\/p>\n\n\n\n<h5 class=\"wp-block-heading\">14. Taxas de indica\u00e7\u00e3o<\/h5>\n\n\n\n<p>Ganhamos taxas de indica\u00e7\u00e3o quando voc\u00ea compra servi\u00e7os de empresas que recomendamos. Recomendamos apenas produtos que acreditamos que agregar\u00e3o valor aos nossos leitores. Testamos e usamos exaustivamente todos os produtos que recomendamos. Todas as opini\u00f5es s\u00e3o nossas e n\u00e3o aceitamos pagamentos por avalia\u00e7\u00f5es positivas.<\/p>\n\n\n\n<p>Esse m\u00e9todo de monetiza\u00e7\u00e3o \u00e9 chamado de marketing de afiliados. As maiores marcas da Internet oferecem programas de afiliados, como Amazon, eBay e Google. Muitos de seus sites favoritos usam o marketing de afiliados para pagar as contas.<\/p>\n\n\n\n<p>A \u00fanica diferen\u00e7a \u00e9 que nem todos dizem aos seus usu\u00e1rios que ganham dinheiro com o marketing de afiliados.<\/p>\n\n\n\n<p>Ao clicar em links de afiliados, voc\u00ea \u00e9 marcado com um cookie especial para rastrear a indica\u00e7\u00e3o. Se voc\u00ea comprar o produto, o anunciante nos paga uma taxa de indica\u00e7\u00e3o, que varia de acordo com cada produto.<\/p>\n\n\n\n<p>Pergunta #1 - Isso vai me custar mais dinheiro?<\/p>\n\n\n\n<p>N\u00e3o, absolutamente n\u00e3o. Em muitos casos, nossas ofertas de afiliados realmente economizar\u00e3o seu dinheiro.<\/p>\n\n\n\n<p>Pergunta #2 - Voc\u00eas veem meus dados pessoais?<\/p>\n\n\n\n<p>N\u00e3o. N\u00e3o vemos nenhuma informa\u00e7\u00e3o pessoal, como seu nome, e-mail, endere\u00e7o, cart\u00e3o de cr\u00e9dito, etc. A \u00fanica coisa que vemos \u00e9 que um usu\u00e1rio an\u00f4nimo fez uma compra em uma data\/hora espec\u00edfica e qual produto ele comprou.<\/p>\n\n\n\n<p>Reservamo-nos o direito de alterar ou modificar os Termos e Condi\u00e7\u00f5es atuais sem aviso pr\u00e9vio.<\/p>\n<\/div>","protected":false},"excerpt":{"rendered":"<p>Nosso site lhe concede uma licen\u00e7a limitada n\u00e3o exclusiva para usar o plug-in PrettyLinks e outros produtos vendidos em nosso site (https:\/\/prettylinks.com) pela Caseproof, LLC (os \"produtos\") de acordo com estes Termos e Condi\u00e7\u00f5es (a \"licen\u00e7a\") emitidos por nossa empresa. 1. Licenciamento do plug-in O PrettyLinks \u00e9 licenciado sob a licen\u00e7a p\u00fablica geral GNU (http:\/\/www.gnu.org\/licenses\/gpl.html). 2. Servi\u00e7o de atualiza\u00e7\u00e3o autom\u00e1tica...<\/p>","protected":false},"author":1,"featured_media":0,"parent":0,"menu_order":34,"comment_status":"closed","ping_status":"closed","template":"","meta":{"om_disable_all_campaigns":false,"_strive_editorial_status":"not-started","_strive_copy_of":0,"_monsterinsights_skip_tracking":false,"_monsterinsights_sitenote_active":false,"_monsterinsights_sitenote_note":"","_monsterinsights_sitenote_category":0,"footnotes":"","maurice_hero_tagline":"","maurice_hero_title":"","maurice_hero_subtitle":"","maurice_hero_cta_link":"","maurice_hero_cta_text":""},"class_list":["post-68","page","type-page","status-publish","hentry"],"aioseo_notices":[],"aioseo_head":"\n\t\t<!-- All in One SEO Pro 4.9.5.2 - aioseo.com -->\n\t<meta name=\"description\" content=\"Our website grants you non-exclusive limited license to use the PrettyLinks plugin and other products sold through our website (https:\/\/prettylinks.com) by Caseproof, LLC (the &quot;products&quot;) in accordance with these Terms and Conditions (the &quot;license&quot;) issued by our company. 1. Plugin Licensing PrettyLinks is licensed under the GNU general public license (http:\/\/www.gnu.org\/licenses\/gpl.html). 2. Automatic Upgrade Service\" \/>\n\t<meta name=\"robots\" content=\"max-snippet:-1, max-image-preview:large, max-video-preview:-1\" \/>\n\t<link rel=\"canonical\" href=\"https:\/\/prettylinks.com\/pt\/terms\/\" \/>\n\t<meta name=\"generator\" content=\"All in One SEO Pro (AIOSEO) 4.9.5.2\" \/>\n\t\t<meta property=\"og:locale\" content=\"pt_BR\" \/>\n\t\t<meta property=\"og:site_name\" content=\"PrettyLinks\" \/>\n\t\t<meta property=\"og:type\" content=\"article\" \/>\n\t\t<meta property=\"og:title\" content=\"Terms and Conditions\" \/>\n\t\t<meta property=\"og:description\" content=\"Our website grants you non-exclusive limited license to use the PrettyLinks plugin and other products sold through our website (https:\/\/prettylinks.com) by Caseproof, LLC (the &quot;products&quot;) in accordance with these Terms and Conditions (the &quot;license&quot;) issued by our company. 1. Plugin Licensing PrettyLinks is licensed under the GNU general public license (http:\/\/www.gnu.org\/licenses\/gpl.html). 2. Automatic Upgrade Service\" \/>\n\t\t<meta property=\"og:url\" content=\"https:\/\/prettylinks.com\/pt\/terms\/\" \/>\n\t\t<meta property=\"article:published_time\" content=\"2009-07-23T19:36:35+00:00\" \/>\n\t\t<meta property=\"article:modified_time\" content=\"2025-10-15T15:30:07+00:00\" \/>\n\t\t<meta name=\"twitter:card\" content=\"summary_large_image\" \/>\n\t\t<meta name=\"twitter:title\" content=\"Terms and Conditions\" \/>\n\t\t<meta name=\"twitter:description\" content=\"Our website grants you non-exclusive limited license to use the PrettyLinks plugin and other products sold through our website (https:\/\/prettylinks.com) by Caseproof, LLC (the &quot;products&quot;) in accordance with these Terms and Conditions (the &quot;license&quot;) issued by our company. 1. Plugin Licensing PrettyLinks is licensed under the GNU general public license (http:\/\/www.gnu.org\/licenses\/gpl.html). 2. Automatic Upgrade Service\" \/>\n\t\t<script type=\"application\/ld+json\" class=\"aioseo-schema\">\n\t\t\t{\"@context\":\"https:\\\/\\\/schema.org\",\"@graph\":[{\"@type\":\"BreadcrumbList\",\"@id\":\"https:\\\/\\\/prettylinks.com\\\/pt\\\/terms\\\/#breadcrumblist\",\"itemListElement\":[{\"@type\":\"ListItem\",\"@id\":\"https:\\\/\\\/prettylinks.com\\\/pt#listItem\",\"position\":1,\"name\":\"Home\",\"item\":\"https:\\\/\\\/prettylinks.com\\\/pt\",\"nextItem\":{\"@type\":\"ListItem\",\"@id\":\"https:\\\/\\\/prettylinks.com\\\/pt\\\/terms\\\/#listItem\",\"name\":\"Terms and Conditions\"}},{\"@type\":\"ListItem\",\"@id\":\"https:\\\/\\\/prettylinks.com\\\/pt\\\/terms\\\/#listItem\",\"position\":2,\"name\":\"Terms and Conditions\",\"previousItem\":{\"@type\":\"ListItem\",\"@id\":\"https:\\\/\\\/prettylinks.com\\\/pt#listItem\",\"name\":\"Home\"}}]},{\"@type\":\"Organization\",\"@id\":\"https:\\\/\\\/prettylinks.com\\\/pt\\\/#organization\",\"name\":\"PrettyLinks\",\"description\":\"Top Affiliate Link & URL Shortener for WordPress\",\"url\":\"https:\\\/\\\/prettylinks.com\\\/pt\\\/\"},{\"@type\":\"WebPage\",\"@id\":\"https:\\\/\\\/prettylinks.com\\\/pt\\\/terms\\\/#webpage\",\"url\":\"https:\\\/\\\/prettylinks.com\\\/pt\\\/terms\\\/\",\"name\":\"Terms and Conditions\",\"description\":\"Our website grants you non-exclusive limited license to use the PrettyLinks plugin and other products sold through our website (https:\\\/\\\/prettylinks.com) by Caseproof, LLC (the \\\"products\\\") in accordance with these Terms and Conditions (the \\\"license\\\") issued by our company. 1. Plugin Licensing PrettyLinks is licensed under the GNU general public license (http:\\\/\\\/www.gnu.org\\\/licenses\\\/gpl.html). 2. Automatic Upgrade Service\",\"inLanguage\":\"pt-BR\",\"isPartOf\":{\"@id\":\"https:\\\/\\\/prettylinks.com\\\/pt\\\/#website\"},\"breadcrumb\":{\"@id\":\"https:\\\/\\\/prettylinks.com\\\/pt\\\/terms\\\/#breadcrumblist\"},\"datePublished\":\"2009-07-23T15:36:35-06:00\",\"dateModified\":\"2025-10-15T09:30:07-06:00\"},{\"@type\":\"WebSite\",\"@id\":\"https:\\\/\\\/prettylinks.com\\\/pt\\\/#website\",\"url\":\"https:\\\/\\\/prettylinks.com\\\/pt\\\/\",\"name\":\"PrettyLinks\",\"description\":\"Top Affiliate Link & URL Shortener for WordPress\",\"inLanguage\":\"pt-BR\",\"publisher\":{\"@id\":\"https:\\\/\\\/prettylinks.com\\\/pt\\\/#organization\"}}]}\n\t\t<\/script>\n\t\t<!-- All in One SEO Pro -->\r\n\t\t<title>Terms and Conditions<\/title>\n\n","aioseo_head_json":{"title":"Termos e condi\u00e7\u00f5es","description":"Nosso site lhe concede uma licen\u00e7a limitada n\u00e3o exclusiva para usar o plug-in PrettyLinks e outros produtos vendidos em nosso site (https:\/\/prettylinks.com) pela Caseproof, LLC (os \"produtos\") de acordo com estes Termos e Condi\u00e7\u00f5es (a \"licen\u00e7a\") emitidos por nossa empresa. 1. Licenciamento do plug-in O PrettyLinks \u00e9 licenciado sob a licen\u00e7a p\u00fablica geral GNU (http:\/\/www.gnu.org\/licenses\/gpl.html). 2. Servi\u00e7o de atualiza\u00e7\u00e3o autom\u00e1tica","canonical_url":"https:\/\/prettylinks.com\/pt\/terms\/","robots":"max-snippet:-1, max-image-preview:large, max-video-preview:-1","keywords":"","webmasterTools":{"miscellaneous":""},"schema":{"@context":"https:\/\/schema.org","@graph":[{"@type":"BreadcrumbList","@id":"https:\/\/prettylinks.com\/pt\/terms\/#breadcrumblist","itemListElement":[{"@type":"ListItem","@id":"https:\/\/prettylinks.com\/pt#listItem","position":1,"name":"Home","item":"https:\/\/prettylinks.com\/pt","nextItem":{"@type":"ListItem","@id":"https:\/\/prettylinks.com\/pt\/terms\/#listItem","name":"Terms and Conditions"}},{"@type":"ListItem","@id":"https:\/\/prettylinks.com\/pt\/terms\/#listItem","position":2,"name":"Terms and Conditions","previousItem":{"@type":"ListItem","@id":"https:\/\/prettylinks.com\/pt#listItem","name":"Home"}}]},{"@type":"Organization","@id":"https:\/\/prettylinks.com\/pt\/#organization","name":"PrettyLinks","description":"Top Affiliate Link & URL Shortener for WordPress","url":"https:\/\/prettylinks.com\/pt\/"},{"@type":"WebPage","@id":"https:\/\/prettylinks.com\/pt\/terms\/#webpage","url":"https:\/\/prettylinks.com\/pt\/terms\/","name":"Terms and Conditions","description":"Our website grants you non-exclusive limited license to use the PrettyLinks plugin and other products sold through our website (https:\/\/prettylinks.com) by Caseproof, LLC (the \"products\") in accordance with these Terms and Conditions (the \"license\") issued by our company. 1. Plugin Licensing PrettyLinks is licensed under the GNU general public license (http:\/\/www.gnu.org\/licenses\/gpl.html). 2. Automatic Upgrade Service","inLanguage":"pt-BR","isPartOf":{"@id":"https:\/\/prettylinks.com\/pt\/#website"},"breadcrumb":{"@id":"https:\/\/prettylinks.com\/pt\/terms\/#breadcrumblist"},"datePublished":"2009-07-23T15:36:35-06:00","dateModified":"2025-10-15T09:30:07-06:00"},{"@type":"WebSite","@id":"https:\/\/prettylinks.com\/pt\/#website","url":"https:\/\/prettylinks.com\/pt\/","name":"PrettyLinks","description":"Top Affiliate Link & URL Shortener for WordPress","inLanguage":"pt-BR","publisher":{"@id":"https:\/\/prettylinks.com\/pt\/#organization"}}]},"og:locale":"pt_BR","og:site_name":"PrettyLinks","og:type":"article","og:title":"Terms and Conditions","og:description":"Our website grants you non-exclusive limited license to use the PrettyLinks plugin and other products sold through our website (https:\/\/prettylinks.com) by Caseproof, LLC (the &quot;products&quot;) in accordance with these Terms and Conditions (the &quot;license&quot;) issued by our company. 1. Plugin Licensing PrettyLinks is licensed under the GNU general public license (http:\/\/www.gnu.org\/licenses\/gpl.html). 2. Automatic Upgrade Service","og:url":"https:\/\/prettylinks.com\/pt\/terms\/","article:published_time":"2009-07-23T19:36:35+00:00","article:modified_time":"2025-10-15T15:30:07+00:00","twitter:card":"summary_large_image","twitter:title":"Terms and Conditions","twitter:description":"Our website grants you non-exclusive limited license to use the PrettyLinks plugin and other products sold through our website (https:\/\/prettylinks.com) by Caseproof, LLC (the &quot;products&quot;) in accordance with these Terms and Conditions (the &quot;license&quot;) issued by our company. 1. Plugin Licensing PrettyLinks is licensed under the GNU general public license (http:\/\/www.gnu.org\/licenses\/gpl.html). 2. Automatic Upgrade Service"},"aioseo_meta_data":{"post_id":"68","title":null,"description":null,"keywords":null,"keyphrases":{"focus":{"keyphrase":"","score":0,"analysis":{"keyphraseInTitle":{"score":0,"maxScore":9,"error":1}}},"additional":[]},"primary_term":null,"canonical_url":null,"og_title":null,"og_description":null,"og_object_type":"default","og_image_type":"default","og_image_url":null,"og_image_width":null,"og_image_height":null,"og_image_custom_url":null,"og_image_custom_fields":null,"og_video":"","og_custom_url":null,"og_article_section":null,"og_article_tags":null,"twitter_use_og":false,"twitter_card":"default","twitter_image_type":"default","twitter_image_url":null,"twitter_image_custom_url":null,"twitter_image_custom_fields":null,"twitter_title":null,"twitter_description":null,"schema":{"blockGraphs":[],"customGraphs":[],"default":{"data":{"Article":[],"Course":[],"Dataset":[],"FAQPage":[],"Movie":[],"Person":[],"Product":[],"ProductReview":[],"Car":[],"Recipe":[],"Service":[],"SoftwareApplication":[],"WebPage":[]},"graphName":"WebPage","isEnabled":true},"graphs":[]},"schema_type":"none","schema_type_options":"{\"article\":{\"articleType\":\"BlogPosting\"},\"course\":{\"name\":\"\",\"description\":\"\",\"provider\":\"\"},\"faq\":{\"pages\":[]},\"product\":{\"reviews\":[]},\"recipe\":{\"ingredients\":[],\"instructions\":[],\"keywords\":[]},\"software\":{\"reviews\":[],\"operatingSystems\":[]},\"webPage\":{\"webPageType\":\"WebPage\"}}","pillar_content":false,"robots_default":true,"robots_noindex":false,"robots_noarchive":false,"robots_nosnippet":false,"robots_nofollow":false,"robots_noimageindex":false,"robots_noodp":false,"robots_notranslate":false,"robots_max_snippet":"0","robots_max_videopreview":"0","robots_max_imagepreview":"none","priority":null,"frequency":"default","local_seo":null,"seo_analyzer_scan_date":"2025-10-15 15:34:33","breadcrumb_settings":null,"limit_modified_date":false,"open_ai":"{\"title\":{\"suggestions\":[],\"usage\":0},\"description\":{\"suggestions\":[],\"usage\":0}}","ai":null,"created":"2020-12-21 17:50:19","updated":"2026-01-28 16:59:31"},"_links":{"self":[{"href":"https:\/\/prettylinks.com\/pt\/wp-json\/wp\/v2\/pages\/68","targetHints":{"allow":["GET"]}}],"collection":[{"href":"https:\/\/prettylinks.com\/pt\/wp-json\/wp\/v2\/pages"}],"about":[{"href":"https:\/\/prettylinks.com\/pt\/wp-json\/wp\/v2\/types\/page"}],"author":[{"embeddable":true,"href":"https:\/\/prettylinks.com\/pt\/wp-json\/wp\/v2\/users\/1"}],"replies":[{"embeddable":true,"href":"https:\/\/prettylinks.com\/pt\/wp-json\/wp\/v2\/comments?post=68"}],"version-history":[{"count":3,"href":"https:\/\/prettylinks.com\/pt\/wp-json\/wp\/v2\/pages\/68\/revisions"}],"predecessor-version":[{"id":16713,"href":"https:\/\/prettylinks.com\/pt\/wp-json\/wp\/v2\/pages\/68\/revisions\/16713"}],"wp:attachment":[{"href":"https:\/\/prettylinks.com\/pt\/wp-json\/wp\/v2\/media?parent=68"}],"curies":[{"name":"wp","href":"https:\/\/api.w.org\/{rel}","templated":true}]}}