{"id":5235,"date":"2020-11-04T21:36:12","date_gmt":"2020-11-04T21:36:12","guid":{"rendered":"https:\/\/prettylinks.com\/?page_id=5235"},"modified":"2025-10-15T09:30:19","modified_gmt":"2025-10-15T15:30:19","slug":"update-email-preferences","status":"publish","type":"page","link":"https:\/\/prettylinks.com\/pt\/update-email-preferences\/","title":{"rendered":"Atualizar prefer\u00eancias de e-mail"},"content":{"rendered":"\n<p><\/p>\n\n\n\n<p>You\u2019re in control of what lands in your inbox. Use the form below to tell us how you\u2019d like to hear from PrettyLinks.<\/p>\n\n\n\n<p>Pick the updates you\u2019re excited about\u2014whether that\u2019s product news, helpful blog tips, or the occasional promo\u2014and skip the rest. <\/p>\n\n\n\n<p>Once you hit submit, we\u2019ll make sure your emails stay relevant to you.<\/p>\n\n\n<div class=\"wpforms-container \" id=\"wpforms-5232\"><form id=\"wpforms-form-5232\" class=\"wpforms-validate wpforms-form wpforms-ajax-form\" data-formid=\"5232\" method=\"post\" enctype=\"multipart\/form-data\" action=\"\/pt\/wp-json\/wp\/v2\/pages\/5235\" data-token=\"d9e703e86f5153803f4342e6732cda7a\" data-token-time=\"1777737058\"><noscript class=\"wpforms-error-noscript\">Ative o JavaScript no seu navegador para preencher este formul\u00e1rio.<\/noscript><div class=\"wpforms-field-container\"><div id=\"wpforms-5232-field_1-container\" class=\"wpforms-field wpforms-field-email\" data-field-id=\"1\"><label class=\"wpforms-field-label\" for=\"wpforms-5232-field_1\">Email <span class=\"wpforms-required-label\">*<\/span><\/label><input type=\"email\" id=\"wpforms-5232-field_1\" class=\"wpforms-field-medium wpforms-field-required\" name=\"wpforms[fields][1]\" spellcheck=\"false\" required><\/div><div id=\"wpforms-5232-field_2-container\" class=\"wpforms-field wpforms-field-radio wpforms-list-inline\" data-field-id=\"2\"><label class=\"wpforms-field-label\">Notify me about new blog posts: <span class=\"wpforms-required-label\">*<\/span><\/label><ul id=\"wpforms-5232-field_2\" class=\"wpforms-field-required\"><li class=\"choice-1 depth-1 wpforms-selected\"><input type=\"radio\" id=\"wpforms-5232-field_2_1\" name=\"wpforms[fields][2]\" value=\"Yes\" required  checked='checked'><label class=\"wpforms-field-label-inline\" for=\"wpforms-5232-field_2_1\">Yes<\/label><\/li><li class=\"choice-2 depth-1\"><input type=\"radio\" id=\"wpforms-5232-field_2_2\" name=\"wpforms[fields][2]\" value=\"No\" required ><label class=\"wpforms-field-label-inline\" for=\"wpforms-5232-field_2_2\">No<\/label><\/li><\/ul><\/div><div id=\"wpforms-5232-field_3-container\" class=\"wpforms-field wpforms-field-radio wpforms-list-inline\" data-field-id=\"3\"><label class=\"wpforms-field-label\">Notify me about discounts and promotions: <span class=\"wpforms-required-label\">*<\/span><\/label><ul id=\"wpforms-5232-field_3\" class=\"wpforms-field-required\"><li class=\"choice-1 depth-1 wpforms-selected\"><input type=\"radio\" id=\"wpforms-5232-field_3_1\" name=\"wpforms[fields][3]\" value=\"Yes\" required  checked='checked'><label class=\"wpforms-field-label-inline\" for=\"wpforms-5232-field_3_1\">Yes<\/label><\/li><li class=\"choice-2 depth-1\"><input type=\"radio\" id=\"wpforms-5232-field_3_2\" name=\"wpforms[fields][3]\" value=\"No\" required ><label class=\"wpforms-field-label-inline\" for=\"wpforms-5232-field_3_2\">No<\/label><\/li><\/ul><\/div><div id=\"wpforms-5232-field_4-container\" class=\"wpforms-field wpforms-field-radio wpforms-list-inline\" data-field-id=\"4\"><label class=\"wpforms-field-label\">Notify me about PrettyLinks updates and features: <span class=\"wpforms-required-label\">*<\/span><\/label><ul id=\"wpforms-5232-field_4\" class=\"wpforms-field-required\"><li class=\"choice-1 depth-1 wpforms-selected\"><input type=\"radio\" id=\"wpforms-5232-field_4_1\" name=\"wpforms[fields][4]\" value=\"Yes\" required  checked='checked'><label class=\"wpforms-field-label-inline\" for=\"wpforms-5232-field_4_1\">Yes<\/label><\/li><li class=\"choice-2 depth-1\"><input type=\"radio\" id=\"wpforms-5232-field_4_2\" name=\"wpforms[fields][4]\" value=\"No\" required ><label class=\"wpforms-field-label-inline\" for=\"wpforms-5232-field_4_2\">No<\/label><\/li><\/ul><\/div><div id=\"wpforms-5232-field_5-container\" class=\"wpforms-field wpforms-field-radio wpforms-list-inline\" data-field-id=\"5\"><label class=\"wpforms-field-label\">Notify me about 2024 Black Friday deals: <span class=\"wpforms-required-label\">*<\/span><\/label><ul id=\"wpforms-5232-field_5\" class=\"wpforms-field-required\"><li class=\"choice-1 depth-1 wpforms-selected\"><input type=\"radio\" id=\"wpforms-5232-field_5_1\" name=\"wpforms[fields][5]\" value=\"Yes\" required  checked='checked'><label class=\"wpforms-field-label-inline\" for=\"wpforms-5232-field_5_1\">Yes<\/label><\/li><li class=\"choice-2 depth-1\"><input type=\"radio\" id=\"wpforms-5232-field_5_2\" name=\"wpforms[fields][5]\" value=\"No\" required ><label class=\"wpforms-field-label-inline\" for=\"wpforms-5232-field_5_2\">No<\/label><\/li><\/ul><\/div><\/div><!-- .wpforms-field-container --><div class=\"wpforms-field wpforms-field-hp\"><label for=\"wpforms-5232-field-hp\" class=\"wpforms-field-label\">Comment<\/label><input type=\"text\" name=\"wpforms[hp]\" id=\"wpforms-5232-field-hp\" class=\"wpforms-field-medium\"><\/div><div class=\"wpforms-submit-container\" ><input type=\"hidden\" name=\"wpforms[id]\" value=\"5232\"><input type=\"hidden\" name=\"page_title\" value=\"\"><input type=\"hidden\" name=\"page_url\" value=\"https:\/\/prettylinks.com\/pt\/wp-json\/wp\/v2\/pages\/5235\"><input type=\"hidden\" name=\"url_referer\" value=\"\">\t\t<div id=\"cf-turnstile-wpf-3599524654\"\r\n\t\tclass=\"cf-turnstile\" \t\tdata-sitekey=\"0x4AAAAAAB62kANv0F5cynw4\"\r\n\t\tdata-theme=\"light\"\r\n\t\tdata-language=\"auto\"\r\n\t\tdata-size=\"normal\"\r\n\t\tdata-retry=\"auto\" data-retry-interval=\"1000\"\r\n\t\tdata-refresh-expired=\"auto\"\r\n\t\tdata-refresh-timeout=\"auto\"\r\n\t\tdata-action=\"wpforms-5232\"\r\n\t\tdata-callback=\"turnstileWPFCallback\"\r\n\t\t\t\tdata-appearance=\"interaction-only\"><\/div>\r\n\t\t\t<script>document.addEventListener(\"DOMContentLoaded\", function() { setTimeout(function(){ var e=document.getElementById(\"cf-turnstile-wpf-3599524654\"); if(e&&!e.innerHTML.trim()){turnstile.render(e, {sitekey:\"0x4AAAAAAB62kANv0F5cynw4\"});} }, 200); });<\/script>\r\n\t\t\t<style>#cf-turnstile-wpf-3599524654 iframe { margin-bottom: 15px; }<\/style>\r\n\t\t\t\t<style>#cf-turnstile-wpf-3599524654 { margin-left: -15px; }<\/style>\r\n\t\t<button type=\"submit\" name=\"wpforms[submit]\" id=\"wpforms-submit-5232\" class=\"wpforms-submit\" data-alt-text=\"Updating Preferences...\" data-submit-text=\"Update Preferences\" aria-live=\"assertive\" value=\"wpforms-submit\">Update Preferences<\/button><img loading=\"lazy\" decoding=\"async\" src=\"https:\/\/prettylinks.com\/wp-content\/plugins\/wpforms\/assets\/images\/submit-spin.svg\" class=\"wpforms-submit-spinner\" style=\"display: none;\" width=\"26\" height=\"26\" alt=\"Carregando\"><\/div><\/form><\/div>  <!-- .wpforms-container -->\n","protected":false},"excerpt":{"rendered":"<p>Voc\u00ea tem o controle do que chega \u00e0 sua caixa de entrada. Use o formul\u00e1rio abaixo para nos dizer como voc\u00ea gostaria de receber not\u00edcias do PrettyLinks. Escolha as atualiza\u00e7\u00f5es que mais lhe interessam - sejam elas not\u00edcias sobre produtos, dicas \u00fateis do blog ou promo\u00e7\u00f5es ocasionais - e ignore o restante. Depois de clicar em enviar, garantiremos que seus e-mails sejam relevantes para voc\u00ea.<\/p>","protected":false},"author":2,"featured_media":0,"parent":0,"menu_order":60,"comment_status":"closed","ping_status":"closed","template":"","meta":{"om_disable_all_campaigns":false,"_strive_editorial_status":"not-started","_strive_copy_of":0,"_monsterinsights_skip_tracking":false,"_monsterinsights_sitenote_active":false,"_monsterinsights_sitenote_note":"","_monsterinsights_sitenote_category":0,"footnotes":"","maurice_hero_tagline":"","maurice_hero_title":"","maurice_hero_subtitle":"","maurice_hero_cta_link":"","maurice_hero_cta_text":""},"class_list":["post-5235","page","type-page","status-publish","hentry"],"aioseo_notices":[],"aioseo_head":"\n\t\t<!-- All in One SEO Pro 4.9.5.2 - aioseo.com -->\n\t<meta name=\"description\" content=\"You\u2019re in control of what lands in your inbox. Use the form below to tell us how you\u2019d like to hear from PrettyLinks. Pick the updates you\u2019re excited about\u2014whether that\u2019s product news, helpful blog tips, or the occasional promo\u2014and skip the rest. Once you hit submit, we\u2019ll make sure your emails stay relevant to you.\" \/>\n\t<meta name=\"robots\" content=\"max-snippet:-1, max-image-preview:large, max-video-preview:-1\" \/>\n\t<link rel=\"canonical\" href=\"https:\/\/prettylinks.com\/pt\/update-email-preferences\/\" \/>\n\t<meta name=\"generator\" content=\"All in One SEO Pro (AIOSEO) 4.9.5.2\" \/>\n\t\t<meta property=\"og:locale\" content=\"pt_BR\" \/>\n\t\t<meta property=\"og:site_name\" content=\"PrettyLinks\" \/>\n\t\t<meta property=\"og:type\" content=\"article\" \/>\n\t\t<meta property=\"og:title\" content=\"Update Email Preferences\" \/>\n\t\t<meta property=\"og:description\" content=\"You\u2019re in control of what lands in your inbox. Use the form below to tell us how you\u2019d like to hear from PrettyLinks. Pick the updates you\u2019re excited about\u2014whether that\u2019s product news, helpful blog tips, or the occasional promo\u2014and skip the rest. Once you hit submit, we\u2019ll make sure your emails stay relevant to you.\" \/>\n\t\t<meta property=\"og:url\" content=\"https:\/\/prettylinks.com\/pt\/update-email-preferences\/\" \/>\n\t\t<meta property=\"article:published_time\" content=\"2020-11-04T21:36:12+00:00\" \/>\n\t\t<meta property=\"article:modified_time\" content=\"2025-10-15T15:30:19+00:00\" \/>\n\t\t<meta name=\"twitter:card\" content=\"summary_large_image\" \/>\n\t\t<meta name=\"twitter:title\" content=\"Update Email Preferences\" \/>\n\t\t<meta name=\"twitter:description\" content=\"You\u2019re in control of what lands in your inbox. Use the form below to tell us how you\u2019d like to hear from PrettyLinks. Pick the updates you\u2019re excited about\u2014whether that\u2019s product news, helpful blog tips, or the occasional promo\u2014and skip the rest. Once you hit submit, we\u2019ll make sure your emails stay relevant to you.\" \/>\n\t\t<script type=\"application\/ld+json\" class=\"aioseo-schema\">\n\t\t\t{\"@context\":\"https:\\\/\\\/schema.org\",\"@graph\":[{\"@type\":\"BreadcrumbList\",\"@id\":\"https:\\\/\\\/prettylinks.com\\\/pt\\\/update-email-preferences\\\/#breadcrumblist\",\"itemListElement\":[{\"@type\":\"ListItem\",\"@id\":\"https:\\\/\\\/prettylinks.com\\\/pt#listItem\",\"position\":1,\"name\":\"Home\",\"item\":\"https:\\\/\\\/prettylinks.com\\\/pt\",\"nextItem\":{\"@type\":\"ListItem\",\"@id\":\"https:\\\/\\\/prettylinks.com\\\/pt\\\/update-email-preferences\\\/#listItem\",\"name\":\"Update Email Preferences\"}},{\"@type\":\"ListItem\",\"@id\":\"https:\\\/\\\/prettylinks.com\\\/pt\\\/update-email-preferences\\\/#listItem\",\"position\":2,\"name\":\"Update Email Preferences\",\"previousItem\":{\"@type\":\"ListItem\",\"@id\":\"https:\\\/\\\/prettylinks.com\\\/pt#listItem\",\"name\":\"Home\"}}]},{\"@type\":\"Organization\",\"@id\":\"https:\\\/\\\/prettylinks.com\\\/pt\\\/#organization\",\"name\":\"PrettyLinks\",\"description\":\"Top Affiliate Link & URL Shortener for WordPress\",\"url\":\"https:\\\/\\\/prettylinks.com\\\/pt\\\/\"},{\"@type\":\"WebPage\",\"@id\":\"https:\\\/\\\/prettylinks.com\\\/pt\\\/update-email-preferences\\\/#webpage\",\"url\":\"https:\\\/\\\/prettylinks.com\\\/pt\\\/update-email-preferences\\\/\",\"name\":\"Update Email Preferences\",\"description\":\"You\\u2019re in control of what lands in your inbox. Use the form below to tell us how you\\u2019d like to hear from PrettyLinks. Pick the updates you\\u2019re excited about\\u2014whether that\\u2019s product news, helpful blog tips, or the occasional promo\\u2014and skip the rest. Once you hit submit, we\\u2019ll make sure your emails stay relevant to you.\",\"inLanguage\":\"pt-BR\",\"isPartOf\":{\"@id\":\"https:\\\/\\\/prettylinks.com\\\/pt\\\/#website\"},\"breadcrumb\":{\"@id\":\"https:\\\/\\\/prettylinks.com\\\/pt\\\/update-email-preferences\\\/#breadcrumblist\"},\"datePublished\":\"2020-11-04T21:36:12-07:00\",\"dateModified\":\"2025-10-15T09:30:19-06:00\"},{\"@type\":\"WebSite\",\"@id\":\"https:\\\/\\\/prettylinks.com\\\/pt\\\/#website\",\"url\":\"https:\\\/\\\/prettylinks.com\\\/pt\\\/\",\"name\":\"PrettyLinks\",\"description\":\"Top Affiliate Link & URL Shortener for WordPress\",\"inLanguage\":\"pt-BR\",\"publisher\":{\"@id\":\"https:\\\/\\\/prettylinks.com\\\/pt\\\/#organization\"}}]}\n\t\t<\/script>\n\t\t<!-- All in One SEO Pro -->\r\n\t\t<title>Update Email Preferences<\/title>\n\n","aioseo_head_json":{"title":"Atualizar prefer\u00eancias de e-mail","description":"Voc\u00ea tem o controle do que chega \u00e0 sua caixa de entrada. Use o formul\u00e1rio abaixo para nos dizer como voc\u00ea gostaria de receber not\u00edcias do PrettyLinks. Escolha as atualiza\u00e7\u00f5es que mais lhe interessam - sejam elas not\u00edcias sobre produtos, dicas \u00fateis do blog ou promo\u00e7\u00f5es ocasionais - e ignore o restante. Depois de clicar em enviar, garantiremos que seus e-mails sejam relevantes para voc\u00ea.","canonical_url":"https:\/\/prettylinks.com\/pt\/update-email-preferences\/","robots":"max-snippet:-1, max-image-preview:large, max-video-preview:-1","keywords":"","webmasterTools":{"miscellaneous":""},"schema":{"@context":"https:\/\/schema.org","@graph":[{"@type":"BreadcrumbList","@id":"https:\/\/prettylinks.com\/pt\/update-email-preferences\/#breadcrumblist","itemListElement":[{"@type":"ListItem","@id":"https:\/\/prettylinks.com\/pt#listItem","position":1,"name":"Home","item":"https:\/\/prettylinks.com\/pt","nextItem":{"@type":"ListItem","@id":"https:\/\/prettylinks.com\/pt\/update-email-preferences\/#listItem","name":"Update Email Preferences"}},{"@type":"ListItem","@id":"https:\/\/prettylinks.com\/pt\/update-email-preferences\/#listItem","position":2,"name":"Update Email Preferences","previousItem":{"@type":"ListItem","@id":"https:\/\/prettylinks.com\/pt#listItem","name":"Home"}}]},{"@type":"Organization","@id":"https:\/\/prettylinks.com\/pt\/#organization","name":"PrettyLinks","description":"Top Affiliate Link & URL Shortener for WordPress","url":"https:\/\/prettylinks.com\/pt\/"},{"@type":"WebPage","@id":"https:\/\/prettylinks.com\/pt\/update-email-preferences\/#webpage","url":"https:\/\/prettylinks.com\/pt\/update-email-preferences\/","name":"Update Email Preferences","description":"You\u2019re in control of what lands in your inbox. Use the form below to tell us how you\u2019d like to hear from PrettyLinks. Pick the updates you\u2019re excited about\u2014whether that\u2019s product news, helpful blog tips, or the occasional promo\u2014and skip the rest. Once you hit submit, we\u2019ll make sure your emails stay relevant to you.","inLanguage":"pt-BR","isPartOf":{"@id":"https:\/\/prettylinks.com\/pt\/#website"},"breadcrumb":{"@id":"https:\/\/prettylinks.com\/pt\/update-email-preferences\/#breadcrumblist"},"datePublished":"2020-11-04T21:36:12-07:00","dateModified":"2025-10-15T09:30:19-06:00"},{"@type":"WebSite","@id":"https:\/\/prettylinks.com\/pt\/#website","url":"https:\/\/prettylinks.com\/pt\/","name":"PrettyLinks","description":"Top Affiliate Link & URL Shortener for WordPress","inLanguage":"pt-BR","publisher":{"@id":"https:\/\/prettylinks.com\/pt\/#organization"}}]},"og:locale":"pt_BR","og:site_name":"PrettyLinks","og:type":"article","og:title":"Update Email Preferences","og:description":"You\u2019re in control of what lands in your inbox. Use the form below to tell us how you\u2019d like to hear from PrettyLinks. Pick the updates you\u2019re excited about\u2014whether that\u2019s product news, helpful blog tips, or the occasional promo\u2014and skip the rest. Once you hit submit, we\u2019ll make sure your emails stay relevant to you.","og:url":"https:\/\/prettylinks.com\/pt\/update-email-preferences\/","article:published_time":"2020-11-04T21:36:12+00:00","article:modified_time":"2025-10-15T15:30:19+00:00","twitter:card":"summary_large_image","twitter:title":"Update Email Preferences","twitter:description":"You\u2019re in control of what lands in your inbox. Use the form below to tell us how you\u2019d like to hear from PrettyLinks. Pick the updates you\u2019re excited about\u2014whether that\u2019s product news, helpful blog tips, or the occasional promo\u2014and skip the rest. Once you hit submit, we\u2019ll make sure your emails stay relevant to you."},"aioseo_meta_data":{"post_id":"5235","title":null,"description":"","keywords":"","keyphrases":null,"primary_term":null,"canonical_url":"","og_title":null,"og_description":null,"og_object_type":"default","og_image_type":"default","og_image_url":null,"og_image_width":null,"og_image_height":null,"og_image_custom_url":null,"og_image_custom_fields":null,"og_video":null,"og_custom_url":null,"og_article_section":null,"og_article_tags":null,"twitter_use_og":false,"twitter_card":"default","twitter_image_type":"default","twitter_image_url":null,"twitter_image_custom_url":null,"twitter_image_custom_fields":null,"twitter_title":null,"twitter_description":null,"schema":{"blockGraphs":[],"customGraphs":[],"default":{"data":{"Article":[],"Course":[],"Dataset":[],"FAQPage":[],"Movie":[],"Person":[],"Product":[],"ProductReview":[],"Car":[],"Recipe":[],"Service":[],"SoftwareApplication":[],"WebPage":[]},"graphName":"","isEnabled":true},"graphs":[],"defaultGraph":"","defaultPostTypeGraph":""},"schema_type":null,"schema_type_options":null,"pillar_content":false,"robots_default":true,"robots_noindex":false,"robots_noarchive":false,"robots_nosnippet":false,"robots_nofollow":false,"robots_noimageindex":false,"robots_noodp":false,"robots_notranslate":false,"robots_max_snippet":null,"robots_max_videopreview":null,"robots_max_imagepreview":"large","priority":null,"frequency":null,"local_seo":null,"seo_analyzer_scan_date":"2025-10-15 15:45:44","breadcrumb_settings":null,"limit_modified_date":false,"open_ai":null,"ai":null,"created":"2020-12-21 17:50:00","updated":"2025-11-06 08:31:01"},"_links":{"self":[{"href":"https:\/\/prettylinks.com\/pt\/wp-json\/wp\/v2\/pages\/5235","targetHints":{"allow":["GET"]}}],"collection":[{"href":"https:\/\/prettylinks.com\/pt\/wp-json\/wp\/v2\/pages"}],"about":[{"href":"https:\/\/prettylinks.com\/pt\/wp-json\/wp\/v2\/types\/page"}],"author":[{"embeddable":true,"href":"https:\/\/prettylinks.com\/pt\/wp-json\/wp\/v2\/users\/2"}],"replies":[{"embeddable":true,"href":"https:\/\/prettylinks.com\/pt\/wp-json\/wp\/v2\/comments?post=5235"}],"version-history":[{"count":2,"href":"https:\/\/prettylinks.com\/pt\/wp-json\/wp\/v2\/pages\/5235\/revisions"}],"predecessor-version":[{"id":16741,"href":"https:\/\/prettylinks.com\/pt\/wp-json\/wp\/v2\/pages\/5235\/revisions\/16741"}],"wp:attachment":[{"href":"https:\/\/prettylinks.com\/pt\/wp-json\/wp\/v2\/media?parent=5235"}],"curies":[{"name":"wp","href":"https:\/\/api.w.org\/{rel}","templated":true}]}}