{"id":3512,"date":"2019-06-17T15:26:11","date_gmt":"2019-06-17T15:26:11","guid":{"rendered":"https:\/\/prettylinks.com\/?page_id=3512"},"modified":"2025-10-15T10:04:11","modified_gmt":"2025-10-15T16:04:11","slug":"feedback","status":"publish","type":"page","link":"https:\/\/prettylinks.com\/pt\/feedback\/","title":{"rendered":"Compartilhe seu feedback"},"content":{"rendered":"\n<p>We\u2019re always looking for ways to make PrettyLinks better, and your input helps us do just that. <\/p>\n\n\n\n<p>Use the form below to tell us what you think\u2014whether it\u2019s a feature request, something you\u2019d love to see improved, or just general thoughts.<\/p>\n\n\n\n<p>Every bit of feedback gets reviewed by our team, and while we may not be able to respond to each submission individually, your ideas go straight into the mix when we plan updates and improvements.<\/p>\n\n\n\n<p>Thanks! <\/p>\n\n\n<div class=\"wpforms-container \" id=\"wpforms-3513\"><form id=\"wpforms-form-3513\" class=\"wpforms-validate wpforms-form wpforms-ajax-form\" data-formid=\"3513\" method=\"post\" enctype=\"multipart\/form-data\" action=\"\/pt\/wp-json\/wp\/v2\/pages\/3512\" data-token=\"68152d6ea3d948c4f7949d40c05b723c\" data-token-time=\"1777584412\"><noscript class=\"wpforms-error-noscript\">Ative o JavaScript no seu navegador para preencher este formul\u00e1rio.<\/noscript><div class=\"wpforms-field-container\"><div id=\"wpforms-3513-field_0-container\" class=\"wpforms-field wpforms-field-name\" data-field-id=\"0\"><label class=\"wpforms-field-label\">Name <span class=\"wpforms-required-label\">*<\/span><\/label><div class=\"wpforms-field-row wpforms-field-medium\"><div class=\"wpforms-field-row-block wpforms-first wpforms-one-half\"><input type=\"text\" id=\"wpforms-3513-field_0\" class=\"wpforms-field-name-first wpforms-field-required\" name=\"wpforms[fields][0][first]\" required><label for=\"wpforms-3513-field_0\" class=\"wpforms-field-sublabel after\">Nome<\/label><\/div><div class=\"wpforms-field-row-block wpforms-one-half\"><input type=\"text\" id=\"wpforms-3513-field_0-last\" class=\"wpforms-field-name-last wpforms-field-required\" name=\"wpforms[fields][0][last]\" required><label for=\"wpforms-3513-field_0-last\" class=\"wpforms-field-sublabel after\">Sobrenome<\/label><\/div><\/div><\/div><div id=\"wpforms-3513-field_1-container\" class=\"wpforms-field wpforms-field-email\" data-field-id=\"1\"><label class=\"wpforms-field-label\" for=\"wpforms-3513-field_1\">Email <span class=\"wpforms-required-label\">*<\/span><\/label><input type=\"email\" id=\"wpforms-3513-field_1\" class=\"wpforms-field-medium wpforms-field-required\" name=\"wpforms[fields][1]\" spellcheck=\"false\" required><div class=\"wpforms-field-description\">Please enter your email, so we can follow up with you.<\/div><\/div><div id=\"wpforms-3513-field_2-container\" class=\"wpforms-field wpforms-field-radio\" data-field-id=\"2\"><label class=\"wpforms-field-label\">Which department do you have a suggestion for? <span class=\"wpforms-required-label\">*<\/span><\/label><ul id=\"wpforms-3513-field_2\" class=\"wpforms-field-required\"><li class=\"choice-1 depth-1\"><input type=\"radio\" id=\"wpforms-3513-field_2_1\" name=\"wpforms[fields][2]\" value=\"Sales\" required ><label class=\"wpforms-field-label-inline\" for=\"wpforms-3513-field_2_1\">Sales<\/label><\/li><li class=\"choice-2 depth-1\"><input type=\"radio\" id=\"wpforms-3513-field_2_2\" name=\"wpforms[fields][2]\" value=\"Customer Support\" required ><label class=\"wpforms-field-label-inline\" for=\"wpforms-3513-field_2_2\">Customer Support<\/label><\/li><li class=\"choice-3 depth-1 wpforms-selected\"><input type=\"radio\" id=\"wpforms-3513-field_2_3\" name=\"wpforms[fields][2]\" value=\"Product Development\" required  checked='checked'><label class=\"wpforms-field-label-inline\" for=\"wpforms-3513-field_2_3\">Product Development<\/label><\/li><li class=\"choice-4 depth-1\"><input type=\"radio\" id=\"wpforms-3513-field_2_4\" name=\"wpforms[fields][2]\" value=\"Billing\" required ><label class=\"wpforms-field-label-inline\" for=\"wpforms-3513-field_2_4\">Billing<\/label><\/li><\/ul><\/div><div id=\"wpforms-3513-field_4-container\" class=\"wpforms-field wpforms-field-textarea\" data-field-id=\"4\"><label class=\"wpforms-field-label\" for=\"wpforms-3513-field_4\">Your feedback below <span class=\"wpforms-required-label\">*<\/span><\/label><textarea id=\"wpforms-3513-field_4\" class=\"wpforms-field-medium wpforms-field-required\" name=\"wpforms[fields][4]\" required><\/textarea><\/div><\/div><!-- .wpforms-field-container --><div class=\"wpforms-field wpforms-field-hp\"><label for=\"wpforms-3513-field-hp\" class=\"wpforms-field-label\">Name<\/label><input type=\"text\" name=\"wpforms[hp]\" id=\"wpforms-3513-field-hp\" class=\"wpforms-field-medium\"><\/div><div class=\"wpforms-submit-container\" ><input type=\"hidden\" name=\"wpforms[id]\" value=\"3513\"><input type=\"hidden\" name=\"page_title\" value=\"\"><input type=\"hidden\" name=\"page_url\" value=\"https:\/\/prettylinks.com\/pt\/wp-json\/wp\/v2\/pages\/3512\"><input type=\"hidden\" name=\"url_referer\" value=\"\">\t\t<div id=\"cf-turnstile-wpf-80948824\"\r\n\t\tclass=\"cf-turnstile\" \t\tdata-sitekey=\"0x4AAAAAAB62kANv0F5cynw4\"\r\n\t\tdata-theme=\"light\"\r\n\t\tdata-language=\"auto\"\r\n\t\tdata-size=\"normal\"\r\n\t\tdata-retry=\"auto\" data-retry-interval=\"1000\"\r\n\t\tdata-refresh-expired=\"auto\"\r\n\t\tdata-refresh-timeout=\"auto\"\r\n\t\tdata-action=\"wpforms-3513\"\r\n\t\tdata-callback=\"turnstileWPFCallback\"\r\n\t\t\t\tdata-appearance=\"interaction-only\"><\/div>\r\n\t\t\t<script>document.addEventListener(\"DOMContentLoaded\", function() { setTimeout(function(){ var e=document.getElementById(\"cf-turnstile-wpf-80948824\"); if(e&&!e.innerHTML.trim()){turnstile.render(e, {sitekey:\"0x4AAAAAAB62kANv0F5cynw4\"});} }, 200); });<\/script>\r\n\t\t\t<style>#cf-turnstile-wpf-80948824 iframe { margin-bottom: 15px; }<\/style>\r\n\t\t\t\t<style>#cf-turnstile-wpf-80948824 { margin-left: -15px; }<\/style>\r\n\t\t<button type=\"submit\" name=\"wpforms[submit]\" id=\"wpforms-submit-3513\" class=\"wpforms-submit\" data-alt-text=\"Sending...\" data-submit-text=\"Send Feedback\" aria-live=\"assertive\" value=\"wpforms-submit\">Send Feedback<\/button><img loading=\"lazy\" decoding=\"async\" src=\"https:\/\/prettylinks.com\/wp-content\/plugins\/wpforms\/assets\/images\/submit-spin.svg\" class=\"wpforms-submit-spinner\" style=\"display: none;\" width=\"26\" height=\"26\" alt=\"Carregando\"><\/div><\/form><\/div>  <!-- .wpforms-container -->\n","protected":false},"excerpt":{"rendered":"<p>Estamos sempre procurando maneiras de tornar o PrettyLinks melhor, e sua opini\u00e3o nos ajuda a fazer isso. Use o formul\u00e1rio abaixo para nos dizer o que voc\u00ea pensa - seja uma solicita\u00e7\u00e3o de recurso, algo que voc\u00ea gostaria de ver melhorado ou apenas pensamentos gerais. Cada feedback \u00e9 analisado por nossa equipe e, embora n\u00e3o possamos...<\/p>","protected":false},"author":2,"featured_media":0,"parent":0,"menu_order":17,"comment_status":"closed","ping_status":"closed","template":"single_framed","meta":{"om_disable_all_campaigns":false,"_strive_editorial_status":"not-started","_strive_copy_of":0,"_monsterinsights_skip_tracking":false,"_monsterinsights_sitenote_active":false,"_monsterinsights_sitenote_note":"","_monsterinsights_sitenote_category":0,"footnotes":"","maurice_hero_tagline":"","maurice_hero_title":"","maurice_hero_subtitle":"","maurice_hero_cta_link":"","maurice_hero_cta_text":""},"class_list":["post-3512","page","type-page","status-publish","hentry"],"aioseo_notices":[],"aioseo_head":"\n\t\t<!-- All in One SEO Pro 4.9.5.2 - aioseo.com -->\n\t<meta name=\"description\" content=\"Have a question about Pretty Links, or would you like to share a concern? Let us know!\" \/>\n\t<meta name=\"robots\" content=\"max-snippet:-1, max-image-preview:large, max-video-preview:-1\" \/>\n\t<link rel=\"canonical\" href=\"https:\/\/prettylinks.com\/pt\/feedback\/\" \/>\n\t<meta name=\"generator\" content=\"All in One SEO Pro (AIOSEO) 4.9.5.2\" \/>\n\t\t<meta property=\"og:locale\" content=\"pt_BR\" \/>\n\t\t<meta property=\"og:site_name\" content=\"PrettyLinks\" \/>\n\t\t<meta property=\"og:type\" content=\"article\" \/>\n\t\t<meta property=\"og:title\" content=\"Share Your Feedback\" \/>\n\t\t<meta property=\"og:description\" content=\"Have a question about Pretty Links, or would you like to share a concern? Let us know!\" \/>\n\t\t<meta property=\"og:url\" content=\"https:\/\/prettylinks.com\/pt\/feedback\/\" \/>\n\t\t<meta property=\"article:published_time\" content=\"2019-06-17T15:26:11+00:00\" \/>\n\t\t<meta property=\"article:modified_time\" content=\"2025-10-15T16:04:11+00:00\" \/>\n\t\t<meta name=\"twitter:card\" content=\"summary_large_image\" \/>\n\t\t<meta name=\"twitter:title\" content=\"Share Your Feedback\" \/>\n\t\t<meta name=\"twitter:description\" content=\"Have a question about Pretty Links, or would you like to share a concern? Let us know!\" \/>\n\t\t<script type=\"application\/ld+json\" class=\"aioseo-schema\">\n\t\t\t{\"@context\":\"https:\\\/\\\/schema.org\",\"@graph\":[{\"@type\":\"BreadcrumbList\",\"@id\":\"https:\\\/\\\/prettylinks.com\\\/pt\\\/feedback\\\/#breadcrumblist\",\"itemListElement\":[{\"@type\":\"ListItem\",\"@id\":\"https:\\\/\\\/prettylinks.com\\\/pt#listItem\",\"position\":1,\"name\":\"Home\",\"item\":\"https:\\\/\\\/prettylinks.com\\\/pt\",\"nextItem\":{\"@type\":\"ListItem\",\"@id\":\"https:\\\/\\\/prettylinks.com\\\/pt\\\/feedback\\\/#listItem\",\"name\":\"Share Your Feedback\"}},{\"@type\":\"ListItem\",\"@id\":\"https:\\\/\\\/prettylinks.com\\\/pt\\\/feedback\\\/#listItem\",\"position\":2,\"name\":\"Share Your Feedback\",\"previousItem\":{\"@type\":\"ListItem\",\"@id\":\"https:\\\/\\\/prettylinks.com\\\/pt#listItem\",\"name\":\"Home\"}}]},{\"@type\":\"Organization\",\"@id\":\"https:\\\/\\\/prettylinks.com\\\/pt\\\/#organization\",\"name\":\"PrettyLinks\",\"description\":\"Top Affiliate Link & URL Shortener for WordPress\",\"url\":\"https:\\\/\\\/prettylinks.com\\\/pt\\\/\"},{\"@type\":\"WebPage\",\"@id\":\"https:\\\/\\\/prettylinks.com\\\/pt\\\/feedback\\\/#webpage\",\"url\":\"https:\\\/\\\/prettylinks.com\\\/pt\\\/feedback\\\/\",\"name\":\"Share Your Feedback\",\"description\":\"Have a question about Pretty Links, or would you like to share a concern? Let us know!\",\"inLanguage\":\"pt-BR\",\"isPartOf\":{\"@id\":\"https:\\\/\\\/prettylinks.com\\\/pt\\\/#website\"},\"breadcrumb\":{\"@id\":\"https:\\\/\\\/prettylinks.com\\\/pt\\\/feedback\\\/#breadcrumblist\"},\"datePublished\":\"2019-06-17T15:26:11-06:00\",\"dateModified\":\"2025-10-15T10:04:11-06:00\"},{\"@type\":\"WebSite\",\"@id\":\"https:\\\/\\\/prettylinks.com\\\/pt\\\/#website\",\"url\":\"https:\\\/\\\/prettylinks.com\\\/pt\\\/\",\"name\":\"PrettyLinks\",\"description\":\"Top Affiliate Link & URL Shortener for WordPress\",\"inLanguage\":\"pt-BR\",\"publisher\":{\"@id\":\"https:\\\/\\\/prettylinks.com\\\/pt\\\/#organization\"}}]}\n\t\t<\/script>\n\t\t<!-- All in One SEO Pro -->\r\n\t\t<title>Share Your Feedback<\/title>\n\n","aioseo_head_json":{"title":"Compartilhe seu feedback","description":"Tem alguma d\u00favida sobre o Pretty Links ou gostaria de compartilhar uma preocupa\u00e7\u00e3o? Entre em contato conosco!","canonical_url":"https:\/\/prettylinks.com\/pt\/feedback\/","robots":"max-snippet:-1, max-image-preview:large, max-video-preview:-1","keywords":"","webmasterTools":{"miscellaneous":""},"schema":{"@context":"https:\/\/schema.org","@graph":[{"@type":"BreadcrumbList","@id":"https:\/\/prettylinks.com\/pt\/feedback\/#breadcrumblist","itemListElement":[{"@type":"ListItem","@id":"https:\/\/prettylinks.com\/pt#listItem","position":1,"name":"Home","item":"https:\/\/prettylinks.com\/pt","nextItem":{"@type":"ListItem","@id":"https:\/\/prettylinks.com\/pt\/feedback\/#listItem","name":"Share Your Feedback"}},{"@type":"ListItem","@id":"https:\/\/prettylinks.com\/pt\/feedback\/#listItem","position":2,"name":"Share Your Feedback","previousItem":{"@type":"ListItem","@id":"https:\/\/prettylinks.com\/pt#listItem","name":"Home"}}]},{"@type":"Organization","@id":"https:\/\/prettylinks.com\/pt\/#organization","name":"PrettyLinks","description":"Top Affiliate Link & URL Shortener for WordPress","url":"https:\/\/prettylinks.com\/pt\/"},{"@type":"WebPage","@id":"https:\/\/prettylinks.com\/pt\/feedback\/#webpage","url":"https:\/\/prettylinks.com\/pt\/feedback\/","name":"Share Your Feedback","description":"Have a question about Pretty Links, or would you like to share a concern? Let us know!","inLanguage":"pt-BR","isPartOf":{"@id":"https:\/\/prettylinks.com\/pt\/#website"},"breadcrumb":{"@id":"https:\/\/prettylinks.com\/pt\/feedback\/#breadcrumblist"},"datePublished":"2019-06-17T15:26:11-06:00","dateModified":"2025-10-15T10:04:11-06:00"},{"@type":"WebSite","@id":"https:\/\/prettylinks.com\/pt\/#website","url":"https:\/\/prettylinks.com\/pt\/","name":"PrettyLinks","description":"Top Affiliate Link & URL Shortener for WordPress","inLanguage":"pt-BR","publisher":{"@id":"https:\/\/prettylinks.com\/pt\/#organization"}}]},"og:locale":"pt_BR","og:site_name":"PrettyLinks","og:type":"article","og:title":"Share Your Feedback","og:description":"Have a question about Pretty Links, or would you like to share a concern? Let us know!","og:url":"https:\/\/prettylinks.com\/pt\/feedback\/","article:published_time":"2019-06-17T15:26:11+00:00","article:modified_time":"2025-10-15T16:04:11+00:00","twitter:card":"summary_large_image","twitter:title":"Share Your Feedback","twitter:description":"Have a question about Pretty Links, or would you like to share a concern? Let us know!"},"aioseo_meta_data":{"post_id":"3512","title":null,"description":"Tem alguma d\u00favida sobre o Pretty Links ou gostaria de compartilhar uma preocupa\u00e7\u00e3o? Entre em contato conosco!","keywords":[{"label":"pretty links feedback","value":"pretty links feedback"}],"keyphrases":{"focus":{"keyphrase":"","score":0,"analysis":{"keyphraseInTitle":{"score":0,"maxScore":9,"error":1}}},"additional":[]},"primary_term":null,"canonical_url":null,"og_title":null,"og_description":null,"og_object_type":"default","og_image_type":"default","og_image_url":null,"og_image_width":null,"og_image_height":null,"og_image_custom_url":null,"og_image_custom_fields":null,"og_video":"","og_custom_url":null,"og_article_section":null,"og_article_tags":null,"twitter_use_og":false,"twitter_card":"default","twitter_image_type":"default","twitter_image_url":null,"twitter_image_custom_url":null,"twitter_image_custom_fields":null,"twitter_title":null,"twitter_description":null,"schema":{"blockGraphs":[],"customGraphs":[],"default":{"data":{"Article":[],"Course":[],"Dataset":[],"FAQPage":[],"Movie":[],"Person":[],"Product":[],"ProductReview":[],"Car":[],"Recipe":[],"Service":[],"SoftwareApplication":[],"WebPage":[]},"graphName":"WebPage","isEnabled":true},"graphs":[]},"schema_type":"default","schema_type_options":"{\"article\":{\"articleType\":\"BlogPosting\"},\"course\":{\"name\":\"\",\"description\":\"\",\"provider\":\"\"},\"faq\":{\"pages\":[]},\"product\":{\"reviews\":[]},\"recipe\":{\"ingredients\":[],\"instructions\":[],\"keywords\":[]},\"software\":{\"reviews\":[],\"operatingSystems\":[]},\"webPage\":{\"webPageType\":\"WebPage\"}}","pillar_content":false,"robots_default":true,"robots_noindex":false,"robots_noarchive":false,"robots_nosnippet":false,"robots_nofollow":false,"robots_noimageindex":false,"robots_noodp":false,"robots_notranslate":false,"robots_max_snippet":"-1","robots_max_videopreview":"-1","robots_max_imagepreview":"large","priority":null,"frequency":"default","local_seo":null,"seo_analyzer_scan_date":"2025-10-15 16:06:07","breadcrumb_settings":null,"limit_modified_date":false,"open_ai":null,"ai":{"faqs":[],"keyPoints":[],"titles":[],"descriptions":[],"socialPosts":{"email":[],"linkedin":[],"twitter":[],"facebook":[],"instagram":[]}},"created":"2020-12-21 17:50:21","updated":"2025-11-06 08:31:01"},"_links":{"self":[{"href":"https:\/\/prettylinks.com\/pt\/wp-json\/wp\/v2\/pages\/3512","targetHints":{"allow":["GET"]}}],"collection":[{"href":"https:\/\/prettylinks.com\/pt\/wp-json\/wp\/v2\/pages"}],"about":[{"href":"https:\/\/prettylinks.com\/pt\/wp-json\/wp\/v2\/types\/page"}],"author":[{"embeddable":true,"href":"https:\/\/prettylinks.com\/pt\/wp-json\/wp\/v2\/users\/2"}],"replies":[{"embeddable":true,"href":"https:\/\/prettylinks.com\/pt\/wp-json\/wp\/v2\/comments?post=3512"}],"version-history":[{"count":2,"href":"https:\/\/prettylinks.com\/pt\/wp-json\/wp\/v2\/pages\/3512\/revisions"}],"predecessor-version":[{"id":16938,"href":"https:\/\/prettylinks.com\/pt\/wp-json\/wp\/v2\/pages\/3512\/revisions\/16938"}],"wp:attachment":[{"href":"https:\/\/prettylinks.com\/pt\/wp-json\/wp\/v2\/media?parent=3512"}],"curies":[{"name":"wp","href":"https:\/\/api.w.org\/{rel}","templated":true}]}}