{"id":263,"date":"2009-08-10T15:12:24","date_gmt":"2009-08-10T19:12:24","guid":{"rendered":"https:\/\/prettylinks.com\/?page_id=263"},"modified":"2025-10-15T10:07:12","modified_gmt":"2025-10-15T16:07:12","slug":"getting-started","status":"publish","type":"page","link":"https:\/\/prettylinks.com\/pt\/getting-started\/","title":{"rendered":"Guia de introdu\u00e7\u00e3o"},"content":{"rendered":"<p>Bem-vindo ao PrettyLinks! Desde encurtar links at\u00e9 impulsionar sua estrat\u00e9gia de afiliados, tudo come\u00e7a com uma configura\u00e7\u00e3o r\u00e1pida. <\/p>\n\n\n\n<p><strong>Dica:<\/strong> N\u00e3o deixe de adicionar esta p\u00e1gina aos favoritos, imprimi-la ou ficar atento ao seu e-mail de boas-vindas. (Se n\u00e3o o vir imediatamente, verifique sua pasta de lixo eletr\u00f4nico ou spam).<\/p>\n\n\n\n<h4 class=\"wp-block-heading\">Primeiros passos com o PrettyLinks<\/h4>\n\n\n\n<ol class=\"wp-block-list\">\n<li><strong>Fa\u00e7a o download e instale o plug-in PrettyLinks<\/strong><br>Pegue-o aqui: <a href=\"https:\/\/wordpress.org\/plugins\/pretty-link\/\">PrettyLinks no WordPress.org<\/a><br><\/li>\n\n\n\n<li><strong>Atualiza\u00e7\u00e3o dentro do WordPress<\/strong><br>Depois de instalado, v\u00e1 para <strong>PrettyLinks &gt; Upgrade<\/strong>.<br><\/li>\n\n\n\n<li><strong>Digite seus detalhes de login<\/strong><br>Use o nome de usu\u00e1rio e a senha que voc\u00ea criou na inscri\u00e7\u00e3o (tamb\u00e9m inclu\u00eddos no e-mail de boas-vindas) e, em seguida, clique em <strong>Salvar<\/strong>.<\/li>\n<\/ol>\n\n\n\n<p>\u00c9 isso, voc\u00ea est\u00e1 pronto para come\u00e7ar a usar o PrettyLinks!<\/p>\n\n\n\n<ul class=\"wp-block-list\">\n<li>Para obter tutoriais passo a passo, visite o site <a href=\"https:\/\/prettylinks.com\/pt\/docs\/\">Manual do usu\u00e1rio do PrettyLinks<\/a>.<\/li>\n\n\n\n<li>Para gerenciar sua conta, acesse sua conta <a href=\"https:\/\/prettylinks.com\/pt\/account\/\">Configura\u00e7\u00f5es da conta<\/a>.<\/li>\n\n\n\n<li>Explore nossa <strong><a href=\"https:\/\/prettylinks.com\/pt\/blog\/how-to-use-pretty-links-plugin\/\">Guia para iniciantes<\/a><\/strong> para uma an\u00e1lise mais detalhada dos recursos mais populares do PrettyLinks.<\/li>\n<\/ul>\n\n\n\n<p>Mal podemos esperar para que voc\u00ea experimente tudo o que esse plug-in pode fazer. Se tiver algum problema, entre em contato conosco em <strong><a>support@prettylinks.com<\/a><\/strong>-Estamos aqui para ajudar.<\/p>\n\n\n\n<p>Obrigado!<br><strong>Blair Williams<\/strong><br>Criador do PrettyLinks<\/p>","protected":false},"excerpt":{"rendered":"<p>Bem-vindo ao PrettyLinks! Desde encurtar links at\u00e9 impulsionar sua estrat\u00e9gia de afiliados, tudo come\u00e7a com uma configura\u00e7\u00e3o r\u00e1pida. Dica: n\u00e3o deixe de marcar esta p\u00e1gina, imprimi-la ou ficar atento ao seu e-mail de boas-vindas. (Se voc\u00ea n\u00e3o o vir imediatamente, verifique sua pasta de lixo eletr\u00f4nico ou de spam.) Primeiros passos com o PrettyLinks Isso \u00e9...<\/p>","protected":false},"author":1,"featured_media":0,"parent":0,"menu_order":18,"comment_status":"closed","ping_status":"closed","template":"single_framed","meta":{"om_disable_all_campaigns":false,"_strive_editorial_status":"not-started","_strive_copy_of":0,"_monsterinsights_skip_tracking":false,"_monsterinsights_sitenote_active":false,"_monsterinsights_sitenote_note":"","_monsterinsights_sitenote_category":0,"footnotes":"","maurice_hero_tagline":"","maurice_hero_title":"","maurice_hero_subtitle":"","maurice_hero_cta_link":"","maurice_hero_cta_text":""},"class_list":["post-263","page","type-page","status-publish","hentry"],"aioseo_notices":[],"aioseo_head":"\n\t\t<!-- All in One SEO Pro 4.9.5.2 - aioseo.com -->\n\t<meta name=\"description\" content=\"Check out our Getting Started Guide for quick instructions on how to get rolling with Pretty Links.\" \/>\n\t<meta name=\"robots\" content=\"max-snippet:-1, max-image-preview:large, max-video-preview:-1\" \/>\n\t<link rel=\"canonical\" href=\"https:\/\/prettylinks.com\/pt\/getting-started\/\" \/>\n\t<meta name=\"generator\" content=\"All in One SEO Pro (AIOSEO) 4.9.5.2\" \/>\n\t\t<meta property=\"og:locale\" content=\"pt_BR\" \/>\n\t\t<meta property=\"og:site_name\" content=\"PrettyLinks\" \/>\n\t\t<meta property=\"og:type\" content=\"article\" \/>\n\t\t<meta property=\"og:title\" content=\"Getting Started Guide\" \/>\n\t\t<meta property=\"og:description\" content=\"Check out our Getting Started Guide for quick instructions on how to get rolling with Pretty Links.\" \/>\n\t\t<meta property=\"og:url\" content=\"https:\/\/prettylinks.com\/pt\/getting-started\/\" \/>\n\t\t<meta property=\"article:published_time\" content=\"2009-08-10T19:12:24+00:00\" \/>\n\t\t<meta property=\"article:modified_time\" content=\"2025-10-15T16:07:12+00:00\" \/>\n\t\t<meta name=\"twitter:card\" content=\"summary_large_image\" \/>\n\t\t<meta name=\"twitter:title\" content=\"Getting Started Guide\" \/>\n\t\t<meta name=\"twitter:description\" content=\"Check out our Getting Started Guide for quick instructions on how to get rolling with Pretty Links.\" \/>\n\t\t<script type=\"application\/ld+json\" class=\"aioseo-schema\">\n\t\t\t{\"@context\":\"https:\\\/\\\/schema.org\",\"@graph\":[{\"@type\":\"BreadcrumbList\",\"@id\":\"https:\\\/\\\/prettylinks.com\\\/pt\\\/getting-started\\\/#breadcrumblist\",\"itemListElement\":[{\"@type\":\"ListItem\",\"@id\":\"https:\\\/\\\/prettylinks.com\\\/pt#listItem\",\"position\":1,\"name\":\"Home\",\"item\":\"https:\\\/\\\/prettylinks.com\\\/pt\",\"nextItem\":{\"@type\":\"ListItem\",\"@id\":\"https:\\\/\\\/prettylinks.com\\\/pt\\\/getting-started\\\/#listItem\",\"name\":\"Getting Started Guide\"}},{\"@type\":\"ListItem\",\"@id\":\"https:\\\/\\\/prettylinks.com\\\/pt\\\/getting-started\\\/#listItem\",\"position\":2,\"name\":\"Getting Started Guide\",\"previousItem\":{\"@type\":\"ListItem\",\"@id\":\"https:\\\/\\\/prettylinks.com\\\/pt#listItem\",\"name\":\"Home\"}}]},{\"@type\":\"Organization\",\"@id\":\"https:\\\/\\\/prettylinks.com\\\/pt\\\/#organization\",\"name\":\"PrettyLinks\",\"description\":\"Top Affiliate Link & URL Shortener for WordPress\",\"url\":\"https:\\\/\\\/prettylinks.com\\\/pt\\\/\"},{\"@type\":\"WebPage\",\"@id\":\"https:\\\/\\\/prettylinks.com\\\/pt\\\/getting-started\\\/#webpage\",\"url\":\"https:\\\/\\\/prettylinks.com\\\/pt\\\/getting-started\\\/\",\"name\":\"Getting Started Guide\",\"description\":\"Check out our Getting Started Guide for quick instructions on how to get rolling with Pretty Links.\",\"inLanguage\":\"pt-BR\",\"isPartOf\":{\"@id\":\"https:\\\/\\\/prettylinks.com\\\/pt\\\/#website\"},\"breadcrumb\":{\"@id\":\"https:\\\/\\\/prettylinks.com\\\/pt\\\/getting-started\\\/#breadcrumblist\"},\"datePublished\":\"2009-08-10T15:12:24-06:00\",\"dateModified\":\"2025-10-15T10:07:12-06:00\"},{\"@type\":\"WebSite\",\"@id\":\"https:\\\/\\\/prettylinks.com\\\/pt\\\/#website\",\"url\":\"https:\\\/\\\/prettylinks.com\\\/pt\\\/\",\"name\":\"PrettyLinks\",\"description\":\"Top Affiliate Link & URL Shortener for WordPress\",\"inLanguage\":\"pt-BR\",\"publisher\":{\"@id\":\"https:\\\/\\\/prettylinks.com\\\/pt\\\/#organization\"}}]}\n\t\t<\/script>\n\t\t<!-- All in One SEO Pro -->\r\n\t\t<title>Getting Started Guide<\/title>\n\n","aioseo_head_json":{"title":"Guia de introdu\u00e7\u00e3o","description":"Confira nosso Guia de Introdu\u00e7\u00e3o para obter instru\u00e7\u00f5es r\u00e1pidas sobre como come\u00e7ar a usar o Pretty Links.","canonical_url":"https:\/\/prettylinks.com\/pt\/getting-started\/","robots":"max-snippet:-1, max-image-preview:large, max-video-preview:-1","keywords":"","webmasterTools":{"miscellaneous":""},"schema":{"@context":"https:\/\/schema.org","@graph":[{"@type":"BreadcrumbList","@id":"https:\/\/prettylinks.com\/pt\/getting-started\/#breadcrumblist","itemListElement":[{"@type":"ListItem","@id":"https:\/\/prettylinks.com\/pt#listItem","position":1,"name":"Home","item":"https:\/\/prettylinks.com\/pt","nextItem":{"@type":"ListItem","@id":"https:\/\/prettylinks.com\/pt\/getting-started\/#listItem","name":"Getting Started Guide"}},{"@type":"ListItem","@id":"https:\/\/prettylinks.com\/pt\/getting-started\/#listItem","position":2,"name":"Getting Started Guide","previousItem":{"@type":"ListItem","@id":"https:\/\/prettylinks.com\/pt#listItem","name":"Home"}}]},{"@type":"Organization","@id":"https:\/\/prettylinks.com\/pt\/#organization","name":"PrettyLinks","description":"Top Affiliate Link & URL Shortener for WordPress","url":"https:\/\/prettylinks.com\/pt\/"},{"@type":"WebPage","@id":"https:\/\/prettylinks.com\/pt\/getting-started\/#webpage","url":"https:\/\/prettylinks.com\/pt\/getting-started\/","name":"Getting Started Guide","description":"Check out our Getting Started Guide for quick instructions on how to get rolling with Pretty Links.","inLanguage":"pt-BR","isPartOf":{"@id":"https:\/\/prettylinks.com\/pt\/#website"},"breadcrumb":{"@id":"https:\/\/prettylinks.com\/pt\/getting-started\/#breadcrumblist"},"datePublished":"2009-08-10T15:12:24-06:00","dateModified":"2025-10-15T10:07:12-06:00"},{"@type":"WebSite","@id":"https:\/\/prettylinks.com\/pt\/#website","url":"https:\/\/prettylinks.com\/pt\/","name":"PrettyLinks","description":"Top Affiliate Link & URL Shortener for WordPress","inLanguage":"pt-BR","publisher":{"@id":"https:\/\/prettylinks.com\/pt\/#organization"}}]},"og:locale":"pt_BR","og:site_name":"PrettyLinks","og:type":"article","og:title":"Getting Started Guide","og:description":"Check out our Getting Started Guide for quick instructions on how to get rolling with Pretty Links.","og:url":"https:\/\/prettylinks.com\/pt\/getting-started\/","article:published_time":"2009-08-10T19:12:24+00:00","article:modified_time":"2025-10-15T16:07:12+00:00","twitter:card":"summary_large_image","twitter:title":"Getting Started Guide","twitter:description":"Check out our Getting Started Guide for quick instructions on how to get rolling with Pretty Links."},"aioseo_meta_data":{"post_id":"263","title":null,"description":"Confira nosso Guia de Introdu\u00e7\u00e3o para obter instru\u00e7\u00f5es r\u00e1pidas sobre como come\u00e7ar a usar o Pretty Links.","keywords":[{"label":"pretty links getting started guide","value":"pretty links getting started guide"}],"keyphrases":{"focus":{"keyphrase":"","score":0,"analysis":{"keyphraseInTitle":{"score":0,"maxScore":9,"error":1}}},"additional":[]},"primary_term":null,"canonical_url":null,"og_title":null,"og_description":null,"og_object_type":"default","og_image_type":"default","og_image_url":null,"og_image_width":null,"og_image_height":null,"og_image_custom_url":null,"og_image_custom_fields":null,"og_video":"","og_custom_url":null,"og_article_section":null,"og_article_tags":null,"twitter_use_og":false,"twitter_card":"default","twitter_image_type":"default","twitter_image_url":null,"twitter_image_custom_url":null,"twitter_image_custom_fields":null,"twitter_title":null,"twitter_description":null,"schema":{"blockGraphs":[],"customGraphs":[],"default":{"data":{"Article":[],"Course":[],"Dataset":[],"FAQPage":[],"Movie":[],"Person":[],"Product":[],"ProductReview":[],"Car":[],"Recipe":[],"Service":[],"SoftwareApplication":[],"WebPage":[]},"graphName":"WebPage","isEnabled":true},"graphs":[]},"schema_type":"default","schema_type_options":"{\"article\":{\"articleType\":\"BlogPosting\"},\"course\":{\"name\":\"\",\"description\":\"\",\"provider\":\"\"},\"faq\":{\"pages\":[]},\"product\":{\"reviews\":[]},\"recipe\":{\"ingredients\":[],\"instructions\":[],\"keywords\":[]},\"software\":{\"reviews\":[],\"operatingSystems\":[]},\"webPage\":{\"webPageType\":\"WebPage\"}}","pillar_content":false,"robots_default":true,"robots_noindex":false,"robots_noarchive":false,"robots_nosnippet":false,"robots_nofollow":false,"robots_noimageindex":false,"robots_noodp":false,"robots_notranslate":false,"robots_max_snippet":"-1","robots_max_videopreview":"-1","robots_max_imagepreview":"large","priority":null,"frequency":"default","local_seo":null,"seo_analyzer_scan_date":"2025-10-15 16:08:56","breadcrumb_settings":null,"limit_modified_date":false,"open_ai":"{\"title\":{\"suggestions\":[],\"usage\":0},\"description\":{\"suggestions\":[],\"usage\":0}}","ai":{"faqs":[],"keyPoints":[],"titles":[],"descriptions":[],"socialPosts":{"email":[],"linkedin":[],"twitter":[],"facebook":[],"instagram":[]}},"created":"2020-12-21 17:50:19","updated":"2026-01-28 10:21:19"},"_links":{"self":[{"href":"https:\/\/prettylinks.com\/pt\/wp-json\/wp\/v2\/pages\/263","targetHints":{"allow":["GET"]}}],"collection":[{"href":"https:\/\/prettylinks.com\/pt\/wp-json\/wp\/v2\/pages"}],"about":[{"href":"https:\/\/prettylinks.com\/pt\/wp-json\/wp\/v2\/types\/page"}],"author":[{"embeddable":true,"href":"https:\/\/prettylinks.com\/pt\/wp-json\/wp\/v2\/users\/1"}],"replies":[{"embeddable":true,"href":"https:\/\/prettylinks.com\/pt\/wp-json\/wp\/v2\/comments?post=263"}],"version-history":[{"count":2,"href":"https:\/\/prettylinks.com\/pt\/wp-json\/wp\/v2\/pages\/263\/revisions"}],"predecessor-version":[{"id":16942,"href":"https:\/\/prettylinks.com\/pt\/wp-json\/wp\/v2\/pages\/263\/revisions\/16942"}],"wp:attachment":[{"href":"https:\/\/prettylinks.com\/pt\/wp-json\/wp\/v2\/media?parent=263"}],"curies":[{"name":"wp","href":"https:\/\/api.w.org\/{rel}","templated":true}]}}