{"id":240,"date":"2009-07-28T15:41:48","date_gmt":"2009-07-28T19:41:48","guid":{"rendered":"https:\/\/prettylinks.com\/?page_id=240"},"modified":"2025-10-16T02:48:02","modified_gmt":"2025-10-16T08:48:02","slug":"affiliate-program","status":"publish","type":"page","link":"https:\/\/prettylinks.com\/pt\/affiliate-program\/","title":{"rendered":"O Programa de Afiliados do PrettyLinks"},"content":{"rendered":"<h3 class=\"wp-block-heading\">\n\t\tPromova o melhor encurtador de URL e bloqueador de links do mundo\n\t<\/h3>\n\n\n\n<p>Com a confian\u00e7a de mais de <strong>8 milh\u00f5es de profissionais de marketing, influenciadores e criadores em todo o mundo<\/strong>, PrettyLinks \u00e9 o <strong>#1 ferramenta de marketing de afiliados <\/strong>para encurtar, camuflar e rastrear links que geram mais cliques e mais receita.<\/p>\n\n\n\n<p>Com nosso programa de afiliados, voc\u00ea pode promover a mesma ferramenta que impulsiona o sucesso deles. Isso significa que cada link que voc\u00ea compartilha tem o potencial de gerar dinheiro para voc\u00ea, assim como cada indica\u00e7\u00e3o que voc\u00ea faz para n\u00f3s. <\/p>\n\n\n\n<h4 class=\"wp-block-heading\">Quanto posso ganhar de comiss\u00e3o com o PrettyLinks?<\/h4>\n\n\n\n<p>Ganhar <strong>25% comiss\u00e3o<\/strong> na primeira venda de cada cliente que voc\u00ea indicar.<\/p>\n\n\n\n<h4 class=\"wp-block-heading has-text-align-left\"><br>Por que participar do programa de afiliados do PrettyLinks?<\/h4>\n\n\n\n<ul class=\"wp-block-list\">\n<li><strong>Comiss\u00f5es generosas<\/strong> que recompensam cada indica\u00e7\u00e3o.<\/li>\n\n\n\n<li><strong>Janela de cookie de 60 dias<\/strong> para maximizar seu potencial de ganhos.<\/li>\n\n\n\n<li><strong>Ativos criativos na ponta de seus dedos<\/strong>Banners, e-mails e links de texto otimizados para convers\u00f5es.<\/li>\n\n\n\n<li><strong>Pagamentos mensais r\u00e1pidos e confi\u00e1veis<\/strong>-entregue via PayPal no dia 1\u00ba de cada m\u00eas.<\/li>\n\n\n\n<li><strong>Gratuito para participar<\/strong> sem custos ocultos.<\/li>\n\n\n\n<li><strong>Rastreamento de comiss\u00f5es incorporado<\/strong> alimentado pelo <a href=\"http:\/\/easyaffiliate.com\/\">Easy Affiliate<\/a> Plug-in do WordPress.<\/li>\n\n\n\n<li><strong>Um produto que se vende sozinho<\/strong>-O software de marketing de afiliados mais f\u00e1cil de usar do mercado.<\/li>\n<\/ul>\n\n\n\n<p>Com milh\u00f5es de profissionais de marketing que j\u00e1 usam o PrettyLinks para gerenciar e monetizar seus links de afiliados, voc\u00ea estar\u00e1 promovendo uma ferramenta comprovada, confi\u00e1vel e sempre em demanda.<\/p>\n\n\n\n<p>Clique abaixo para se inscrever e come\u00e7ar a ganhar dinheiro com o PrettyLinks hoje mesmo!<\/p>\n\n\n\n<div class=\"wp-block-buttons is-layout-flex wp-block-buttons-is-layout-flex\">\n<div class=\"wp-block-button\"><a class=\"wp-block-button__link wp-element-button\" href=\"https:\/\/prettylinks.com\/pt\/affiliate-signup\/\"><strong>Torne-se um afiliado do PrettyLinks <\/strong><\/a><\/div>\n<\/div>\n\n\n\n<p><em>J\u00e1 \u00e9 um afiliado do PrettyLinks?<\/em> <a href=\"https:\/\/prettylinks.com\/pt\/affiliate-login\/\">Fa\u00e7a login aqui<\/a><\/p>\n\n\n\n<p><\/p>","protected":false},"excerpt":{"rendered":"<p>Promova o melhor encurtador de URLs e camuflador de links do mundo Com a confian\u00e7a de mais de 8 milh\u00f5es de profissionais de marketing, influenciadores e criadores em todo o mundo, o PrettyLinks \u00e9 a ferramenta de marketing de afiliados #1 para encurtar, camuflar e rastrear links que geram mais cliques e mais receita. Com nosso programa de afiliados, voc\u00ea pode promover a mesma ferramenta que impulsiona o sucesso deles. Isso significa que...<\/p>","protected":false},"author":1,"featured_media":0,"parent":0,"menu_order":58,"comment_status":"closed","ping_status":"open","template":"single_framed","meta":{"om_disable_all_campaigns":false,"_strive_editorial_status":"not-started","_strive_copy_of":0,"_monsterinsights_skip_tracking":false,"_monsterinsights_sitenote_active":false,"_monsterinsights_sitenote_note":"","_monsterinsights_sitenote_category":0,"footnotes":"","maurice_hero_tagline":"","maurice_hero_title":"","maurice_hero_subtitle":"","maurice_hero_cta_link":"","maurice_hero_cta_text":""},"class_list":["post-240","page","type-page","status-publish","hentry"],"aioseo_notices":[],"aioseo_head":"\n\t\t<!-- All in One SEO Pro 4.9.5.2 - aioseo.com -->\n\t<meta name=\"description\" content=\"When you join the Pretty Links affiliate program, you become part of a team promoting the best and simplest URL shortener and link cloaker on the market!\" \/>\n\t<meta name=\"robots\" content=\"max-snippet:-1, max-image-preview:large, max-video-preview:-1\" \/>\n\t<link rel=\"canonical\" href=\"https:\/\/prettylinks.com\/pt\/affiliate-program\/\" \/>\n\t<meta name=\"generator\" content=\"All in One SEO Pro (AIOSEO) 4.9.5.2\" \/>\n\t\t<meta property=\"og:locale\" content=\"pt_BR\" \/>\n\t\t<meta property=\"og:site_name\" content=\"PrettyLinks\" \/>\n\t\t<meta property=\"og:type\" content=\"article\" \/>\n\t\t<meta property=\"og:title\" content=\"The PrettyLinks Affiliate Program\" \/>\n\t\t<meta property=\"og:description\" content=\"When you join the Pretty Links affiliate program, you become part of a team promoting the best and simplest URL shortener and link cloaker on the market!\" \/>\n\t\t<meta property=\"og:url\" content=\"https:\/\/prettylinks.com\/pt\/affiliate-program\/\" \/>\n\t\t<meta property=\"article:published_time\" content=\"2009-07-28T19:41:48+00:00\" \/>\n\t\t<meta property=\"article:modified_time\" content=\"2025-10-16T08:48:02+00:00\" \/>\n\t\t<meta name=\"twitter:card\" content=\"summary_large_image\" \/>\n\t\t<meta name=\"twitter:title\" content=\"The PrettyLinks Affiliate Program\" \/>\n\t\t<meta name=\"twitter:description\" content=\"When you join the Pretty Links affiliate program, you become part of a team promoting the best and simplest URL shortener and link cloaker on the market!\" \/>\n\t\t<script type=\"application\/ld+json\" class=\"aioseo-schema\">\n\t\t\t{\"@context\":\"https:\\\/\\\/schema.org\",\"@graph\":[{\"@type\":\"BreadcrumbList\",\"@id\":\"https:\\\/\\\/prettylinks.com\\\/pt\\\/affiliate-program\\\/#breadcrumblist\",\"itemListElement\":[{\"@type\":\"ListItem\",\"@id\":\"https:\\\/\\\/prettylinks.com\\\/pt#listItem\",\"position\":1,\"name\":\"Home\",\"item\":\"https:\\\/\\\/prettylinks.com\\\/pt\",\"nextItem\":{\"@type\":\"ListItem\",\"@id\":\"https:\\\/\\\/prettylinks.com\\\/pt\\\/affiliate-program\\\/#listItem\",\"name\":\"The PrettyLinks Affiliate Program\"}},{\"@type\":\"ListItem\",\"@id\":\"https:\\\/\\\/prettylinks.com\\\/pt\\\/affiliate-program\\\/#listItem\",\"position\":2,\"name\":\"The PrettyLinks Affiliate Program\",\"previousItem\":{\"@type\":\"ListItem\",\"@id\":\"https:\\\/\\\/prettylinks.com\\\/pt#listItem\",\"name\":\"Home\"}}]},{\"@type\":\"Organization\",\"@id\":\"https:\\\/\\\/prettylinks.com\\\/pt\\\/#organization\",\"name\":\"PrettyLinks\",\"description\":\"Top Affiliate Link & URL Shortener for WordPress\",\"url\":\"https:\\\/\\\/prettylinks.com\\\/pt\\\/\"},{\"@type\":\"WebPage\",\"@id\":\"https:\\\/\\\/prettylinks.com\\\/pt\\\/affiliate-program\\\/#webpage\",\"url\":\"https:\\\/\\\/prettylinks.com\\\/pt\\\/affiliate-program\\\/\",\"name\":\"The PrettyLinks Affiliate Program\",\"description\":\"When you join the Pretty Links affiliate program, you become part of a team promoting the best and simplest URL shortener and link cloaker on the market!\",\"inLanguage\":\"pt-BR\",\"isPartOf\":{\"@id\":\"https:\\\/\\\/prettylinks.com\\\/pt\\\/#website\"},\"breadcrumb\":{\"@id\":\"https:\\\/\\\/prettylinks.com\\\/pt\\\/affiliate-program\\\/#breadcrumblist\"},\"datePublished\":\"2009-07-28T15:41:48-06:00\",\"dateModified\":\"2025-10-16T02:48:02-06:00\"},{\"@type\":\"WebSite\",\"@id\":\"https:\\\/\\\/prettylinks.com\\\/pt\\\/#website\",\"url\":\"https:\\\/\\\/prettylinks.com\\\/pt\\\/\",\"name\":\"PrettyLinks\",\"description\":\"Top Affiliate Link & URL Shortener for WordPress\",\"inLanguage\":\"pt-BR\",\"publisher\":{\"@id\":\"https:\\\/\\\/prettylinks.com\\\/pt\\\/#organization\"}}]}\n\t\t<\/script>\n\t\t<!-- All in One SEO Pro -->\r\n\t\t<title>The PrettyLinks Affiliate Program<\/title>\n\n","aioseo_head_json":{"title":"O Programa de Afiliados do PrettyLinks","description":"Ao ingressar no programa de afiliados do Pretty Links, voc\u00ea se torna parte de uma equipe que promove o melhor e mais simples encurtador de URLs e camuflador de links do mercado!","canonical_url":"https:\/\/prettylinks.com\/pt\/affiliate-program\/","robots":"max-snippet:-1, max-image-preview:large, max-video-preview:-1","keywords":"","webmasterTools":{"miscellaneous":""},"schema":{"@context":"https:\/\/schema.org","@graph":[{"@type":"BreadcrumbList","@id":"https:\/\/prettylinks.com\/pt\/affiliate-program\/#breadcrumblist","itemListElement":[{"@type":"ListItem","@id":"https:\/\/prettylinks.com\/pt#listItem","position":1,"name":"Home","item":"https:\/\/prettylinks.com\/pt","nextItem":{"@type":"ListItem","@id":"https:\/\/prettylinks.com\/pt\/affiliate-program\/#listItem","name":"The PrettyLinks Affiliate Program"}},{"@type":"ListItem","@id":"https:\/\/prettylinks.com\/pt\/affiliate-program\/#listItem","position":2,"name":"The PrettyLinks Affiliate Program","previousItem":{"@type":"ListItem","@id":"https:\/\/prettylinks.com\/pt#listItem","name":"Home"}}]},{"@type":"Organization","@id":"https:\/\/prettylinks.com\/pt\/#organization","name":"PrettyLinks","description":"Top Affiliate Link & URL Shortener for WordPress","url":"https:\/\/prettylinks.com\/pt\/"},{"@type":"WebPage","@id":"https:\/\/prettylinks.com\/pt\/affiliate-program\/#webpage","url":"https:\/\/prettylinks.com\/pt\/affiliate-program\/","name":"The PrettyLinks Affiliate Program","description":"When you join the Pretty Links affiliate program, you become part of a team promoting the best and simplest URL shortener and link cloaker on the market!","inLanguage":"pt-BR","isPartOf":{"@id":"https:\/\/prettylinks.com\/pt\/#website"},"breadcrumb":{"@id":"https:\/\/prettylinks.com\/pt\/affiliate-program\/#breadcrumblist"},"datePublished":"2009-07-28T15:41:48-06:00","dateModified":"2025-10-16T02:48:02-06:00"},{"@type":"WebSite","@id":"https:\/\/prettylinks.com\/pt\/#website","url":"https:\/\/prettylinks.com\/pt\/","name":"PrettyLinks","description":"Top Affiliate Link & URL Shortener for WordPress","inLanguage":"pt-BR","publisher":{"@id":"https:\/\/prettylinks.com\/pt\/#organization"}}]},"og:locale":"pt_BR","og:site_name":"PrettyLinks","og:type":"article","og:title":"The PrettyLinks Affiliate Program","og:description":"When you join the Pretty Links affiliate program, you become part of a team promoting the best and simplest URL shortener and link cloaker on the market!","og:url":"https:\/\/prettylinks.com\/pt\/affiliate-program\/","article:published_time":"2009-07-28T19:41:48+00:00","article:modified_time":"2025-10-16T08:48:02+00:00","twitter:card":"summary_large_image","twitter:title":"The PrettyLinks Affiliate Program","twitter:description":"When you join the Pretty Links affiliate program, you become part of a team promoting the best and simplest URL shortener and link cloaker on the market!"},"aioseo_meta_data":{"post_id":"240","title":null,"description":"Ao ingressar no programa de afiliados do Pretty Links, voc\u00ea se torna parte de uma equipe que promove o melhor e mais simples encurtador de URLs e camuflador de links do mercado!&nbsp;","keywords":[{"label":"pretty links affiliate program","value":"pretty links affiliate program"}],"keyphrases":{"focus":{"keyphrase":"","score":0,"analysis":{"keyphraseInTitle":{"score":0,"maxScore":9,"error":1}}},"additional":[]},"primary_term":null,"canonical_url":null,"og_title":null,"og_description":null,"og_object_type":"default","og_image_type":"default","og_image_url":null,"og_image_width":null,"og_image_height":null,"og_image_custom_url":null,"og_image_custom_fields":null,"og_video":"","og_custom_url":null,"og_article_section":null,"og_article_tags":null,"twitter_use_og":false,"twitter_card":"default","twitter_image_type":"default","twitter_image_url":null,"twitter_image_custom_url":null,"twitter_image_custom_fields":null,"twitter_title":null,"twitter_description":null,"schema":{"blockGraphs":[],"customGraphs":[],"default":{"data":{"Article":[],"Course":[],"Dataset":[],"FAQPage":[],"Movie":[],"Person":[],"Product":[],"ProductReview":[],"Car":[],"Recipe":[],"Service":[],"SoftwareApplication":[],"WebPage":[]},"graphName":"WebPage","isEnabled":true},"graphs":[]},"schema_type":"default","schema_type_options":"{\"article\":{\"articleType\":\"BlogPosting\"},\"course\":{\"name\":\"\",\"description\":\"\",\"provider\":\"\"},\"faq\":{\"pages\":[]},\"product\":{\"reviews\":[]},\"recipe\":{\"ingredients\":[],\"instructions\":[],\"keywords\":[]},\"software\":{\"reviews\":[],\"operatingSystems\":[]},\"webPage\":{\"webPageType\":\"WebPage\"}}","pillar_content":false,"robots_default":true,"robots_noindex":false,"robots_noarchive":false,"robots_nosnippet":false,"robots_nofollow":false,"robots_noimageindex":false,"robots_noodp":false,"robots_notranslate":false,"robots_max_snippet":"-1","robots_max_videopreview":"-1","robots_max_imagepreview":"large","priority":null,"frequency":"default","local_seo":null,"seo_analyzer_scan_date":"2025-10-16 08:55:39","breadcrumb_settings":null,"limit_modified_date":false,"open_ai":null,"ai":{"faqs":[],"keyPoints":[],"titles":[],"descriptions":[],"socialPosts":{"email":[],"linkedin":[],"twitter":[],"facebook":[],"instagram":[]}},"created":"2020-12-21 17:50:19","updated":"2026-01-28 10:21:19"},"_links":{"self":[{"href":"https:\/\/prettylinks.com\/pt\/wp-json\/wp\/v2\/pages\/240","targetHints":{"allow":["GET"]}}],"collection":[{"href":"https:\/\/prettylinks.com\/pt\/wp-json\/wp\/v2\/pages"}],"about":[{"href":"https:\/\/prettylinks.com\/pt\/wp-json\/wp\/v2\/types\/page"}],"author":[{"embeddable":true,"href":"https:\/\/prettylinks.com\/pt\/wp-json\/wp\/v2\/users\/1"}],"replies":[{"embeddable":true,"href":"https:\/\/prettylinks.com\/pt\/wp-json\/wp\/v2\/comments?post=240"}],"version-history":[{"count":2,"href":"https:\/\/prettylinks.com\/pt\/wp-json\/wp\/v2\/pages\/240\/revisions"}],"predecessor-version":[{"id":16985,"href":"https:\/\/prettylinks.com\/pt\/wp-json\/wp\/v2\/pages\/240\/revisions\/16985"}],"wp:attachment":[{"href":"https:\/\/prettylinks.com\/pt\/wp-json\/wp\/v2\/media?parent=240"}],"curies":[{"name":"wp","href":"https:\/\/api.w.org\/{rel}","templated":true}]}}