{"id":1921,"date":"2017-04-24T20:22:28","date_gmt":"2017-04-24T20:22:28","guid":{"rendered":"https:\/\/prettylinks.com\/?page_id=1921"},"modified":"2023-06-21T18:41:13","modified_gmt":"2023-06-21T18:41:13","slug":"about","status":"publish","type":"page","link":"https:\/\/prettylinks.com\/pt\/about\/","title":{"rendered":"O PrettyLinks facilita o gerenciamento de seus links"},"content":{"rendered":"<a href=\"https:\/\/prettylinks.com\/pt\/pricing\/plans\/\" target=\"_self\" rel=\"noopener\">\n\t\t\t\t\t\t\tObter PrettyLinks\n\t\t\t\t\t<\/a>","protected":false},"excerpt":{"rendered":"","protected":false},"author":12981,"featured_media":0,"parent":0,"menu_order":0,"comment_status":"closed","ping_status":"closed","template":"","meta":{"om_disable_all_campaigns":false,"_strive_editorial_status":"not-started","_strive_copy_of":0,"_monsterinsights_skip_tracking":false,"_monsterinsights_sitenote_active":false,"_monsterinsights_sitenote_note":"","_monsterinsights_sitenote_category":0,"footnotes":"","maurice_hero_tagline":"","maurice_hero_title":"","maurice_hero_subtitle":"","maurice_hero_cta_link":"","maurice_hero_cta_text":""},"class_list":["post-1921","page","type-page","status-publish","hentry"],"aioseo_notices":[],"aioseo_head":"\n\t\t<!-- All in One SEO Pro 4.9.5.2 - aioseo.com -->\n\t<meta name=\"description\" content=\"Learn about Pretty Links, a link shortener and management tool that helps you put your marketing on auto pilot.\" \/>\n\t<meta name=\"robots\" content=\"max-snippet:-1, max-image-preview:large, max-video-preview:-1\" \/>\n\t<link rel=\"canonical\" href=\"https:\/\/prettylinks.com\/pt\/about\/\" \/>\n\t<meta name=\"generator\" content=\"All in One SEO Pro (AIOSEO) 4.9.5.2\" \/>\n\t\t<meta property=\"og:locale\" content=\"pt_BR\" \/>\n\t\t<meta property=\"og:site_name\" content=\"PrettyLinks\" \/>\n\t\t<meta property=\"og:type\" content=\"article\" \/>\n\t\t<meta property=\"og:title\" content=\"PrettyLinks makes it easier to manage your links\" \/>\n\t\t<meta property=\"og:description\" content=\"Learn about Pretty Links, a link shortener and management tool and QR code generator for WordPress that helps you put your marketing on auto pilot.\" \/>\n\t\t<meta property=\"og:url\" content=\"https:\/\/prettylinks.com\/pt\/about\/\" \/>\n\t\t<meta property=\"article:published_time\" content=\"2017-04-24T20:22:28+00:00\" \/>\n\t\t<meta property=\"article:modified_time\" content=\"2023-06-21T18:41:13+00:00\" \/>\n\t\t<meta name=\"twitter:card\" content=\"summary_large_image\" \/>\n\t\t<meta name=\"twitter:title\" content=\"PrettyLinks makes it easier to manage your links\" \/>\n\t\t<meta name=\"twitter:description\" content=\"Learn about Pretty Links, a link shortener and management tool and QR code generator for WordPress that helps you put your marketing on auto pilot.\" \/>\n\t\t<script type=\"application\/ld+json\" class=\"aioseo-schema\">\n\t\t\t{\"@context\":\"https:\\\/\\\/schema.org\",\"@graph\":[{\"@type\":\"BreadcrumbList\",\"@id\":\"https:\\\/\\\/prettylinks.com\\\/pt\\\/about\\\/#breadcrumblist\",\"itemListElement\":[{\"@type\":\"ListItem\",\"@id\":\"https:\\\/\\\/prettylinks.com\\\/pt#listItem\",\"position\":1,\"name\":\"Home\",\"item\":\"https:\\\/\\\/prettylinks.com\\\/pt\",\"nextItem\":{\"@type\":\"ListItem\",\"@id\":\"https:\\\/\\\/prettylinks.com\\\/pt\\\/about\\\/#listItem\",\"name\":\"PrettyLinks makes it easier to manage your links\"}},{\"@type\":\"ListItem\",\"@id\":\"https:\\\/\\\/prettylinks.com\\\/pt\\\/about\\\/#listItem\",\"position\":2,\"name\":\"PrettyLinks makes it easier to manage your links\",\"previousItem\":{\"@type\":\"ListItem\",\"@id\":\"https:\\\/\\\/prettylinks.com\\\/pt#listItem\",\"name\":\"Home\"}}]},{\"@type\":\"Organization\",\"@id\":\"https:\\\/\\\/prettylinks.com\\\/pt\\\/#organization\",\"name\":\"PrettyLinks\",\"description\":\"Top Affiliate Link & URL Shortener for WordPress\",\"url\":\"https:\\\/\\\/prettylinks.com\\\/pt\\\/\"},{\"@type\":\"WebPage\",\"@id\":\"https:\\\/\\\/prettylinks.com\\\/pt\\\/about\\\/#webpage\",\"url\":\"https:\\\/\\\/prettylinks.com\\\/pt\\\/about\\\/\",\"name\":\"PrettyLinks makes it easier to manage your links\",\"description\":\"Learn about Pretty Links, a link shortener and management tool that helps you put your marketing on auto pilot.\",\"inLanguage\":\"pt-BR\",\"isPartOf\":{\"@id\":\"https:\\\/\\\/prettylinks.com\\\/pt\\\/#website\"},\"breadcrumb\":{\"@id\":\"https:\\\/\\\/prettylinks.com\\\/pt\\\/about\\\/#breadcrumblist\"},\"datePublished\":\"2017-04-24T20:22:28-06:00\",\"dateModified\":\"2023-06-21T18:41:13-06:00\"},{\"@type\":\"WebSite\",\"@id\":\"https:\\\/\\\/prettylinks.com\\\/pt\\\/#website\",\"url\":\"https:\\\/\\\/prettylinks.com\\\/pt\\\/\",\"name\":\"PrettyLinks\",\"description\":\"Top Affiliate Link & URL Shortener for WordPress\",\"inLanguage\":\"pt-BR\",\"publisher\":{\"@id\":\"https:\\\/\\\/prettylinks.com\\\/pt\\\/#organization\"}}]}\n\t\t<\/script>\n\t\t<!-- All in One SEO Pro -->\r\n\t\t<title>PrettyLinks makes it easier to manage your links<\/title>\n\n","aioseo_head_json":{"title":"O PrettyLinks facilita o gerenciamento de seus links","description":"Conhe\u00e7a o Pretty Links, um encurtador de links e uma ferramenta de gerenciamento que ajuda voc\u00ea a colocar seu marketing no piloto autom\u00e1tico.","canonical_url":"https:\/\/prettylinks.com\/pt\/about\/","robots":"max-snippet:-1, max-image-preview:large, max-video-preview:-1","keywords":"","webmasterTools":{"miscellaneous":""},"schema":{"@context":"https:\/\/schema.org","@graph":[{"@type":"BreadcrumbList","@id":"https:\/\/prettylinks.com\/pt\/about\/#breadcrumblist","itemListElement":[{"@type":"ListItem","@id":"https:\/\/prettylinks.com\/pt#listItem","position":1,"name":"Home","item":"https:\/\/prettylinks.com\/pt","nextItem":{"@type":"ListItem","@id":"https:\/\/prettylinks.com\/pt\/about\/#listItem","name":"PrettyLinks makes it easier to manage your links"}},{"@type":"ListItem","@id":"https:\/\/prettylinks.com\/pt\/about\/#listItem","position":2,"name":"PrettyLinks makes it easier to manage your links","previousItem":{"@type":"ListItem","@id":"https:\/\/prettylinks.com\/pt#listItem","name":"Home"}}]},{"@type":"Organization","@id":"https:\/\/prettylinks.com\/pt\/#organization","name":"PrettyLinks","description":"Top Affiliate Link & URL Shortener for WordPress","url":"https:\/\/prettylinks.com\/pt\/"},{"@type":"WebPage","@id":"https:\/\/prettylinks.com\/pt\/about\/#webpage","url":"https:\/\/prettylinks.com\/pt\/about\/","name":"PrettyLinks makes it easier to manage your links","description":"Learn about Pretty Links, a link shortener and management tool that helps you put your marketing on auto pilot.","inLanguage":"pt-BR","isPartOf":{"@id":"https:\/\/prettylinks.com\/pt\/#website"},"breadcrumb":{"@id":"https:\/\/prettylinks.com\/pt\/about\/#breadcrumblist"},"datePublished":"2017-04-24T20:22:28-06:00","dateModified":"2023-06-21T18:41:13-06:00"},{"@type":"WebSite","@id":"https:\/\/prettylinks.com\/pt\/#website","url":"https:\/\/prettylinks.com\/pt\/","name":"PrettyLinks","description":"Top Affiliate Link & URL Shortener for WordPress","inLanguage":"pt-BR","publisher":{"@id":"https:\/\/prettylinks.com\/pt\/#organization"}}]},"og:locale":"pt_BR","og:site_name":"PrettyLinks","og:type":"article","og:title":"PrettyLinks makes it easier to manage your links","og:description":"Learn about Pretty Links, a link shortener and management tool and QR code generator for WordPress that helps you put your marketing on auto pilot.","og:url":"https:\/\/prettylinks.com\/pt\/about\/","article:published_time":"2017-04-24T20:22:28+00:00","article:modified_time":"2023-06-21T18:41:13+00:00","twitter:card":"summary_large_image","twitter:title":"PrettyLinks makes it easier to manage your links","twitter:description":"Learn about Pretty Links, a link shortener and management tool and QR code generator for WordPress that helps you put your marketing on auto pilot."},"aioseo_meta_data":{"post_id":"1921","title":null,"description":"Conhe\u00e7a o Pretty Links, um encurtador de links e uma ferramenta de gerenciamento que ajuda voc\u00ea a colocar seu marketing no piloto autom\u00e1tico.","keywords":[{"label":"link shortener","value":"link shortener"},{"label":"link cloaker","value":"link cloaker"},{"label":"qr code generator","value":"qr code generator"},{"label":"affiliate marketing link management","value":"affiliate marketing link management"},{"label":"wordpress plugin","value":"wordpress plugin"}],"keyphrases":{"focus":{"keyphrase":"managing your links","score":46,"analysis":{"keyphraseInTitle":{"score":3,"maxScore":9,"error":1},"keyphraseInDescription":{"score":3,"maxScore":9,"error":1},"keyphraseLength":{"score":9,"maxScore":9,"error":0,"length":3},"keyphraseInURL":{"score":1,"maxScore":5,"error":1},"keyphraseInIntroduction":{"score":3,"maxScore":9,"error":1},"keyphraseInSubHeadings":[],"keyphraseInImageAlt":[]}},"additional":[]},"primary_term":null,"canonical_url":null,"og_title":"#post_title","og_description":"Learn about Pretty Links, a link shortener and management tool and QR code generator for WordPress that helps you put your marketing on auto pilot.","og_object_type":"default","og_image_type":"default","og_image_url":null,"og_image_width":null,"og_image_height":null,"og_image_custom_url":null,"og_image_custom_fields":null,"og_video":"","og_custom_url":null,"og_article_section":null,"og_article_tags":[],"twitter_use_og":false,"twitter_card":"default","twitter_image_type":"default","twitter_image_url":null,"twitter_image_custom_url":null,"twitter_image_custom_fields":null,"twitter_title":null,"twitter_description":null,"schema":{"blockGraphs":[],"customGraphs":[],"default":{"data":{"Article":[],"Course":[],"Dataset":[],"FAQPage":[],"Movie":[],"Person":[],"Product":[],"ProductReview":[],"Car":[],"Recipe":[],"Service":[],"SoftwareApplication":[],"WebPage":[]},"graphName":"","isEnabled":true},"graphs":[]},"schema_type":"default","schema_type_options":"{\"article\":{\"articleType\":\"BlogPosting\"},\"course\":{\"name\":\"\",\"description\":\"\",\"provider\":\"\"},\"faq\":{\"pages\":[]},\"product\":{\"reviews\":[]},\"recipe\":{\"ingredients\":[],\"instructions\":[],\"keywords\":[]},\"software\":{\"reviews\":[],\"operatingSystems\":[]},\"webPage\":{\"webPageType\":\"WebPage\"}}","pillar_content":false,"robots_default":true,"robots_noindex":false,"robots_noarchive":false,"robots_nosnippet":false,"robots_nofollow":false,"robots_noimageindex":false,"robots_noodp":false,"robots_notranslate":false,"robots_max_snippet":"-1","robots_max_videopreview":"-1","robots_max_imagepreview":"large","priority":0,"frequency":"default","local_seo":null,"seo_analyzer_scan_date":"2025-10-10 00:37:50","breadcrumb_settings":null,"limit_modified_date":false,"open_ai":"{\"title\":{\"suggestions\":[],\"usage\":0},\"description\":{\"suggestions\":[],\"usage\":0}}","ai":null,"created":"2020-12-21 17:50:21","updated":"2025-11-06 08:31:01"},"_links":{"self":[{"href":"https:\/\/prettylinks.com\/pt\/wp-json\/wp\/v2\/pages\/1921","targetHints":{"allow":["GET"]}}],"collection":[{"href":"https:\/\/prettylinks.com\/pt\/wp-json\/wp\/v2\/pages"}],"about":[{"href":"https:\/\/prettylinks.com\/pt\/wp-json\/wp\/v2\/types\/page"}],"author":[{"embeddable":true,"href":"https:\/\/prettylinks.com\/pt\/wp-json\/wp\/v2\/users\/12981"}],"replies":[{"embeddable":true,"href":"https:\/\/prettylinks.com\/pt\/wp-json\/wp\/v2\/comments?post=1921"}],"version-history":[{"count":0,"href":"https:\/\/prettylinks.com\/pt\/wp-json\/wp\/v2\/pages\/1921\/revisions"}],"wp:attachment":[{"href":"https:\/\/prettylinks.com\/pt\/wp-json\/wp\/v2\/media?parent=1921"}],"curies":[{"name":"wp","href":"https:\/\/api.w.org\/{rel}","templated":true}]}}