{"id":174,"date":"2009-07-27T16:31:16","date_gmt":"2009-07-27T20:31:16","guid":{"rendered":"https:\/\/prettylinks.com\/?page_id=174"},"modified":"2025-10-15T10:00:14","modified_gmt":"2025-10-15T16:00:14","slug":"importing-exporting-your-links","status":"publish","type":"page","link":"https:\/\/prettylinks.com\/pt\/importing-exporting-your-links\/","title":{"rendered":"Importa\u00e7\u00e3o e exporta\u00e7\u00e3o de seus links"},"content":{"rendered":"<h3>Exporta\u00e7\u00e3o de seus links:<\/h3>\n<ol>\n<li>V\u00e1 para \"PrettyLinks\" -&gt; \"Pro Import\/Export\" (Importa\u00e7\u00e3o\/Exporta\u00e7\u00e3o Pro)<\/li>\n<li>Clique no link \"Export\" (Exportar)<\/li>\n<li>Salve o arquivo CSV em seu computador ou abra-o no Excel (ou OpenOffice.org)<\/li>\n<\/ol>\n<h3>Importando seus links:<\/h3>\n<p>A importa\u00e7\u00e3o \u00e9 um pouco mais complicada do que a exporta\u00e7\u00e3o... isso porque, na verdade, voc\u00ea pode fazer muitas coisas, dependendo de como os arquivos est\u00e3o formatados. Aqui est\u00e3o algumas diretrizes a serem seguidas ao formatar os arquivos CSV para importa\u00e7\u00e3o - depois, veremos as etapas de importa\u00e7\u00e3o do arquivo CSV:<\/p>\n<ul>\n<li><em><strong>PrettyLinks<\/strong><\/em> sabe quais dados est\u00e3o em cada coluna de seu arquivo CSV procurando cabe\u00e7alhos espec\u00edficos para cada coluna - eles s\u00e3o autoexplicativos, mas devem ter estes nomes exatos: id, url, slug, name, description, category_id, redirect_type, track_me, use_prettybar, use_ultra_cloak, param_forwarding, param_struct, track_as_img, keywords ... se uma coluna em seu arquivo CSV n\u00e3o tiver um primeiro campo que contenha um desses r\u00f3tulos, a coluna inteira ser\u00e1 ignorada (<em><strong>PrettyLinks<\/strong><\/em> n\u00e3o ter\u00e1 nenhuma ideia do que fazer com os dados).<\/li>\n<li>A coluna \"id\" \u00e9 especial... se uma linha em seu arquivo CSV contiver um valor para a id, ent\u00e3o <em><strong>PrettyLinks<\/strong><\/em> tentar\u00e1 atualizar um registro no banco de dados com esse id - se o valor for encontrado, os dados do link ser\u00e3o atualizados. Se estiver tentando criar um link bonito a partir do seu arquivo CSV, deixe o campo id em branco. Quando <em><strong>PrettyLinks<\/strong><\/em> v\u00ea um valor em branco na coluna id (ou a coluna id n\u00e3o existe), ele simplesmente criar\u00e1 um link bonito a partir dos dados contidos nessa linha.<\/li>\n<li>Ao criar links, a \u00fanica coluna obrigat\u00f3ria \u00e9 \"url\" (a coluna \"id\" n\u00e3o existe ou o valor de \"id\" est\u00e1 em branco). Se essa for a \u00fanica coluna definida, ser\u00e3o criados links bonitos para os URLs de destino usando op\u00e7\u00f5es padr\u00e3o, nomes e slugs gerados. Ao atualizar os links, a \u00fanica coluna obrigat\u00f3ria \u00e9 a coluna \"id\".<\/li>\n<li>Se voc\u00ea n\u00e3o tiver uma coluna de slug ou se o slug estiver em branco para uma determinada linha, ent\u00e3o <em><strong>PrettyLinks<\/strong> <\/em>gerar\u00e1 automaticamente um slug para o PrettyLinks.<\/li>\n<li>Recomendo que voc\u00ea exporte seus links e apenas edite o arquivo de exporta\u00e7\u00e3o no Excel... quando terminar as edi\u00e7\u00f5es, certifique-se de salvar o arquivo como CSV. Se voc\u00ea estiver em um Mac, como eu, h\u00e1 v\u00e1rios tipos de arquivos CSV que podem ser salvos - certifique-se de selecionar \"CSV (Windows)\" - esse \u00e9 o \u00fanico que funcionar\u00e1.<\/li>\n<\/ul>\n<p>Aqui est\u00e3o as etapas para importar quando voc\u00ea tiver um arquivo CSV v\u00e1lido:<\/p>\n<ol>\n<li>V\u00e1 para \"PrettyLinks\" -&gt; \"Pro Import\/Export\" (Importa\u00e7\u00e3o\/Exporta\u00e7\u00e3o Pro)<\/li>\n<li>Clique no bot\u00e3o \"Browse\" (Procurar) ao lado de \"Choose a file to import\" (Escolha um arquivo para importar)<\/li>\n<li>Selecione o arquivo CSV que voc\u00ea acabou de salvar<\/li>\n<li>Clique no bot\u00e3o \"Import\" (Importar)<\/li>\n<\/ol>\n<p>Se tiver algum problema para fazer isso funcionar, entre em contato comigo por meio do <a href=\"https:\/\/prettylinks.com\/pt\/contact\/\">Formul\u00e1rio de suporte ao cliente<\/a>.<\/p>","protected":false},"excerpt":{"rendered":"<p>Exporta\u00e7\u00e3o de seus links: V\u00e1 para \"PrettyLinks\" -&gt; \"Pro Import\/Export\" Clique no link \"Export\" Salve o arquivo CSV em seu computador ou abra-o no Excel (ou OpenOffice.org) Importando seus links: A importa\u00e7\u00e3o \u00e9 um pouco mais complicada do que a exporta\u00e7\u00e3o... isso ocorre porque voc\u00ea pode fazer muitas coisas, dependendo de como seus arquivos est\u00e3o...<\/p>","protected":false},"author":1,"featured_media":0,"parent":0,"menu_order":0,"comment_status":"closed","ping_status":"open","template":"single_framed","meta":{"om_disable_all_campaigns":false,"_strive_editorial_status":"not-started","_strive_copy_of":0,"_monsterinsights_skip_tracking":false,"_monsterinsights_sitenote_active":false,"_monsterinsights_sitenote_note":"","_monsterinsights_sitenote_category":0,"footnotes":"","maurice_hero_tagline":"","maurice_hero_title":"","maurice_hero_subtitle":"","maurice_hero_cta_link":"","maurice_hero_cta_text":""},"class_list":["post-174","page","type-page","status-publish","hentry"],"aioseo_notices":[],"aioseo_head":"\n\t\t<!-- All in One SEO Pro 4.9.5.2 - aioseo.com -->\n\t<meta name=\"description\" content=\"Instructions on how to import and export your links into Pretty Links.\" \/>\n\t<meta name=\"robots\" content=\"max-snippet:-1, max-image-preview:large, max-video-preview:-1\" \/>\n\t<link rel=\"canonical\" href=\"https:\/\/prettylinks.com\/pt\/importing-exporting-your-links\/\" \/>\n\t<meta name=\"generator\" content=\"All in One SEO Pro (AIOSEO) 4.9.5.2\" \/>\n\t\t<meta property=\"og:locale\" content=\"pt_BR\" \/>\n\t\t<meta property=\"og:site_name\" content=\"PrettyLinks\" \/>\n\t\t<meta property=\"og:type\" content=\"article\" \/>\n\t\t<meta property=\"og:title\" content=\"Importing &amp; Exporting your Links\" \/>\n\t\t<meta property=\"og:description\" content=\"Instructions on how to import and export your links into Pretty Links.\" \/>\n\t\t<meta property=\"og:url\" content=\"https:\/\/prettylinks.com\/pt\/importing-exporting-your-links\/\" \/>\n\t\t<meta property=\"article:published_time\" content=\"2009-07-27T20:31:16+00:00\" \/>\n\t\t<meta property=\"article:modified_time\" content=\"2025-10-15T16:00:14+00:00\" \/>\n\t\t<meta name=\"twitter:card\" content=\"summary_large_image\" \/>\n\t\t<meta name=\"twitter:title\" content=\"Importing &amp; Exporting your Links\" \/>\n\t\t<meta name=\"twitter:description\" content=\"Instructions on how to import and export your links into Pretty Links.\" \/>\n\t\t<script type=\"application\/ld+json\" class=\"aioseo-schema\">\n\t\t\t{\"@context\":\"https:\\\/\\\/schema.org\",\"@graph\":[{\"@type\":\"BreadcrumbList\",\"@id\":\"https:\\\/\\\/prettylinks.com\\\/pt\\\/importing-exporting-your-links\\\/#breadcrumblist\",\"itemListElement\":[{\"@type\":\"ListItem\",\"@id\":\"https:\\\/\\\/prettylinks.com\\\/pt#listItem\",\"position\":1,\"name\":\"Home\",\"item\":\"https:\\\/\\\/prettylinks.com\\\/pt\",\"nextItem\":{\"@type\":\"ListItem\",\"@id\":\"https:\\\/\\\/prettylinks.com\\\/pt\\\/importing-exporting-your-links\\\/#listItem\",\"name\":\"Importing &#038; Exporting your Links\"}},{\"@type\":\"ListItem\",\"@id\":\"https:\\\/\\\/prettylinks.com\\\/pt\\\/importing-exporting-your-links\\\/#listItem\",\"position\":2,\"name\":\"Importing &#038; Exporting your Links\",\"previousItem\":{\"@type\":\"ListItem\",\"@id\":\"https:\\\/\\\/prettylinks.com\\\/pt#listItem\",\"name\":\"Home\"}}]},{\"@type\":\"Organization\",\"@id\":\"https:\\\/\\\/prettylinks.com\\\/pt\\\/#organization\",\"name\":\"PrettyLinks\",\"description\":\"Top Affiliate Link & URL Shortener for WordPress\",\"url\":\"https:\\\/\\\/prettylinks.com\\\/pt\\\/\"},{\"@type\":\"WebPage\",\"@id\":\"https:\\\/\\\/prettylinks.com\\\/pt\\\/importing-exporting-your-links\\\/#webpage\",\"url\":\"https:\\\/\\\/prettylinks.com\\\/pt\\\/importing-exporting-your-links\\\/\",\"name\":\"Importing & Exporting your Links\",\"description\":\"Instructions on how to import and export your links into Pretty Links.\",\"inLanguage\":\"pt-BR\",\"isPartOf\":{\"@id\":\"https:\\\/\\\/prettylinks.com\\\/pt\\\/#website\"},\"breadcrumb\":{\"@id\":\"https:\\\/\\\/prettylinks.com\\\/pt\\\/importing-exporting-your-links\\\/#breadcrumblist\"},\"datePublished\":\"2009-07-27T16:31:16-06:00\",\"dateModified\":\"2025-10-15T10:00:14-06:00\"},{\"@type\":\"WebSite\",\"@id\":\"https:\\\/\\\/prettylinks.com\\\/pt\\\/#website\",\"url\":\"https:\\\/\\\/prettylinks.com\\\/pt\\\/\",\"name\":\"PrettyLinks\",\"description\":\"Top Affiliate Link & URL Shortener for WordPress\",\"inLanguage\":\"pt-BR\",\"publisher\":{\"@id\":\"https:\\\/\\\/prettylinks.com\\\/pt\\\/#organization\"}}]}\n\t\t<\/script>\n\t\t<!-- All in One SEO Pro -->\r\n\t\t<title>Importing &amp; Exporting your Links<\/title>\n\n","aioseo_head_json":{"title":"Importa\u00e7\u00e3o e exporta\u00e7\u00e3o de seus links","description":"Instru\u00e7\u00f5es sobre como importar e exportar seus links para o Pretty Links.","canonical_url":"https:\/\/prettylinks.com\/pt\/importing-exporting-your-links\/","robots":"max-snippet:-1, max-image-preview:large, max-video-preview:-1","keywords":"","webmasterTools":{"miscellaneous":""},"schema":{"@context":"https:\/\/schema.org","@graph":[{"@type":"BreadcrumbList","@id":"https:\/\/prettylinks.com\/pt\/importing-exporting-your-links\/#breadcrumblist","itemListElement":[{"@type":"ListItem","@id":"https:\/\/prettylinks.com\/pt#listItem","position":1,"name":"Home","item":"https:\/\/prettylinks.com\/pt","nextItem":{"@type":"ListItem","@id":"https:\/\/prettylinks.com\/pt\/importing-exporting-your-links\/#listItem","name":"Importing &#038; Exporting your Links"}},{"@type":"ListItem","@id":"https:\/\/prettylinks.com\/pt\/importing-exporting-your-links\/#listItem","position":2,"name":"Importing &#038; Exporting your Links","previousItem":{"@type":"ListItem","@id":"https:\/\/prettylinks.com\/pt#listItem","name":"Home"}}]},{"@type":"Organization","@id":"https:\/\/prettylinks.com\/pt\/#organization","name":"PrettyLinks","description":"Top Affiliate Link & URL Shortener for WordPress","url":"https:\/\/prettylinks.com\/pt\/"},{"@type":"WebPage","@id":"https:\/\/prettylinks.com\/pt\/importing-exporting-your-links\/#webpage","url":"https:\/\/prettylinks.com\/pt\/importing-exporting-your-links\/","name":"Importing & Exporting your Links","description":"Instructions on how to import and export your links into Pretty Links.","inLanguage":"pt-BR","isPartOf":{"@id":"https:\/\/prettylinks.com\/pt\/#website"},"breadcrumb":{"@id":"https:\/\/prettylinks.com\/pt\/importing-exporting-your-links\/#breadcrumblist"},"datePublished":"2009-07-27T16:31:16-06:00","dateModified":"2025-10-15T10:00:14-06:00"},{"@type":"WebSite","@id":"https:\/\/prettylinks.com\/pt\/#website","url":"https:\/\/prettylinks.com\/pt\/","name":"PrettyLinks","description":"Top Affiliate Link & URL Shortener for WordPress","inLanguage":"pt-BR","publisher":{"@id":"https:\/\/prettylinks.com\/pt\/#organization"}}]},"og:locale":"pt_BR","og:site_name":"PrettyLinks","og:type":"article","og:title":"Importing &amp; Exporting your Links","og:description":"Instructions on how to import and export your links into Pretty Links.","og:url":"https:\/\/prettylinks.com\/pt\/importing-exporting-your-links\/","article:published_time":"2009-07-27T20:31:16+00:00","article:modified_time":"2025-10-15T16:00:14+00:00","twitter:card":"summary_large_image","twitter:title":"Importing &amp; Exporting your Links","twitter:description":"Instructions on how to import and export your links into Pretty Links."},"aioseo_meta_data":{"post_id":"174","title":null,"description":"Instru\u00e7\u00f5es sobre como importar e exportar seus links para o Pretty Links.","keywords":[{"label":"pretty links importing and exporting links","value":"pretty links importing and exporting links"}],"keyphrases":{"focus":{"keyphrase":"","score":0,"analysis":{"keyphraseInTitle":{"score":0,"maxScore":9,"error":1}}},"additional":[]},"primary_term":null,"canonical_url":null,"og_title":null,"og_description":null,"og_object_type":"default","og_image_type":"default","og_image_url":null,"og_image_width":null,"og_image_height":null,"og_image_custom_url":null,"og_image_custom_fields":null,"og_video":"","og_custom_url":null,"og_article_section":null,"og_article_tags":null,"twitter_use_og":false,"twitter_card":"default","twitter_image_type":"default","twitter_image_url":null,"twitter_image_custom_url":null,"twitter_image_custom_fields":null,"twitter_title":null,"twitter_description":null,"schema":{"blockGraphs":[],"customGraphs":[],"default":{"data":{"Article":[],"Course":[],"Dataset":[],"FAQPage":[],"Movie":[],"Person":[],"Product":[],"ProductReview":[],"Car":[],"Recipe":[],"Service":[],"SoftwareApplication":[],"WebPage":[]},"graphName":"WebPage","isEnabled":true},"graphs":[]},"schema_type":"default","schema_type_options":"{\"article\":{\"articleType\":\"BlogPosting\"},\"course\":{\"name\":\"\",\"description\":\"\",\"provider\":\"\"},\"faq\":{\"pages\":[]},\"product\":{\"reviews\":[]},\"recipe\":{\"ingredients\":[],\"instructions\":[],\"keywords\":[]},\"software\":{\"reviews\":[],\"operatingSystems\":[]},\"webPage\":{\"webPageType\":\"WebPage\"}}","pillar_content":false,"robots_default":true,"robots_noindex":false,"robots_noarchive":false,"robots_nosnippet":false,"robots_nofollow":false,"robots_noimageindex":false,"robots_noodp":false,"robots_notranslate":false,"robots_max_snippet":"-1","robots_max_videopreview":"-1","robots_max_imagepreview":"large","priority":null,"frequency":"default","local_seo":null,"seo_analyzer_scan_date":"2025-10-15 16:01:24","breadcrumb_settings":null,"limit_modified_date":false,"open_ai":null,"ai":{"faqs":[],"keyPoints":[],"titles":[],"descriptions":[],"socialPosts":{"email":[],"linkedin":[],"twitter":[],"facebook":[],"instagram":[]}},"created":"2020-12-21 17:50:19","updated":"2026-01-28 10:21:19"},"_links":{"self":[{"href":"https:\/\/prettylinks.com\/pt\/wp-json\/wp\/v2\/pages\/174","targetHints":{"allow":["GET"]}}],"collection":[{"href":"https:\/\/prettylinks.com\/pt\/wp-json\/wp\/v2\/pages"}],"about":[{"href":"https:\/\/prettylinks.com\/pt\/wp-json\/wp\/v2\/types\/page"}],"author":[{"embeddable":true,"href":"https:\/\/prettylinks.com\/pt\/wp-json\/wp\/v2\/users\/1"}],"replies":[{"embeddable":true,"href":"https:\/\/prettylinks.com\/pt\/wp-json\/wp\/v2\/comments?post=174"}],"version-history":[{"count":1,"href":"https:\/\/prettylinks.com\/pt\/wp-json\/wp\/v2\/pages\/174\/revisions"}],"predecessor-version":[{"id":16934,"href":"https:\/\/prettylinks.com\/pt\/wp-json\/wp\/v2\/pages\/174\/revisions\/16934"}],"wp:attachment":[{"href":"https:\/\/prettylinks.com\/pt\/wp-json\/wp\/v2\/media?parent=174"}],"curies":[{"name":"wp","href":"https:\/\/api.w.org\/{rel}","templated":true}]}}