{"id":1528,"date":"2016-12-09T01:31:19","date_gmt":"2016-12-09T01:31:19","guid":{"rendered":"https:\/\/prettylinks.com\/?page_id=1528"},"modified":"2026-03-24T05:17:14","modified_gmt":"2026-03-24T11:17:14","slug":"support","status":"publish","type":"page","link":"https:\/\/prettylinks.com\/pt\/support\/","title":{"rendered":"Suporte"},"content":{"rendered":"<div class=\"wp-block-group has-global-padding is-layout-constrained wp-container-core-group-is-layout-7cbc5be6 wp-block-group-is-layout-constrained\">\n<div class=\"wp-block-group has-border-color has-primary-border-color has-global-padding is-layout-constrained wp-container-core-group-is-layout-9a4c8acf wp-block-group-is-layout-constrained\" style=\"border-width:1px;border-radius:6px;padding-top:var(--wp--preset--spacing--small);padding-right:var(--wp--preset--spacing--small);padding-bottom:var(--wp--preset--spacing--small);padding-left:var(--wp--preset--spacing--small)\">\n<h3 class=\"wp-block-heading has-text-align-center\"><strong><strong>Base de conhecimento<\/strong><\/strong><\/h3>\n\n\n\n<p class=\"has-text-align-center\">Confira nossa cole\u00e7\u00e3o completa de documentos de suporte para ajud\u00e1-lo a obter o m\u00e1ximo do PrettyLinks. Explore artigos f\u00e1ceis de seguir, dicas, instru\u00e7\u00f5es e v\u00eddeos tutoriais para cada ferramenta e recurso.<\/p>\n\n\n\n<div class=\"wp-block-buttons is-content-justification-center is-layout-flex wp-container-core-buttons-is-layout-a89b3969 wp-block-buttons-is-layout-flex\">\n<div class=\"wp-block-button\"><a class=\"wp-block-button__link wp-element-button\" href=\"https:\/\/prettylinks.com\/pt\/docs\/\">Procurar documentos de suporte<\/a><\/div>\n<\/div>\n<\/div>\n\n\n\n<div class=\"wp-block-group has-border-color has-primary-border-color has-global-padding is-layout-constrained wp-container-core-group-is-layout-9a4c8acf wp-block-group-is-layout-constrained\" style=\"border-width:1px;border-radius:6px;padding-top:var(--wp--preset--spacing--small);padding-right:var(--wp--preset--spacing--small);padding-bottom:var(--wp--preset--spacing--small);padding-left:var(--wp--preset--spacing--small)\">\n<h3 class=\"wp-block-heading has-text-align-center\"><strong><strong><strong><strong>Usu\u00e1rios Lite<\/strong><\/strong><\/strong><\/strong><\/h3>\n\n\n\n<p class=\"has-text-align-center\"><em>Como come\u00e7ar a usar o PrettyLinks Lite? <\/em>Voc\u00ea tamb\u00e9m pode encontrar tudo o que precisa em nossos documentos de suporte acima. Embora tenham sido escritos com as vers\u00f5es Pro em mente, a maioria dos mesmos guias e dicas de solu\u00e7\u00e3o de problemas tamb\u00e9m o orientar\u00e3o nas vers\u00f5es Lite.<\/p>\n\n\n\n<p class=\"has-text-align-center\">Se voc\u00ea se deparar com algo que nossos documentos n\u00e3o cobrem, pode postar sua pergunta na se\u00e7\u00e3o <a href=\"https:\/\/wordpress.org\/support\/plugin\/pretty-link\/\" target=\"_blank\" rel=\"noreferrer noopener\">PrettyLinks F\u00f3rum de suporte do WordPress.org<\/a>. Nem sempre podemos garantir o tempo de resposta, mas fazemos o poss\u00edvel para responder o mais r\u00e1pido poss\u00edvel.<\/p>\n\n\n\n<p class=\"has-text-align-center\">Se ainda quiser entrar em contato diretamente com nossa equipe de suporte, voc\u00ea pode <a href=\"https:\/\/prettylinks.com\/pt\/contact\/\">enviar um formul\u00e1rio de contato<\/a> e algu\u00e9m entrar\u00e1 em contato em breve. Para obter mais detalhes, consulte nosso <a href=\"https:\/\/prettylinks.com\/pt\/terms\/#support\" data-type=\"link\" data-id=\"https:\/\/prettylinks.com\/terms\/#support\">Termos e condi\u00e7\u00f5es<\/a>.<\/p>\n\n\n\n<div class=\"wp-block-buttons is-content-justification-center is-layout-flex wp-container-core-buttons-is-layout-a89b3969 wp-block-buttons-is-layout-flex\">\n<div class=\"wp-block-button\"><a class=\"wp-block-button__link wp-element-button\" href=\"https:\/\/prettylinks.com\/pt\/contact\/\">Enviar um formul\u00e1rio de contato<\/a><\/div>\n<\/div>\n<\/div>\n\n\n\n<div class=\"wp-block-group has-border-color has-primary-border-color has-global-padding is-layout-constrained wp-container-core-group-is-layout-9a4c8acf wp-block-group-is-layout-constrained\" style=\"border-width:1px;border-radius:6px;padding-top:var(--wp--preset--spacing--small);padding-right:var(--wp--preset--spacing--small);padding-bottom:var(--wp--preset--spacing--small);padding-left:var(--wp--preset--spacing--small)\">\n<h3 class=\"wp-block-heading has-text-align-center\"><strong><strong><strong><strong><strong>Usu\u00e1rios profissionais<\/strong><\/strong><\/strong><\/strong><\/strong><\/h3>\n\n\n\n<p class=\"has-text-align-center\">Se tiver adquirido uma licen\u00e7a PrettyLinks e tiver uma licen\u00e7a de suporte ativa, voc\u00ea poder\u00e1 enviar um t\u00edquete por meio da p\u00e1gina de solicita\u00e7\u00e3o de suporte premium usando o login da sua conta.&nbsp;<\/p>\n\n\n\n<p class=\"has-text-align-center\">Ap\u00f3s o envio do seu t\u00edquete, nossa equipe pretende responder<br>em um ou dois dias \u00fateis.<\/p>\n\n\n\n<p class=\"has-text-align-center\">Nosso hor\u00e1rio de suporte \u00e9 de segunda a sexta-feira, das 9h \u00e0s 17h (hor\u00e1rio das montanhas dos EUA), excluindo feriados padr\u00e3o dos EUA.<\/p>\n\n\n\n<div class=\"wp-block-buttons is-content-justification-center is-layout-flex wp-container-core-buttons-is-layout-a89b3969 wp-block-buttons-is-layout-flex\">\n<div class=\"wp-block-button\"><a class=\"wp-block-button__link wp-element-button\" href=\"https:\/\/prettylinks.com\/pt\/premium-support-request\/\">Solicita\u00e7\u00e3o de suporte premium<\/a><\/div>\n<\/div>\n<\/div>\n<\/div>","protected":false},"excerpt":{"rendered":"<p>Base de conhecimento Confira nossa cole\u00e7\u00e3o completa de documentos de suporte para ajud\u00e1-lo a obter o m\u00e1ximo do PrettyLinks. Explore artigos f\u00e1ceis de seguir, dicas, instru\u00e7\u00f5es e v\u00eddeos tutoriais para cada ferramenta e recurso. Usu\u00e1rios do Lite Come\u00e7ando a usar o PrettyLinks Lite? Voc\u00ea tamb\u00e9m pode encontrar tudo o que precisa em nossos documentos de suporte acima. Embora tenham sido escritos com...<\/p>","protected":false},"author":1,"featured_media":0,"parent":0,"menu_order":29,"comment_status":"closed","ping_status":"closed","template":"single_framed","meta":{"om_disable_all_campaigns":false,"_strive_editorial_status":"not-started","_strive_copy_of":0,"_monsterinsights_skip_tracking":false,"_monsterinsights_sitenote_active":false,"_monsterinsights_sitenote_note":"","_monsterinsights_sitenote_category":0,"footnotes":"","maurice_hero_tagline":"","maurice_hero_title":"PrettyLinks Support","maurice_hero_subtitle":"Explore our docs or get in touch with us directly.","maurice_hero_cta_link":"","maurice_hero_cta_text":""},"class_list":["post-1528","page","type-page","status-publish","hentry"],"aioseo_notices":[],"aioseo_head":"\n\t\t<!-- All in One SEO Pro 4.9.5.2 - aioseo.com -->\n\t<meta name=\"description\" content=\"With Pretty Links support, you&#039;re never left in the lurch. Our Knowledge Base and dedicated support team are here to help when you need it.\" \/>\n\t<meta name=\"robots\" content=\"max-snippet:-1, max-image-preview:large, max-video-preview:-1\" \/>\n\t<link rel=\"canonical\" href=\"https:\/\/prettylinks.com\/pt\/support\/\" \/>\n\t<meta name=\"generator\" content=\"All in One SEO Pro (AIOSEO) 4.9.5.2\" \/>\n\t\t<meta property=\"og:locale\" content=\"pt_BR\" \/>\n\t\t<meta property=\"og:site_name\" content=\"PrettyLinks\" \/>\n\t\t<meta property=\"og:type\" content=\"article\" \/>\n\t\t<meta property=\"og:title\" content=\"Support\" \/>\n\t\t<meta property=\"og:description\" content=\"With Pretty Links support, you&#039;re never left in the lurch. Our Knowledge Base and dedicated support team are here to help when you need it.\" \/>\n\t\t<meta property=\"og:url\" content=\"https:\/\/prettylinks.com\/pt\/support\/\" \/>\n\t\t<meta property=\"article:published_time\" content=\"2016-12-09T01:31:19+00:00\" \/>\n\t\t<meta property=\"article:modified_time\" content=\"2026-03-24T11:17:14+00:00\" \/>\n\t\t<meta name=\"twitter:card\" content=\"summary_large_image\" \/>\n\t\t<meta name=\"twitter:title\" content=\"Support\" \/>\n\t\t<meta name=\"twitter:description\" content=\"With Pretty Links support, you&#039;re never left in the lurch. Our Knowledge Base and dedicated support team are here to help when you need it.\" \/>\n\t\t<script type=\"application\/ld+json\" class=\"aioseo-schema\">\n\t\t\t{\"@context\":\"https:\\\/\\\/schema.org\",\"@graph\":[{\"@type\":\"BreadcrumbList\",\"@id\":\"https:\\\/\\\/prettylinks.com\\\/pt\\\/support\\\/#breadcrumblist\",\"itemListElement\":[{\"@type\":\"ListItem\",\"@id\":\"https:\\\/\\\/prettylinks.com\\\/pt#listItem\",\"position\":1,\"name\":\"Home\",\"item\":\"https:\\\/\\\/prettylinks.com\\\/pt\",\"nextItem\":{\"@type\":\"ListItem\",\"@id\":\"https:\\\/\\\/prettylinks.com\\\/pt\\\/support\\\/#listItem\",\"name\":\"Support\"}},{\"@type\":\"ListItem\",\"@id\":\"https:\\\/\\\/prettylinks.com\\\/pt\\\/support\\\/#listItem\",\"position\":2,\"name\":\"Support\",\"previousItem\":{\"@type\":\"ListItem\",\"@id\":\"https:\\\/\\\/prettylinks.com\\\/pt#listItem\",\"name\":\"Home\"}}]},{\"@type\":\"Organization\",\"@id\":\"https:\\\/\\\/prettylinks.com\\\/pt\\\/#organization\",\"name\":\"PrettyLinks\",\"description\":\"Top Affiliate Link & URL Shortener for WordPress\",\"url\":\"https:\\\/\\\/prettylinks.com\\\/pt\\\/\"},{\"@type\":\"WebPage\",\"@id\":\"https:\\\/\\\/prettylinks.com\\\/pt\\\/support\\\/#webpage\",\"url\":\"https:\\\/\\\/prettylinks.com\\\/pt\\\/support\\\/\",\"name\":\"Support is our Business\",\"description\":\"With Pretty Links support, you're never left in the lurch. Our Knowledge Base and dedicated support team are here to help when you need it.\",\"inLanguage\":\"pt-BR\",\"isPartOf\":{\"@id\":\"https:\\\/\\\/prettylinks.com\\\/pt\\\/#website\"},\"breadcrumb\":{\"@id\":\"https:\\\/\\\/prettylinks.com\\\/pt\\\/support\\\/#breadcrumblist\"},\"datePublished\":\"2016-12-09T01:31:19-07:00\",\"dateModified\":\"2026-03-24T05:17:14-06:00\"},{\"@type\":\"WebSite\",\"@id\":\"https:\\\/\\\/prettylinks.com\\\/pt\\\/#website\",\"url\":\"https:\\\/\\\/prettylinks.com\\\/pt\\\/\",\"name\":\"PrettyLinks\",\"description\":\"Top Affiliate Link & URL Shortener for WordPress\",\"inLanguage\":\"pt-BR\",\"publisher\":{\"@id\":\"https:\\\/\\\/prettylinks.com\\\/pt\\\/#organization\"}}]}\n\t\t<\/script>\n\t\t<!-- All in One SEO Pro -->\r\n\t\t<title>Support is our Business<\/title>\n\n","aioseo_head_json":{"title":"Suporte \u00e9 o nosso neg\u00f3cio","description":"Com o suporte do Pretty Links, voc\u00ea nunca fica desamparado. Nossa Base de Conhecimento e a equipe de suporte dedicada est\u00e3o aqui para ajudar quando voc\u00ea precisar.","canonical_url":"https:\/\/prettylinks.com\/pt\/support\/","robots":"max-snippet:-1, max-image-preview:large, max-video-preview:-1","keywords":"","webmasterTools":{"miscellaneous":""},"schema":{"@context":"https:\/\/schema.org","@graph":[{"@type":"BreadcrumbList","@id":"https:\/\/prettylinks.com\/pt\/support\/#breadcrumblist","itemListElement":[{"@type":"ListItem","@id":"https:\/\/prettylinks.com\/pt#listItem","position":1,"name":"Home","item":"https:\/\/prettylinks.com\/pt","nextItem":{"@type":"ListItem","@id":"https:\/\/prettylinks.com\/pt\/support\/#listItem","name":"Support"}},{"@type":"ListItem","@id":"https:\/\/prettylinks.com\/pt\/support\/#listItem","position":2,"name":"Support","previousItem":{"@type":"ListItem","@id":"https:\/\/prettylinks.com\/pt#listItem","name":"Home"}}]},{"@type":"Organization","@id":"https:\/\/prettylinks.com\/pt\/#organization","name":"PrettyLinks","description":"Top Affiliate Link & URL Shortener for WordPress","url":"https:\/\/prettylinks.com\/pt\/"},{"@type":"WebPage","@id":"https:\/\/prettylinks.com\/pt\/support\/#webpage","url":"https:\/\/prettylinks.com\/pt\/support\/","name":"Support is our Business","description":"With Pretty Links support, you're never left in the lurch. Our Knowledge Base and dedicated support team are here to help when you need it.","inLanguage":"pt-BR","isPartOf":{"@id":"https:\/\/prettylinks.com\/pt\/#website"},"breadcrumb":{"@id":"https:\/\/prettylinks.com\/pt\/support\/#breadcrumblist"},"datePublished":"2016-12-09T01:31:19-07:00","dateModified":"2026-03-24T05:17:14-06:00"},{"@type":"WebSite","@id":"https:\/\/prettylinks.com\/pt\/#website","url":"https:\/\/prettylinks.com\/pt\/","name":"PrettyLinks","description":"Top Affiliate Link & URL Shortener for WordPress","inLanguage":"pt-BR","publisher":{"@id":"https:\/\/prettylinks.com\/pt\/#organization"}}]},"og:locale":"pt_BR","og:site_name":"PrettyLinks","og:type":"article","og:title":"Support","og:description":"With Pretty Links support, you're never left in the lurch. Our Knowledge Base and dedicated support team are here to help when you need it.","og:url":"https:\/\/prettylinks.com\/pt\/support\/","article:published_time":"2016-12-09T01:31:19+00:00","article:modified_time":"2026-03-24T11:17:14+00:00","twitter:card":"summary_large_image","twitter:title":"Support","twitter:description":"With Pretty Links support, you're never left in the lurch. Our Knowledge Base and dedicated support team are here to help when you need it."},"aioseo_meta_data":{"post_id":"1528","title":"Suporte \u00e9 o nosso neg\u00f3cio","description":"Com o suporte da Pretty Links, voc\u00ea nunca fica na m\u00e3o. Nossa base de conhecimento e equipe de suporte dedicada est\u00e3o aqui para ajud\u00e1-lo quando voc\u00ea precisar.","keywords":[{"label":"pretty links support","value":"pretty links support"}],"keyphrases":{"focus":{"keyphrase":"pretty links support","score":47,"analysis":{"keyphraseInTitle":{"score":3,"maxScore":9,"error":1},"keyphraseInDescription":{"score":9,"maxScore":9,"error":0},"keyphraseLength":{"score":9,"maxScore":9,"error":0,"length":3},"keyphraseInURL":{"score":1,"maxScore":5,"error":1},"keyphraseInIntroduction":{"score":3,"maxScore":9,"error":1},"keyphraseInSubHeadings":{"score":3,"maxScore":9,"error":1},"keyphraseInImageAlt":[],"keywordDensity":{"score":0,"type":"low","maxScore":9,"error":1}}},"additional":[]},"primary_term":null,"canonical_url":null,"og_title":"#post_title","og_description":"With Pretty Links support, you're never left in the lurch. Our&nbsp;Knowledge Base and dedicated support team&nbsp;are here to help when you need it.","og_object_type":"article","og_image_type":"default","og_image_url":null,"og_image_width":null,"og_image_height":null,"og_image_custom_url":null,"og_image_custom_fields":null,"og_video":"","og_custom_url":null,"og_article_section":null,"og_article_tags":null,"twitter_use_og":false,"twitter_card":"summary_large_image","twitter_image_type":"default","twitter_image_url":null,"twitter_image_custom_url":null,"twitter_image_custom_fields":null,"twitter_title":null,"twitter_description":null,"schema":{"blockGraphs":[],"customGraphs":[],"default":{"data":{"Article":[],"Course":[],"Dataset":[],"FAQPage":[],"Movie":[],"Person":[],"Product":[],"ProductReview":[],"Car":[],"Recipe":[],"Service":[],"SoftwareApplication":[],"WebPage":[]},"graphName":"WebPage","isEnabled":true},"graphs":[]},"schema_type":"default","schema_type_options":"{\"article\":{\"articleType\":\"BlogPosting\"},\"course\":{\"name\":\"\",\"description\":\"\",\"provider\":\"\"},\"faq\":{\"pages\":[]},\"product\":{\"reviews\":[]},\"recipe\":{\"ingredients\":[],\"instructions\":[],\"keywords\":[]},\"software\":{\"reviews\":[],\"operatingSystems\":[]},\"webPage\":{\"webPageType\":\"WebPage\"}}","pillar_content":false,"robots_default":true,"robots_noindex":false,"robots_noarchive":false,"robots_nosnippet":false,"robots_nofollow":false,"robots_noimageindex":false,"robots_noodp":false,"robots_notranslate":false,"robots_max_snippet":"-1","robots_max_videopreview":"-1","robots_max_imagepreview":"large","priority":null,"frequency":"default","local_seo":null,"seo_analyzer_scan_date":"2026-03-24 11:23:40","breadcrumb_settings":null,"limit_modified_date":false,"open_ai":"{\"title\":{\"suggestions\":[],\"usage\":0},\"description\":{\"suggestions\":[],\"usage\":0}}","ai":{"faqs":[],"keyPoints":[],"titles":[],"descriptions":[],"socialPosts":{"email":[],"linkedin":[],"twitter":[],"facebook":[],"instagram":[]}},"created":"2020-12-21 17:50:21","updated":"2026-03-24 11:23:40"},"_links":{"self":[{"href":"https:\/\/prettylinks.com\/pt\/wp-json\/wp\/v2\/pages\/1528","targetHints":{"allow":["GET"]}}],"collection":[{"href":"https:\/\/prettylinks.com\/pt\/wp-json\/wp\/v2\/pages"}],"about":[{"href":"https:\/\/prettylinks.com\/pt\/wp-json\/wp\/v2\/types\/page"}],"author":[{"embeddable":true,"href":"https:\/\/prettylinks.com\/pt\/wp-json\/wp\/v2\/users\/1"}],"replies":[{"embeddable":true,"href":"https:\/\/prettylinks.com\/pt\/wp-json\/wp\/v2\/comments?post=1528"}],"version-history":[{"count":1,"href":"https:\/\/prettylinks.com\/pt\/wp-json\/wp\/v2\/pages\/1528\/revisions"}],"predecessor-version":[{"id":16730,"href":"https:\/\/prettylinks.com\/pt\/wp-json\/wp\/v2\/pages\/1528\/revisions\/16730"}],"wp:attachment":[{"href":"https:\/\/prettylinks.com\/pt\/wp-json\/wp\/v2\/media?parent=1528"}],"curies":[{"name":"wp","href":"https:\/\/api.w.org\/{rel}","templated":true}]}}