{"id":133,"date":"2009-07-27T01:46:24","date_gmt":"2009-07-27T05:46:24","guid":{"rendered":"https:\/\/prettylinks.com\/?page_id=133"},"modified":"2021-03-18T19:38:09","modified_gmt":"2021-03-18T19:38:09","slug":"what-people-are-saying","status":"publish","type":"page","link":"https:\/\/prettylinks.com\/pt\/what-people-are-saying\/","title":{"rendered":"O que as pessoas est\u00e3o dizendo sobre o PrettyLinks"},"content":{"rendered":"<div style=\"width: 100px;\" class=\"wp-video\"><video class=\"wp-video-shortcode\" id=\"video-133-1\" width=\"100\" height=\"100\" poster=\"https:\/\/prettylinks.com\/wp-content\/uploads\/2009\/07\/GBTV_poster_frame.png\" preload=\"none\" controls=\"controls\"><source type=\"video\/mp4\" src=\"https:\/\/prettylinks.com\/wp-content\/uploads\/2009\/07\/GBTV_Aug28_med.mp4?_=1\" \/><source type=\"video\/mp4\" src=\"https:\/\/prettylinks.com\/wp-content\/uploads\/2009\/07\/GBTV_Aug28_med.mp4?_=1\" \/><a href=\"https:\/\/prettylinks.com\/wp-content\/uploads\/2009\/07\/GBTV_Aug28_med.mp4\">https:\/\/prettylinks.com\/wp-content\/uploads\/2009\/07\/GBTV_Aug28_med.mp4<\/a><\/video><\/div>\n* do Epis\u00f3dio 620 de geekbrief.tv com Cali Lewis\n<img loading=\"lazy\" decoding=\"async\" src=\"https:\/\/prettylinks.com\/wp-content\/uploads\/2009\/07\/John_Pozadzides2.png\" alt=\"\" width=\"102\" height=\"88\">Depois de ler o manual do usu\u00e1rio e tamb\u00e9m ver que havia uma garantia de reembolso de 30 dias, decidi que n\u00e3o tinha absolutamente nada a perder e paguei pelo plug-in na hora. Passei as \u00faltimas 12 horas instalando, ajustando, testando e usando o plug-in e estou absolutamente apaixonado. E vou lhe dizer por qu\u00ea:\n\n<strong>Isso mudar\u00e1 sua vida<\/strong>\n\nQue droga. Essa \u00e9 uma declara\u00e7\u00e3o ousada. Mas isso n\u00e3o a torna menos verdadeira. Vou lhe contar algumas maneiras pelas quais eu j\u00e1 pensei sobre essa coisa que est\u00e1 mudando meu mundo:\n<ol>\n \t<li>Em primeiro lugar, n\u00e3o usarei mais o Bit.ly! Quando voc\u00ea usa um encurtador de URL para redirecionar os usu\u00e1rios para a publica\u00e7\u00e3o do seu blog, est\u00e1 criando links para o dom\u00ednio DELES, n\u00e3o para o seu! Isso \u00e9 RUIM! O Google atribui a voc\u00ea um PageRank mais alto e envia mais tr\u00e1fego com base nos links de entrada para o seu site, portanto, ter qualquer outro dom\u00ednio no meio apenas rouba parte do seu Google Juice. Isso tamb\u00e9m generaliza sua marca.<\/li>\n \t<li>N\u00e3o s\u00e3o apenas meus pr\u00f3prios artigos que vou encurtar agora. Todos os links que eu colocar no Twitter ou no Facebook ter\u00e3o um dos meus pr\u00f3prios PrettyLinks. Isso permitir\u00e1 que eu realmente conte quantas pessoas est\u00e3o seguindo meus links! Isso \u00e9 fant\u00e1stico para obter feedback e melhorar, pois atualmente n\u00e3o tenho ideia se as coisas que estou compartilhando s\u00e3o interessantes, ruins ou o que quer que seja. Al\u00e9m disso, h\u00e1 um pequeno Bookmarklet excelente que automatiza isso agora!<\/li>\n \t<li>Sempre que eu quiser colocar um banner ou algum tipo de promo\u00e7\u00e3o em meu site, usarei um PrettyLinks personalizado. Embora eu tamb\u00e9m possa monitorar os links de sa\u00edda do meu blog com o Woopra, ser\u00e1 interessante ver os relat\u00f3rios no meu painel de controle do WordPress. N\u00e3o vejo a hora de ver como esses dois se comportam juntos (Woopra + PrettyLinks). At\u00e9 agora, nos testes, os links parecem 100% normais no Woopra. N\u00e3o d\u00e1 nem para perceber que havia um PrettyLinks no meio.<\/li>\n \t<li>Vou deixar que o WordPress + PLP comece a tweetar as publica\u00e7\u00f5es do meu blog em vez de fazer isso manualmente. No passado, experimentei outros plug-ins para isso, mas n\u00e3o gostei deles. Al\u00e9m disso, eles n\u00e3o publicaram meu URL curto pessoal! \ud83d\ude42<\/li>\n \t<li>Tamb\u00e9m usarei meus pr\u00f3prios URLs curtos para coisas no mundo off-line. Por exemplo, se eu der uma palestra e precisar distribuir um URL, darei a eles um PrettyLink. Quer dizer, por que n\u00e3o? Assim, posso ver quantas pessoas usaram as informa\u00e7\u00f5es.<\/li>\n \t<li>Em nosso site de podcast WealthNation.FM, onde temos epis\u00f3dios, criaremos PrettyLinks com o n\u00famero do epis\u00f3dio para refer\u00eancia r\u00e1pida, como: WealthNation.FM\/8 para corresponder ao epis\u00f3dio 8.<\/li>\n<\/ol>\n<em>Eu recomendo a todos os usu\u00e1rios do WordPress que obtenham esse plugin agora mesmo!<\/em>\n\n<em><strong>- John Pozadzides,<\/strong>\nOneMansBlog, Woopra e WealthNation<\/em>\n\n<img loading=\"lazy\" decoding=\"async\" src=\"https:\/\/prettylinks.com\/wp-content\/uploads\/2009\/07\/Gregory.png\" alt=\"\" width=\"102\" height=\"88\">Hi,\n<strong>Eu tinha que escrever para dizer \"obrigado\". O PrettyLinks me fez economizar tempo e dinheiro!<\/strong>\n\n<strong>Estou impressionado com a praticidade do PrettyLinks.<\/strong>&nbsp;Esse plug-in para Wordpress \u00e9 simples de instalar e ainda mais simples de usar.  Eu j\u00e1 estava completamente convencido da vers\u00e3o gratuita, mas a vers\u00e3o profissional provou ser&nbsp;<strong>uma parte essencial de meu estilo de vida de blog no Wordpress.<\/strong>&nbsp;Os recursos, que substitu\u00edram a necessidade de usar tr\u00eas outros plug-ins, est\u00e3o muito al\u00e9m das minhas expectativas e s\u00e3o numerosos demais para serem mencionados.\n<strong>\nAgora tenho controle total sobre os links do meu site.<\/strong>\n\n<strong>\u00c9 muito f\u00e1cil ocultar um URL,<\/strong>&nbsp;se eu quiser alter\u00e1-lo mais tarde, levo apenas alguns segundos para fazer isso.\n\nUm dos meus recursos favoritos \u00e9 a ferramenta de substitui\u00e7\u00e3o de palavras-chave.&nbsp;<strong>Que economia de tempo!<\/strong>&nbsp;Posso escolher e personalizar QUALQUER palavra-chave em meu blog e configur\u00e1-la para se camuflar automaticamente no destino que eu desejar.\n\nOs recursos de relat\u00f3rio s\u00e3o incr\u00edveis! Verificar os relat\u00f3rios para saber exatamente quantas pessoas clicaram em meus links e o n\u00edvel de convers\u00e3o \u00e9 muito f\u00e1cil e muito gratificante. Adoro o fato de que posso at\u00e9 mesmo rastrear links para minhas contas do Twitter e do Facebook.\n\nDei uma olhada em algumas das outras ferramentas semelhantes dispon\u00edveis e at\u00e9 comprei uma delas, mas fiquei decepcionado.&nbsp;<strong>N\u00e3o encontrei nenhum software que se compare ao PrettyLinks e, na verdade, economizei dinheiro com seu plug-in.<\/strong>\n\nObrigado!\n\nAl\u00e9m da praticidade, facilidade de uso, economia de tempo e conhecimento dos links em que os visitantes do meu site est\u00e3o clicando, voc\u00eas me tornaram um cliente feliz.&nbsp;<strong>Obrigado por realmente se preocupar comigo e atender \u00e0s minhas necessidades.<\/strong>&nbsp;Um atendimento ao cliente como o que voc\u00ea oferece \u00e9 algo in\u00e9dito no mundo do marketing na Internet.\n\n<strong>Estou confiante de que seu plug-in do Wordpress \u00e9 a chave principal para aumentar os lucros do meu neg\u00f3cio na Internet e recomendo o PrettyLinks a qualquer pessoa que leve a s\u00e9rio sua presen\u00e7a na World Wide Web.<\/strong>&nbsp;Estou totalmente viciada nessa ferramenta essencial!\n\nAtenciosamente,\n\n<strong><em>Gregory E. Nemer,<\/em><\/strong>\n<em>Neg\u00f3cios na Internet com prop\u00f3sito<\/em>\n\n<img loading=\"lazy\" decoding=\"async\" src=\"https:\/\/prettylinks.com\/wp-content\/uploads\/2009\/07\/Austin.png\" alt=\"\" width=\"102\" height=\"88\">O PrettyLinks ajudou muito a aumentar o tr\u00e1fego em meu site. Tenho compartilhado links interessantes e publica\u00e7\u00f5es de blog no Facebook e no Twitter usando o PrettyLinks e a Pretty Bar. O recurso \"retweet\" permite que meus leitores retuitem minhas hist\u00f3rias no Twitter, o que tamb\u00e9m notei que aumentou o tr\u00e1fego. O PrettyLinks vale muito a pena!\n\n<em><strong>- Austin Moore,<\/strong>\nAustin Prime<\/em>\n\n<img loading=\"lazy\" decoding=\"async\" src=\"https:\/\/prettylinks.com\/wp-content\/uploads\/2009\/07\/Richard.png\" alt=\"\" width=\"102\" height=\"88\">Quase qualquer pessoa pode criar um produto e promov\u00ea-lo. O valor vem de&nbsp;<strong>Atendimento e suporte ao cliente<\/strong>. \u00c9 nesse ponto que muitos n\u00e3o s\u00e3o capazes, por um motivo ou outro.\n\nA equipe do PrettyLinks \u00e9&nbsp;<strong>excepcional em fornecer esse recurso absolutamente necess\u00e1rio<\/strong>. Trabalho com instala\u00e7\u00f5es do WordPress h\u00e1 mais tempo do que gostaria de admitir e resisti fortemente a pagar por recursos complementares. Achei que, com tudo o que estava dispon\u00edvel gratuitamente, eu poderia encontrar o que estava procurando e faz\u00ea-lo funcionar.\n\nNo in\u00edcio deste ano, comecei a procurar seriamente por itens pagos que pudessem tornar meu&nbsp;<strong>vida mais f\u00e1cil e mais eficiente<\/strong>. (O PrettyLinks foi uma das op\u00e7\u00f5es com as quais decidi trabalhar.\n\nTrabalho com diferentes webhosts, inclusive offshore. As primeiras instala\u00e7\u00f5es superaram minhas expectativas. A PLP foi&nbsp;<strong>comprovando seu valor<\/strong>sem exce\u00e7\u00e3o. Em seguida, fiz minha primeira instala\u00e7\u00e3o com um host offshore. Sem entrar em detalhes, ele instalou, mas havia algumas coisas que n\u00e3o estavam funcionando corretamente. Sabendo que j\u00e1 havia funcionado antes, presumi que o problema estava de alguma forma relacionado \u00e0 maneira como eles faziam as coisas. Sem conseguir resolver o problema com eles, entrei em contato com o suporte da PLP. Trabalhei com Rick e Paul, e o&nbsp;<strong>o problema foi resolvido<\/strong>.\n\nParab\u00e9ns a Blair Williams e sua equipe por lan\u00e7arem um \u00f3timo produto e depois&nbsp;<strong>apoiando-o<\/strong>. Estou extremamente satisfeito com o PrettyLinks e o endosso de cora\u00e7\u00e3o, bem como seu valor. (Estou usando-o em mais de dez sites atualmente e estou muito satisfeito com os resultados).\n\n<strong><em>- Richard Uhnavy,<\/em><\/strong>\n<em>Anchor Marketing, LLC<\/em>\n\n<img loading=\"lazy\" decoding=\"async\" src=\"https:\/\/prettylinks.com\/wp-content\/uploads\/2009\/07\/Bill.png\" alt=\"\" width=\"102\" height=\"88\">Adoro o PrettyLinks e o utilizo para gerenciar completamente meu site. Sem o PrettyLinks, eu teria que criar manualmente arquivos PHP complicados para redirecionar meus clientes para sites diferentes. O PrettyLinks tamb\u00e9m me d\u00e1 a vantagem de ter \u00f3timos relat\u00f3rios, funcionalidade de importa\u00e7\u00e3o e exporta\u00e7\u00e3o e a tranquilidade de saber que ele simplesmente funciona! Obrigado pelo excelente produto.\n\n<em><strong>- Bill Cherne,<\/strong>\n<\/em><em>Ofertas de design de interiores<\/em>\n\n<img loading=\"lazy\" decoding=\"async\" src=\"https:\/\/prettylinks.com\/wp-content\/uploads\/2009\/07\/Travis.png\" alt=\"\" width=\"102\" height=\"88\">Gostaria de recomendar o que considero o melhor plug-in do ano! Eu uso esse plug-in todos os dias em todos os meus sites e o adoro. Ele simplificou as coisas e, ao mesmo tempo, permitiu que eu tivesse controle total sobre a marca dos meus pr\u00f3prios links. Meu marketing de afiliados ficou muito mais f\u00e1cil. E ainda h\u00e1 o b\u00f4nus adicional da postagem autom\u00e1tica no Twitter.\n\nTenho usado o PrettyLinks desde o primeiro dia em que foi lan\u00e7ado, h\u00e1 alguns meses, e no \u00faltimo m\u00eas e meio testei o PrettyLinks antes de ele ser disponibilizado para todos voc\u00eas. Esse \u00e9 um plugin que resolve um grande problema que todos os blogueiros enfrentam. Depois de us\u00e1-lo, voc\u00ea se perguntar\u00e1 como conseguiu viver sem ele.\n\nDou a esse plug-in dois polegares para cima. Se eu tivesse mais polegares, eu os colocaria tamb\u00e9m. No m\u00ednimo, experimente a vers\u00e3o gratuita do PrettyLinks e depois fa\u00e7a o upgrade para desbloquear todas as ferramentas que facilitar\u00e3o a cria\u00e7\u00e3o de blogs.\n\nSe voc\u00ea \u00e9 um comerciante afiliado e tem v\u00e1rios blogs, esse plug-in \u00e9 um sonho que se tornou realidade. N\u00e3o h\u00e1 nenhum outro plugin que eu tenha usado ou visto que fa\u00e7a tanto, o PrettyLinks est\u00e1 em uma classe \u00e0 parte.\n\nMal posso esperar para ver o que vir\u00e1 a seguir. Sei que serei o primeiro da fila para experiment\u00e1-lo.\n\n<strong>- Travis Holzem,<\/strong>\neBizReview\n\n<img loading=\"lazy\" decoding=\"async\" src=\"https:\/\/prettylinks.com\/wp-content\/uploads\/2009\/07\/Michael.png\" alt=\"\" width=\"102\" height=\"88\">O PrettyLinks e o PrettyLinks me ajudaram a ampliar ainda mais minha marca pessoal usando n\u00e3o apenas meu pr\u00f3prio dom\u00ednio para encurtamento de URL, mas tamb\u00e9m por meio do uso do PrettyBar. Quando meus leitores clicam em links em meus artigos, eles continuam a ver minha marca e t\u00eam uma maneira f\u00e1cil de retornar ao meu site, mas tamb\u00e9m recebo um rastreamento robusto de cliques como resultado.\n\nRecomendo esse plug-in do WordPress como um componente obrigat\u00f3rio para qualquer blogueiro que deseje um alcance maior, mesmo quando os usu\u00e1rios n\u00e3o est\u00e3o em seu site.\n\n<strong><em>- Michael Sheehan,<\/em><\/strong>\n<em>HighTechDad<\/em>\n\n<img loading=\"lazy\" decoding=\"async\" src=\"https:\/\/prettylinks.com\/wp-content\/uploads\/2009\/07\/David.png\" alt=\"\" width=\"102\" height=\"88\">Tamb\u00e9m adquiri o PrettyLinks e estou muito feliz por t\u00ea-lo feito. H\u00e1 muitos recursos \u00fateis e que economizam tempo, o que torna esse produto excelente. Tamb\u00e9m usei a vers\u00e3o padr\u00e3o por v\u00e1rios meses e posso dizer que a equipe do PrettyLinks responde muito bem a bugs\/solicita\u00e7\u00f5es e publica atualiza\u00e7\u00f5es rapidamente. Duvido que algu\u00e9m fique desapontado com a compra do Pro... al\u00e9m disso, ele vem com uma garantia de 30 dias de devolu\u00e7\u00e3o do dinheiro!\n\n<em><strong>- David Boyd<\/strong><\/em>","protected":false},"excerpt":{"rendered":"","protected":false},"author":1,"featured_media":0,"parent":0,"menu_order":0,"comment_status":"closed","ping_status":"open","template":"","meta":{"om_disable_all_campaigns":false,"_strive_editorial_status":"not-started","_strive_copy_of":0,"_monsterinsights_skip_tracking":false,"_monsterinsights_sitenote_active":false,"_monsterinsights_sitenote_note":"","_monsterinsights_sitenote_category":0,"footnotes":"","maurice_hero_tagline":"","maurice_hero_title":"","maurice_hero_subtitle":"","maurice_hero_cta_link":"","maurice_hero_cta_text":""},"class_list":["post-133","page","type-page","status-publish","hentry"],"aioseo_notices":[],"aioseo_head":"\n\t\t<!-- All in One SEO Pro 4.9.5.2 - aioseo.com -->\n\t<meta name=\"description\" content=\"We could tell you about the awesomeness of Pretty Links all day long. But don&#039;t listen to us. Check out what people are saying about our custom URL shortener.\" \/>\n\t<meta name=\"robots\" content=\"max-snippet:-1, max-image-preview:large, max-video-preview:-1\" \/>\n\t<link rel=\"canonical\" href=\"https:\/\/prettylinks.com\/pt\/what-people-are-saying\/\" \/>\n\t<meta name=\"generator\" content=\"All in One SEO Pro (AIOSEO) 4.9.5.2\" \/>\n\t\t<meta property=\"og:locale\" content=\"pt_BR\" \/>\n\t\t<meta property=\"og:site_name\" content=\"PrettyLinks\" \/>\n\t\t<meta property=\"og:type\" content=\"article\" \/>\n\t\t<meta property=\"og:title\" content=\"What people are saying about PrettyLinks\" \/>\n\t\t<meta property=\"og:description\" content=\"We could tell you about the awesomeness of Pretty Links all day long. But don&#039;t listen to us. Check out what people are saying about our custom URL shortener.\" \/>\n\t\t<meta property=\"og:url\" content=\"https:\/\/prettylinks.com\/pt\/what-people-are-saying\/\" \/>\n\t\t<meta property=\"article:published_time\" content=\"2009-07-27T05:46:24+00:00\" \/>\n\t\t<meta property=\"article:modified_time\" content=\"2021-03-18T19:38:09+00:00\" \/>\n\t\t<meta name=\"twitter:card\" content=\"summary_large_image\" \/>\n\t\t<meta name=\"twitter:title\" content=\"What people are saying about PrettyLinks\" \/>\n\t\t<meta name=\"twitter:description\" content=\"We could tell you about the awesomeness of Pretty Links all day long. But don&#039;t listen to us. Check out what people are saying about our custom URL shortener.\" \/>\n\t\t<script type=\"application\/ld+json\" class=\"aioseo-schema\">\n\t\t\t{\"@context\":\"https:\\\/\\\/schema.org\",\"@graph\":[{\"@type\":\"BreadcrumbList\",\"@id\":\"https:\\\/\\\/prettylinks.com\\\/pt\\\/what-people-are-saying\\\/#breadcrumblist\",\"itemListElement\":[{\"@type\":\"ListItem\",\"@id\":\"https:\\\/\\\/prettylinks.com\\\/pt#listItem\",\"position\":1,\"name\":\"Home\",\"item\":\"https:\\\/\\\/prettylinks.com\\\/pt\",\"nextItem\":{\"@type\":\"ListItem\",\"@id\":\"https:\\\/\\\/prettylinks.com\\\/pt\\\/what-people-are-saying\\\/#listItem\",\"name\":\"What people are saying about PrettyLinks\"}},{\"@type\":\"ListItem\",\"@id\":\"https:\\\/\\\/prettylinks.com\\\/pt\\\/what-people-are-saying\\\/#listItem\",\"position\":2,\"name\":\"What people are saying about PrettyLinks\",\"previousItem\":{\"@type\":\"ListItem\",\"@id\":\"https:\\\/\\\/prettylinks.com\\\/pt#listItem\",\"name\":\"Home\"}}]},{\"@type\":\"Organization\",\"@id\":\"https:\\\/\\\/prettylinks.com\\\/pt\\\/#organization\",\"name\":\"PrettyLinks\",\"description\":\"Top Affiliate Link & URL Shortener for WordPress\",\"url\":\"https:\\\/\\\/prettylinks.com\\\/pt\\\/\"},{\"@type\":\"WebPage\",\"@id\":\"https:\\\/\\\/prettylinks.com\\\/pt\\\/what-people-are-saying\\\/#webpage\",\"url\":\"https:\\\/\\\/prettylinks.com\\\/pt\\\/what-people-are-saying\\\/\",\"name\":\"Here's What People Are Saying About Pretty Links\",\"description\":\"We could tell you about the awesomeness of Pretty Links all day long. But don't listen to us. Check out what people are saying about our custom URL shortener.\",\"inLanguage\":\"pt-BR\",\"isPartOf\":{\"@id\":\"https:\\\/\\\/prettylinks.com\\\/pt\\\/#website\"},\"breadcrumb\":{\"@id\":\"https:\\\/\\\/prettylinks.com\\\/pt\\\/what-people-are-saying\\\/#breadcrumblist\"},\"datePublished\":\"2009-07-27T01:46:24-06:00\",\"dateModified\":\"2021-03-18T19:38:09-06:00\"},{\"@type\":\"WebSite\",\"@id\":\"https:\\\/\\\/prettylinks.com\\\/pt\\\/#website\",\"url\":\"https:\\\/\\\/prettylinks.com\\\/pt\\\/\",\"name\":\"PrettyLinks\",\"description\":\"Top Affiliate Link & URL Shortener for WordPress\",\"inLanguage\":\"pt-BR\",\"publisher\":{\"@id\":\"https:\\\/\\\/prettylinks.com\\\/pt\\\/#organization\"}}]}\n\t\t<\/script>\n\t\t<!-- All in One SEO Pro -->\r\n\t\t<title>Here's What People Are Saying About Pretty Links<\/title>\n\n","aioseo_head_json":{"title":"Veja o que as pessoas est\u00e3o dizendo sobre o Pretty Links","description":"Poder\u00edamos falar sobre a grandiosidade do Pretty Links o dia todo. Mas n\u00e3o d\u00ea ouvidos a n\u00f3s. Confira o que as pessoas est\u00e3o dizendo sobre nosso encurtador de URL personalizado.","canonical_url":"https:\/\/prettylinks.com\/pt\/what-people-are-saying\/","robots":"max-snippet:-1, max-image-preview:large, max-video-preview:-1","keywords":"","webmasterTools":{"miscellaneous":""},"schema":{"@context":"https:\/\/schema.org","@graph":[{"@type":"BreadcrumbList","@id":"https:\/\/prettylinks.com\/pt\/what-people-are-saying\/#breadcrumblist","itemListElement":[{"@type":"ListItem","@id":"https:\/\/prettylinks.com\/pt#listItem","position":1,"name":"Home","item":"https:\/\/prettylinks.com\/pt","nextItem":{"@type":"ListItem","@id":"https:\/\/prettylinks.com\/pt\/what-people-are-saying\/#listItem","name":"What people are saying about PrettyLinks"}},{"@type":"ListItem","@id":"https:\/\/prettylinks.com\/pt\/what-people-are-saying\/#listItem","position":2,"name":"What people are saying about PrettyLinks","previousItem":{"@type":"ListItem","@id":"https:\/\/prettylinks.com\/pt#listItem","name":"Home"}}]},{"@type":"Organization","@id":"https:\/\/prettylinks.com\/pt\/#organization","name":"PrettyLinks","description":"Top Affiliate Link & URL Shortener for WordPress","url":"https:\/\/prettylinks.com\/pt\/"},{"@type":"WebPage","@id":"https:\/\/prettylinks.com\/pt\/what-people-are-saying\/#webpage","url":"https:\/\/prettylinks.com\/pt\/what-people-are-saying\/","name":"Here's What People Are Saying About Pretty Links","description":"We could tell you about the awesomeness of Pretty Links all day long. But don't listen to us. Check out what people are saying about our custom URL shortener.","inLanguage":"pt-BR","isPartOf":{"@id":"https:\/\/prettylinks.com\/pt\/#website"},"breadcrumb":{"@id":"https:\/\/prettylinks.com\/pt\/what-people-are-saying\/#breadcrumblist"},"datePublished":"2009-07-27T01:46:24-06:00","dateModified":"2021-03-18T19:38:09-06:00"},{"@type":"WebSite","@id":"https:\/\/prettylinks.com\/pt\/#website","url":"https:\/\/prettylinks.com\/pt\/","name":"PrettyLinks","description":"Top Affiliate Link & URL Shortener for WordPress","inLanguage":"pt-BR","publisher":{"@id":"https:\/\/prettylinks.com\/pt\/#organization"}}]},"og:locale":"pt_BR","og:site_name":"PrettyLinks","og:type":"article","og:title":"What people are saying about PrettyLinks","og:description":"We could tell you about the awesomeness of Pretty Links all day long. But don't listen to us. Check out what people are saying about our custom URL shortener.","og:url":"https:\/\/prettylinks.com\/pt\/what-people-are-saying\/","article:published_time":"2009-07-27T05:46:24+00:00","article:modified_time":"2021-03-18T19:38:09+00:00","twitter:card":"summary_large_image","twitter:title":"What people are saying about PrettyLinks","twitter:description":"We could tell you about the awesomeness of Pretty Links all day long. But don't listen to us. Check out what people are saying about our custom URL shortener."},"aioseo_meta_data":{"post_id":"133","title":"Veja o que as pessoas est\u00e3o dizendo sobre o Pretty Links","description":"Poder\u00edamos falar sobre a grandiosidade do Pretty Links o dia todo. Mas n\u00e3o d\u00ea ouvidos a n\u00f3s. Confira o que as pessoas est\u00e3o dizendo sobre nosso encurtador de URL personalizado.","keywords":[{"label":"pretty links reviews","value":"pretty links reviews"},{"label":"pretty links testimonials","value":"pretty links testimonials"}],"keyphrases":{"focus":[],"additional":[]},"primary_term":null,"canonical_url":null,"og_title":"#post_title","og_description":"We could tell you about the awesomeness of Pretty Links all day long. But don't listen to us. Check out what people are saying about our custom URL shortener.","og_object_type":"default","og_image_type":"default","og_image_url":null,"og_image_width":null,"og_image_height":null,"og_image_custom_url":null,"og_image_custom_fields":null,"og_video":"","og_custom_url":null,"og_article_section":null,"og_article_tags":[],"twitter_use_og":false,"twitter_card":"default","twitter_image_type":"default","twitter_image_url":null,"twitter_image_custom_url":null,"twitter_image_custom_fields":null,"twitter_title":null,"twitter_description":null,"schema":{"blockGraphs":[],"customGraphs":[],"default":{"data":{"Article":[],"Course":[],"Dataset":[],"FAQPage":[],"Movie":[],"Person":[],"Product":[],"ProductReview":[],"Car":[],"Recipe":[],"Service":[],"SoftwareApplication":[],"WebPage":[]},"graphName":"","isEnabled":true},"graphs":[]},"schema_type":"default","schema_type_options":"{\"article\":{\"articleType\":\"BlogPosting\"},\"course\":{\"name\":\"\",\"description\":\"\",\"provider\":\"\"},\"faq\":{\"pages\":[]},\"product\":{\"reviews\":[]},\"recipe\":{\"ingredients\":[],\"instructions\":[],\"keywords\":[]},\"software\":{\"reviews\":[],\"operatingSystems\":[]},\"webPage\":{\"webPageType\":\"WebPage\"}}","pillar_content":false,"robots_default":true,"robots_noindex":false,"robots_noarchive":false,"robots_nosnippet":false,"robots_nofollow":false,"robots_noimageindex":false,"robots_noodp":false,"robots_notranslate":false,"robots_max_snippet":"-1","robots_max_videopreview":"-1","robots_max_imagepreview":"large","priority":null,"frequency":"default","local_seo":{"businessInfo":{"name":"","urls":{"website":"","aboutPage":"","contactPage":""},"address":{"line1":"","line2":"","zip":"","city":"","state":"","country":""},"contact":{"email":"","phone":"","fax":""},"ids":{"vatID":"","taxID":"","chamberID":""},"payment":{"priceIndication":"","currenciesAccepted":"","methodsAccepted":""},"areaServed":""},"openingHours":{"show":false,"closedLabel":"","open24h":false,"open24hLabel":"","open247":false,"use24hFormat":false,"twoSets":false,"timezone":"","hours":[]}},"seo_analyzer_scan_date":"2025-10-10 00:30:43","breadcrumb_settings":null,"limit_modified_date":false,"open_ai":null,"ai":null,"created":"2020-12-21 17:50:19","updated":"2026-01-28 11:47:42"},"_links":{"self":[{"href":"https:\/\/prettylinks.com\/pt\/wp-json\/wp\/v2\/pages\/133","targetHints":{"allow":["GET"]}}],"collection":[{"href":"https:\/\/prettylinks.com\/pt\/wp-json\/wp\/v2\/pages"}],"about":[{"href":"https:\/\/prettylinks.com\/pt\/wp-json\/wp\/v2\/types\/page"}],"author":[{"embeddable":true,"href":"https:\/\/prettylinks.com\/pt\/wp-json\/wp\/v2\/users\/1"}],"replies":[{"embeddable":true,"href":"https:\/\/prettylinks.com\/pt\/wp-json\/wp\/v2\/comments?post=133"}],"version-history":[{"count":0,"href":"https:\/\/prettylinks.com\/pt\/wp-json\/wp\/v2\/pages\/133\/revisions"}],"wp:attachment":[{"href":"https:\/\/prettylinks.com\/pt\/wp-json\/wp\/v2\/media?parent=133"}],"curies":[{"name":"wp","href":"https:\/\/api.w.org\/{rel}","templated":true}]}}