{"id":861,"date":"2013-12-13T23:29:07","date_gmt":"2013-12-13T23:29:07","guid":{"rendered":"https:\/\/prettylinks.com\/affiliate-signup\/"},"modified":"2025-10-15T09:30:14","modified_gmt":"2025-10-15T15:30:14","slug":"affiliate-signup","status":"publish","type":"page","link":"https:\/\/prettylinks.com\/fr\/affiliate-signup\/","title":{"rendered":"Inscription d'un affili\u00e9"},"content":{"rendered":"<div class=\"esaf esaf-affiliate-application\">\n\n  <form class=\"esaf-form esaf-affiliate-application-form\" method=\"post\" action=\"\">\n\n    \n    <div class=\"esaf-form-description\">Veuillez remplir ce formulaire pour vous inscrire \u00e0 notre programme d'affiliation :<\/div>\n\n    \n    \n    <div class=\"esaf-form-row esaf_first_name\">\n      <div class=\"esaf-form-label\">\n        <label for=\"_wafp_affiliateapplication_first_name\">Pr\u00e9nom<span class=\"esaf-required\">*<\/span><\/label>\n        <span class=\"esaf-validation-error\">Exig\u00e9e<\/span>\n      <\/div>\n      <input type=\"text\" name=\"_wafp_affiliateapplication_first_name\" id=\"_wafp_affiliateapplication_first_name\" value=\"\" required \/>\n    <\/div>\n\n    <div class=\"esaf-form-row esaf_last_name\">\n      <div class=\"esaf-form-label\">\n        <label for=\"_wafp_affiliateapplication_last_name\">Nom de famille<span class=\"esaf-required\">*<\/span><\/label>\n        <span class=\"esaf-validation-error\">Exig\u00e9e<\/span>\n      <\/div>\n      <input type=\"text\" name=\"_wafp_affiliateapplication_last_name\" id=\"_wafp_affiliateapplication_last_name\" value=\"\" required \/>\n    <\/div>\n\n    <div class=\"esaf-form-row esaf_email\">\n      <div class=\"esaf-form-label\">\n        <label for=\"_wafp_affiliateapplication_email\">Courriel<span class=\"esaf-required\">*<\/span><\/label>\n        <span class=\"esaf-validation-error\">Obligatoire et doit \u00eatre une adresse \u00e9lectronique valide<\/span>\n      <\/div>\n      <input type=\"email\" name=\"_wafp_affiliateapplication_email\" id=\"_wafp_affiliateapplication_email\" value=\"\" required \/>\n    <\/div>\n\n    <div class=\"esaf-form-row esaf_websites\">\n      <div class=\"esaf-form-label\">\n        <label for=\"_wafp_affiliateapplication_websites\">Veuillez \u00e9num\u00e9rer les sites web que vous utiliserez pour nous promouvoir (un par ligne)<span class=\"esaf-required\">*<\/span><\/label>\n                  <span class=\"esaf-validation-error\">Exig\u00e9e<\/span>\n              <\/div>\n      <textarea name=\"_wafp_affiliateapplication_websites\" id=\"_wafp_affiliateapplication_websites\" required><\/textarea>\n    <\/div>\n\n    <div class=\"esaf-form-row esaf_strategy\">\n      <div class=\"esaf-form-label\">\n        <label for=\"_wafp_affiliateapplication_strategy\">Comment comptez-vous nous promouvoir ?<span class=\"esaf-required\">*<\/span><\/label>\n                  <span class=\"esaf-validation-error\">Exig\u00e9e<\/span>\n              <\/div>\n      <textarea name=\"_wafp_affiliateapplication_strategy\" id=\"_wafp_affiliateapplication_strategy\" required><\/textarea>\n    <\/div>\n\n    <div class=\"esaf-form-row esaf_social\">\n      <div class=\"esaf-form-label\">\n        <label for=\"_wafp_affiliateapplication_social\">Liens avec les m\u00e9dias sociaux<\/label>\n      <\/div>\n      <textarea name=\"_wafp_affiliateapplication_social\" id=\"_wafp_affiliateapplication_social\"><\/textarea>\n    <\/div>\n\n    \n    <label for=\"wafp_honeypot\" class=\"esaf-visually-hidden\">Le champ doit \u00eatre vide<\/label>\n    <input type=\"text\" name=\"wafp_honeypot\" id=\"wafp_honeypot\" class=\"esaf-visually-hidden\" autocomplete=\"new-password\" \/>\n\n    <div class=\"esaf-form-button-row\">\n      <button class=\"esaf-submit\">Demande d'affiliation<\/button>\n      <img decoding=\"async\" src=\"https:\/\/prettylinks.com\/wp-content\/plugins\/easy-affiliate\/images\/loading.gif\" class=\"esaf-loading-gif esaf-hidden\" alt=\"Chargement...\" \/>\n      <span class=\"esaf-form-has-errors\">Veuillez corriger les erreurs ci-dessus<\/span>\n    <\/div>\n\n  <input type=\"hidden\" name=\"trp-form-language\" value=\"fr\"\/><\/form>\n\n<\/div>","protected":false},"excerpt":{"rendered":"<p>Veuillez remplir ce formulaire pour vous inscrire \u00e0 notre programme d'affiliation : Pr\u00e9nom* Requis Nom de famille* Requis Email* Requis et doit \u00eatre une adresse email valide Listez les sites web que vous utiliserez pour nous promouvoir (un par ligne)* Requis Comment pr\u00e9voyez-vous de nous promouvoir* Requis Poign\u00e9es\/liens des m\u00e9dias sociaux Le champ doit \u00eatre vide Postulez...<\/p>","protected":false},"author":2,"featured_media":0,"parent":0,"menu_order":10,"comment_status":"closed","ping_status":"closed","template":"","meta":{"om_disable_all_campaigns":false,"_strive_editorial_status":"not-started","_strive_copy_of":0,"_monsterinsights_skip_tracking":false,"_monsterinsights_sitenote_active":false,"_monsterinsights_sitenote_note":"","_monsterinsights_sitenote_category":0,"footnotes":"","maurice_hero_tagline":"","maurice_hero_title":"","maurice_hero_subtitle":"","maurice_hero_cta_link":"","maurice_hero_cta_text":""},"class_list":["post-861","page","type-page","status-publish","hentry"],"aioseo_notices":[],"aioseo_head":"\n\t\t<!-- All in One SEO Pro 4.9.5.2 - aioseo.com -->\n\t<meta name=\"description\" content=\"Want to become an affiliate for the world&#039;s best link cloaking and link management plugin for WordPress? Apply here!\" \/>\n\t<meta name=\"robots\" content=\"noindex, nofollow, max-snippet:-1, max-image-preview:large, max-video-preview:-1\" \/>\n\t<link rel=\"canonical\" href=\"https:\/\/prettylinks.com\/fr\/affiliate-signup\/\" \/>\n\t<meta name=\"generator\" content=\"All in One SEO Pro (AIOSEO) 4.9.5.2\" \/>\n\t\t<meta property=\"og:locale\" content=\"fr_FR\" \/>\n\t\t<meta property=\"og:site_name\" content=\"PrettyLinks\" \/>\n\t\t<meta property=\"og:type\" content=\"article\" \/>\n\t\t<meta property=\"og:title\" content=\"Affiliate Signup\" \/>\n\t\t<meta property=\"og:description\" content=\"Want to become an affiliate for the world&#039;s best link cloaking and link management plugin for WordPress? Apply here!\" \/>\n\t\t<meta property=\"og:url\" content=\"https:\/\/prettylinks.com\/fr\/affiliate-signup\/\" \/>\n\t\t<meta property=\"article:published_time\" content=\"2013-12-13T23:29:07+00:00\" \/>\n\t\t<meta property=\"article:modified_time\" content=\"2025-10-15T15:30:14+00:00\" \/>\n\t\t<meta name=\"twitter:card\" content=\"summary_large_image\" \/>\n\t\t<meta name=\"twitter:title\" content=\"Affiliate Signup\" \/>\n\t\t<meta name=\"twitter:description\" content=\"Want to become an affiliate for the world&#039;s best link cloaking and link management plugin for WordPress? Apply here!\" \/>\n\t\t<script type=\"application\/ld+json\" class=\"aioseo-schema\">\n\t\t\t{\"@context\":\"https:\\\/\\\/schema.org\",\"@graph\":[{\"@type\":\"BreadcrumbList\",\"@id\":\"https:\\\/\\\/prettylinks.com\\\/fr\\\/affiliate-signup\\\/#breadcrumblist\",\"itemListElement\":[{\"@type\":\"ListItem\",\"@id\":\"https:\\\/\\\/prettylinks.com\\\/fr#listItem\",\"position\":1,\"name\":\"Home\",\"item\":\"https:\\\/\\\/prettylinks.com\\\/fr\",\"nextItem\":{\"@type\":\"ListItem\",\"@id\":\"https:\\\/\\\/prettylinks.com\\\/fr\\\/affiliate-signup\\\/#listItem\",\"name\":\"Affiliate Signup\"}},{\"@type\":\"ListItem\",\"@id\":\"https:\\\/\\\/prettylinks.com\\\/fr\\\/affiliate-signup\\\/#listItem\",\"position\":2,\"name\":\"Affiliate Signup\",\"previousItem\":{\"@type\":\"ListItem\",\"@id\":\"https:\\\/\\\/prettylinks.com\\\/fr#listItem\",\"name\":\"Home\"}}]},{\"@type\":\"Organization\",\"@id\":\"https:\\\/\\\/prettylinks.com\\\/fr\\\/#organization\",\"name\":\"PrettyLinks\",\"description\":\"Top Affiliate Link & URL Shortener for WordPress\",\"url\":\"https:\\\/\\\/prettylinks.com\\\/fr\\\/\"},{\"@type\":\"WebPage\",\"@id\":\"https:\\\/\\\/prettylinks.com\\\/fr\\\/affiliate-signup\\\/#webpage\",\"url\":\"https:\\\/\\\/prettylinks.com\\\/fr\\\/affiliate-signup\\\/\",\"name\":\"Affiliate Signup\",\"description\":\"Want to become an affiliate for the world's best link cloaking and link management plugin for WordPress? Apply here!\",\"inLanguage\":\"fr-FR\",\"isPartOf\":{\"@id\":\"https:\\\/\\\/prettylinks.com\\\/fr\\\/#website\"},\"breadcrumb\":{\"@id\":\"https:\\\/\\\/prettylinks.com\\\/fr\\\/affiliate-signup\\\/#breadcrumblist\"},\"datePublished\":\"2013-12-13T23:29:07-07:00\",\"dateModified\":\"2025-10-15T09:30:14-06:00\"},{\"@type\":\"WebSite\",\"@id\":\"https:\\\/\\\/prettylinks.com\\\/fr\\\/#website\",\"url\":\"https:\\\/\\\/prettylinks.com\\\/fr\\\/\",\"name\":\"PrettyLinks\",\"description\":\"Top Affiliate Link & URL Shortener for WordPress\",\"inLanguage\":\"fr-FR\",\"publisher\":{\"@id\":\"https:\\\/\\\/prettylinks.com\\\/fr\\\/#organization\"}}]}\n\t\t<\/script>\n\t\t<!-- All in One SEO Pro -->\r\n\t\t<title>Affiliate Signup<\/title>\n\n","aioseo_head_json":{"title":"Inscription d'un affili\u00e9","description":"Vous souhaitez devenir un affili\u00e9 du meilleur plugin de masquage et de gestion de liens pour WordPress ? Posez votre candidature ici !","canonical_url":"https:\/\/prettylinks.com\/fr\/affiliate-signup\/","robots":"noindex, nofollow, max-snippet:-1, max-image-preview:large, max-video-preview:-1","keywords":"","webmasterTools":{"miscellaneous":""},"schema":{"@context":"https:\/\/schema.org","@graph":[{"@type":"BreadcrumbList","@id":"https:\/\/prettylinks.com\/fr\/affiliate-signup\/#breadcrumblist","itemListElement":[{"@type":"ListItem","@id":"https:\/\/prettylinks.com\/fr#listItem","position":1,"name":"Home","item":"https:\/\/prettylinks.com\/fr","nextItem":{"@type":"ListItem","@id":"https:\/\/prettylinks.com\/fr\/affiliate-signup\/#listItem","name":"Affiliate Signup"}},{"@type":"ListItem","@id":"https:\/\/prettylinks.com\/fr\/affiliate-signup\/#listItem","position":2,"name":"Affiliate Signup","previousItem":{"@type":"ListItem","@id":"https:\/\/prettylinks.com\/fr#listItem","name":"Home"}}]},{"@type":"Organization","@id":"https:\/\/prettylinks.com\/fr\/#organization","name":"PrettyLinks","description":"Top Affiliate Link & URL Shortener for WordPress","url":"https:\/\/prettylinks.com\/fr\/"},{"@type":"WebPage","@id":"https:\/\/prettylinks.com\/fr\/affiliate-signup\/#webpage","url":"https:\/\/prettylinks.com\/fr\/affiliate-signup\/","name":"Affiliate Signup","description":"Want to become an affiliate for the world's best link cloaking and link management plugin for WordPress? Apply here!","inLanguage":"fr-FR","isPartOf":{"@id":"https:\/\/prettylinks.com\/fr\/#website"},"breadcrumb":{"@id":"https:\/\/prettylinks.com\/fr\/affiliate-signup\/#breadcrumblist"},"datePublished":"2013-12-13T23:29:07-07:00","dateModified":"2025-10-15T09:30:14-06:00"},{"@type":"WebSite","@id":"https:\/\/prettylinks.com\/fr\/#website","url":"https:\/\/prettylinks.com\/fr\/","name":"PrettyLinks","description":"Top Affiliate Link & URL Shortener for WordPress","inLanguage":"fr-FR","publisher":{"@id":"https:\/\/prettylinks.com\/fr\/#organization"}}]},"og:locale":"fr_FR","og:site_name":"PrettyLinks","og:type":"article","og:title":"Affiliate Signup","og:description":"Want to become an affiliate for the world's best link cloaking and link management plugin for WordPress? Apply here!","og:url":"https:\/\/prettylinks.com\/fr\/affiliate-signup\/","article:published_time":"2013-12-13T23:29:07+00:00","article:modified_time":"2025-10-15T15:30:14+00:00","twitter:card":"summary_large_image","twitter:title":"Affiliate Signup","twitter:description":"Want to become an affiliate for the world's best link cloaking and link management plugin for WordPress? Apply here!"},"aioseo_meta_data":{"post_id":"861","title":null,"description":"Vous souhaitez devenir un affili\u00e9 du meilleur plugin de masquage et de gestion de liens pour WordPress ? Posez votre candidature ici !","keywords":[{"label":"pretty links affiliate program application","value":"pretty links affiliate program application"},{"label":"pretty links affiliate program signup","value":"pretty links affiliate program signup"}],"keyphrases":{"focus":[],"additional":[]},"primary_term":null,"canonical_url":null,"og_title":null,"og_description":null,"og_object_type":"default","og_image_type":"default","og_image_url":null,"og_image_width":null,"og_image_height":null,"og_image_custom_url":null,"og_image_custom_fields":null,"og_video":"","og_custom_url":null,"og_article_section":null,"og_article_tags":[],"twitter_use_og":false,"twitter_card":"default","twitter_image_type":"default","twitter_image_url":null,"twitter_image_custom_url":null,"twitter_image_custom_fields":null,"twitter_title":null,"twitter_description":null,"schema":{"blockGraphs":[],"customGraphs":[],"default":{"data":{"Article":[],"Course":[],"Dataset":[],"FAQPage":[],"Movie":[],"Person":[],"Product":[],"ProductReview":[],"Car":[],"Recipe":[],"Service":[],"SoftwareApplication":[],"WebPage":[]},"graphName":"","isEnabled":true},"graphs":[]},"schema_type":"default","schema_type_options":"{\"article\":{\"articleType\":\"BlogPosting\"},\"course\":{\"name\":\"\",\"description\":\"\",\"provider\":\"\"},\"faq\":{\"pages\":[]},\"product\":{\"reviews\":[]},\"recipe\":{\"ingredients\":[],\"instructions\":[],\"keywords\":[]},\"software\":{\"reviews\":[],\"operatingSystems\":[]},\"webPage\":{\"webPageType\":\"WebPage\"}}","pillar_content":false,"robots_default":false,"robots_noindex":true,"robots_noarchive":false,"robots_nosnippet":false,"robots_nofollow":true,"robots_noimageindex":false,"robots_noodp":false,"robots_notranslate":false,"robots_max_snippet":"-1","robots_max_videopreview":"-1","robots_max_imagepreview":"large","priority":null,"frequency":"default","local_seo":{"businessInfo":{"name":"","urls":{"website":"","aboutPage":"","contactPage":""},"address":{"line1":"","line2":"","zip":"","city":"","state":"","country":""},"contact":{"email":"","phone":"","fax":""},"ids":{"vatID":"","taxID":"","chamberID":""},"payment":{"priceIndication":"","currenciesAccepted":"","methodsAccepted":""},"areaServed":""},"openingHours":{"show":false,"closedLabel":"","open24h":false,"open24hLabel":"","open247":false,"use24hFormat":false,"twoSets":false,"timezone":"","hours":[]}},"seo_analyzer_scan_date":"2025-10-15 15:37:53","breadcrumb_settings":null,"limit_modified_date":false,"open_ai":null,"ai":null,"created":"2020-12-21 17:50:21","updated":"2026-01-02 01:32:47"},"_links":{"self":[{"href":"https:\/\/prettylinks.com\/fr\/wp-json\/wp\/v2\/pages\/861","targetHints":{"allow":["GET"]}}],"collection":[{"href":"https:\/\/prettylinks.com\/fr\/wp-json\/wp\/v2\/pages"}],"about":[{"href":"https:\/\/prettylinks.com\/fr\/wp-json\/wp\/v2\/types\/page"}],"author":[{"embeddable":true,"href":"https:\/\/prettylinks.com\/fr\/wp-json\/wp\/v2\/users\/2"}],"replies":[{"embeddable":true,"href":"https:\/\/prettylinks.com\/fr\/wp-json\/wp\/v2\/comments?post=861"}],"version-history":[{"count":1,"href":"https:\/\/prettylinks.com\/fr\/wp-json\/wp\/v2\/pages\/861\/revisions"}],"predecessor-version":[{"id":16727,"href":"https:\/\/prettylinks.com\/fr\/wp-json\/wp\/v2\/pages\/861\/revisions\/16727"}],"wp:attachment":[{"href":"https:\/\/prettylinks.com\/fr\/wp-json\/wp\/v2\/media?parent=861"}],"curies":[{"name":"wp","href":"https:\/\/api.w.org\/{rel}","templated":true}]}}