{"id":854,"date":"2013-12-13T22:57:02","date_gmt":"2013-12-13T22:57:02","guid":{"rendered":"https:\/\/prettylinks.com\/thank-you-2\/"},"modified":"2025-10-15T09:30:13","modified_gmt":"2025-10-15T15:30:13","slug":"thank-you","status":"publish","type":"page","link":"https:\/\/prettylinks.com\/fr\/thank-you\/","title":{"rendered":"Merci d'avoir achet\u00e9 PrettyLinks"},"content":{"rendered":"<p>Vous recevrez sous peu un courriel contenant votre licence PrettyLinks.<\/p>\n\n\n\n<p>Vous pouvez vous connecter ici pour g\u00e9rer votre compte et vos licences PrettyLinks (en utilisant le nom d'utilisateur et le mot de passe que vous venez de cr\u00e9er) :<\/p>\n\n\n\n<p><a href=\"https:\/\/prettylinks.com\/fr\/account\/\" data-type=\"link\" data-id=\"https:\/\/prettylinks.com\/account\">https:\/\/prettylinks.com\/account<\/a><\/p>\n\n\n\n<p>Une fois que vous avez obtenu votre cl\u00e9 de licence, <em><b>si vous n'avez pas encore install\u00e9 PrettyLinks Lite<\/b><\/em>Voici comment installer et activer PrettyLinks :<\/p>\n\n\n\n<ol class=\"wp-block-list\">\n<li>T\u00e9l\u00e9chargez la derni\u00e8re version de PrettyLinks en utilisant le lien unique qui vous a \u00e9t\u00e9 fourni dans votre courriel d'installation.<\/li>\n\n\n\n<li>Acc\u00e9dez \u00e0 l'administration de votre site web WordPress<\/li>\n\n\n\n<li>Naviguez jusqu'\u00e0 \"Plugins\" -&gt; \"Ajouter un nouveau\" et cliquez sur \"T\u00e9l\u00e9charger\".<\/li>\n\n\n\n<li>Chargez le fichier zip que vous venez de t\u00e9l\u00e9charger et cliquez sur \"Activer\".<\/li>\n\n\n\n<li>Naviguez vers 'PrettyLinks' -&gt; 'Activate Pro' dans votre administration WordPress et entrez votre cl\u00e9 de licence &amp; et activez-la.<\/li>\n<\/ol>\n\n\n\n<p>Alternativement, <em><b>si vous avez d\u00e9j\u00e0 install\u00e9 PrettyLinks Lite<\/b><\/em>Voici comment installer et activer PrettyLinks :<\/p>\n\n\n\n<ol class=\"wp-block-list\">\n<li>Naviguez vers 'PrettyLinks' -&gt; 'Upgrade to Pro' dans votre administration WordPress, entrez votre cl\u00e9 de licence et activez-la.<\/li>\n\n\n\n<li>Cliquez sur le bouton \"Mettre \u00e0 jour le plugin vers Pro\"<\/li>\n<\/ol>\n\n\n\n<p>C'est tout !<\/p>\n\n\n\n<p>Si vous avez des questions en cours de route, vous pouvez acc\u00e9der au manuel d'utilisation du PrettyLinks et \u00e0 l'assistance \u00e0 partir de votre tableau de bord d'adh\u00e9rent \u00e0 l'adresse suivante <a href=\"https:\/\/prettylinks.com\/fr\/account\/\">https:\/\/prettylinks.com\/account\/<\/a>.<\/p>\n\n\n\n<p>Sant\u00e9 !<\/p>\n\n\n\n<p>L'\u00e9quipe PrettyLinks<\/p>","protected":false},"excerpt":{"rendered":"<p>Vous recevrez bient\u00f4t un email avec votre licence PrettyLinks. Vous pouvez vous connecter ici pour g\u00e9rer votre compte et vos licences PrettyLinks (en utilisant le nom d'utilisateur et le mot de passe que vous venez de configurer) : https:\/\/prettylinks.com\/account Une fois que vous avez re\u00e7u votre cl\u00e9 de licence, si vous n'avez pas encore install\u00e9 PrettyLinks Lite, voici comment installer et activer PrettyLinks : Alternativement, si vous avez...<\/p>","protected":false},"author":2,"featured_media":0,"parent":0,"menu_order":56,"comment_status":"closed","ping_status":"closed","template":"single_framed","meta":{"om_disable_all_campaigns":false,"_strive_editorial_status":"not-started","_strive_copy_of":0,"_monsterinsights_skip_tracking":false,"_monsterinsights_sitenote_active":false,"_monsterinsights_sitenote_note":"","_monsterinsights_sitenote_category":0,"footnotes":"","maurice_hero_tagline":"","maurice_hero_title":"","maurice_hero_subtitle":"","maurice_hero_cta_link":"","maurice_hero_cta_text":""},"class_list":["post-854","page","type-page","status-publish","hentry"],"aioseo_notices":[],"aioseo_head":"\n\t\t<!-- All in One SEO Pro 4.9.5.2 - aioseo.com -->\n\t<meta name=\"description\" content=\"You&#039;ll be receiving an email shortly with your PrettyLinks license. You can login here to manage your PrettyLinks account and licenses (using the username &amp; password you just setup): https:\/\/prettylinks.com\/account Once you get your License Key, if you don&#039;t currently have PrettyLinks Lite installed, here&#039;s how you&#039;ll install &amp; activate PrettyLinks: Download the latest version\" \/>\n\t<meta name=\"robots\" content=\"max-snippet:-1, max-image-preview:large, max-video-preview:-1\" \/>\n\t<link rel=\"canonical\" href=\"https:\/\/prettylinks.com\/fr\/thank-you\/\" \/>\n\t<meta name=\"generator\" content=\"All in One SEO Pro (AIOSEO) 4.9.5.2\" \/>\n\t\t<meta property=\"og:locale\" content=\"fr_FR\" \/>\n\t\t<meta property=\"og:site_name\" content=\"PrettyLinks\" \/>\n\t\t<meta property=\"og:type\" content=\"article\" \/>\n\t\t<meta property=\"og:title\" content=\"Thanks for Purchasing PrettyLinks\" \/>\n\t\t<meta property=\"og:description\" content=\"You&#039;ll be receiving an email shortly with your PrettyLinks license. You can login here to manage your PrettyLinks account and licenses (using the username &amp; password you just setup): https:\/\/prettylinks.com\/account Once you get your License Key, if you don&#039;t currently have PrettyLinks Lite installed, here&#039;s how you&#039;ll install &amp; activate PrettyLinks: Download the latest version\" \/>\n\t\t<meta property=\"og:url\" content=\"https:\/\/prettylinks.com\/fr\/thank-you\/\" \/>\n\t\t<meta property=\"article:published_time\" content=\"2013-12-13T22:57:02+00:00\" \/>\n\t\t<meta property=\"article:modified_time\" content=\"2025-10-15T15:30:13+00:00\" \/>\n\t\t<meta name=\"twitter:card\" content=\"summary_large_image\" \/>\n\t\t<meta name=\"twitter:title\" content=\"Thanks for Purchasing PrettyLinks\" \/>\n\t\t<meta name=\"twitter:description\" content=\"You&#039;ll be receiving an email shortly with your PrettyLinks license. You can login here to manage your PrettyLinks account and licenses (using the username &amp; password you just setup): https:\/\/prettylinks.com\/account Once you get your License Key, if you don&#039;t currently have PrettyLinks Lite installed, here&#039;s how you&#039;ll install &amp; activate PrettyLinks: Download the latest version\" \/>\n\t\t<script type=\"application\/ld+json\" class=\"aioseo-schema\">\n\t\t\t{\"@context\":\"https:\\\/\\\/schema.org\",\"@graph\":[{\"@type\":\"BreadcrumbList\",\"@id\":\"https:\\\/\\\/prettylinks.com\\\/fr\\\/thank-you\\\/#breadcrumblist\",\"itemListElement\":[{\"@type\":\"ListItem\",\"@id\":\"https:\\\/\\\/prettylinks.com\\\/fr#listItem\",\"position\":1,\"name\":\"Home\",\"item\":\"https:\\\/\\\/prettylinks.com\\\/fr\",\"nextItem\":{\"@type\":\"ListItem\",\"@id\":\"https:\\\/\\\/prettylinks.com\\\/fr\\\/thank-you\\\/#listItem\",\"name\":\"Thanks for Purchasing PrettyLinks\"}},{\"@type\":\"ListItem\",\"@id\":\"https:\\\/\\\/prettylinks.com\\\/fr\\\/thank-you\\\/#listItem\",\"position\":2,\"name\":\"Thanks for Purchasing PrettyLinks\",\"previousItem\":{\"@type\":\"ListItem\",\"@id\":\"https:\\\/\\\/prettylinks.com\\\/fr#listItem\",\"name\":\"Home\"}}]},{\"@type\":\"Organization\",\"@id\":\"https:\\\/\\\/prettylinks.com\\\/fr\\\/#organization\",\"name\":\"PrettyLinks\",\"description\":\"Top Affiliate Link & URL Shortener for WordPress\",\"url\":\"https:\\\/\\\/prettylinks.com\\\/fr\\\/\"},{\"@type\":\"WebPage\",\"@id\":\"https:\\\/\\\/prettylinks.com\\\/fr\\\/thank-you\\\/#webpage\",\"url\":\"https:\\\/\\\/prettylinks.com\\\/fr\\\/thank-you\\\/\",\"name\":\"Thanks for Purchasing PrettyLinks\",\"description\":\"You'll be receiving an email shortly with your PrettyLinks license. You can login here to manage your PrettyLinks account and licenses (using the username & password you just setup): https:\\\/\\\/prettylinks.com\\\/account Once you get your License Key, if you don't currently have PrettyLinks Lite installed, here's how you'll install & activate PrettyLinks: Download the latest version\",\"inLanguage\":\"fr-FR\",\"isPartOf\":{\"@id\":\"https:\\\/\\\/prettylinks.com\\\/fr\\\/#website\"},\"breadcrumb\":{\"@id\":\"https:\\\/\\\/prettylinks.com\\\/fr\\\/thank-you\\\/#breadcrumblist\"},\"datePublished\":\"2013-12-13T22:57:02-07:00\",\"dateModified\":\"2025-10-15T09:30:13-06:00\"},{\"@type\":\"WebSite\",\"@id\":\"https:\\\/\\\/prettylinks.com\\\/fr\\\/#website\",\"url\":\"https:\\\/\\\/prettylinks.com\\\/fr\\\/\",\"name\":\"PrettyLinks\",\"description\":\"Top Affiliate Link & URL Shortener for WordPress\",\"inLanguage\":\"fr-FR\",\"publisher\":{\"@id\":\"https:\\\/\\\/prettylinks.com\\\/fr\\\/#organization\"}}]}\n\t\t<\/script>\n\t\t<!-- All in One SEO Pro -->\r\n\t\t<title>Thanks for Purchasing PrettyLinks<\/title>\n\n","aioseo_head_json":{"title":"Merci d'avoir achet\u00e9 PrettyLinks","description":"Vous recevrez bient\u00f4t un email contenant votre licence PrettyLinks. Vous pouvez vous connecter ici pour g\u00e9rer votre compte et vos licences PrettyLinks (en utilisant le nom d'utilisateur et le mot de passe que vous venez de cr\u00e9er) : https:\/\/prettylinks.com\/account Une fois que vous avez re\u00e7u votre cl\u00e9 de licence, si vous n'avez pas encore install\u00e9 PrettyLinks Lite, voici comment installer et activer PrettyLinks : T\u00e9l\u00e9chargez la derni\u00e8re version.","canonical_url":"https:\/\/prettylinks.com\/fr\/thank-you\/","robots":"max-snippet:-1, max-image-preview:large, max-video-preview:-1","keywords":"","webmasterTools":{"miscellaneous":""},"schema":{"@context":"https:\/\/schema.org","@graph":[{"@type":"BreadcrumbList","@id":"https:\/\/prettylinks.com\/fr\/thank-you\/#breadcrumblist","itemListElement":[{"@type":"ListItem","@id":"https:\/\/prettylinks.com\/fr#listItem","position":1,"name":"Home","item":"https:\/\/prettylinks.com\/fr","nextItem":{"@type":"ListItem","@id":"https:\/\/prettylinks.com\/fr\/thank-you\/#listItem","name":"Thanks for Purchasing PrettyLinks"}},{"@type":"ListItem","@id":"https:\/\/prettylinks.com\/fr\/thank-you\/#listItem","position":2,"name":"Thanks for Purchasing PrettyLinks","previousItem":{"@type":"ListItem","@id":"https:\/\/prettylinks.com\/fr#listItem","name":"Home"}}]},{"@type":"Organization","@id":"https:\/\/prettylinks.com\/fr\/#organization","name":"PrettyLinks","description":"Top Affiliate Link & URL Shortener for WordPress","url":"https:\/\/prettylinks.com\/fr\/"},{"@type":"WebPage","@id":"https:\/\/prettylinks.com\/fr\/thank-you\/#webpage","url":"https:\/\/prettylinks.com\/fr\/thank-you\/","name":"Thanks for Purchasing PrettyLinks","description":"You'll be receiving an email shortly with your PrettyLinks license. You can login here to manage your PrettyLinks account and licenses (using the username & password you just setup): https:\/\/prettylinks.com\/account Once you get your License Key, if you don't currently have PrettyLinks Lite installed, here's how you'll install & activate PrettyLinks: Download the latest version","inLanguage":"fr-FR","isPartOf":{"@id":"https:\/\/prettylinks.com\/fr\/#website"},"breadcrumb":{"@id":"https:\/\/prettylinks.com\/fr\/thank-you\/#breadcrumblist"},"datePublished":"2013-12-13T22:57:02-07:00","dateModified":"2025-10-15T09:30:13-06:00"},{"@type":"WebSite","@id":"https:\/\/prettylinks.com\/fr\/#website","url":"https:\/\/prettylinks.com\/fr\/","name":"PrettyLinks","description":"Top Affiliate Link & URL Shortener for WordPress","inLanguage":"fr-FR","publisher":{"@id":"https:\/\/prettylinks.com\/fr\/#organization"}}]},"og:locale":"fr_FR","og:site_name":"PrettyLinks","og:type":"article","og:title":"Thanks for Purchasing PrettyLinks","og:description":"You'll be receiving an email shortly with your PrettyLinks license. You can login here to manage your PrettyLinks account and licenses (using the username &amp; password you just setup): https:\/\/prettylinks.com\/account Once you get your License Key, if you don't currently have PrettyLinks Lite installed, here's how you'll install &amp; activate PrettyLinks: Download the latest version","og:url":"https:\/\/prettylinks.com\/fr\/thank-you\/","article:published_time":"2013-12-13T22:57:02+00:00","article:modified_time":"2025-10-15T15:30:13+00:00","twitter:card":"summary_large_image","twitter:title":"Thanks for Purchasing PrettyLinks","twitter:description":"You'll be receiving an email shortly with your PrettyLinks license. You can login here to manage your PrettyLinks account and licenses (using the username &amp; password you just setup): https:\/\/prettylinks.com\/account Once you get your License Key, if you don't currently have PrettyLinks Lite installed, here's how you'll install &amp; activate PrettyLinks: Download the latest version"},"aioseo_meta_data":{"post_id":"854","title":null,"description":null,"keywords":null,"keyphrases":null,"primary_term":null,"canonical_url":null,"og_title":null,"og_description":null,"og_object_type":"default","og_image_type":"default","og_image_url":null,"og_image_width":null,"og_image_height":null,"og_image_custom_url":null,"og_image_custom_fields":null,"og_video":null,"og_custom_url":null,"og_article_section":null,"og_article_tags":null,"twitter_use_og":false,"twitter_card":"default","twitter_image_type":"default","twitter_image_url":null,"twitter_image_custom_url":null,"twitter_image_custom_fields":null,"twitter_title":null,"twitter_description":null,"schema":{"blockGraphs":[],"customGraphs":[],"default":{"data":{"Article":[],"Course":[],"Dataset":[],"FAQPage":[],"Movie":[],"Person":[],"Product":[],"ProductReview":[],"Car":[],"Recipe":[],"Service":[],"SoftwareApplication":[],"WebPage":[]},"graphName":"","isEnabled":true},"graphs":[]},"schema_type":null,"schema_type_options":null,"pillar_content":false,"robots_default":true,"robots_noindex":false,"robots_noarchive":false,"robots_nosnippet":false,"robots_nofollow":false,"robots_noimageindex":false,"robots_noodp":false,"robots_notranslate":false,"robots_max_snippet":null,"robots_max_videopreview":null,"robots_max_imagepreview":"large","priority":null,"frequency":null,"local_seo":null,"seo_analyzer_scan_date":"2025-10-15 15:37:52","breadcrumb_settings":null,"limit_modified_date":false,"open_ai":null,"ai":null,"created":"2020-12-21 17:50:21","updated":"2026-01-19 11:40:37"},"_links":{"self":[{"href":"https:\/\/prettylinks.com\/fr\/wp-json\/wp\/v2\/pages\/854","targetHints":{"allow":["GET"]}}],"collection":[{"href":"https:\/\/prettylinks.com\/fr\/wp-json\/wp\/v2\/pages"}],"about":[{"href":"https:\/\/prettylinks.com\/fr\/wp-json\/wp\/v2\/types\/page"}],"author":[{"embeddable":true,"href":"https:\/\/prettylinks.com\/fr\/wp-json\/wp\/v2\/users\/2"}],"replies":[{"embeddable":true,"href":"https:\/\/prettylinks.com\/fr\/wp-json\/wp\/v2\/comments?post=854"}],"version-history":[{"count":1,"href":"https:\/\/prettylinks.com\/fr\/wp-json\/wp\/v2\/pages\/854\/revisions"}],"predecessor-version":[{"id":16726,"href":"https:\/\/prettylinks.com\/fr\/wp-json\/wp\/v2\/pages\/854\/revisions\/16726"}],"wp:attachment":[{"href":"https:\/\/prettylinks.com\/fr\/wp-json\/wp\/v2\/media?parent=854"}],"curies":[{"name":"wp","href":"https:\/\/api.w.org\/{rel}","templated":true}]}}