{"id":72,"date":"2009-07-23T15:57:05","date_gmt":"2009-07-23T19:57:05","guid":{"rendered":"https:\/\/prettylinks.com\/?page_id=72"},"modified":"2025-10-15T09:30:07","modified_gmt":"2025-10-15T15:30:07","slug":"privacy-policy","status":"publish","type":"page","link":"https:\/\/prettylinks.com\/fr\/privacy-policy\/","title":{"rendered":"Politique de confidentialit\u00e9"},"content":{"rendered":"<div class=\"wp-block-group alignwide is-style-maurice-layout-container is-layout-flow wp-block-group-is-layout-flow is-style-maurice-layout-container--1\">\n<p>Caseproof, LLC, une soci\u00e9t\u00e9 \u00e0 responsabilit\u00e9 limit\u00e9e de l'Utah, poss\u00e8de et exploite ce site web. Nous nous engageons \u00e0 respecter la confidentialit\u00e9 et la s\u00e9curit\u00e9 des informations de nos visiteurs. Voici une d\u00e9claration de nos pratiques en mati\u00e8re de protection de la vie priv\u00e9e :<\/p>\n\n\n\n<h4 class=\"wp-block-heading\">Informations collect\u00e9es<\/h4>\n\n\n\n<ul class=\"wp-block-list\">\n<li>Vos informations personnelles ne sont pas n\u00e9cessaires pour visiter le site PrettyLinks.com.<\/li>\n\n\n\n<li>Toutes les informations personnelles collect\u00e9es sont fournies en toute connaissance de cause et uniquement lorsqu'elles sont demand\u00e9es\/exig\u00e9es lors de l'enregistrement du compte pour une participation interactive sur PrettyLinks.com et au cours du processus de commande.<\/li>\n<\/ul>\n\n\n\n<h5 class=\"wp-block-heading\">Donn\u00e9es sur le trafic<\/h5>\n\n\n\n<ul class=\"wp-block-list\">\n<li>Votre adresse IP est une adresse num\u00e9rique attribu\u00e9e \u00e0 votre ordinateur par votre fournisseur d'acc\u00e8s \u00e0 Internet. Nous collectons automatiquement votre adresse IP en tant que donn\u00e9es de trafic afin de pouvoir vous renvoyer des informations sur demande. Cette adresse n'est pas utilis\u00e9e pour identifier vos informations personnelles.<\/li>\n\n\n\n<li>Les r\u00e9f\u00e9rents sont des r\u00e9f\u00e9rences \u00e0 l'adresse web \u00e0 partir de laquelle vous avez \u00e9tabli un lien et sont automatiquement transmis par votre navigateur web. Nous collectons les r\u00e9f\u00e9rents envoy\u00e9s par votre navigateur dans le cadre des donn\u00e9es de trafic. Ces donn\u00e9es ne sont pas associ\u00e9es \u00e0 des informations personnelles identifiables.<\/li>\n\n\n\n<li>Des informations sur le syst\u00e8me, telles que votre syst\u00e8me d'exploitation\/plateforme et le type de navigateur web que vous utilisez. Ces informations ne sont pas li\u00e9es \u00e0 des informations personnelles identifiables.<\/li>\n<\/ul>\n\n\n\n<h4 class=\"wp-block-heading\">Utilisation de l'information<\/h4>\n\n\n\n<h5 class=\"wp-block-heading\">Informations sur le compte<\/h5>\n\n\n\n<ul class=\"wp-block-list\">\n<li>Vos informations sont conserv\u00e9es sur un serveur web s\u00e9curis\u00e9 dans ce que nous estimons \u00eatre un environnement bien prot\u00e9g\u00e9.<\/li>\n\n\n\n<li>Caseproof ne partage les informations personnelles qu'avec les soci\u00e9t\u00e9s de facturation pour compl\u00e9ter les transactions et \u00e0 aucune autre fin. Aucune autre information n'est partag\u00e9e avec une soci\u00e9t\u00e9 tierce, \u00e0 quelque fin que ce soit et dans quelque circonstance que ce soit.<\/li>\n\n\n\n<li>Caseproof s'efforce de pr\u00e9server votre vie priv\u00e9e, mais les informations personnelles peuvent \u00eatre divulgu\u00e9es lorsque la loi l'exige et que nous croyons de bonne foi qu'une telle action est n\u00e9cessaire pour se conformer \u00e0 une proc\u00e9dure judiciaire, \u00e0 une ordonnance d'un tribunal ou \u00e0 une proc\u00e9dure l\u00e9gale.<\/li>\n<\/ul>\n\n\n\n<h5 class=\"wp-block-heading\">Cookies<\/h5>\n\n\n\n<ul class=\"wp-block-list\">\n<li>PrettyLinks.com s'appuie sur la technologie des \"cookies\" pour vous permettre d'acc\u00e9der \u00e0 nouveau au profil de votre compte enregistr\u00e9 au cours d'une session web. Ce m\u00e9canisme n'est utilis\u00e9 que pour votre commodit\u00e9 et \u00e0 aucune autre fin.<\/li>\n<\/ul>\n\n\n\n<h5 class=\"wp-block-heading\">Liens<\/h5>\n\n\n\n<p>Ce site web contient des liens vers d'autres sites. Veuillez noter que nous, Caseproof, ne sommes pas responsables des pratiques de confidentialit\u00e9 de ces autres sites. Nous encourageons nos visiteurs \u00e0 \u00eatre attentifs lorsqu'ils quittent notre site et \u00e0 lire les d\u00e9clarations de confidentialit\u00e9 de chaque site Web qui recueille des informations personnellement identifiables. Cette d\u00e9claration de confidentialit\u00e9 s'applique uniquement aux informations collect\u00e9es par ce site web.<\/p>\n\n\n\n<h5 class=\"wp-block-heading\">S\u00e9curit\u00e9<\/h5>\n\n\n\n<p>Ce site web prend toutes les pr\u00e9cautions n\u00e9cessaires pour prot\u00e9ger les informations de nos visiteurs. Lorsque les visiteurs soumettent des informations sensibles via le site web, ces informations sont prot\u00e9g\u00e9es \u00e0 la fois en ligne et hors ligne.<\/p>\n\n\n\n<p>Notre formulaire de commande demande aux clients de saisir des informations sensibles (telles que le num\u00e9ro de carte de cr\u00e9dit et\/ou le num\u00e9ro de s\u00e9curit\u00e9 sociale). Ces informations sont prot\u00e9g\u00e9es par un cryptage \u00e0 128 bits via le protocole SSL (Secure Sockets Layer) (<a href=\"http:\/\/en.wikipedia.org\/wiki\/Secure_Sockets_Layer\">Pour en savoir plus sur la technologie SSL, cliquez ici<\/a>).<\/p>\n\n\n\n<p>Si nous utilisons le cryptage SSL pour prot\u00e9ger les informations sensibles en ligne, nous faisons \u00e9galement tout ce qui est en notre pouvoir pour prot\u00e9ger les informations des utilisateurs hors ligne. Toutes les informations relatives \u00e0 nos clients, et pas seulement les informations sensibles mentionn\u00e9es ci-dessus, font l'objet d'un acc\u00e8s restreint dans nos bureaux. Seuls les employ\u00e9s qui ont besoin de ces informations pour effectuer un travail sp\u00e9cifique (par exemple, notre facturier ou un repr\u00e9sentant du service client\u00e8le) ont acc\u00e8s aux informations personnelles identifiables. Nos employ\u00e9s doivent utiliser des \u00e9conomiseurs d'\u00e9cran prot\u00e9g\u00e9s par mot de passe lorsqu'ils quittent leur bureau. Lorsqu'ils reviennent, ils doivent saisir \u00e0 nouveau leur mot de passe pour avoir \u00e0 nouveau acc\u00e8s aux informations de l'utilisateur. <\/p>\n\n\n\n<p>En outre, TOUS les employ\u00e9s sont tenus au courant de nos pratiques en mati\u00e8re de s\u00e9curit\u00e9 et de protection de la vie priv\u00e9e. Chaque trimestre, ainsi qu'\u00e0 chaque fois que de nouvelles politiques sont ajout\u00e9es, nos employ\u00e9s sont inform\u00e9s et\/ou se voient rappeler l'importance que nous accordons \u00e0 la protection de la vie priv\u00e9e et ce qu'ils peuvent faire pour garantir la protection des informations de nos clients. Enfin, les serveurs qui stockent les informations personnelles identifiables se trouvent dans un environnement s\u00e9curis\u00e9, dans un local ferm\u00e9 \u00e0 cl\u00e9.<\/p>\n\n\n\n<p>Si les visiteurs ont des questions concernant la s\u00e9curit\u00e9 sur PrettyLinks.com, n'h\u00e9sitez pas \u00e0 contacter&nbsp;<a href=\"\/fr\/contact\/\">Service client\u00e8le<\/a>.<\/p>\n\n\n\n<h4 class=\"wp-block-heading\">Correction, mise \u00e0 jour, suppression et d\u00e9sactivation des informations personnelles<\/h4>\n\n\n\n<p>Si les informations personnelles identifiables d'un visiteur changent (telles que le code postal, le t\u00e9l\u00e9phone, l'adresse \u00e9lectronique ou l'adresse postale), ou si un visiteur ne souhaite plus b\u00e9n\u00e9ficier de nos services, nous proposons un moyen de corriger, de mettre \u00e0 jour ou de supprimer\/d\u00e9sactiver les informations personnelles identifiables. Cette op\u00e9ration peut g\u00e9n\u00e9ralement \u00eatre effectu\u00e9e sur la page \"Votre compte\" ou en contactant notre service client\u00e8le. Vous pouvez \u00e9galement nous contacter par t\u00e9l\u00e9phone ou par courrier aux coordonn\u00e9es indiqu\u00e9es ci-dessous.<\/p>\n\n\n\n<h4 class=\"wp-block-heading\">Notification des modifications<\/h4>\n\n\n\n<p>Si nous d\u00e9cidons de modifier notre politique de confidentialit\u00e9, nous publierons ces modifications dans la pr\u00e9sente d\u00e9claration de confidentialit\u00e9, sur la page d'accueil et \u00e0 d'autres endroits que nous jugerons appropri\u00e9s afin que nos visiteurs soient toujours au courant des informations que nous recueillons, de la mani\u00e8re dont nous les utilisons et des circonstances dans lesquelles nous les divulguons, le cas \u00e9ch\u00e9ant.<\/p>\n\n\n\n<p>Toutefois, si nous devons utiliser les informations personnelles identifiables des visiteurs d'une mani\u00e8re diff\u00e9rente de celle indiqu\u00e9e au moment de la collecte, nous en informerons les utilisateurs en publiant un avis sur notre site web pendant 30 jours.<\/p>\n\n\n\n<h4 class=\"wp-block-heading\">Informations sur le contact<\/h4>\n\n\n\n<p>Si les visiteurs ont des questions ou des suggestions concernant notre politique de confidentialit\u00e9, veuillez nous contacter \u00e0 l'adresse suivante : <strong>Caseproof, LLC<\/strong><br> 11429 S District Dr.<br> #1227<br> South Jordan, UT 84095<br> (801) 921-6928<\/p>\n<\/div>","protected":false},"excerpt":{"rendered":"<p>Caseproof, LLC, une soci\u00e9t\u00e9 \u00e0 responsabilit\u00e9 limit\u00e9e de l'Utah, poss\u00e8de et exploite ce site web. Nous nous engageons \u00e0 respecter la confidentialit\u00e9 et la s\u00e9curit\u00e9 des informations de nos visiteurs. Ce qui suit est une d\u00e9claration de nos pratiques en mati\u00e8re de protection de la vie priv\u00e9e : Informations collect\u00e9es Donn\u00e9es sur le trafic Informations sur l'utilisation Informations sur le compte Cookies Liens Ce site Web contient des liens vers d'autres sites. Sachez que nous,...<\/p>","protected":false},"author":1,"featured_media":0,"parent":0,"menu_order":24,"comment_status":"closed","ping_status":"open","template":"","meta":{"om_disable_all_campaigns":false,"_strive_editorial_status":"not-started","_strive_copy_of":0,"_monsterinsights_skip_tracking":false,"_monsterinsights_sitenote_active":false,"_monsterinsights_sitenote_note":"","_monsterinsights_sitenote_category":0,"footnotes":"","maurice_hero_tagline":"","maurice_hero_title":"","maurice_hero_subtitle":"","maurice_hero_cta_link":"","maurice_hero_cta_text":""},"class_list":["post-72","page","type-page","status-publish","hentry"],"aioseo_notices":[],"aioseo_head":"\n\t\t<!-- All in One SEO Pro 4.9.5.2 - aioseo.com -->\n\t<meta name=\"description\" content=\"Caseproof, LLC, a Utah limited liability company, owns and operates this website. We are committed to the privacy and security of our visitors&#039; information. The following is a statement of our privacy practices: Information Collected Your personal information is not required to visit PrettyLinks.com Any personal information collected is knowingly provided by you and only\" \/>\n\t<meta name=\"robots\" content=\"max-snippet:-1, max-image-preview:large, max-video-preview:-1\" \/>\n\t<link rel=\"canonical\" href=\"https:\/\/prettylinks.com\/fr\/privacy-policy\/\" \/>\n\t<meta name=\"generator\" content=\"All in One SEO Pro (AIOSEO) 4.9.5.2\" \/>\n\t\t<meta property=\"og:locale\" content=\"fr_FR\" \/>\n\t\t<meta property=\"og:site_name\" content=\"PrettyLinks\" \/>\n\t\t<meta property=\"og:type\" content=\"article\" \/>\n\t\t<meta property=\"og:title\" content=\"Privacy Policy\" \/>\n\t\t<meta property=\"og:description\" content=\"Caseproof, LLC, a Utah limited liability company, owns and operates this website. We are committed to the privacy and security of our visitors&#039; information. The following is a statement of our privacy practices: Information Collected Your personal information is not required to visit PrettyLinks.com Any personal information collected is knowingly provided by you and only\" \/>\n\t\t<meta property=\"og:url\" content=\"https:\/\/prettylinks.com\/fr\/privacy-policy\/\" \/>\n\t\t<meta property=\"article:published_time\" content=\"2009-07-23T19:57:05+00:00\" \/>\n\t\t<meta property=\"article:modified_time\" content=\"2025-10-15T15:30:07+00:00\" \/>\n\t\t<meta name=\"twitter:card\" content=\"summary_large_image\" \/>\n\t\t<meta name=\"twitter:title\" content=\"Privacy Policy\" \/>\n\t\t<meta name=\"twitter:description\" content=\"Caseproof, LLC, a Utah limited liability company, owns and operates this website. We are committed to the privacy and security of our visitors&#039; information. The following is a statement of our privacy practices: Information Collected Your personal information is not required to visit PrettyLinks.com Any personal information collected is knowingly provided by you and only\" \/>\n\t\t<script type=\"application\/ld+json\" class=\"aioseo-schema\">\n\t\t\t{\"@context\":\"https:\\\/\\\/schema.org\",\"@graph\":[{\"@type\":\"BreadcrumbList\",\"@id\":\"https:\\\/\\\/prettylinks.com\\\/fr\\\/privacy-policy\\\/#breadcrumblist\",\"itemListElement\":[{\"@type\":\"ListItem\",\"@id\":\"https:\\\/\\\/prettylinks.com\\\/fr#listItem\",\"position\":1,\"name\":\"Home\",\"item\":\"https:\\\/\\\/prettylinks.com\\\/fr\",\"nextItem\":{\"@type\":\"ListItem\",\"@id\":\"https:\\\/\\\/prettylinks.com\\\/fr\\\/privacy-policy\\\/#listItem\",\"name\":\"Privacy Policy\"}},{\"@type\":\"ListItem\",\"@id\":\"https:\\\/\\\/prettylinks.com\\\/fr\\\/privacy-policy\\\/#listItem\",\"position\":2,\"name\":\"Privacy Policy\",\"previousItem\":{\"@type\":\"ListItem\",\"@id\":\"https:\\\/\\\/prettylinks.com\\\/fr#listItem\",\"name\":\"Home\"}}]},{\"@type\":\"Organization\",\"@id\":\"https:\\\/\\\/prettylinks.com\\\/fr\\\/#organization\",\"name\":\"PrettyLinks\",\"description\":\"Top Affiliate Link & URL Shortener for WordPress\",\"url\":\"https:\\\/\\\/prettylinks.com\\\/fr\\\/\"},{\"@type\":\"WebPage\",\"@id\":\"https:\\\/\\\/prettylinks.com\\\/fr\\\/privacy-policy\\\/#webpage\",\"url\":\"https:\\\/\\\/prettylinks.com\\\/fr\\\/privacy-policy\\\/\",\"name\":\"Privacy Policy\",\"description\":\"Caseproof, LLC, a Utah limited liability company, owns and operates this website. We are committed to the privacy and security of our visitors' information. The following is a statement of our privacy practices: Information Collected Your personal information is not required to visit PrettyLinks.com Any personal information collected is knowingly provided by you and only\",\"inLanguage\":\"fr-FR\",\"isPartOf\":{\"@id\":\"https:\\\/\\\/prettylinks.com\\\/fr\\\/#website\"},\"breadcrumb\":{\"@id\":\"https:\\\/\\\/prettylinks.com\\\/fr\\\/privacy-policy\\\/#breadcrumblist\"},\"datePublished\":\"2009-07-23T15:57:05-06:00\",\"dateModified\":\"2025-10-15T09:30:07-06:00\"},{\"@type\":\"WebSite\",\"@id\":\"https:\\\/\\\/prettylinks.com\\\/fr\\\/#website\",\"url\":\"https:\\\/\\\/prettylinks.com\\\/fr\\\/\",\"name\":\"PrettyLinks\",\"description\":\"Top Affiliate Link & URL Shortener for WordPress\",\"inLanguage\":\"fr-FR\",\"publisher\":{\"@id\":\"https:\\\/\\\/prettylinks.com\\\/fr\\\/#organization\"}}]}\n\t\t<\/script>\n\t\t<!-- All in One SEO Pro -->\r\n\t\t<title>Privacy Policy<\/title>\n\n","aioseo_head_json":{"title":"Politique de confidentialit\u00e9","description":"Caseproof, LLC, une soci\u00e9t\u00e9 \u00e0 responsabilit\u00e9 limit\u00e9e de l'Utah, poss\u00e8de et exploite ce site web. Nous nous engageons \u00e0 respecter la confidentialit\u00e9 et la s\u00e9curit\u00e9 des informations de nos visiteurs. Ce qui suit est une d\u00e9claration de nos pratiques en mati\u00e8re de protection de la vie priv\u00e9e : Informations collect\u00e9es Vos informations personnelles ne sont pas n\u00e9cessaires pour visiter PrettyLinks.com Toutes les informations personnelles collect\u00e9es sont fournies en toute connaissance de cause par vous et uniquement","canonical_url":"https:\/\/prettylinks.com\/fr\/privacy-policy\/","robots":"max-snippet:-1, max-image-preview:large, max-video-preview:-1","keywords":"","webmasterTools":{"miscellaneous":""},"schema":{"@context":"https:\/\/schema.org","@graph":[{"@type":"BreadcrumbList","@id":"https:\/\/prettylinks.com\/fr\/privacy-policy\/#breadcrumblist","itemListElement":[{"@type":"ListItem","@id":"https:\/\/prettylinks.com\/fr#listItem","position":1,"name":"Home","item":"https:\/\/prettylinks.com\/fr","nextItem":{"@type":"ListItem","@id":"https:\/\/prettylinks.com\/fr\/privacy-policy\/#listItem","name":"Privacy Policy"}},{"@type":"ListItem","@id":"https:\/\/prettylinks.com\/fr\/privacy-policy\/#listItem","position":2,"name":"Privacy Policy","previousItem":{"@type":"ListItem","@id":"https:\/\/prettylinks.com\/fr#listItem","name":"Home"}}]},{"@type":"Organization","@id":"https:\/\/prettylinks.com\/fr\/#organization","name":"PrettyLinks","description":"Top Affiliate Link & URL Shortener for WordPress","url":"https:\/\/prettylinks.com\/fr\/"},{"@type":"WebPage","@id":"https:\/\/prettylinks.com\/fr\/privacy-policy\/#webpage","url":"https:\/\/prettylinks.com\/fr\/privacy-policy\/","name":"Privacy Policy","description":"Caseproof, LLC, a Utah limited liability company, owns and operates this website. We are committed to the privacy and security of our visitors' information. The following is a statement of our privacy practices: Information Collected Your personal information is not required to visit PrettyLinks.com Any personal information collected is knowingly provided by you and only","inLanguage":"fr-FR","isPartOf":{"@id":"https:\/\/prettylinks.com\/fr\/#website"},"breadcrumb":{"@id":"https:\/\/prettylinks.com\/fr\/privacy-policy\/#breadcrumblist"},"datePublished":"2009-07-23T15:57:05-06:00","dateModified":"2025-10-15T09:30:07-06:00"},{"@type":"WebSite","@id":"https:\/\/prettylinks.com\/fr\/#website","url":"https:\/\/prettylinks.com\/fr\/","name":"PrettyLinks","description":"Top Affiliate Link & URL Shortener for WordPress","inLanguage":"fr-FR","publisher":{"@id":"https:\/\/prettylinks.com\/fr\/#organization"}}]},"og:locale":"fr_FR","og:site_name":"PrettyLinks","og:type":"article","og:title":"Privacy Policy","og:description":"Caseproof, LLC, a Utah limited liability company, owns and operates this website. We are committed to the privacy and security of our visitors' information. The following is a statement of our privacy practices: Information Collected Your personal information is not required to visit PrettyLinks.com Any personal information collected is knowingly provided by you and only","og:url":"https:\/\/prettylinks.com\/fr\/privacy-policy\/","article:published_time":"2009-07-23T19:57:05+00:00","article:modified_time":"2025-10-15T15:30:07+00:00","twitter:card":"summary_large_image","twitter:title":"Privacy Policy","twitter:description":"Caseproof, LLC, a Utah limited liability company, owns and operates this website. We are committed to the privacy and security of our visitors' information. The following is a statement of our privacy practices: Information Collected Your personal information is not required to visit PrettyLinks.com Any personal information collected is knowingly provided by you and only"},"aioseo_meta_data":{"post_id":"72","title":null,"description":null,"keywords":[{"label":"pretty links privacy policy","value":"pretty links privacy policy"}],"keyphrases":{"focus":[],"additional":[]},"primary_term":null,"canonical_url":null,"og_title":null,"og_description":null,"og_object_type":"default","og_image_type":"default","og_image_url":null,"og_image_width":null,"og_image_height":null,"og_image_custom_url":null,"og_image_custom_fields":null,"og_video":"","og_custom_url":null,"og_article_section":null,"og_article_tags":[],"twitter_use_og":false,"twitter_card":"default","twitter_image_type":"default","twitter_image_url":null,"twitter_image_custom_url":null,"twitter_image_custom_fields":null,"twitter_title":null,"twitter_description":null,"schema":{"blockGraphs":[],"customGraphs":[],"default":{"data":{"Article":[],"Course":[],"Dataset":[],"FAQPage":[],"Movie":[],"Person":[],"Product":[],"ProductReview":[],"Car":[],"Recipe":[],"Service":[],"SoftwareApplication":[],"WebPage":[]},"graphName":"","isEnabled":true},"graphs":[]},"schema_type":"default","schema_type_options":"{\"article\":{\"articleType\":\"BlogPosting\"},\"course\":{\"name\":\"\",\"description\":\"\",\"provider\":\"\"},\"faq\":{\"pages\":[]},\"product\":{\"reviews\":[]},\"recipe\":{\"ingredients\":[],\"instructions\":[],\"keywords\":[]},\"software\":{\"reviews\":[],\"operatingSystems\":[]},\"webPage\":{\"webPageType\":\"WebPage\"}}","pillar_content":false,"robots_default":true,"robots_noindex":false,"robots_noarchive":false,"robots_nosnippet":false,"robots_nofollow":false,"robots_noimageindex":false,"robots_noodp":false,"robots_notranslate":false,"robots_max_snippet":"-1","robots_max_videopreview":"-1","robots_max_imagepreview":"large","priority":null,"frequency":"default","local_seo":{"locations":{"business":{"name":"","businessType":"","image":"","areaServed":"","urls":{"website":"","aboutPage":"","contactPage":""},"address":{"streetLine1":"","streetLine2":"","zipCode":"","city":"","state":"","country":"","addressFormat":"#streetLineOne\\n#streetLineTwo\\n#city, #state #zipCode"},"contact":{"email":"","phone":"","phoneFormatted":"","fax":"","faxFormatted":""},"ids":{"vat":"","tax":"","chamberOfCommerce":""},"payment":{"priceRange":"","currenciesAccepted":"","methods":""}}},"openingHours":{"useDefaults":true,"show":false,"alwaysOpen":false,"use24hFormat":false,"timezone":"","labels":{"closed":"","alwaysOpen":""},"days":{"monday":{"open24h":false,"closed":false,"openTime":"09:00","closeTime":"17:00"},"tuesday":{"open24h":false,"closed":false,"openTime":"09:00","closeTime":"17:00"},"wednesday":{"open24h":false,"closed":false,"openTime":"09:00","closeTime":"17:00"},"thursday":{"open24h":false,"closed":false,"openTime":"09:00","closeTime":"17:00"},"friday":{"open24h":false,"closed":false,"openTime":"09:00","closeTime":"17:00"},"saturday":{"open24h":false,"closed":false,"openTime":"09:00","closeTime":"17:00"},"sunday":{"open24h":false,"closed":false,"openTime":"09:00","closeTime":"17:00"}},"closedLabel":"","open24h":false,"open24hLabel":"","open247":false,"twoSets":false,"hours":[]},"businessInfo":{"name":"","urls":{"website":"","aboutPage":"","contactPage":""},"address":{"line1":"","line2":"","zip":"","city":"","state":"","country":""},"contact":{"email":"","phone":"","fax":""},"ids":{"vatID":"","taxID":"","chamberID":""},"payment":{"priceIndication":"","currenciesAccepted":"","methodsAccepted":""},"areaServed":""}},"seo_analyzer_scan_date":"2025-10-15 15:34:33","breadcrumb_settings":null,"limit_modified_date":false,"open_ai":null,"ai":null,"created":"2020-12-21 17:50:19","updated":"2026-01-28 12:50:00"},"_links":{"self":[{"href":"https:\/\/prettylinks.com\/fr\/wp-json\/wp\/v2\/pages\/72","targetHints":{"allow":["GET"]}}],"collection":[{"href":"https:\/\/prettylinks.com\/fr\/wp-json\/wp\/v2\/pages"}],"about":[{"href":"https:\/\/prettylinks.com\/fr\/wp-json\/wp\/v2\/types\/page"}],"author":[{"embeddable":true,"href":"https:\/\/prettylinks.com\/fr\/wp-json\/wp\/v2\/users\/1"}],"replies":[{"embeddable":true,"href":"https:\/\/prettylinks.com\/fr\/wp-json\/wp\/v2\/comments?post=72"}],"version-history":[{"count":1,"href":"https:\/\/prettylinks.com\/fr\/wp-json\/wp\/v2\/pages\/72\/revisions"}],"predecessor-version":[{"id":16714,"href":"https:\/\/prettylinks.com\/fr\/wp-json\/wp\/v2\/pages\/72\/revisions\/16714"}],"wp:attachment":[{"href":"https:\/\/prettylinks.com\/fr\/wp-json\/wp\/v2\/media?parent=72"}],"curies":[{"name":"wp","href":"https:\/\/api.w.org\/{rel}","templated":true}]}}