{"id":68,"date":"2009-07-23T15:36:35","date_gmt":"2009-07-23T19:36:35","guid":{"rendered":"https:\/\/prettylinks.com\/?page_id=68"},"modified":"2025-10-15T09:30:07","modified_gmt":"2025-10-15T15:30:07","slug":"terms","status":"publish","type":"page","link":"https:\/\/prettylinks.com\/fr\/terms\/","title":{"rendered":"Conditions g\u00e9n\u00e9rales d'utilisation"},"content":{"rendered":"<div class=\"wp-block-group alignwide is-style-maurice-layout-container is-layout-flow wp-block-group-is-layout-flow is-style-maurice-layout-container--1\">\n<p>Notre site web vous accorde une licence limit\u00e9e non exclusive pour l'utilisation du plugin PrettyLinks et d'autres produits vendus par l'interm\u00e9diaire de notre site web (<a href=\"https:\/\/prettylinks.com\/fr\/\">https:\/\/prettylinks.com<\/a>) par Caseproof, LLC (les \"produits\") conform\u00e9ment aux pr\u00e9sentes conditions g\u00e9n\u00e9rales (la \"licence\") \u00e9mises par notre soci\u00e9t\u00e9.<\/p>\n\n\n\n<h5 class=\"wp-block-heading\">1. Licences des plugins<\/h5>\n\n\n\n<p>PrettyLinks est plac\u00e9 sous la licence publique g\u00e9n\u00e9rale GNU (<a href=\"http:\/\/www.gnu.org\/licenses\/gpl.html\">http:\/\/www.gnu.org\/licenses\/gpl.html<\/a>).<\/p>\n\n\n\n<p><a name=\"upgrades\"><\/a><\/p>\n\n\n\n<h5 class=\"wp-block-heading\">2. Service de mise \u00e0 niveau automatique<\/h5>\n\n\n\n<p>L'acc\u00e8s \u00e0 notre service de mises \u00e0 jour automatiques est disponible pour les clients en fonction de la licence achet\u00e9e et qui ont une cl\u00e9 de licence active. Une licence Blogueur permet des mises \u00e0 jour automatiques pour un seul site et une licence D\u00e9veloppeur permet des mises \u00e0 jour automatiques pour un nombre illimit\u00e9 de sites pour vous ou vos clients. Vous ne pouvez pas revendre l'acc\u00e8s \u00e0 votre cl\u00e9 de licence.<\/p>\n\n\n\n<p><a name=\"delivery\"><\/a><\/p>\n\n\n\n<h5 class=\"wp-block-heading\">3. Livraison<\/h5>\n\n\n\n<p>Apr\u00e8s r\u00e9ception du paiement, vous recevrez un courriel contenant le lien de t\u00e9l\u00e9chargement, le nom d'utilisateur et le mot de passe. Cet e-mail peut prendre jusqu'\u00e0 une heure, mais il arrive g\u00e9n\u00e9ralement dans les minutes qui suivent la commande. Si vous ne recevez pas d'e-mail apr\u00e8s cette p\u00e9riode, veuillez <a href=\"https:\/\/prettylinks.com\/fr\/contact\/\">nous contacter<\/a>. Vous pouvez ensuite vous connecter \u00e0 <a href=\"\/login\/\">votre compte<\/a> pour recevoir de l'aide. Si vous utilisez l'adresse e-mail que vous avez utilis\u00e9e pour acheter le plugin, vous aurez un acc\u00e8s imm\u00e9diat \u00e0 tous les documents relatifs \u00e0 l'assistance.<\/p>\n\n\n\n<p><a name=\"ownership\"><\/a><\/p>\n\n\n\n<h5 class=\"wp-block-heading\">4. Propri\u00e9t\u00e9<\/h5>\n\n\n\n<p>Vous ne pouvez pas revendiquer de droits de propri\u00e9t\u00e9 intellectuelle ou exclusive sur l'un de nos produits. Tous les produits sont la propri\u00e9t\u00e9 de Caseproof, LLC. Ils sont fournis \"en l'\u00e9tat\" sans garantie d'aucune sorte, expresse ou implicite. Nous ne serons pas responsables des dommages, y compris, mais sans s'y limiter, des dommages ou pertes directs, indirects, sp\u00e9ciaux, accessoires ou cons\u00e9cutifs r\u00e9sultant de l'utilisation ou de l'impossibilit\u00e9 d'utiliser nos produits.<\/p>\n\n\n\n<p><a name=\"content\"><\/a><\/p>\n\n\n\n<h5 class=\"wp-block-heading\">5. Contenu du site<\/h5>\n\n\n\n<p>Tout le contenu du site, y compris les images et la documentation publi\u00e9es sur PrettyLinks.com, est la propri\u00e9t\u00e9 de Caseproof, LLC. Toute reproduction du contenu du site doit faire l'objet d'une autorisation pr\u00e9alable. Le contenu de ce site ne doit pas \u00eatre utilis\u00e9 ou exploit\u00e9 \u00e0 des fins commerciales ou non commerciales sans l'accord \u00e9crit pr\u00e9alable de Caseproof, LLC.<\/p>\n\n\n\n<p><a name=\"refunds\"><\/a><\/p>\n\n\n\n<h5 class=\"wp-block-heading\">6. Politique de remboursement<\/h5>\n\n\n\n<p>La garantie de remboursement sans risque de PrettyLinks pr\u00e9voit que si, \u00e0 tout moment au cours des 14 premiers jours suivant l'ouverture de votre compte payant, vous d\u00e9cidez que PrettyLinks n'est pas fait pour vous, il vous suffit de le faire savoir \u00e0 notre formidable \u00e9quipe d'assistance (nous rendons les choses faciles !).<\/p>\n\n\n\n<p>Nous mettrons fin \u00e0 votre abonnement et vous rembourserons. Votre demande de remboursement doit \u00eatre re\u00e7ue dans les 24 heures ouvrables suivant les 14 jours de la date et de l'heure d'ouverture de votre compte payant. Bien que certains remboursements puissent \u00eatre instantan\u00e9s, le cr\u00e9dit de remboursement peut prendre jusqu'\u00e0 5 \u00e0 10 jours ouvrables pour appara\u00eetre sur votre relev\u00e9 de carte de cr\u00e9dit. Les demandes de remboursement effectu\u00e9es apr\u00e8s cette p\u00e9riode de 14 jours ne seront pas accept\u00e9es.<\/p>\n\n\n\n<p>Nous offrons \u00e9galement des remboursements dans les 14 premiers jours suivant un renouvellement d'abonnement pour le montant total moins des frais administratifs de 20% (et \u00e9ventuellement des frais de traitement des paiements). Veuillez noter que nous envoyons un rappel concernant les renouvellements \u00e0 venir et qu'il est de la responsabilit\u00e9 du client d'annuler son abonnement avant le renouvellement s'il ne souhaite pas continuer. Les demandes de remboursement pour les renouvellements effectu\u00e9s apr\u00e8s les 14 premiers jours suivant le renouvellement ne seront pas accept\u00e9es.<\/p>\n\n\n\n<p><a name=\"chargebacks\"><\/a><\/p>\n\n\n\n<h5 class=\"wp-block-heading\">7. D\u00e9bits compensatoires et frais bancaires<\/h5>\n\n\n\n<p>Les titulaires de licence doivent <a href=\"https:\/\/prettylinks.com\/fr\/contact\/\" target=\"_blank\" rel=\"noopener noreferrer\">nous contacter<\/a> Nous nous r\u00e9servons le droit de contester la r\u00e9trofacturation si le pr\u00e9l\u00e8vement n'est pas frauduleux et qu'aucune communication de la part du titulaire de la licence n'est \u00e9vidente. Nous nous r\u00e9servons le droit de contester les r\u00e9trofacturations si le pr\u00e9l\u00e8vement n'est pas frauduleux et qu'aucune communication de la part du titulaire de la licence n'est \u00e9vidente.<\/p>\n\n\n\n<p>Nous ne vous rembourserons pas, pour quelque raison que ce soit, les frais bancaires tels que, mais sans s'y limiter, les frais de d\u00e9couvert ou de conversion de devises.<\/p>\n\n\n\n<p><a name=\"support\"><\/a><\/p>\n\n\n\n<h5 class=\"wp-block-heading\">8. Soutien<\/h5>\n\n\n\n<p>Caseproof, LLC propose des plugins WordPress \"en l'\u00e9tat\" et sans garantie implicite qu'ils fonctionneront exactement comme vous le souhaitez ou qu'ils seront compatibles avec tous les composants et plugins de tierces parties. Nous n'offrons pas d'assistance par courrier \u00e9lectronique ni d'assistance pour WordPress ou d'autres plugins WordPress que nous n'avons pas d\u00e9velopp\u00e9s.<\/p>\n\n\n\n<p>Le support est offert via un nom d'utilisateur et un mot de passe valides. L'achat d'une licence vous donne acc\u00e8s \u00e0 notre syst\u00e8me de tickets de support.<\/p>\n\n\n\n<p>L'assistance et l'acc\u00e8s \u00e0 notre syst\u00e8me de mise \u00e0 jour automatique des produits sont fournis pour une dur\u00e9e d'un an \u00e0 compter de la date d'achat. Au bout d'un an, vous devez renouveler votre licence pour continuer \u00e0 b\u00e9n\u00e9ficier de l'assistance et des mises \u00e0 jour du produit.<\/p>\n\n\n\n<p>Les d\u00e9tenteurs de licence ne sont pas autoris\u00e9s \u00e0 r\u00e9afficher le contenu de l'assistance (y compris les courriels, les tickets d'assistance, les enregistrements d'appels t\u00e9l\u00e9phoniques ou les enregistrements de partages d'\u00e9cran) ou la documentation sur des sites web externes, des m\u00e9dias sociaux, etc. Il est \u00e9galement interdit de publier des captures d'\u00e9cran de ce contenu. La violation de cette interdiction entra\u00eenera la r\u00e9siliation imm\u00e9diate de la licence. Tout acc\u00e8s au contenu d'assistance sera \u00e9galement r\u00e9sili\u00e9 et les mises \u00e0 jour du produit seront interrompues. De m\u00eame, aucun de ces contenus ne peut \u00eatre utilis\u00e9 comme base ou partie d'un litige d\u00e9coulant de l'assistance ou de l'utilisation de nos plugins.<\/p>\n\n\n\n<p>Nous ne garantissons pas que notre service d'assistance sera en mesure de r\u00e9soudre tous les probl\u00e8mes et dans toutes les situations. Nous ne sommes pas non plus responsables des mesures prises par les propri\u00e9taires de sites ou par notre \u00e9quipe d'assistance qui entra\u00eenent une indisponibilit\u00e9 du site web, une perte de donn\u00e9es ou tout autre probl\u00e8me pendant le processus de d\u00e9pannage, de correction de bogues, de test ou autre.<\/p>\n\n\n\n<p>Nous ne garantissons pas non plus de r\u00e9ponse aux demandes d'assistance que nous recevons par courrier \u00e9lectronique (en dehors de notre syst\u00e8me de tickets d'assistance), par t\u00e9l\u00e9phone ou par le biais de notre formulaire de contact public. Nous nous r\u00e9servons le droit de refuser l'assistance \u00e0 tout utilisateur ou client si nous le jugeons n\u00e9cessaire.<\/p>\n\n\n\n<h5 class=\"wp-block-heading\">9. Emails transactionnels<\/h5>\n\n\n\n<p>Caseproof, LLC peut \u00e0 l'occasion vous envoyer des notifications par courrier \u00e9lectronique relatives \u00e0 votre licence PrettyLinks. Ces courriels transactionnels peuvent inclure des notifications de changement de licence, des modifications de nos conditions g\u00e9n\u00e9rales, des avis d'expiration de licence et d'autres informations transactionnelles li\u00e9es \u00e0 votre achat de PrettyLinks.<\/p>\n\n\n\n<h5 class=\"wp-block-heading\">10. Changements de prix<\/h5>\n\n\n\n<p>Caseproof, LLC se r\u00e9serve le droit, \u00e0 tout moment, de modifier ou d'interrompre, temporairement ou d\u00e9finitivement, une licence avec ou sans pr\u00e9avis. Les prix de tous les produits sont susceptibles d'\u00eatre modifi\u00e9s. Les modifications de prix seront signal\u00e9es sur le site.<\/p>\n\n\n\n<h5 class=\"wp-block-heading\">11. Garantie<\/h5>\n\n\n\n<p>Tous nos plugins WordPress sont fournis \"en l'\u00e9tat\". Nous ne garantissons pas qu'ils fonctionneront avec tous les plugins de tiers, avec tous les navigateurs web ou avec tous les h\u00e9bergeurs. Nous ne sommes pas responsables des \u00e9ventuels conflits de compatibilit\u00e9 entre les plugins. Notre politique est de soutenir nos plugins du mieux que nous pouvons, et nous fournirons une assistance pour les conflits de plugins de tierces parties \u00e0 notre discr\u00e9tion ou lorsque le temps le permettra. Nous ne sommes pas responsables des pertes de donn\u00e9es, des temps d'arr\u00eat du site web ou de tout autre probl\u00e8me pouvant r\u00e9sulter de l'installation de nos plugins.<\/p>\n\n\n\n<h5 class=\"wp-block-heading\">12. Acceptation<\/h5>\n\n\n\n<p>En achetant nos produits ou en t\u00e9l\u00e9chargeant nos plugins gratuits sur wordpress.org, vous indiquez que vous avez lu et accept\u00e9 les conditions g\u00e9n\u00e9rales d\u00e9taill\u00e9es sur cette page.<\/p>\n\n\n\n<h5 class=\"wp-block-heading\">13. Droit applicable et juridiction<\/h5>\n\n\n\n<p>Les pr\u00e9sentes conditions g\u00e9n\u00e9rales sont r\u00e9gies par les lois de l'\u00c9tat de l'Utah, sans tenir compte des principes de conflit de lois. Tout litige li\u00e9 aux pr\u00e9sentes conditions g\u00e9n\u00e9rales sera r\u00e9solu exclusivement devant les tribunaux d'\u00c9tat ou f\u00e9d\u00e9raux situ\u00e9s \u00e0 Salt Lake City, dans l'Utah, et les parties acceptent la comp\u00e9tence personnelle de ces tribunaux.<\/p>\n\n\n\n<h5 class=\"wp-block-heading\">14. Frais d'orientation<\/h5>\n\n\n\n<p>Nous percevons des commissions lorsque vous achetez des services aupr\u00e8s des entreprises que nous recommandons. Nous ne recommandons que des produits dont nous pensons qu'ils apporteront une valeur ajout\u00e9e \u00e0 nos lecteurs. Nous testons et utilisons minutieusement tous les produits que nous recommandons. Toutes les opinions sont les n\u00f4tres et nous n'acceptons aucun paiement pour des commentaires positifs.<\/p>\n\n\n\n<p>Cette m\u00e9thode de mon\u00e9tisation s'appelle le marketing d'affiliation. Les plus grandes marques de l'internet proposent des programmes d'affiliation, comme Amazon, eBay et Google. Nombre de vos sites pr\u00e9f\u00e9r\u00e9s ont recours au marketing d'affiliation pour payer leurs factures.<\/p>\n\n\n\n<p>La seule diff\u00e9rence est que tout le monde ne dit pas \u00e0 ses utilisateurs qu'il gagne de l'argent gr\u00e2ce au marketing d'affiliation.<\/p>\n\n\n\n<p>Lorsque vous cliquez sur des liens d'affiliation, un cookie sp\u00e9cial est plac\u00e9 sur votre \u00e9cran afin de suivre l'\u00e9volution de la recommandation. Si vous achetez le produit, l'annonceur nous verse une commission de parrainage, qui varie pour chaque produit.<\/p>\n\n\n\n<p>Question #1 - Cela me co\u00fbtera-t-il plus d'argent ?<\/p>\n\n\n\n<p>Non, absolument pas. Dans de nombreux cas, nos offres d'affiliation vous permettront d'\u00e9conomiser de l'argent.<\/p>\n\n\n\n<p>Question #2 - Voyez-vous mes donn\u00e9es personnelles ?<\/p>\n\n\n\n<p>Non. Nous ne voyons aucune information personnelle, telle que votre nom, votre adresse \u00e9lectronique, votre adresse postale, votre carte de cr\u00e9dit, etc. La seule chose que nous voyons est qu'un utilisateur anonyme a effectu\u00e9 un achat \u00e0 une date\/heure sp\u00e9cifique et quel produit il a achet\u00e9.<\/p>\n\n\n\n<p>Nous nous r\u00e9servons le droit de changer ou de modifier les pr\u00e9sentes conditions g\u00e9n\u00e9rales sans pr\u00e9avis.<\/p>\n<\/div>","protected":false},"excerpt":{"rendered":"<p>Notre site Web vous accorde une licence limit\u00e9e non exclusive pour l'utilisation du plugin PrettyLinks et d'autres produits vendus sur notre site Web (https:\/\/prettylinks.com) par Caseproof, LLC (les \" produits \") conform\u00e9ment aux pr\u00e9sentes conditions g\u00e9n\u00e9rales (la \" licence \") \u00e9mises par notre soci\u00e9t\u00e9. 1. Licence du plugin PrettyLinks est sous licence GNU general public license (http:\/\/www.gnu.org\/licenses\/gpl.html). 2. Service de mise \u00e0 jour automatique...<\/p>","protected":false},"author":1,"featured_media":0,"parent":0,"menu_order":34,"comment_status":"closed","ping_status":"closed","template":"","meta":{"om_disable_all_campaigns":false,"_strive_editorial_status":"not-started","_strive_copy_of":0,"_monsterinsights_skip_tracking":false,"_monsterinsights_sitenote_active":false,"_monsterinsights_sitenote_note":"","_monsterinsights_sitenote_category":0,"footnotes":"","maurice_hero_tagline":"","maurice_hero_title":"","maurice_hero_subtitle":"","maurice_hero_cta_link":"","maurice_hero_cta_text":""},"class_list":["post-68","page","type-page","status-publish","hentry"],"aioseo_notices":[],"aioseo_head":"\n\t\t<!-- All in One SEO Pro 4.9.5.2 - aioseo.com -->\n\t<meta name=\"description\" content=\"Our website grants you non-exclusive limited license to use the PrettyLinks plugin and other products sold through our website (https:\/\/prettylinks.com) by Caseproof, LLC (the &quot;products&quot;) in accordance with these Terms and Conditions (the &quot;license&quot;) issued by our company. 1. Plugin Licensing PrettyLinks is licensed under the GNU general public license (http:\/\/www.gnu.org\/licenses\/gpl.html). 2. Automatic Upgrade Service\" \/>\n\t<meta name=\"robots\" content=\"max-snippet:-1, max-image-preview:large, max-video-preview:-1\" \/>\n\t<link rel=\"canonical\" href=\"https:\/\/prettylinks.com\/fr\/terms\/\" \/>\n\t<meta name=\"generator\" content=\"All in One SEO Pro (AIOSEO) 4.9.5.2\" \/>\n\t\t<meta property=\"og:locale\" content=\"fr_FR\" \/>\n\t\t<meta property=\"og:site_name\" content=\"PrettyLinks\" \/>\n\t\t<meta property=\"og:type\" content=\"article\" \/>\n\t\t<meta property=\"og:title\" content=\"Terms and Conditions\" \/>\n\t\t<meta property=\"og:description\" content=\"Our website grants you non-exclusive limited license to use the PrettyLinks plugin and other products sold through our website (https:\/\/prettylinks.com) by Caseproof, LLC (the &quot;products&quot;) in accordance with these Terms and Conditions (the &quot;license&quot;) issued by our company. 1. Plugin Licensing PrettyLinks is licensed under the GNU general public license (http:\/\/www.gnu.org\/licenses\/gpl.html). 2. Automatic Upgrade Service\" \/>\n\t\t<meta property=\"og:url\" content=\"https:\/\/prettylinks.com\/fr\/terms\/\" \/>\n\t\t<meta property=\"article:published_time\" content=\"2009-07-23T19:36:35+00:00\" \/>\n\t\t<meta property=\"article:modified_time\" content=\"2025-10-15T15:30:07+00:00\" \/>\n\t\t<meta name=\"twitter:card\" content=\"summary_large_image\" \/>\n\t\t<meta name=\"twitter:title\" content=\"Terms and Conditions\" \/>\n\t\t<meta name=\"twitter:description\" content=\"Our website grants you non-exclusive limited license to use the PrettyLinks plugin and other products sold through our website (https:\/\/prettylinks.com) by Caseproof, LLC (the &quot;products&quot;) in accordance with these Terms and Conditions (the &quot;license&quot;) issued by our company. 1. Plugin Licensing PrettyLinks is licensed under the GNU general public license (http:\/\/www.gnu.org\/licenses\/gpl.html). 2. Automatic Upgrade Service\" \/>\n\t\t<script type=\"application\/ld+json\" class=\"aioseo-schema\">\n\t\t\t{\"@context\":\"https:\\\/\\\/schema.org\",\"@graph\":[{\"@type\":\"BreadcrumbList\",\"@id\":\"https:\\\/\\\/prettylinks.com\\\/fr\\\/terms\\\/#breadcrumblist\",\"itemListElement\":[{\"@type\":\"ListItem\",\"@id\":\"https:\\\/\\\/prettylinks.com\\\/fr#listItem\",\"position\":1,\"name\":\"Home\",\"item\":\"https:\\\/\\\/prettylinks.com\\\/fr\",\"nextItem\":{\"@type\":\"ListItem\",\"@id\":\"https:\\\/\\\/prettylinks.com\\\/fr\\\/terms\\\/#listItem\",\"name\":\"Terms and Conditions\"}},{\"@type\":\"ListItem\",\"@id\":\"https:\\\/\\\/prettylinks.com\\\/fr\\\/terms\\\/#listItem\",\"position\":2,\"name\":\"Terms and Conditions\",\"previousItem\":{\"@type\":\"ListItem\",\"@id\":\"https:\\\/\\\/prettylinks.com\\\/fr#listItem\",\"name\":\"Home\"}}]},{\"@type\":\"Organization\",\"@id\":\"https:\\\/\\\/prettylinks.com\\\/fr\\\/#organization\",\"name\":\"PrettyLinks\",\"description\":\"Top Affiliate Link & URL Shortener for WordPress\",\"url\":\"https:\\\/\\\/prettylinks.com\\\/fr\\\/\"},{\"@type\":\"WebPage\",\"@id\":\"https:\\\/\\\/prettylinks.com\\\/fr\\\/terms\\\/#webpage\",\"url\":\"https:\\\/\\\/prettylinks.com\\\/fr\\\/terms\\\/\",\"name\":\"Terms and Conditions\",\"description\":\"Our website grants you non-exclusive limited license to use the PrettyLinks plugin and other products sold through our website (https:\\\/\\\/prettylinks.com) by Caseproof, LLC (the \\\"products\\\") in accordance with these Terms and Conditions (the \\\"license\\\") issued by our company. 1. Plugin Licensing PrettyLinks is licensed under the GNU general public license (http:\\\/\\\/www.gnu.org\\\/licenses\\\/gpl.html). 2. Automatic Upgrade Service\",\"inLanguage\":\"fr-FR\",\"isPartOf\":{\"@id\":\"https:\\\/\\\/prettylinks.com\\\/fr\\\/#website\"},\"breadcrumb\":{\"@id\":\"https:\\\/\\\/prettylinks.com\\\/fr\\\/terms\\\/#breadcrumblist\"},\"datePublished\":\"2009-07-23T15:36:35-06:00\",\"dateModified\":\"2025-10-15T09:30:07-06:00\"},{\"@type\":\"WebSite\",\"@id\":\"https:\\\/\\\/prettylinks.com\\\/fr\\\/#website\",\"url\":\"https:\\\/\\\/prettylinks.com\\\/fr\\\/\",\"name\":\"PrettyLinks\",\"description\":\"Top Affiliate Link & URL Shortener for WordPress\",\"inLanguage\":\"fr-FR\",\"publisher\":{\"@id\":\"https:\\\/\\\/prettylinks.com\\\/fr\\\/#organization\"}}]}\n\t\t<\/script>\n\t\t<!-- All in One SEO Pro -->\r\n\t\t<title>Terms and Conditions<\/title>\n\n","aioseo_head_json":{"title":"Conditions g\u00e9n\u00e9rales d'utilisation","description":"Notre site Web vous accorde une licence limit\u00e9e non exclusive pour l'utilisation du plugin PrettyLinks et d'autres produits vendus sur notre site Web (https:\/\/prettylinks.com) par Caseproof, LLC (les \" produits \") conform\u00e9ment aux pr\u00e9sentes conditions g\u00e9n\u00e9rales (la \" licence \") \u00e9mises par notre soci\u00e9t\u00e9. 1. Licence du plugin PrettyLinks est sous licence GNU general public license (http:\/\/www.gnu.org\/licenses\/gpl.html). 2. Service de mise \u00e0 jour automatique","canonical_url":"https:\/\/prettylinks.com\/fr\/terms\/","robots":"max-snippet:-1, max-image-preview:large, max-video-preview:-1","keywords":"","webmasterTools":{"miscellaneous":""},"schema":{"@context":"https:\/\/schema.org","@graph":[{"@type":"BreadcrumbList","@id":"https:\/\/prettylinks.com\/fr\/terms\/#breadcrumblist","itemListElement":[{"@type":"ListItem","@id":"https:\/\/prettylinks.com\/fr#listItem","position":1,"name":"Home","item":"https:\/\/prettylinks.com\/fr","nextItem":{"@type":"ListItem","@id":"https:\/\/prettylinks.com\/fr\/terms\/#listItem","name":"Terms and Conditions"}},{"@type":"ListItem","@id":"https:\/\/prettylinks.com\/fr\/terms\/#listItem","position":2,"name":"Terms and Conditions","previousItem":{"@type":"ListItem","@id":"https:\/\/prettylinks.com\/fr#listItem","name":"Home"}}]},{"@type":"Organization","@id":"https:\/\/prettylinks.com\/fr\/#organization","name":"PrettyLinks","description":"Top Affiliate Link & URL Shortener for WordPress","url":"https:\/\/prettylinks.com\/fr\/"},{"@type":"WebPage","@id":"https:\/\/prettylinks.com\/fr\/terms\/#webpage","url":"https:\/\/prettylinks.com\/fr\/terms\/","name":"Terms and Conditions","description":"Our website grants you non-exclusive limited license to use the PrettyLinks plugin and other products sold through our website (https:\/\/prettylinks.com) by Caseproof, LLC (the \"products\") in accordance with these Terms and Conditions (the \"license\") issued by our company. 1. Plugin Licensing PrettyLinks is licensed under the GNU general public license (http:\/\/www.gnu.org\/licenses\/gpl.html). 2. Automatic Upgrade Service","inLanguage":"fr-FR","isPartOf":{"@id":"https:\/\/prettylinks.com\/fr\/#website"},"breadcrumb":{"@id":"https:\/\/prettylinks.com\/fr\/terms\/#breadcrumblist"},"datePublished":"2009-07-23T15:36:35-06:00","dateModified":"2025-10-15T09:30:07-06:00"},{"@type":"WebSite","@id":"https:\/\/prettylinks.com\/fr\/#website","url":"https:\/\/prettylinks.com\/fr\/","name":"PrettyLinks","description":"Top Affiliate Link & URL Shortener for WordPress","inLanguage":"fr-FR","publisher":{"@id":"https:\/\/prettylinks.com\/fr\/#organization"}}]},"og:locale":"fr_FR","og:site_name":"PrettyLinks","og:type":"article","og:title":"Terms and Conditions","og:description":"Our website grants you non-exclusive limited license to use the PrettyLinks plugin and other products sold through our website (https:\/\/prettylinks.com) by Caseproof, LLC (the &quot;products&quot;) in accordance with these Terms and Conditions (the &quot;license&quot;) issued by our company. 1. Plugin Licensing PrettyLinks is licensed under the GNU general public license (http:\/\/www.gnu.org\/licenses\/gpl.html). 2. Automatic Upgrade Service","og:url":"https:\/\/prettylinks.com\/fr\/terms\/","article:published_time":"2009-07-23T19:36:35+00:00","article:modified_time":"2025-10-15T15:30:07+00:00","twitter:card":"summary_large_image","twitter:title":"Terms and Conditions","twitter:description":"Our website grants you non-exclusive limited license to use the PrettyLinks plugin and other products sold through our website (https:\/\/prettylinks.com) by Caseproof, LLC (the &quot;products&quot;) in accordance with these Terms and Conditions (the &quot;license&quot;) issued by our company. 1. Plugin Licensing PrettyLinks is licensed under the GNU general public license (http:\/\/www.gnu.org\/licenses\/gpl.html). 2. Automatic Upgrade Service"},"aioseo_meta_data":{"post_id":"68","title":null,"description":null,"keywords":null,"keyphrases":{"focus":{"keyphrase":"","score":0,"analysis":{"keyphraseInTitle":{"score":0,"maxScore":9,"error":1}}},"additional":[]},"primary_term":null,"canonical_url":null,"og_title":null,"og_description":null,"og_object_type":"default","og_image_type":"default","og_image_url":null,"og_image_width":null,"og_image_height":null,"og_image_custom_url":null,"og_image_custom_fields":null,"og_video":"","og_custom_url":null,"og_article_section":null,"og_article_tags":null,"twitter_use_og":false,"twitter_card":"default","twitter_image_type":"default","twitter_image_url":null,"twitter_image_custom_url":null,"twitter_image_custom_fields":null,"twitter_title":null,"twitter_description":null,"schema":{"blockGraphs":[],"customGraphs":[],"default":{"data":{"Article":[],"Course":[],"Dataset":[],"FAQPage":[],"Movie":[],"Person":[],"Product":[],"ProductReview":[],"Car":[],"Recipe":[],"Service":[],"SoftwareApplication":[],"WebPage":[]},"graphName":"WebPage","isEnabled":true},"graphs":[]},"schema_type":"none","schema_type_options":"{\"article\":{\"articleType\":\"BlogPosting\"},\"course\":{\"name\":\"\",\"description\":\"\",\"provider\":\"\"},\"faq\":{\"pages\":[]},\"product\":{\"reviews\":[]},\"recipe\":{\"ingredients\":[],\"instructions\":[],\"keywords\":[]},\"software\":{\"reviews\":[],\"operatingSystems\":[]},\"webPage\":{\"webPageType\":\"WebPage\"}}","pillar_content":false,"robots_default":true,"robots_noindex":false,"robots_noarchive":false,"robots_nosnippet":false,"robots_nofollow":false,"robots_noimageindex":false,"robots_noodp":false,"robots_notranslate":false,"robots_max_snippet":"0","robots_max_videopreview":"0","robots_max_imagepreview":"none","priority":null,"frequency":"default","local_seo":null,"seo_analyzer_scan_date":"2025-10-15 15:34:33","breadcrumb_settings":null,"limit_modified_date":false,"open_ai":"{\"title\":{\"suggestions\":[],\"usage\":0},\"description\":{\"suggestions\":[],\"usage\":0}}","ai":null,"created":"2020-12-21 17:50:19","updated":"2026-01-28 16:59:31"},"_links":{"self":[{"href":"https:\/\/prettylinks.com\/fr\/wp-json\/wp\/v2\/pages\/68","targetHints":{"allow":["GET"]}}],"collection":[{"href":"https:\/\/prettylinks.com\/fr\/wp-json\/wp\/v2\/pages"}],"about":[{"href":"https:\/\/prettylinks.com\/fr\/wp-json\/wp\/v2\/types\/page"}],"author":[{"embeddable":true,"href":"https:\/\/prettylinks.com\/fr\/wp-json\/wp\/v2\/users\/1"}],"replies":[{"embeddable":true,"href":"https:\/\/prettylinks.com\/fr\/wp-json\/wp\/v2\/comments?post=68"}],"version-history":[{"count":3,"href":"https:\/\/prettylinks.com\/fr\/wp-json\/wp\/v2\/pages\/68\/revisions"}],"predecessor-version":[{"id":16713,"href":"https:\/\/prettylinks.com\/fr\/wp-json\/wp\/v2\/pages\/68\/revisions\/16713"}],"wp:attachment":[{"href":"https:\/\/prettylinks.com\/fr\/wp-json\/wp\/v2\/media?parent=68"}],"curies":[{"name":"wp","href":"https:\/\/api.w.org\/{rel}","templated":true}]}}