{"id":3145,"date":"2018-10-19T18:19:16","date_gmt":"2018-10-19T18:19:16","guid":{"rendered":"https:\/\/prettylinks.com\/?page_id=3145"},"modified":"2025-10-15T09:30:18","modified_gmt":"2025-10-15T15:30:18","slug":"pretty-links-coupon-code","status":"publish","type":"page","link":"https:\/\/prettylinks.com\/fr\/pretty-links-coupon-code\/","title":{"rendered":"PrettyLinks Code promo"},"content":{"rendered":"<h3 class=\"wp-block-heading\">\ud83c\udf89 <strong>F\u00e9licitations ! Vous avez trouv\u00e9 le coupon PrettyLinks !<\/strong><\/h3>\n\n\n\n<p>Utiliser le code <strong>BIENVENUE<\/strong> pour <strong>50% sur tout plan.<\/strong><\/p>\n\n\n\n<div class=\"wp-block-buttons is-layout-flex wp-block-buttons-is-layout-flex\">\n<div class=\"wp-block-button\"><a class=\"wp-block-button__link wp-element-button\" href=\"https:\/\/prettylinks.com\/fr\/pricing\/plans\/\">B\u00e9n\u00e9ficiez d'une remise<\/a><\/div>\n<\/div>\n\n\n\n<p><\/p>","protected":false},"excerpt":{"rendered":"<p>\ud83c\udf89 F\u00e9licitations ! Vous avez trouv\u00e9 le coupon PrettyLinks ! Utilisez le code WELCOME pour 50% de r\u00e9duction sur n'importe quel plan.<\/p>","protected":false},"author":1,"featured_media":0,"parent":0,"menu_order":57,"comment_status":"closed","ping_status":"closed","template":"single_framed","meta":{"om_disable_all_campaigns":false,"_strive_editorial_status":"not-started","_strive_copy_of":0,"_monsterinsights_skip_tracking":false,"_monsterinsights_sitenote_active":false,"_monsterinsights_sitenote_note":"","_monsterinsights_sitenote_category":0,"footnotes":"","maurice_hero_tagline":"","maurice_hero_title":"","maurice_hero_subtitle":"","maurice_hero_cta_link":"","maurice_hero_cta_text":""},"class_list":["post-3145","page","type-page","status-publish","hentry"],"aioseo_notices":[],"aioseo_head":"\n\t\t<!-- All in One SEO Pro 4.9.5.2 - aioseo.com -->\n\t<meta name=\"description\" content=\"Get the only reliable Pretty Links coupon code that exists... right here!\" \/>\n\t<meta name=\"robots\" content=\"max-snippet:-1, max-image-preview:large, max-video-preview:-1\" \/>\n\t<link rel=\"canonical\" href=\"https:\/\/prettylinks.com\/fr\/pretty-links-coupon-code\/\" \/>\n\t<meta name=\"generator\" content=\"All in One SEO Pro (AIOSEO) 4.9.5.2\" \/>\n\t\t<meta property=\"og:locale\" content=\"fr_FR\" \/>\n\t\t<meta property=\"og:site_name\" content=\"PrettyLinks\" \/>\n\t\t<meta property=\"og:type\" content=\"article\" \/>\n\t\t<meta property=\"og:title\" content=\"PrettyLinks Coupon Code\" \/>\n\t\t<meta property=\"og:description\" content=\"Get the only reliable Pretty Links coupon code on the market.\" \/>\n\t\t<meta property=\"og:url\" content=\"https:\/\/prettylinks.com\/fr\/pretty-links-coupon-code\/\" \/>\n\t\t<meta property=\"article:published_time\" content=\"2018-10-19T18:19:16+00:00\" \/>\n\t\t<meta property=\"article:modified_time\" content=\"2025-10-15T15:30:18+00:00\" \/>\n\t\t<meta name=\"twitter:card\" content=\"summary_large_image\" \/>\n\t\t<meta name=\"twitter:title\" content=\"PrettyLinks Coupon Code\" \/>\n\t\t<meta name=\"twitter:description\" content=\"Get the only reliable Pretty Links coupon code on the market.\" \/>\n\t\t<script type=\"application\/ld+json\" class=\"aioseo-schema\">\n\t\t\t{\"@context\":\"https:\\\/\\\/schema.org\",\"@graph\":[{\"@type\":\"BreadcrumbList\",\"@id\":\"https:\\\/\\\/prettylinks.com\\\/fr\\\/pretty-links-coupon-code\\\/#breadcrumblist\",\"itemListElement\":[{\"@type\":\"ListItem\",\"@id\":\"https:\\\/\\\/prettylinks.com\\\/fr#listItem\",\"position\":1,\"name\":\"Home\",\"item\":\"https:\\\/\\\/prettylinks.com\\\/fr\",\"nextItem\":{\"@type\":\"ListItem\",\"@id\":\"https:\\\/\\\/prettylinks.com\\\/fr\\\/pretty-links-coupon-code\\\/#listItem\",\"name\":\"PrettyLinks Coupon Code\"}},{\"@type\":\"ListItem\",\"@id\":\"https:\\\/\\\/prettylinks.com\\\/fr\\\/pretty-links-coupon-code\\\/#listItem\",\"position\":2,\"name\":\"PrettyLinks Coupon Code\",\"previousItem\":{\"@type\":\"ListItem\",\"@id\":\"https:\\\/\\\/prettylinks.com\\\/fr#listItem\",\"name\":\"Home\"}}]},{\"@type\":\"Organization\",\"@id\":\"https:\\\/\\\/prettylinks.com\\\/fr\\\/#organization\",\"name\":\"PrettyLinks\",\"description\":\"Top Affiliate Link & URL Shortener for WordPress\",\"url\":\"https:\\\/\\\/prettylinks.com\\\/fr\\\/\"},{\"@type\":\"WebPage\",\"@id\":\"https:\\\/\\\/prettylinks.com\\\/fr\\\/pretty-links-coupon-code\\\/#webpage\",\"url\":\"https:\\\/\\\/prettylinks.com\\\/fr\\\/pretty-links-coupon-code\\\/\",\"name\":\"PrettyLinks Coupon Code\",\"description\":\"Get the only reliable Pretty Links coupon code that exists... right here!\",\"inLanguage\":\"fr-FR\",\"isPartOf\":{\"@id\":\"https:\\\/\\\/prettylinks.com\\\/fr\\\/#website\"},\"breadcrumb\":{\"@id\":\"https:\\\/\\\/prettylinks.com\\\/fr\\\/pretty-links-coupon-code\\\/#breadcrumblist\"},\"datePublished\":\"2018-10-19T18:19:16-06:00\",\"dateModified\":\"2025-10-15T09:30:18-06:00\"},{\"@type\":\"WebSite\",\"@id\":\"https:\\\/\\\/prettylinks.com\\\/fr\\\/#website\",\"url\":\"https:\\\/\\\/prettylinks.com\\\/fr\\\/\",\"name\":\"PrettyLinks\",\"description\":\"Top Affiliate Link & URL Shortener for WordPress\",\"inLanguage\":\"fr-FR\",\"publisher\":{\"@id\":\"https:\\\/\\\/prettylinks.com\\\/fr\\\/#organization\"}}]}\n\t\t<\/script>\n\t\t<!-- All in One SEO Pro -->\r\n\t\t<title>PrettyLinks Coupon Code<\/title>\n\n","aioseo_head_json":{"title":"PrettyLinks Code promo","description":"Obtenez le seul code de r\u00e9duction Pretty Links fiable qui existe... ici m\u00eame !","canonical_url":"https:\/\/prettylinks.com\/fr\/pretty-links-coupon-code\/","robots":"max-snippet:-1, max-image-preview:large, max-video-preview:-1","keywords":"","webmasterTools":{"miscellaneous":""},"schema":{"@context":"https:\/\/schema.org","@graph":[{"@type":"BreadcrumbList","@id":"https:\/\/prettylinks.com\/fr\/pretty-links-coupon-code\/#breadcrumblist","itemListElement":[{"@type":"ListItem","@id":"https:\/\/prettylinks.com\/fr#listItem","position":1,"name":"Home","item":"https:\/\/prettylinks.com\/fr","nextItem":{"@type":"ListItem","@id":"https:\/\/prettylinks.com\/fr\/pretty-links-coupon-code\/#listItem","name":"PrettyLinks Coupon Code"}},{"@type":"ListItem","@id":"https:\/\/prettylinks.com\/fr\/pretty-links-coupon-code\/#listItem","position":2,"name":"PrettyLinks Coupon Code","previousItem":{"@type":"ListItem","@id":"https:\/\/prettylinks.com\/fr#listItem","name":"Home"}}]},{"@type":"Organization","@id":"https:\/\/prettylinks.com\/fr\/#organization","name":"PrettyLinks","description":"Top Affiliate Link & URL Shortener for WordPress","url":"https:\/\/prettylinks.com\/fr\/"},{"@type":"WebPage","@id":"https:\/\/prettylinks.com\/fr\/pretty-links-coupon-code\/#webpage","url":"https:\/\/prettylinks.com\/fr\/pretty-links-coupon-code\/","name":"PrettyLinks Coupon Code","description":"Get the only reliable Pretty Links coupon code that exists... right here!","inLanguage":"fr-FR","isPartOf":{"@id":"https:\/\/prettylinks.com\/fr\/#website"},"breadcrumb":{"@id":"https:\/\/prettylinks.com\/fr\/pretty-links-coupon-code\/#breadcrumblist"},"datePublished":"2018-10-19T18:19:16-06:00","dateModified":"2025-10-15T09:30:18-06:00"},{"@type":"WebSite","@id":"https:\/\/prettylinks.com\/fr\/#website","url":"https:\/\/prettylinks.com\/fr\/","name":"PrettyLinks","description":"Top Affiliate Link & URL Shortener for WordPress","inLanguage":"fr-FR","publisher":{"@id":"https:\/\/prettylinks.com\/fr\/#organization"}}]},"og:locale":"fr_FR","og:site_name":"PrettyLinks","og:type":"article","og:title":"PrettyLinks Coupon Code","og:description":"Get the only reliable Pretty Links coupon code on the market.","og:url":"https:\/\/prettylinks.com\/fr\/pretty-links-coupon-code\/","article:published_time":"2018-10-19T18:19:16+00:00","article:modified_time":"2025-10-15T15:30:18+00:00","twitter:card":"summary_large_image","twitter:title":"PrettyLinks Coupon Code","twitter:description":"Get the only reliable Pretty Links coupon code on the market."},"aioseo_meta_data":{"post_id":"3145","title":null,"description":"Obtenez le seul code de r\u00e9duction Pretty Links fiable qui existe... ici m\u00eame !","keywords":[{"label":"pretty links coupon code","value":"pretty links coupon code"}],"keyphrases":{"focus":{"keyphrase":"pretty links coupon code","score":100,"analysis":{"keyphraseInTitle":{"title":"Focus Keyphrase in SEO title","description":"Focus Keyphrase found in SEO title.","score":9,"maxScore":9,"error":0},"keyphraseInDescription":{"title":"Focus keyphrase in meta description","description":"Focus keyphrase found in meta description.","score":9,"maxScore":9,"error":0},"keyphraseInURL":{"title":"Focus Keyphrase in URL","description":"Focus Keyphrase used in the URL.","score":5,"maxScore":5,"error":0},"keyphraseInIntroduction":{"title":"Focus keyphrase in introduction","description":"Your Focus keyphrase appears in the first paragraph. Well done!","score":9,"maxScore":9,"error":0},"keyphraseInSubHeadings":[],"keyphraseLength":{"title":"Focus keyphrase length","description":"Good job!","score":9,"maxScore":9,"error":0,"length":4},"keyphraseInImageAlt":[]}},"additional":[]},"primary_term":null,"canonical_url":null,"og_title":"#post_title","og_description":"Get the only reliable Pretty Links coupon code on the market.","og_object_type":"default","og_image_type":"default","og_image_url":null,"og_image_width":null,"og_image_height":null,"og_image_custom_url":null,"og_image_custom_fields":null,"og_video":"","og_custom_url":null,"og_article_section":null,"og_article_tags":[],"twitter_use_og":false,"twitter_card":"default","twitter_image_type":"default","twitter_image_url":null,"twitter_image_custom_url":null,"twitter_image_custom_fields":null,"twitter_title":null,"twitter_description":null,"schema":{"blockGraphs":[],"customGraphs":[],"default":{"data":{"Article":[],"Course":[],"Dataset":[],"FAQPage":[],"Movie":[],"Person":[],"Product":[],"ProductReview":[],"Car":[],"Recipe":[],"Service":[],"SoftwareApplication":[],"WebPage":[]},"graphName":"","isEnabled":true},"graphs":[],"defaultGraph":"WebPage","defaultPostTypeGraph":""},"schema_type":"default","schema_type_options":"{\"article\":{\"articleType\":\"BlogPosting\"},\"course\":{\"name\":\"\",\"description\":\"\",\"provider\":\"\"},\"faq\":{\"pages\":[]},\"product\":{\"reviews\":[]},\"recipe\":{\"ingredients\":[],\"instructions\":[],\"keywords\":[]},\"software\":{\"reviews\":[],\"operatingSystems\":[]},\"webPage\":{\"webPageType\":\"WebPage\"}}","pillar_content":false,"robots_default":true,"robots_noindex":false,"robots_noarchive":false,"robots_nosnippet":false,"robots_nofollow":false,"robots_noimageindex":false,"robots_noodp":false,"robots_notranslate":false,"robots_max_snippet":"-1","robots_max_videopreview":"-1","robots_max_imagepreview":"large","priority":null,"frequency":"default","local_seo":{"locations":{"business":{"name":"","businessType":"","image":"","areaServed":"","urls":{"website":"","aboutPage":"","contactPage":""},"address":{"streetLine1":"","streetLine2":"","zipCode":"","city":"","state":"","country":"","addressFormat":"#streetLineOne\\n#streetLineTwo\\n#city, #state #zipCode"},"contact":{"email":"","phone":"","phoneFormatted":"","fax":"","faxFormatted":""},"ids":{"vat":"","tax":"","chamberOfCommerce":""},"payment":{"priceRange":"","currenciesAccepted":"","methods":""}}},"openingHours":{"useDefaults":true,"show":false,"alwaysOpen":false,"use24hFormat":false,"timezone":"","labels":{"closed":"","alwaysOpen":""},"days":{"monday":{"open24h":false,"closed":false,"openTime":"09:00","closeTime":"17:00"},"tuesday":{"open24h":false,"closed":false,"openTime":"09:00","closeTime":"17:00"},"wednesday":{"open24h":false,"closed":false,"openTime":"09:00","closeTime":"17:00"},"thursday":{"open24h":false,"closed":false,"openTime":"09:00","closeTime":"17:00"},"friday":{"open24h":false,"closed":false,"openTime":"09:00","closeTime":"17:00"},"saturday":{"open24h":false,"closed":false,"openTime":"09:00","closeTime":"17:00"},"sunday":{"open24h":false,"closed":false,"openTime":"09:00","closeTime":"17:00"}},"closedLabel":"","open24h":false,"open24hLabel":"","open247":false,"twoSets":false,"hours":[]},"businessInfo":{"name":"","urls":{"website":"","aboutPage":"","contactPage":""},"address":{"line1":"","line2":"","zip":"","city":"","state":"","country":""},"contact":{"email":"","phone":"","fax":""},"ids":{"vatID":"","taxID":"","chamberID":""},"payment":{"priceIndication":"","currenciesAccepted":"","methodsAccepted":""},"areaServed":""}},"seo_analyzer_scan_date":"2025-10-15 15:44:29","breadcrumb_settings":null,"limit_modified_date":false,"open_ai":null,"ai":null,"created":"2020-12-21 17:49:46","updated":"2025-11-06 08:31:01"},"_links":{"self":[{"href":"https:\/\/prettylinks.com\/fr\/wp-json\/wp\/v2\/pages\/3145","targetHints":{"allow":["GET"]}}],"collection":[{"href":"https:\/\/prettylinks.com\/fr\/wp-json\/wp\/v2\/pages"}],"about":[{"href":"https:\/\/prettylinks.com\/fr\/wp-json\/wp\/v2\/types\/page"}],"author":[{"embeddable":true,"href":"https:\/\/prettylinks.com\/fr\/wp-json\/wp\/v2\/users\/1"}],"replies":[{"embeddable":true,"href":"https:\/\/prettylinks.com\/fr\/wp-json\/wp\/v2\/comments?post=3145"}],"version-history":[{"count":1,"href":"https:\/\/prettylinks.com\/fr\/wp-json\/wp\/v2\/pages\/3145\/revisions"}],"predecessor-version":[{"id":16737,"href":"https:\/\/prettylinks.com\/fr\/wp-json\/wp\/v2\/pages\/3145\/revisions\/16737"}],"wp:attachment":[{"href":"https:\/\/prettylinks.com\/fr\/wp-json\/wp\/v2\/media?parent=3145"}],"curies":[{"name":"wp","href":"https:\/\/api.w.org\/{rel}","templated":true}]}}