{"id":263,"date":"2009-08-10T15:12:24","date_gmt":"2009-08-10T19:12:24","guid":{"rendered":"https:\/\/prettylinks.com\/?page_id=263"},"modified":"2025-10-15T10:07:12","modified_gmt":"2025-10-15T16:07:12","slug":"getting-started","status":"publish","type":"page","link":"https:\/\/prettylinks.com\/fr\/getting-started\/","title":{"rendered":"Guide de d\u00e9marrage"},"content":{"rendered":"<p>Bienvenue sur PrettyLinks ! \ud83c\udf89 Du raccourcissement des liens \u00e0 la dynamisation de votre strat\u00e9gie d'affiliation, tout commence par une configuration rapide. <\/p>\n\n\n\n<p><strong>Conseil :<\/strong> N'oubliez pas de marquer cette page d'un signet, de l'imprimer ou de guetter votre courriel de bienvenue. (Si vous ne le voyez pas tout de suite, v\u00e9rifiez votre dossier de courrier ind\u00e9sirable).<\/p>\n\n\n\n<h4 class=\"wp-block-heading\">D\u00e9marrer avec PrettyLinks<\/h4>\n\n\n\n<ol class=\"wp-block-list\">\n<li><strong>T\u00e9l\u00e9charger et installer le plugin PrettyLinks<\/strong><br>Cliquez ici pour l'obtenir : <a href=\"https:\/\/wordpress.org\/plugins\/pretty-link\/\">PrettyLinks sur WordPress.org<\/a><br><\/li>\n\n\n\n<li><strong>Mise \u00e0 jour dans WordPress<\/strong><br>Une fois install\u00e9, rendez-vous sur <strong>PrettyLinks &gt; Mise \u00e0 niveau<\/strong>.<br><\/li>\n\n\n\n<li><strong>Entrez vos donn\u00e9es de connexion<\/strong><br>Utilisez le nom d'utilisateur et le mot de passe que vous avez cr\u00e9\u00e9s lors de l'inscription (\u00e9galement inclus dans votre e-mail de bienvenue), puis cliquez sur <strong>\u00c9conomiser<\/strong>.<\/li>\n<\/ol>\n\n\n\n<p>Voil\u00e0, vous \u00eates pr\u00eat \u00e0 utiliser PrettyLinks !<\/p>\n\n\n\n<ul class=\"wp-block-list\">\n<li>Pour obtenir des tutoriels \u00e9tape par \u00e9tape, visitez le site Web de la Commission europ\u00e9enne. <a href=\"https:\/\/prettylinks.com\/fr\/docs\/\">Manuel de l'utilisateur PrettyLinks<\/a>.<\/li>\n\n\n\n<li>Pour g\u00e9rer votre compte, rendez-vous dans votre <a href=\"https:\/\/prettylinks.com\/fr\/account\/\">Param\u00e8tres du compte<\/a>.<\/li>\n\n\n\n<li>D\u00e9couvrez nos <strong><a href=\"https:\/\/prettylinks.com\/fr\/blog\/how-to-use-pretty-links-plugin\/\">Guide du d\u00e9butant<\/a><\/strong> pour un examen plus approfondi des caract\u00e9ristiques les plus populaires du PrettyLinks.<\/li>\n<\/ul>\n\n\n\n<p>Nous sommes impatients de vous faire d\u00e9couvrir tout ce que ce plugin peut faire. Si vous rencontrez des probl\u00e8mes, n'h\u00e9sitez pas \u00e0 nous contacter \u00e0 l'adresse suivante <strong><a>support@prettylinks.com<\/a><\/strong>-Nous sommes l\u00e0 pour vous aider.<\/p>\n\n\n\n<p>Merci !<br><strong>Blair Williams<\/strong><br>Cr\u00e9ateur de PrettyLinks<\/p>","protected":false},"excerpt":{"rendered":"<p>Bienvenue sur PrettyLinks ! \ud83c\udf89 Du raccourcissement des liens au renforcement de votre strat\u00e9gie d'affiliation, tout commence par une configuration rapide. Conseil : N'oubliez pas d'ajouter cette page \u00e0 vos favoris, de l'imprimer ou de guetter votre e-mail de bienvenue. (Si vous ne le voyez pas tout de suite, v\u00e9rifiez votre dossier de courrier ind\u00e9sirable ou de spam.) D\u00e9marrer avec PrettyLinks C'est...<\/p>","protected":false},"author":1,"featured_media":0,"parent":0,"menu_order":18,"comment_status":"closed","ping_status":"closed","template":"single_framed","meta":{"om_disable_all_campaigns":false,"_strive_editorial_status":"not-started","_strive_copy_of":0,"_monsterinsights_skip_tracking":false,"_monsterinsights_sitenote_active":false,"_monsterinsights_sitenote_note":"","_monsterinsights_sitenote_category":0,"footnotes":"","maurice_hero_tagline":"","maurice_hero_title":"","maurice_hero_subtitle":"","maurice_hero_cta_link":"","maurice_hero_cta_text":""},"class_list":["post-263","page","type-page","status-publish","hentry"],"aioseo_notices":[],"aioseo_head":"\n\t\t<!-- All in One SEO Pro 4.9.5.2 - aioseo.com -->\n\t<meta name=\"description\" content=\"Check out our Getting Started Guide for quick instructions on how to get rolling with Pretty Links.\" \/>\n\t<meta name=\"robots\" content=\"max-snippet:-1, max-image-preview:large, max-video-preview:-1\" \/>\n\t<link rel=\"canonical\" href=\"https:\/\/prettylinks.com\/fr\/getting-started\/\" \/>\n\t<meta name=\"generator\" content=\"All in One SEO Pro (AIOSEO) 4.9.5.2\" \/>\n\t\t<meta property=\"og:locale\" content=\"fr_FR\" \/>\n\t\t<meta property=\"og:site_name\" content=\"PrettyLinks\" \/>\n\t\t<meta property=\"og:type\" content=\"article\" \/>\n\t\t<meta property=\"og:title\" content=\"Getting Started Guide\" \/>\n\t\t<meta property=\"og:description\" content=\"Check out our Getting Started Guide for quick instructions on how to get rolling with Pretty Links.\" \/>\n\t\t<meta property=\"og:url\" content=\"https:\/\/prettylinks.com\/fr\/getting-started\/\" \/>\n\t\t<meta property=\"article:published_time\" content=\"2009-08-10T19:12:24+00:00\" \/>\n\t\t<meta property=\"article:modified_time\" content=\"2025-10-15T16:07:12+00:00\" \/>\n\t\t<meta name=\"twitter:card\" content=\"summary_large_image\" \/>\n\t\t<meta name=\"twitter:title\" content=\"Getting Started Guide\" \/>\n\t\t<meta name=\"twitter:description\" content=\"Check out our Getting Started Guide for quick instructions on how to get rolling with Pretty Links.\" \/>\n\t\t<script type=\"application\/ld+json\" class=\"aioseo-schema\">\n\t\t\t{\"@context\":\"https:\\\/\\\/schema.org\",\"@graph\":[{\"@type\":\"BreadcrumbList\",\"@id\":\"https:\\\/\\\/prettylinks.com\\\/fr\\\/getting-started\\\/#breadcrumblist\",\"itemListElement\":[{\"@type\":\"ListItem\",\"@id\":\"https:\\\/\\\/prettylinks.com\\\/fr#listItem\",\"position\":1,\"name\":\"Home\",\"item\":\"https:\\\/\\\/prettylinks.com\\\/fr\",\"nextItem\":{\"@type\":\"ListItem\",\"@id\":\"https:\\\/\\\/prettylinks.com\\\/fr\\\/getting-started\\\/#listItem\",\"name\":\"Getting Started Guide\"}},{\"@type\":\"ListItem\",\"@id\":\"https:\\\/\\\/prettylinks.com\\\/fr\\\/getting-started\\\/#listItem\",\"position\":2,\"name\":\"Getting Started Guide\",\"previousItem\":{\"@type\":\"ListItem\",\"@id\":\"https:\\\/\\\/prettylinks.com\\\/fr#listItem\",\"name\":\"Home\"}}]},{\"@type\":\"Organization\",\"@id\":\"https:\\\/\\\/prettylinks.com\\\/fr\\\/#organization\",\"name\":\"PrettyLinks\",\"description\":\"Top Affiliate Link & URL Shortener for WordPress\",\"url\":\"https:\\\/\\\/prettylinks.com\\\/fr\\\/\"},{\"@type\":\"WebPage\",\"@id\":\"https:\\\/\\\/prettylinks.com\\\/fr\\\/getting-started\\\/#webpage\",\"url\":\"https:\\\/\\\/prettylinks.com\\\/fr\\\/getting-started\\\/\",\"name\":\"Getting Started Guide\",\"description\":\"Check out our Getting Started Guide for quick instructions on how to get rolling with Pretty Links.\",\"inLanguage\":\"fr-FR\",\"isPartOf\":{\"@id\":\"https:\\\/\\\/prettylinks.com\\\/fr\\\/#website\"},\"breadcrumb\":{\"@id\":\"https:\\\/\\\/prettylinks.com\\\/fr\\\/getting-started\\\/#breadcrumblist\"},\"datePublished\":\"2009-08-10T15:12:24-06:00\",\"dateModified\":\"2025-10-15T10:07:12-06:00\"},{\"@type\":\"WebSite\",\"@id\":\"https:\\\/\\\/prettylinks.com\\\/fr\\\/#website\",\"url\":\"https:\\\/\\\/prettylinks.com\\\/fr\\\/\",\"name\":\"PrettyLinks\",\"description\":\"Top Affiliate Link & URL Shortener for WordPress\",\"inLanguage\":\"fr-FR\",\"publisher\":{\"@id\":\"https:\\\/\\\/prettylinks.com\\\/fr\\\/#organization\"}}]}\n\t\t<\/script>\n\t\t<!-- All in One SEO Pro -->\r\n\t\t<title>Getting Started Guide<\/title>\n\n","aioseo_head_json":{"title":"Guide de d\u00e9marrage","description":"Consultez notre Guide de d\u00e9marrage pour obtenir des instructions rapides sur la fa\u00e7on de d\u00e9marrer avec Pretty Links.","canonical_url":"https:\/\/prettylinks.com\/fr\/getting-started\/","robots":"max-snippet:-1, max-image-preview:large, max-video-preview:-1","keywords":"","webmasterTools":{"miscellaneous":""},"schema":{"@context":"https:\/\/schema.org","@graph":[{"@type":"BreadcrumbList","@id":"https:\/\/prettylinks.com\/fr\/getting-started\/#breadcrumblist","itemListElement":[{"@type":"ListItem","@id":"https:\/\/prettylinks.com\/fr#listItem","position":1,"name":"Home","item":"https:\/\/prettylinks.com\/fr","nextItem":{"@type":"ListItem","@id":"https:\/\/prettylinks.com\/fr\/getting-started\/#listItem","name":"Getting Started Guide"}},{"@type":"ListItem","@id":"https:\/\/prettylinks.com\/fr\/getting-started\/#listItem","position":2,"name":"Getting Started Guide","previousItem":{"@type":"ListItem","@id":"https:\/\/prettylinks.com\/fr#listItem","name":"Home"}}]},{"@type":"Organization","@id":"https:\/\/prettylinks.com\/fr\/#organization","name":"PrettyLinks","description":"Top Affiliate Link & URL Shortener for WordPress","url":"https:\/\/prettylinks.com\/fr\/"},{"@type":"WebPage","@id":"https:\/\/prettylinks.com\/fr\/getting-started\/#webpage","url":"https:\/\/prettylinks.com\/fr\/getting-started\/","name":"Getting Started Guide","description":"Check out our Getting Started Guide for quick instructions on how to get rolling with Pretty Links.","inLanguage":"fr-FR","isPartOf":{"@id":"https:\/\/prettylinks.com\/fr\/#website"},"breadcrumb":{"@id":"https:\/\/prettylinks.com\/fr\/getting-started\/#breadcrumblist"},"datePublished":"2009-08-10T15:12:24-06:00","dateModified":"2025-10-15T10:07:12-06:00"},{"@type":"WebSite","@id":"https:\/\/prettylinks.com\/fr\/#website","url":"https:\/\/prettylinks.com\/fr\/","name":"PrettyLinks","description":"Top Affiliate Link & URL Shortener for WordPress","inLanguage":"fr-FR","publisher":{"@id":"https:\/\/prettylinks.com\/fr\/#organization"}}]},"og:locale":"fr_FR","og:site_name":"PrettyLinks","og:type":"article","og:title":"Getting Started Guide","og:description":"Check out our Getting Started Guide for quick instructions on how to get rolling with Pretty Links.","og:url":"https:\/\/prettylinks.com\/fr\/getting-started\/","article:published_time":"2009-08-10T19:12:24+00:00","article:modified_time":"2025-10-15T16:07:12+00:00","twitter:card":"summary_large_image","twitter:title":"Getting Started Guide","twitter:description":"Check out our Getting Started Guide for quick instructions on how to get rolling with Pretty Links."},"aioseo_meta_data":{"post_id":"263","title":null,"description":"Consultez notre Guide de d\u00e9marrage pour obtenir des instructions rapides sur la fa\u00e7on de d\u00e9marrer avec Pretty Links.","keywords":[{"label":"pretty links getting started guide","value":"pretty links getting started guide"}],"keyphrases":{"focus":{"keyphrase":"","score":0,"analysis":{"keyphraseInTitle":{"score":0,"maxScore":9,"error":1}}},"additional":[]},"primary_term":null,"canonical_url":null,"og_title":null,"og_description":null,"og_object_type":"default","og_image_type":"default","og_image_url":null,"og_image_width":null,"og_image_height":null,"og_image_custom_url":null,"og_image_custom_fields":null,"og_video":"","og_custom_url":null,"og_article_section":null,"og_article_tags":null,"twitter_use_og":false,"twitter_card":"default","twitter_image_type":"default","twitter_image_url":null,"twitter_image_custom_url":null,"twitter_image_custom_fields":null,"twitter_title":null,"twitter_description":null,"schema":{"blockGraphs":[],"customGraphs":[],"default":{"data":{"Article":[],"Course":[],"Dataset":[],"FAQPage":[],"Movie":[],"Person":[],"Product":[],"ProductReview":[],"Car":[],"Recipe":[],"Service":[],"SoftwareApplication":[],"WebPage":[]},"graphName":"WebPage","isEnabled":true},"graphs":[]},"schema_type":"default","schema_type_options":"{\"article\":{\"articleType\":\"BlogPosting\"},\"course\":{\"name\":\"\",\"description\":\"\",\"provider\":\"\"},\"faq\":{\"pages\":[]},\"product\":{\"reviews\":[]},\"recipe\":{\"ingredients\":[],\"instructions\":[],\"keywords\":[]},\"software\":{\"reviews\":[],\"operatingSystems\":[]},\"webPage\":{\"webPageType\":\"WebPage\"}}","pillar_content":false,"robots_default":true,"robots_noindex":false,"robots_noarchive":false,"robots_nosnippet":false,"robots_nofollow":false,"robots_noimageindex":false,"robots_noodp":false,"robots_notranslate":false,"robots_max_snippet":"-1","robots_max_videopreview":"-1","robots_max_imagepreview":"large","priority":null,"frequency":"default","local_seo":null,"seo_analyzer_scan_date":"2025-10-15 16:08:56","breadcrumb_settings":null,"limit_modified_date":false,"open_ai":"{\"title\":{\"suggestions\":[],\"usage\":0},\"description\":{\"suggestions\":[],\"usage\":0}}","ai":{"faqs":[],"keyPoints":[],"titles":[],"descriptions":[],"socialPosts":{"email":[],"linkedin":[],"twitter":[],"facebook":[],"instagram":[]}},"created":"2020-12-21 17:50:19","updated":"2026-01-28 10:21:19"},"_links":{"self":[{"href":"https:\/\/prettylinks.com\/fr\/wp-json\/wp\/v2\/pages\/263","targetHints":{"allow":["GET"]}}],"collection":[{"href":"https:\/\/prettylinks.com\/fr\/wp-json\/wp\/v2\/pages"}],"about":[{"href":"https:\/\/prettylinks.com\/fr\/wp-json\/wp\/v2\/types\/page"}],"author":[{"embeddable":true,"href":"https:\/\/prettylinks.com\/fr\/wp-json\/wp\/v2\/users\/1"}],"replies":[{"embeddable":true,"href":"https:\/\/prettylinks.com\/fr\/wp-json\/wp\/v2\/comments?post=263"}],"version-history":[{"count":2,"href":"https:\/\/prettylinks.com\/fr\/wp-json\/wp\/v2\/pages\/263\/revisions"}],"predecessor-version":[{"id":16942,"href":"https:\/\/prettylinks.com\/fr\/wp-json\/wp\/v2\/pages\/263\/revisions\/16942"}],"wp:attachment":[{"href":"https:\/\/prettylinks.com\/fr\/wp-json\/wp\/v2\/media?parent=263"}],"curies":[{"name":"wp","href":"https:\/\/api.w.org\/{rel}","templated":true}]}}