{"id":2555,"date":"2017-12-19T21:53:33","date_gmt":"2017-12-19T21:53:33","guid":{"rendered":"https:\/\/prettylinks.com\/?page_id=2555"},"modified":"2025-10-15T13:15:12","modified_gmt":"2025-10-15T19:15:12","slug":"media","status":"publish","type":"page","link":"https:\/\/prettylinks.com\/fr\/media\/","title":{"rendered":"Les m\u00e9dias"},"content":{"rendered":"<h2 class=\"wp-block-heading\">Obtenez les logos de PrettyLinks ici<\/h2>\n\n\n\n<p>C'est ici que vous trouverez les logos officiels de PrettyLinks \u00e0 utiliser dans votre contenu, vos promotions ou vos campagnes d'affiliation.<\/p>\n\n\n\n<figure class=\"wp-block-image size-large is-resized\"><img loading=\"lazy\" decoding=\"async\" width=\"1024\" height=\"163\" src=\"https:\/\/prettylinks.com\/wp-content\/uploads\/2025\/10\/PL-Horizontal-color-logo-blue-text-1024x163.png\" alt=\"\" class=\"wp-image-16961\" style=\"width:339px;height:auto\" srcset=\"https:\/\/prettylinks.com\/wp-content\/uploads\/2025\/10\/PL-Horizontal-color-logo-blue-text-1024x163.png 1024w, https:\/\/prettylinks.com\/wp-content\/uploads\/2025\/10\/PL-Horizontal-color-logo-blue-text-300x48.png 300w, https:\/\/prettylinks.com\/wp-content\/uploads\/2025\/10\/PL-Horizontal-color-logo-blue-text-768x122.png 768w, https:\/\/prettylinks.com\/wp-content\/uploads\/2025\/10\/PL-Horizontal-color-logo-blue-text-50x8.png 50w, https:\/\/prettylinks.com\/wp-content\/uploads\/2025\/10\/PL-Horizontal-color-logo-blue-text-1536x244.png 1536w, https:\/\/prettylinks.com\/wp-content\/uploads\/2025\/10\/PL-Horizontal-color-logo-blue-text.png 1674w\" sizes=\"auto, (max-width: 1024px) 100vw, 1024px\" \/><\/figure>\n\n\n\n<p><em>Besoin de plus d'options ?<\/em> T\u00e9l\u00e9chargez le pack complet de logos en plusieurs formats.<\/p>\n\n\n\n<div class=\"wp-block-file\"><a id=\"wp-block-file--media-8fdd634f-825c-46b2-bc04-5f0d8e31d3d9\" href=\"https:\/\/prettylinks.com\/wp-content\/uploads\/2025\/09\/Prettylinks_logo_pack.zip\">PrettyLinks_logo_pack<\/a><a href=\"https:\/\/prettylinks.com\/wp-content\/uploads\/2025\/09\/Prettylinks_logo_pack.zip\" class=\"wp-block-file__button wp-element-button\" download aria-describedby=\"wp-block-file--media-8fdd634f-825c-46b2-bc04-5f0d8e31d3d9\">T\u00e9l\u00e9charger<\/a><\/div>\n\n\n\n<h2 class=\"wp-block-heading\">Vous n'\u00eates pas encore affili\u00e9 ?<\/h2>\n\n\n\n<p>Transformez vos promotions en b\u00e9n\u00e9fices en rejoignant le <a href=\"https:\/\/prettylinks.com\/fr\/affiliate-program\/\">Programme d'affiliation de PrettyLinks<\/a>!<\/p>\n\n\n\n<p>En tant qu'affili\u00e9 de PrettyLinks, vous gagnerez des commissions chaque fois qu'une personne s'inscrira gr\u00e2ce \u00e0 votre recommandation. Avec des paiements g\u00e9n\u00e9reux, un suivi fiable et des ressources cr\u00e9atives comme celles de cette page, il est facile de promouvoir et d'\u00eatre r\u00e9compens\u00e9.<\/p>","protected":false},"excerpt":{"rendered":"<p>Obtenir les logos de PrettyLinks Ici, vous trouverez les logos officiels de PrettyLinks \u00e0 utiliser dans votre contenu, vos promotions ou vos campagnes d'affiliation. Besoin de plus d'options ? T\u00e9l\u00e9chargez le pack de logos complet avec plusieurs formats. Vous n'\u00eates pas encore affili\u00e9 ? Transformez vos promotions en profits en rejoignant le programme d'affiliation de PrettyLinks ! En tant qu'affili\u00e9 de PrettyLinks, vous gagnerez des commissions...<\/p>","protected":false},"author":2,"featured_media":0,"parent":0,"menu_order":25,"comment_status":"closed","ping_status":"closed","template":"single_framed","meta":{"om_disable_all_campaigns":false,"_strive_editorial_status":"not-started","_strive_copy_of":0,"_monsterinsights_skip_tracking":false,"_monsterinsights_sitenote_active":false,"_monsterinsights_sitenote_note":"","_monsterinsights_sitenote_category":0,"footnotes":"","maurice_hero_tagline":"","maurice_hero_title":"","maurice_hero_subtitle":"","maurice_hero_cta_link":"","maurice_hero_cta_text":""},"class_list":["post-2555","page","type-page","status-publish","hentry"],"aioseo_notices":[],"aioseo_head":"\n\t\t<!-- All in One SEO Pro 4.9.5.2 - aioseo.com -->\n\t<meta name=\"description\" content=\"Download Pretty Links logos, and access other information and resources.\" \/>\n\t<meta name=\"robots\" content=\"max-snippet:-1, max-image-preview:large, max-video-preview:-1\" \/>\n\t<link rel=\"canonical\" href=\"https:\/\/prettylinks.com\/fr\/media\/\" \/>\n\t<meta name=\"generator\" content=\"All in One SEO Pro (AIOSEO) 4.9.5.2\" \/>\n\t\t<meta property=\"og:locale\" content=\"fr_FR\" \/>\n\t\t<meta property=\"og:site_name\" content=\"PrettyLinks\" \/>\n\t\t<meta property=\"og:type\" content=\"article\" \/>\n\t\t<meta property=\"og:title\" content=\"Media\" \/>\n\t\t<meta property=\"og:description\" content=\"Download Pretty Links logos, and access other information and resources.\" \/>\n\t\t<meta property=\"og:url\" content=\"https:\/\/prettylinks.com\/fr\/media\/\" \/>\n\t\t<meta property=\"article:published_time\" content=\"2017-12-19T21:53:33+00:00\" \/>\n\t\t<meta property=\"article:modified_time\" content=\"2025-10-15T19:15:12+00:00\" \/>\n\t\t<meta name=\"twitter:card\" content=\"summary_large_image\" \/>\n\t\t<meta name=\"twitter:title\" content=\"Media\" \/>\n\t\t<meta name=\"twitter:description\" content=\"Download Pretty Links logos, and access other information and resources.\" \/>\n\t\t<script type=\"application\/ld+json\" class=\"aioseo-schema\">\n\t\t\t{\"@context\":\"https:\\\/\\\/schema.org\",\"@graph\":[{\"@type\":\"BreadcrumbList\",\"@id\":\"https:\\\/\\\/prettylinks.com\\\/fr\\\/media\\\/#breadcrumblist\",\"itemListElement\":[{\"@type\":\"ListItem\",\"@id\":\"https:\\\/\\\/prettylinks.com\\\/fr#listItem\",\"position\":1,\"name\":\"Home\",\"item\":\"https:\\\/\\\/prettylinks.com\\\/fr\",\"nextItem\":{\"@type\":\"ListItem\",\"@id\":\"https:\\\/\\\/prettylinks.com\\\/fr\\\/media\\\/#listItem\",\"name\":\"Media\"}},{\"@type\":\"ListItem\",\"@id\":\"https:\\\/\\\/prettylinks.com\\\/fr\\\/media\\\/#listItem\",\"position\":2,\"name\":\"Media\",\"previousItem\":{\"@type\":\"ListItem\",\"@id\":\"https:\\\/\\\/prettylinks.com\\\/fr#listItem\",\"name\":\"Home\"}}]},{\"@type\":\"Organization\",\"@id\":\"https:\\\/\\\/prettylinks.com\\\/fr\\\/#organization\",\"name\":\"PrettyLinks\",\"description\":\"Top Affiliate Link & URL Shortener for WordPress\",\"url\":\"https:\\\/\\\/prettylinks.com\\\/fr\\\/\"},{\"@type\":\"WebPage\",\"@id\":\"https:\\\/\\\/prettylinks.com\\\/fr\\\/media\\\/#webpage\",\"url\":\"https:\\\/\\\/prettylinks.com\\\/fr\\\/media\\\/\",\"name\":\"Media\",\"description\":\"Download Pretty Links logos, and access other information and resources.\",\"inLanguage\":\"fr-FR\",\"isPartOf\":{\"@id\":\"https:\\\/\\\/prettylinks.com\\\/fr\\\/#website\"},\"breadcrumb\":{\"@id\":\"https:\\\/\\\/prettylinks.com\\\/fr\\\/media\\\/#breadcrumblist\"},\"datePublished\":\"2017-12-19T21:53:33-07:00\",\"dateModified\":\"2025-10-15T13:15:12-06:00\"},{\"@type\":\"WebSite\",\"@id\":\"https:\\\/\\\/prettylinks.com\\\/fr\\\/#website\",\"url\":\"https:\\\/\\\/prettylinks.com\\\/fr\\\/\",\"name\":\"PrettyLinks\",\"description\":\"Top Affiliate Link & URL Shortener for WordPress\",\"inLanguage\":\"fr-FR\",\"publisher\":{\"@id\":\"https:\\\/\\\/prettylinks.com\\\/fr\\\/#organization\"}}]}\n\t\t<\/script>\n\t\t<!-- All in One SEO Pro -->\r\n\t\t<title>Media<\/title>\n\n","aioseo_head_json":{"title":"Les m\u00e9dias","description":"T\u00e9l\u00e9chargez les logos Pretty Links et acc\u00e9dez \u00e0 d'autres informations et ressources.","canonical_url":"https:\/\/prettylinks.com\/fr\/media\/","robots":"max-snippet:-1, max-image-preview:large, max-video-preview:-1","keywords":"","webmasterTools":{"miscellaneous":""},"schema":{"@context":"https:\/\/schema.org","@graph":[{"@type":"BreadcrumbList","@id":"https:\/\/prettylinks.com\/fr\/media\/#breadcrumblist","itemListElement":[{"@type":"ListItem","@id":"https:\/\/prettylinks.com\/fr#listItem","position":1,"name":"Home","item":"https:\/\/prettylinks.com\/fr","nextItem":{"@type":"ListItem","@id":"https:\/\/prettylinks.com\/fr\/media\/#listItem","name":"Media"}},{"@type":"ListItem","@id":"https:\/\/prettylinks.com\/fr\/media\/#listItem","position":2,"name":"Media","previousItem":{"@type":"ListItem","@id":"https:\/\/prettylinks.com\/fr#listItem","name":"Home"}}]},{"@type":"Organization","@id":"https:\/\/prettylinks.com\/fr\/#organization","name":"PrettyLinks","description":"Top Affiliate Link & URL Shortener for WordPress","url":"https:\/\/prettylinks.com\/fr\/"},{"@type":"WebPage","@id":"https:\/\/prettylinks.com\/fr\/media\/#webpage","url":"https:\/\/prettylinks.com\/fr\/media\/","name":"Media","description":"Download Pretty Links logos, and access other information and resources.","inLanguage":"fr-FR","isPartOf":{"@id":"https:\/\/prettylinks.com\/fr\/#website"},"breadcrumb":{"@id":"https:\/\/prettylinks.com\/fr\/media\/#breadcrumblist"},"datePublished":"2017-12-19T21:53:33-07:00","dateModified":"2025-10-15T13:15:12-06:00"},{"@type":"WebSite","@id":"https:\/\/prettylinks.com\/fr\/#website","url":"https:\/\/prettylinks.com\/fr\/","name":"PrettyLinks","description":"Top Affiliate Link & URL Shortener for WordPress","inLanguage":"fr-FR","publisher":{"@id":"https:\/\/prettylinks.com\/fr\/#organization"}}]},"og:locale":"fr_FR","og:site_name":"PrettyLinks","og:type":"article","og:title":"Media","og:description":"Download Pretty Links logos, and access other information and resources.","og:url":"https:\/\/prettylinks.com\/fr\/media\/","article:published_time":"2017-12-19T21:53:33+00:00","article:modified_time":"2025-10-15T19:15:12+00:00","twitter:card":"summary_large_image","twitter:title":"Media","twitter:description":"Download Pretty Links logos, and access other information and resources."},"aioseo_meta_data":{"post_id":"2555","title":null,"description":"T\u00e9l\u00e9chargez les logos Pretty Links et acc\u00e9dez \u00e0 d'autres informations et ressources.","keywords":[{"label":"pretty links logos","value":"pretty links logos"},{"label":"download pretty links official logo","value":"download pretty links official logo"}],"keyphrases":{"focus":{"keyphrase":"","score":0,"analysis":{"keyphraseInTitle":{"score":0,"maxScore":9,"error":1}}},"additional":[]},"primary_term":null,"canonical_url":null,"og_title":null,"og_description":null,"og_object_type":"default","og_image_type":"default","og_image_url":null,"og_image_width":null,"og_image_height":null,"og_image_custom_url":null,"og_image_custom_fields":null,"og_video":"","og_custom_url":null,"og_article_section":null,"og_article_tags":null,"twitter_use_og":false,"twitter_card":"default","twitter_image_type":"default","twitter_image_url":null,"twitter_image_custom_url":null,"twitter_image_custom_fields":null,"twitter_title":null,"twitter_description":null,"schema":{"blockGraphs":[],"customGraphs":[],"default":{"data":{"Article":[],"Course":[],"Dataset":[],"FAQPage":[],"Movie":[],"Person":[],"Product":[],"ProductReview":[],"Car":[],"Recipe":[],"Service":[],"SoftwareApplication":[],"WebPage":[]},"graphName":"WebPage","isEnabled":true},"graphs":[]},"schema_type":"default","schema_type_options":"{\"article\":{\"articleType\":\"BlogPosting\"},\"course\":{\"name\":\"\",\"description\":\"\",\"provider\":\"\"},\"faq\":{\"pages\":[]},\"product\":{\"reviews\":[]},\"recipe\":{\"ingredients\":[],\"instructions\":[],\"keywords\":[]},\"software\":{\"reviews\":[],\"operatingSystems\":[]},\"webPage\":{\"webPageType\":\"WebPage\"}}","pillar_content":false,"robots_default":true,"robots_noindex":false,"robots_noarchive":false,"robots_nosnippet":false,"robots_nofollow":false,"robots_noimageindex":false,"robots_noodp":false,"robots_notranslate":false,"robots_max_snippet":"-1","robots_max_videopreview":"-1","robots_max_imagepreview":"large","priority":null,"frequency":"default","local_seo":null,"seo_analyzer_scan_date":"2025-10-15 19:27:06","breadcrumb_settings":null,"limit_modified_date":false,"open_ai":null,"ai":{"faqs":[],"keyPoints":[],"titles":[],"descriptions":[],"socialPosts":{"email":[],"linkedin":[],"twitter":[],"facebook":[],"instagram":[]}},"created":"2020-12-21 17:50:21","updated":"2025-11-06 08:31:01"},"_links":{"self":[{"href":"https:\/\/prettylinks.com\/fr\/wp-json\/wp\/v2\/pages\/2555","targetHints":{"allow":["GET"]}}],"collection":[{"href":"https:\/\/prettylinks.com\/fr\/wp-json\/wp\/v2\/pages"}],"about":[{"href":"https:\/\/prettylinks.com\/fr\/wp-json\/wp\/v2\/types\/page"}],"author":[{"embeddable":true,"href":"https:\/\/prettylinks.com\/fr\/wp-json\/wp\/v2\/users\/2"}],"replies":[{"embeddable":true,"href":"https:\/\/prettylinks.com\/fr\/wp-json\/wp\/v2\/comments?post=2555"}],"version-history":[{"count":2,"href":"https:\/\/prettylinks.com\/fr\/wp-json\/wp\/v2\/pages\/2555\/revisions"}],"predecessor-version":[{"id":16962,"href":"https:\/\/prettylinks.com\/fr\/wp-json\/wp\/v2\/pages\/2555\/revisions\/16962"}],"wp:attachment":[{"href":"https:\/\/prettylinks.com\/fr\/wp-json\/wp\/v2\/media?parent=2555"}],"curies":[{"name":"wp","href":"https:\/\/api.w.org\/{rel}","templated":true}]}}