{"id":174,"date":"2009-07-27T16:31:16","date_gmt":"2009-07-27T20:31:16","guid":{"rendered":"https:\/\/prettylinks.com\/?page_id=174"},"modified":"2025-10-15T10:00:14","modified_gmt":"2025-10-15T16:00:14","slug":"importing-exporting-your-links","status":"publish","type":"page","link":"https:\/\/prettylinks.com\/fr\/importing-exporting-your-links\/","title":{"rendered":"Importation et exportation de vos liens"},"content":{"rendered":"<h3>Exportation de vos liens :<\/h3>\n<ol>\n<li>Allez dans \"PrettyLinks\" -&gt; \"Pro Import\/Export\"<\/li>\n<li>Cliquez sur le lien \"Exporter<\/li>\n<li>Enregistrez le fichier CSV sur votre ordinateur ou ouvrez-le dans Excel (ou OpenOffice.org).<\/li>\n<\/ol>\n<h3>Importation de vos liens :<\/h3>\n<p>L'importation est un peu plus d\u00e9licate que l'exportation ... parce que vous pouvez faire beaucoup de choses en fonction de la fa\u00e7on dont vos fichiers sont format\u00e9s. Voici quelques lignes directrices \u00e0 suivre lorsque vous formatez vos fichiers CSV pour l'importation - nous passerons ensuite en revue les \u00e9tapes de l'importation du fichier CSV :<\/p>\n<ul>\n<li><em><strong>PrettyLinks<\/strong><\/em> sait quelles donn\u00e9es se trouvent dans chaque colonne de votre fichier CSV en recherchant des en-t\u00eates sp\u00e9cifiques \u00e0 chaque colonne - ils sont explicites mais doivent avoir ces noms exacts : id, url, slug, name, description, category_id, redirect_type, track_me, use_prettybar, use_ultra_cloak, param_forwarding, param_struct, track_as_img, keywords ... si une colonne de votre fichier CSV n'a pas un premier champ qui contient l'une de ces \u00e9tiquettes, alors la colonne enti\u00e8re sera ignor\u00e9e (<em><strong>PrettyLinks<\/strong><\/em> n'aura aucune id\u00e9e de ce qu'il faut faire avec les donn\u00e9es).<\/li>\n<li>La colonne \"id\" est sp\u00e9ciale ... si une ligne de votre fichier CSV contient une valeur pour l'id, alors <em><strong>PrettyLinks<\/strong><\/em> tentera de mettre \u00e0 jour un enregistrement dans la base de donn\u00e9es avec cet identifiant - si la valeur est trouv\u00e9e, les donn\u00e9es du lien seront mises \u00e0 jour. Si vous essayez de cr\u00e9er un joli lien \u00e0 partir de votre fichier CSV, laissez le champ \"id\" vide. Quand <em><strong>PrettyLinks<\/strong><\/em> voit une valeur vide dans la colonne id (ou la colonne id n'existe pas), il cr\u00e9era simplement un joli lien \u00e0 partir des donn\u00e9es contenues dans cette ligne.<\/li>\n<li>Lors de la cr\u00e9ation de liens, la seule colonne requise est \"url\" (la colonne \"id\" est inexistante ou la valeur \"id\" est vide) - si c'est la seule colonne d\u00e9finie, de jolis liens seront cr\u00e9\u00e9s pour les urls cibles en utilisant les options par d\u00e9faut, les noms et les slugs g\u00e9n\u00e9r\u00e9s. Lors de la mise \u00e0 jour des liens, la seule colonne requise est la colonne 'id'.<\/li>\n<li>Si vous n'avez pas de colonne \"slug\" ou si votre \"slug\" est vide pour une ligne particuli\u00e8re, alors <em><strong>PrettyLinks<\/strong> <\/em>g\u00e9n\u00e9rera automatiquement une \u00e9tiquette pour le PrettyLinks.<\/li>\n<li>Je vous recommande d'exporter vos liens et de modifier le fichier d'exportation dans Excel ... lorsque vous avez termin\u00e9 vos modifications, assurez-vous d'enregistrer le fichier au format CSV. Si vous \u00eates sur Mac comme moi, il existe plusieurs types de fichiers CSV que vous pouvez enregistrer - assurez-vous de s\u00e9lectionner \"CSV (Windows)\" - c'est le seul qui fonctionnera.<\/li>\n<\/ul>\n<p>Voici les \u00e9tapes de l'importation une fois que vous avez obtenu un fichier CSV valide :<\/p>\n<ol>\n<li>Allez dans \"PrettyLinks\" -&gt; \"Pro Import\/Export\"<\/li>\n<li>Cliquez sur le bouton \"Parcourir\" \u00e0 c\u00f4t\u00e9 de \"Choisir un fichier \u00e0 importer\"<\/li>\n<li>S\u00e9lectionnez le fichier CSV que vous venez d'enregistrer<\/li>\n<li>Cliquez sur le bouton \"Importer<\/li>\n<\/ol>\n<p>Si vous rencontrez des probl\u00e8mes pour faire fonctionner ce syst\u00e8me, veuillez me contacter par l'interm\u00e9diaire de l'adresse suivante <a href=\"https:\/\/prettylinks.com\/fr\/contact\/\">Formulaire d'assistance \u00e0 la client\u00e8le<\/a>.<\/p>","protected":false},"excerpt":{"rendered":"<p>Exporter vos liens : Allez dans \"PrettyLinks\" -&gt; \"Pro Import\/Export\" Cliquez sur le lien \"Export\" Enregistrez le fichier CSV sur votre ordinateur ou ouvrez-le dans Excel (ou OpenOffice.org) Importer vos liens : L'importation est un peu plus d\u00e9licate que l'exportation... parce que vous pouvez faire beaucoup de choses en fonction de la fa\u00e7on dont vos fichiers sont...<\/p>","protected":false},"author":1,"featured_media":0,"parent":0,"menu_order":0,"comment_status":"closed","ping_status":"open","template":"single_framed","meta":{"om_disable_all_campaigns":false,"_strive_editorial_status":"not-started","_strive_copy_of":0,"_monsterinsights_skip_tracking":false,"_monsterinsights_sitenote_active":false,"_monsterinsights_sitenote_note":"","_monsterinsights_sitenote_category":0,"footnotes":"","maurice_hero_tagline":"","maurice_hero_title":"","maurice_hero_subtitle":"","maurice_hero_cta_link":"","maurice_hero_cta_text":""},"class_list":["post-174","page","type-page","status-publish","hentry"],"aioseo_notices":[],"aioseo_head":"\n\t\t<!-- All in One SEO Pro 4.9.5.2 - aioseo.com -->\n\t<meta name=\"description\" content=\"Instructions on how to import and export your links into Pretty Links.\" \/>\n\t<meta name=\"robots\" content=\"max-snippet:-1, max-image-preview:large, max-video-preview:-1\" \/>\n\t<link rel=\"canonical\" href=\"https:\/\/prettylinks.com\/fr\/importing-exporting-your-links\/\" \/>\n\t<meta name=\"generator\" content=\"All in One SEO Pro (AIOSEO) 4.9.5.2\" \/>\n\t\t<meta property=\"og:locale\" content=\"fr_FR\" \/>\n\t\t<meta property=\"og:site_name\" content=\"PrettyLinks\" \/>\n\t\t<meta property=\"og:type\" content=\"article\" \/>\n\t\t<meta property=\"og:title\" content=\"Importing &amp; Exporting your Links\" \/>\n\t\t<meta property=\"og:description\" content=\"Instructions on how to import and export your links into Pretty Links.\" \/>\n\t\t<meta property=\"og:url\" content=\"https:\/\/prettylinks.com\/fr\/importing-exporting-your-links\/\" \/>\n\t\t<meta property=\"article:published_time\" content=\"2009-07-27T20:31:16+00:00\" \/>\n\t\t<meta property=\"article:modified_time\" content=\"2025-10-15T16:00:14+00:00\" \/>\n\t\t<meta name=\"twitter:card\" content=\"summary_large_image\" \/>\n\t\t<meta name=\"twitter:title\" content=\"Importing &amp; Exporting your Links\" \/>\n\t\t<meta name=\"twitter:description\" content=\"Instructions on how to import and export your links into Pretty Links.\" \/>\n\t\t<script type=\"application\/ld+json\" class=\"aioseo-schema\">\n\t\t\t{\"@context\":\"https:\\\/\\\/schema.org\",\"@graph\":[{\"@type\":\"BreadcrumbList\",\"@id\":\"https:\\\/\\\/prettylinks.com\\\/fr\\\/importing-exporting-your-links\\\/#breadcrumblist\",\"itemListElement\":[{\"@type\":\"ListItem\",\"@id\":\"https:\\\/\\\/prettylinks.com\\\/fr#listItem\",\"position\":1,\"name\":\"Home\",\"item\":\"https:\\\/\\\/prettylinks.com\\\/fr\",\"nextItem\":{\"@type\":\"ListItem\",\"@id\":\"https:\\\/\\\/prettylinks.com\\\/fr\\\/importing-exporting-your-links\\\/#listItem\",\"name\":\"Importing &#038; Exporting your Links\"}},{\"@type\":\"ListItem\",\"@id\":\"https:\\\/\\\/prettylinks.com\\\/fr\\\/importing-exporting-your-links\\\/#listItem\",\"position\":2,\"name\":\"Importing &#038; Exporting your Links\",\"previousItem\":{\"@type\":\"ListItem\",\"@id\":\"https:\\\/\\\/prettylinks.com\\\/fr#listItem\",\"name\":\"Home\"}}]},{\"@type\":\"Organization\",\"@id\":\"https:\\\/\\\/prettylinks.com\\\/fr\\\/#organization\",\"name\":\"PrettyLinks\",\"description\":\"Top Affiliate Link & URL Shortener for WordPress\",\"url\":\"https:\\\/\\\/prettylinks.com\\\/fr\\\/\"},{\"@type\":\"WebPage\",\"@id\":\"https:\\\/\\\/prettylinks.com\\\/fr\\\/importing-exporting-your-links\\\/#webpage\",\"url\":\"https:\\\/\\\/prettylinks.com\\\/fr\\\/importing-exporting-your-links\\\/\",\"name\":\"Importing & Exporting your Links\",\"description\":\"Instructions on how to import and export your links into Pretty Links.\",\"inLanguage\":\"fr-FR\",\"isPartOf\":{\"@id\":\"https:\\\/\\\/prettylinks.com\\\/fr\\\/#website\"},\"breadcrumb\":{\"@id\":\"https:\\\/\\\/prettylinks.com\\\/fr\\\/importing-exporting-your-links\\\/#breadcrumblist\"},\"datePublished\":\"2009-07-27T16:31:16-06:00\",\"dateModified\":\"2025-10-15T10:00:14-06:00\"},{\"@type\":\"WebSite\",\"@id\":\"https:\\\/\\\/prettylinks.com\\\/fr\\\/#website\",\"url\":\"https:\\\/\\\/prettylinks.com\\\/fr\\\/\",\"name\":\"PrettyLinks\",\"description\":\"Top Affiliate Link & URL Shortener for WordPress\",\"inLanguage\":\"fr-FR\",\"publisher\":{\"@id\":\"https:\\\/\\\/prettylinks.com\\\/fr\\\/#organization\"}}]}\n\t\t<\/script>\n\t\t<!-- All in One SEO Pro -->\r\n\t\t<title>Importing &amp; Exporting your Links<\/title>\n\n","aioseo_head_json":{"title":"Importation et exportation de vos liens","description":"Instructions sur la mani\u00e8re d'importer et d'exporter vos liens dans Pretty Links.","canonical_url":"https:\/\/prettylinks.com\/fr\/importing-exporting-your-links\/","robots":"max-snippet:-1, max-image-preview:large, max-video-preview:-1","keywords":"","webmasterTools":{"miscellaneous":""},"schema":{"@context":"https:\/\/schema.org","@graph":[{"@type":"BreadcrumbList","@id":"https:\/\/prettylinks.com\/fr\/importing-exporting-your-links\/#breadcrumblist","itemListElement":[{"@type":"ListItem","@id":"https:\/\/prettylinks.com\/fr#listItem","position":1,"name":"Home","item":"https:\/\/prettylinks.com\/fr","nextItem":{"@type":"ListItem","@id":"https:\/\/prettylinks.com\/fr\/importing-exporting-your-links\/#listItem","name":"Importing &#038; Exporting your Links"}},{"@type":"ListItem","@id":"https:\/\/prettylinks.com\/fr\/importing-exporting-your-links\/#listItem","position":2,"name":"Importing &#038; Exporting your Links","previousItem":{"@type":"ListItem","@id":"https:\/\/prettylinks.com\/fr#listItem","name":"Home"}}]},{"@type":"Organization","@id":"https:\/\/prettylinks.com\/fr\/#organization","name":"PrettyLinks","description":"Top Affiliate Link & URL Shortener for WordPress","url":"https:\/\/prettylinks.com\/fr\/"},{"@type":"WebPage","@id":"https:\/\/prettylinks.com\/fr\/importing-exporting-your-links\/#webpage","url":"https:\/\/prettylinks.com\/fr\/importing-exporting-your-links\/","name":"Importing & Exporting your Links","description":"Instructions on how to import and export your links into Pretty Links.","inLanguage":"fr-FR","isPartOf":{"@id":"https:\/\/prettylinks.com\/fr\/#website"},"breadcrumb":{"@id":"https:\/\/prettylinks.com\/fr\/importing-exporting-your-links\/#breadcrumblist"},"datePublished":"2009-07-27T16:31:16-06:00","dateModified":"2025-10-15T10:00:14-06:00"},{"@type":"WebSite","@id":"https:\/\/prettylinks.com\/fr\/#website","url":"https:\/\/prettylinks.com\/fr\/","name":"PrettyLinks","description":"Top Affiliate Link & URL Shortener for WordPress","inLanguage":"fr-FR","publisher":{"@id":"https:\/\/prettylinks.com\/fr\/#organization"}}]},"og:locale":"fr_FR","og:site_name":"PrettyLinks","og:type":"article","og:title":"Importing &amp; Exporting your Links","og:description":"Instructions on how to import and export your links into Pretty Links.","og:url":"https:\/\/prettylinks.com\/fr\/importing-exporting-your-links\/","article:published_time":"2009-07-27T20:31:16+00:00","article:modified_time":"2025-10-15T16:00:14+00:00","twitter:card":"summary_large_image","twitter:title":"Importing &amp; Exporting your Links","twitter:description":"Instructions on how to import and export your links into Pretty Links."},"aioseo_meta_data":{"post_id":"174","title":null,"description":"Instructions sur la mani\u00e8re d'importer et d'exporter vos liens dans Pretty Links.","keywords":[{"label":"pretty links importing and exporting links","value":"pretty links importing and exporting links"}],"keyphrases":{"focus":{"keyphrase":"","score":0,"analysis":{"keyphraseInTitle":{"score":0,"maxScore":9,"error":1}}},"additional":[]},"primary_term":null,"canonical_url":null,"og_title":null,"og_description":null,"og_object_type":"default","og_image_type":"default","og_image_url":null,"og_image_width":null,"og_image_height":null,"og_image_custom_url":null,"og_image_custom_fields":null,"og_video":"","og_custom_url":null,"og_article_section":null,"og_article_tags":null,"twitter_use_og":false,"twitter_card":"default","twitter_image_type":"default","twitter_image_url":null,"twitter_image_custom_url":null,"twitter_image_custom_fields":null,"twitter_title":null,"twitter_description":null,"schema":{"blockGraphs":[],"customGraphs":[],"default":{"data":{"Article":[],"Course":[],"Dataset":[],"FAQPage":[],"Movie":[],"Person":[],"Product":[],"ProductReview":[],"Car":[],"Recipe":[],"Service":[],"SoftwareApplication":[],"WebPage":[]},"graphName":"WebPage","isEnabled":true},"graphs":[]},"schema_type":"default","schema_type_options":"{\"article\":{\"articleType\":\"BlogPosting\"},\"course\":{\"name\":\"\",\"description\":\"\",\"provider\":\"\"},\"faq\":{\"pages\":[]},\"product\":{\"reviews\":[]},\"recipe\":{\"ingredients\":[],\"instructions\":[],\"keywords\":[]},\"software\":{\"reviews\":[],\"operatingSystems\":[]},\"webPage\":{\"webPageType\":\"WebPage\"}}","pillar_content":false,"robots_default":true,"robots_noindex":false,"robots_noarchive":false,"robots_nosnippet":false,"robots_nofollow":false,"robots_noimageindex":false,"robots_noodp":false,"robots_notranslate":false,"robots_max_snippet":"-1","robots_max_videopreview":"-1","robots_max_imagepreview":"large","priority":null,"frequency":"default","local_seo":null,"seo_analyzer_scan_date":"2025-10-15 16:01:24","breadcrumb_settings":null,"limit_modified_date":false,"open_ai":null,"ai":{"faqs":[],"keyPoints":[],"titles":[],"descriptions":[],"socialPosts":{"email":[],"linkedin":[],"twitter":[],"facebook":[],"instagram":[]}},"created":"2020-12-21 17:50:19","updated":"2026-01-28 10:21:19"},"_links":{"self":[{"href":"https:\/\/prettylinks.com\/fr\/wp-json\/wp\/v2\/pages\/174","targetHints":{"allow":["GET"]}}],"collection":[{"href":"https:\/\/prettylinks.com\/fr\/wp-json\/wp\/v2\/pages"}],"about":[{"href":"https:\/\/prettylinks.com\/fr\/wp-json\/wp\/v2\/types\/page"}],"author":[{"embeddable":true,"href":"https:\/\/prettylinks.com\/fr\/wp-json\/wp\/v2\/users\/1"}],"replies":[{"embeddable":true,"href":"https:\/\/prettylinks.com\/fr\/wp-json\/wp\/v2\/comments?post=174"}],"version-history":[{"count":1,"href":"https:\/\/prettylinks.com\/fr\/wp-json\/wp\/v2\/pages\/174\/revisions"}],"predecessor-version":[{"id":16934,"href":"https:\/\/prettylinks.com\/fr\/wp-json\/wp\/v2\/pages\/174\/revisions\/16934"}],"wp:attachment":[{"href":"https:\/\/prettylinks.com\/fr\/wp-json\/wp\/v2\/media?parent=174"}],"curies":[{"name":"wp","href":"https:\/\/api.w.org\/{rel}","templated":true}]}}