{"id":1528,"date":"2016-12-09T01:31:19","date_gmt":"2016-12-09T01:31:19","guid":{"rendered":"https:\/\/prettylinks.com\/?page_id=1528"},"modified":"2026-03-24T05:17:14","modified_gmt":"2026-03-24T11:17:14","slug":"support","status":"publish","type":"page","link":"https:\/\/prettylinks.com\/fr\/support\/","title":{"rendered":"Soutien"},"content":{"rendered":"<div class=\"wp-block-group has-global-padding is-layout-constrained wp-container-core-group-is-layout-7cbc5be6 wp-block-group-is-layout-constrained\">\n<div class=\"wp-block-group has-border-color has-primary-border-color has-global-padding is-layout-constrained wp-container-core-group-is-layout-9a4c8acf wp-block-group-is-layout-constrained\" style=\"border-width:1px;border-radius:6px;padding-top:var(--wp--preset--spacing--small);padding-right:var(--wp--preset--spacing--small);padding-bottom:var(--wp--preset--spacing--small);padding-left:var(--wp--preset--spacing--small)\">\n<h3 class=\"wp-block-heading has-text-align-center\"><strong><strong>Base de connaissances<\/strong><\/strong><\/h3>\n\n\n\n<p class=\"has-text-align-center\">Consultez notre collection compl\u00e8te de documents d'assistance pour vous aider \u00e0 tirer le meilleur parti de PrettyLinks. Explorez des articles, des conseils, des modes d'emploi et des vid\u00e9os tutorielles faciles \u00e0 suivre pour chaque outil et chaque fonction.<\/p>\n\n\n\n<div class=\"wp-block-buttons is-content-justification-center is-layout-flex wp-container-core-buttons-is-layout-a89b3969 wp-block-buttons-is-layout-flex\">\n<div class=\"wp-block-button\"><a class=\"wp-block-button__link wp-element-button\" href=\"https:\/\/prettylinks.com\/fr\/docs\/\">Parcourir les documents d'assistance<\/a><\/div>\n<\/div>\n<\/div>\n\n\n\n<div class=\"wp-block-group has-border-color has-primary-border-color has-global-padding is-layout-constrained wp-container-core-group-is-layout-9a4c8acf wp-block-group-is-layout-constrained\" style=\"border-width:1px;border-radius:6px;padding-top:var(--wp--preset--spacing--small);padding-right:var(--wp--preset--spacing--small);padding-bottom:var(--wp--preset--spacing--small);padding-left:var(--wp--preset--spacing--small)\">\n<h3 class=\"wp-block-heading has-text-align-center\"><strong><strong><strong><strong>Utilisateurs l\u00e9gers<\/strong><\/strong><\/strong><\/strong><\/h3>\n\n\n\n<p class=\"has-text-align-center\"><em>Commencer avec PrettyLinks Lite ? <\/em>Vous pouvez \u00e9galement trouver tout ce dont vous avez besoin dans nos documents d'assistance ci-dessus. Bien qu'ils aient \u00e9t\u00e9 r\u00e9dig\u00e9s pour les versions Pro, la plupart des guides et des conseils de d\u00e9pannage vous aideront \u00e9galement pour la version Lite.<\/p>\n\n\n\n<p class=\"has-text-align-center\">Si vous rencontrez quelque chose que notre documentation ne couvre pas, vous pouvez poser votre question sur le site Web de l'association <a href=\"https:\/\/wordpress.org\/support\/plugin\/pretty-link\/\" target=\"_blank\" rel=\"noreferrer noopener\">PrettyLinks Forum de support WordPress.org<\/a>. Nous ne pouvons pas toujours garantir des d\u00e9lais de r\u00e9ponse, mais nous faisons de notre mieux pour r\u00e9pondre le plus rapidement possible.<\/p>\n\n\n\n<p class=\"has-text-align-center\">Si vous souhaitez toujours contacter directement notre \u00e9quipe d'assistance, vous pouvez <a href=\"https:\/\/prettylinks.com\/fr\/contact\/\">soumettre un formulaire de contact<\/a> et quelqu'un vous contactera bient\u00f4t. Pour plus de d\u00e9tails, veuillez consulter notre <a href=\"https:\/\/prettylinks.com\/fr\/terms\/#support\" data-type=\"link\" data-id=\"https:\/\/prettylinks.com\/terms\/#support\">Conditions g\u00e9n\u00e9rales d'utilisation<\/a>.<\/p>\n\n\n\n<div class=\"wp-block-buttons is-content-justification-center is-layout-flex wp-container-core-buttons-is-layout-a89b3969 wp-block-buttons-is-layout-flex\">\n<div class=\"wp-block-button\"><a class=\"wp-block-button__link wp-element-button\" href=\"https:\/\/prettylinks.com\/fr\/contact\/\">Soumettre un formulaire de contact<\/a><\/div>\n<\/div>\n<\/div>\n\n\n\n<div class=\"wp-block-group has-border-color has-primary-border-color has-global-padding is-layout-constrained wp-container-core-group-is-layout-9a4c8acf wp-block-group-is-layout-constrained\" style=\"border-width:1px;border-radius:6px;padding-top:var(--wp--preset--spacing--small);padding-right:var(--wp--preset--spacing--small);padding-bottom:var(--wp--preset--spacing--small);padding-left:var(--wp--preset--spacing--small)\">\n<h3 class=\"wp-block-heading has-text-align-center\"><strong><strong><strong><strong><strong>Utilisateurs professionnels<\/strong><\/strong><\/strong><\/strong><\/strong><\/h3>\n\n\n\n<p class=\"has-text-align-center\">Si vous avez achet\u00e9 une licence PrettyLinks et que vous disposez d'une licence d'assistance active, vous pouvez soumettre un ticket sur notre page de demande d'assistance Premium en utilisant votre identifiant de compte.&nbsp;<\/p>\n\n\n\n<p class=\"has-text-align-center\">Une fois votre ticket soumis, notre \u00e9quipe s'efforce de vous r\u00e9pondre<br>dans un d\u00e9lai de 1 \u00e0 2 jours ouvrables.<\/p>\n\n\n\n<p class=\"has-text-align-center\">Notre service d'assistance est ouvert du lundi au vendredi, de 9 h \u00e0 17 h (heure des Rocheuses am\u00e9ricaines), \u00e0 l'exclusion des jours f\u00e9ri\u00e9s am\u00e9ricains.<\/p>\n\n\n\n<div class=\"wp-block-buttons is-content-justification-center is-layout-flex wp-container-core-buttons-is-layout-a89b3969 wp-block-buttons-is-layout-flex\">\n<div class=\"wp-block-button\"><a class=\"wp-block-button__link wp-element-button\" href=\"https:\/\/prettylinks.com\/fr\/premium-support-request\/\">Demande de soutien Premium<\/a><\/div>\n<\/div>\n<\/div>\n<\/div>","protected":false},"excerpt":{"rendered":"<p>Base de connaissances Consultez notre collection compl\u00e8te de documents d'assistance pour vous aider \u00e0 tirer le meilleur parti de PrettyLinks. D\u00e9couvrez des articles faciles \u00e0 suivre, des conseils, des modes d'emploi et des vid\u00e9os tutorielles pour chaque outil et chaque fonctionnalit\u00e9. Utilisateurs de la version Lite Vous commencez \u00e0 utiliser PrettyLinks Lite ? Vous pouvez \u00e9galement trouver tout ce dont vous avez besoin dans nos documents d'assistance ci-dessus. Bien qu'ils soient r\u00e9dig\u00e9s avec...<\/p>","protected":false},"author":1,"featured_media":0,"parent":0,"menu_order":29,"comment_status":"closed","ping_status":"closed","template":"single_framed","meta":{"om_disable_all_campaigns":false,"_strive_editorial_status":"not-started","_strive_copy_of":0,"_monsterinsights_skip_tracking":false,"_monsterinsights_sitenote_active":false,"_monsterinsights_sitenote_note":"","_monsterinsights_sitenote_category":0,"footnotes":"","maurice_hero_tagline":"","maurice_hero_title":"PrettyLinks Support","maurice_hero_subtitle":"Explore our docs or get in touch with us directly.","maurice_hero_cta_link":"","maurice_hero_cta_text":""},"class_list":["post-1528","page","type-page","status-publish","hentry"],"aioseo_notices":[],"aioseo_head":"\n\t\t<!-- All in One SEO Pro 4.9.5.2 - aioseo.com -->\n\t<meta name=\"description\" content=\"With Pretty Links support, you&#039;re never left in the lurch. Our Knowledge Base and dedicated support team are here to help when you need it.\" \/>\n\t<meta name=\"robots\" content=\"max-snippet:-1, max-image-preview:large, max-video-preview:-1\" \/>\n\t<link rel=\"canonical\" href=\"https:\/\/prettylinks.com\/fr\/support\/\" \/>\n\t<meta name=\"generator\" content=\"All in One SEO Pro (AIOSEO) 4.9.5.2\" \/>\n\t\t<meta property=\"og:locale\" content=\"fr_FR\" \/>\n\t\t<meta property=\"og:site_name\" content=\"PrettyLinks\" \/>\n\t\t<meta property=\"og:type\" content=\"article\" \/>\n\t\t<meta property=\"og:title\" content=\"Support\" \/>\n\t\t<meta property=\"og:description\" content=\"With Pretty Links support, you&#039;re never left in the lurch. Our Knowledge Base and dedicated support team are here to help when you need it.\" \/>\n\t\t<meta property=\"og:url\" content=\"https:\/\/prettylinks.com\/fr\/support\/\" \/>\n\t\t<meta property=\"article:published_time\" content=\"2016-12-09T01:31:19+00:00\" \/>\n\t\t<meta property=\"article:modified_time\" content=\"2026-03-24T11:17:14+00:00\" \/>\n\t\t<meta name=\"twitter:card\" content=\"summary_large_image\" \/>\n\t\t<meta name=\"twitter:title\" content=\"Support\" \/>\n\t\t<meta name=\"twitter:description\" content=\"With Pretty Links support, you&#039;re never left in the lurch. Our Knowledge Base and dedicated support team are here to help when you need it.\" \/>\n\t\t<script type=\"application\/ld+json\" class=\"aioseo-schema\">\n\t\t\t{\"@context\":\"https:\\\/\\\/schema.org\",\"@graph\":[{\"@type\":\"BreadcrumbList\",\"@id\":\"https:\\\/\\\/prettylinks.com\\\/fr\\\/support\\\/#breadcrumblist\",\"itemListElement\":[{\"@type\":\"ListItem\",\"@id\":\"https:\\\/\\\/prettylinks.com\\\/fr#listItem\",\"position\":1,\"name\":\"Home\",\"item\":\"https:\\\/\\\/prettylinks.com\\\/fr\",\"nextItem\":{\"@type\":\"ListItem\",\"@id\":\"https:\\\/\\\/prettylinks.com\\\/fr\\\/support\\\/#listItem\",\"name\":\"Support\"}},{\"@type\":\"ListItem\",\"@id\":\"https:\\\/\\\/prettylinks.com\\\/fr\\\/support\\\/#listItem\",\"position\":2,\"name\":\"Support\",\"previousItem\":{\"@type\":\"ListItem\",\"@id\":\"https:\\\/\\\/prettylinks.com\\\/fr#listItem\",\"name\":\"Home\"}}]},{\"@type\":\"Organization\",\"@id\":\"https:\\\/\\\/prettylinks.com\\\/fr\\\/#organization\",\"name\":\"PrettyLinks\",\"description\":\"Top Affiliate Link & URL Shortener for WordPress\",\"url\":\"https:\\\/\\\/prettylinks.com\\\/fr\\\/\"},{\"@type\":\"WebPage\",\"@id\":\"https:\\\/\\\/prettylinks.com\\\/fr\\\/support\\\/#webpage\",\"url\":\"https:\\\/\\\/prettylinks.com\\\/fr\\\/support\\\/\",\"name\":\"Support is our Business\",\"description\":\"With Pretty Links support, you're never left in the lurch. Our Knowledge Base and dedicated support team are here to help when you need it.\",\"inLanguage\":\"fr-FR\",\"isPartOf\":{\"@id\":\"https:\\\/\\\/prettylinks.com\\\/fr\\\/#website\"},\"breadcrumb\":{\"@id\":\"https:\\\/\\\/prettylinks.com\\\/fr\\\/support\\\/#breadcrumblist\"},\"datePublished\":\"2016-12-09T01:31:19-07:00\",\"dateModified\":\"2026-03-24T05:17:14-06:00\"},{\"@type\":\"WebSite\",\"@id\":\"https:\\\/\\\/prettylinks.com\\\/fr\\\/#website\",\"url\":\"https:\\\/\\\/prettylinks.com\\\/fr\\\/\",\"name\":\"PrettyLinks\",\"description\":\"Top Affiliate Link & URL Shortener for WordPress\",\"inLanguage\":\"fr-FR\",\"publisher\":{\"@id\":\"https:\\\/\\\/prettylinks.com\\\/fr\\\/#organization\"}}]}\n\t\t<\/script>\n\t\t<!-- All in One SEO Pro -->\r\n\t\t<title>Support is our Business<\/title>\n\n","aioseo_head_json":{"title":"Le soutien est notre m\u00e9tier","description":"Avec l'assistance de Pretty Links, vous n'\u00eates jamais laiss\u00e9 dans l'embarras. Notre base de connaissances et notre \u00e9quipe d'assistance d\u00e9di\u00e9e sont l\u00e0 pour vous aider lorsque vous en avez besoin.","canonical_url":"https:\/\/prettylinks.com\/fr\/support\/","robots":"max-snippet:-1, max-image-preview:large, max-video-preview:-1","keywords":"","webmasterTools":{"miscellaneous":""},"schema":{"@context":"https:\/\/schema.org","@graph":[{"@type":"BreadcrumbList","@id":"https:\/\/prettylinks.com\/fr\/support\/#breadcrumblist","itemListElement":[{"@type":"ListItem","@id":"https:\/\/prettylinks.com\/fr#listItem","position":1,"name":"Home","item":"https:\/\/prettylinks.com\/fr","nextItem":{"@type":"ListItem","@id":"https:\/\/prettylinks.com\/fr\/support\/#listItem","name":"Support"}},{"@type":"ListItem","@id":"https:\/\/prettylinks.com\/fr\/support\/#listItem","position":2,"name":"Support","previousItem":{"@type":"ListItem","@id":"https:\/\/prettylinks.com\/fr#listItem","name":"Home"}}]},{"@type":"Organization","@id":"https:\/\/prettylinks.com\/fr\/#organization","name":"PrettyLinks","description":"Top Affiliate Link & URL Shortener for WordPress","url":"https:\/\/prettylinks.com\/fr\/"},{"@type":"WebPage","@id":"https:\/\/prettylinks.com\/fr\/support\/#webpage","url":"https:\/\/prettylinks.com\/fr\/support\/","name":"Support is our Business","description":"With Pretty Links support, you're never left in the lurch. Our Knowledge Base and dedicated support team are here to help when you need it.","inLanguage":"fr-FR","isPartOf":{"@id":"https:\/\/prettylinks.com\/fr\/#website"},"breadcrumb":{"@id":"https:\/\/prettylinks.com\/fr\/support\/#breadcrumblist"},"datePublished":"2016-12-09T01:31:19-07:00","dateModified":"2026-03-24T05:17:14-06:00"},{"@type":"WebSite","@id":"https:\/\/prettylinks.com\/fr\/#website","url":"https:\/\/prettylinks.com\/fr\/","name":"PrettyLinks","description":"Top Affiliate Link & URL Shortener for WordPress","inLanguage":"fr-FR","publisher":{"@id":"https:\/\/prettylinks.com\/fr\/#organization"}}]},"og:locale":"fr_FR","og:site_name":"PrettyLinks","og:type":"article","og:title":"Support","og:description":"With Pretty Links support, you're never left in the lurch. Our Knowledge Base and dedicated support team are here to help when you need it.","og:url":"https:\/\/prettylinks.com\/fr\/support\/","article:published_time":"2016-12-09T01:31:19+00:00","article:modified_time":"2026-03-24T11:17:14+00:00","twitter:card":"summary_large_image","twitter:title":"Support","twitter:description":"With Pretty Links support, you're never left in the lurch. Our Knowledge Base and dedicated support team are here to help when you need it."},"aioseo_meta_data":{"post_id":"1528","title":"Le soutien est notre m\u00e9tier","description":"Avec le support de Pretty Links, vous n'\u00eates jamais laiss\u00e9 dans l'embarras. Notre base de connaissances et notre \u00e9quipe de support sont l\u00e0 pour vous aider quand vous en avez besoin.","keywords":[{"label":"pretty links support","value":"pretty links support"}],"keyphrases":{"focus":{"keyphrase":"pretty links support","score":47,"analysis":{"keyphraseInTitle":{"score":3,"maxScore":9,"error":1},"keyphraseInDescription":{"score":9,"maxScore":9,"error":0},"keyphraseLength":{"score":9,"maxScore":9,"error":0,"length":3},"keyphraseInURL":{"score":1,"maxScore":5,"error":1},"keyphraseInIntroduction":{"score":3,"maxScore":9,"error":1},"keyphraseInSubHeadings":{"score":3,"maxScore":9,"error":1},"keyphraseInImageAlt":[],"keywordDensity":{"score":0,"type":"low","maxScore":9,"error":1}}},"additional":[]},"primary_term":null,"canonical_url":null,"og_title":"#post_title","og_description":"With Pretty Links support, you're never left in the lurch. Our&nbsp;Knowledge Base and dedicated support team&nbsp;are here to help when you need it.","og_object_type":"article","og_image_type":"default","og_image_url":null,"og_image_width":null,"og_image_height":null,"og_image_custom_url":null,"og_image_custom_fields":null,"og_video":"","og_custom_url":null,"og_article_section":null,"og_article_tags":null,"twitter_use_og":false,"twitter_card":"summary_large_image","twitter_image_type":"default","twitter_image_url":null,"twitter_image_custom_url":null,"twitter_image_custom_fields":null,"twitter_title":null,"twitter_description":null,"schema":{"blockGraphs":[],"customGraphs":[],"default":{"data":{"Article":[],"Course":[],"Dataset":[],"FAQPage":[],"Movie":[],"Person":[],"Product":[],"ProductReview":[],"Car":[],"Recipe":[],"Service":[],"SoftwareApplication":[],"WebPage":[]},"graphName":"WebPage","isEnabled":true},"graphs":[]},"schema_type":"default","schema_type_options":"{\"article\":{\"articleType\":\"BlogPosting\"},\"course\":{\"name\":\"\",\"description\":\"\",\"provider\":\"\"},\"faq\":{\"pages\":[]},\"product\":{\"reviews\":[]},\"recipe\":{\"ingredients\":[],\"instructions\":[],\"keywords\":[]},\"software\":{\"reviews\":[],\"operatingSystems\":[]},\"webPage\":{\"webPageType\":\"WebPage\"}}","pillar_content":false,"robots_default":true,"robots_noindex":false,"robots_noarchive":false,"robots_nosnippet":false,"robots_nofollow":false,"robots_noimageindex":false,"robots_noodp":false,"robots_notranslate":false,"robots_max_snippet":"-1","robots_max_videopreview":"-1","robots_max_imagepreview":"large","priority":null,"frequency":"default","local_seo":null,"seo_analyzer_scan_date":"2026-03-24 11:23:40","breadcrumb_settings":null,"limit_modified_date":false,"open_ai":"{\"title\":{\"suggestions\":[],\"usage\":0},\"description\":{\"suggestions\":[],\"usage\":0}}","ai":{"faqs":[],"keyPoints":[],"titles":[],"descriptions":[],"socialPosts":{"email":[],"linkedin":[],"twitter":[],"facebook":[],"instagram":[]}},"created":"2020-12-21 17:50:21","updated":"2026-03-24 11:23:40"},"_links":{"self":[{"href":"https:\/\/prettylinks.com\/fr\/wp-json\/wp\/v2\/pages\/1528","targetHints":{"allow":["GET"]}}],"collection":[{"href":"https:\/\/prettylinks.com\/fr\/wp-json\/wp\/v2\/pages"}],"about":[{"href":"https:\/\/prettylinks.com\/fr\/wp-json\/wp\/v2\/types\/page"}],"author":[{"embeddable":true,"href":"https:\/\/prettylinks.com\/fr\/wp-json\/wp\/v2\/users\/1"}],"replies":[{"embeddable":true,"href":"https:\/\/prettylinks.com\/fr\/wp-json\/wp\/v2\/comments?post=1528"}],"version-history":[{"count":1,"href":"https:\/\/prettylinks.com\/fr\/wp-json\/wp\/v2\/pages\/1528\/revisions"}],"predecessor-version":[{"id":16730,"href":"https:\/\/prettylinks.com\/fr\/wp-json\/wp\/v2\/pages\/1528\/revisions\/16730"}],"wp:attachment":[{"href":"https:\/\/prettylinks.com\/fr\/wp-json\/wp\/v2\/media?parent=1528"}],"curies":[{"name":"wp","href":"https:\/\/api.w.org\/{rel}","templated":true}]}}