{"id":133,"date":"2009-07-27T01:46:24","date_gmt":"2009-07-27T05:46:24","guid":{"rendered":"https:\/\/prettylinks.com\/?page_id=133"},"modified":"2021-03-18T19:38:09","modified_gmt":"2021-03-18T19:38:09","slug":"what-people-are-saying","status":"publish","type":"page","link":"https:\/\/prettylinks.com\/fr\/what-people-are-saying\/","title":{"rendered":"Ce que les gens disent de PrettyLinks"},"content":{"rendered":"<div style=\"width: 100px;\" class=\"wp-video\"><video class=\"wp-video-shortcode\" id=\"video-133-1\" width=\"100\" height=\"100\" poster=\"https:\/\/prettylinks.com\/wp-content\/uploads\/2009\/07\/GBTV_poster_frame.png\" preload=\"none\" controls=\"controls\"><source type=\"video\/mp4\" src=\"https:\/\/prettylinks.com\/wp-content\/uploads\/2009\/07\/GBTV_Aug28_med.mp4?_=1\" \/><source type=\"video\/mp4\" src=\"https:\/\/prettylinks.com\/wp-content\/uploads\/2009\/07\/GBTV_Aug28_med.mp4?_=1\" \/><a href=\"https:\/\/prettylinks.com\/wp-content\/uploads\/2009\/07\/GBTV_Aug28_med.mp4\">https:\/\/prettylinks.com\/wp-content\/uploads\/2009\/07\/GBTV_Aug28_med.mp4<\/a><\/video><\/div>\n* Extrait de l'\u00e9pisode 620 de geekbrief.tv avec Cali Lewis\n<img loading=\"lazy\" decoding=\"async\" src=\"https:\/\/prettylinks.com\/wp-content\/uploads\/2009\/07\/John_Pozadzides2.png\" alt=\"\" width=\"102\" height=\"88\">Apr\u00e8s avoir lu le manuel d'utilisation et vu qu'il y avait une garantie de remboursement de 30 jours, j'ai d\u00e9cid\u00e9 que je n'avais absolument rien \u00e0 perdre et j'ai pay\u00e9 le plugin sur le champ. Je viens de passer les 12 derni\u00e8res heures \u00e0 installer, peaufiner, tester et utiliser le plugin et j'en suis absolument amoureux. Et je vais vous dire pourquoi :\n\n<strong>Cela changera votre vie<\/strong>\n\nBon sang de bonsoir. C'est une d\u00e9claration audacieuse. Mais elle n'en est pas moins vraie. Laissez-moi vous dire comment j'ai d\u00e9j\u00e0 pens\u00e9 \u00e0 cette chose qui va changer mon monde :\n<ol>\n \t<li>Tout d'abord, je n'utiliserai plus Bit.ly ! Lorsque vous utilisez un raccourcisseur d'URL pour rediriger les utilisateurs vers votre article de blog, vous cr\u00e9ez des liens vers LEUR domaine, pas le v\u00f4tre ! C'est une MAUVAISE chose ! Google vous donne un meilleur PageRank et vous envoie plus de trafic en fonction des liens entrants vers votre site, donc le fait d'avoir un autre domaine au milieu ne fait que siphonner une partie de votre Google Juice. Cela g\u00e9n\u00e9ralise \u00e9galement votre marque.<\/li>\n \t<li>Il n'y a pas que mes propres articles que je vais raccourcir maintenant. Tout ce vers quoi je renvoie sur Twitter ou Facebook comportera l'un de mes propres PrettyLinks. Cela me permettra de compter le nombre de personnes qui suivent mes liens ! C'est fantastique pour obtenir un retour d'information et s'am\u00e9liorer puisque je n'ai actuellement aucune id\u00e9e si les choses que je partage sont int\u00e9ressantes, nulles ou autres. Il y a aussi un petit Bookmarklet qui automatise tout \u00e7a maintenant !<\/li>\n \t<li>Chaque fois que je voudrai placer une banni\u00e8re publicitaire ou une sorte de promotion sur mon site, j'utiliserai un PrettyLinks personnalis\u00e9. Bien que je puisse \u00e9galement suivre les liens sortants sur mon blog avec Woopra, il sera int\u00e9ressant de voir les rapports dans mon panneau de contr\u00f4le WordPress. J'ai h\u00e2te de voir comment les deux vont fonctionner ensemble (Woopra + PrettyLinks). Jusqu'\u00e0 pr\u00e9sent, lors des tests, les liens semblent 100% normaux dans Woopra. On ne voit m\u00eame pas qu'il y a un PrettyLinks entre les deux.<\/li>\n \t<li>Je vais laisser WordPress + PLP commencer \u00e0 tweeter mes articles de blog plut\u00f4t que de le faire manuellement. J'ai essay\u00e9 d'autres plugins dans le pass\u00e9 pour cela, mais je ne les ai pas aim\u00e9s. De plus, ils n'affichaient pas mon URL courte personnelle \ud83d\ude42 .<\/li>\n \t<li>J'utiliserai \u00e9galement mes propres URL courtes pour des choses dans le monde hors ligne. Par exemple, si je donne une conf\u00e9rence et que je dois distribuer une URL, je leur donnerai un PrettyLink. Pourquoi pas ? Je peux ainsi voir combien de personnes ont r\u00e9agi \u00e0 l'information.<\/li>\n \t<li>Sur notre site de podcast WealthNation.FM o\u00f9 nous avons des \u00e9pisodes, nous cr\u00e9erons PrettyLinks avec le num\u00e9ro d'\u00e9pisode pour une r\u00e9f\u00e9rence rapide, comme par exemple : WealthNation.FM\/8 pour correspondre \u00e0 l'\u00e9pisode 8.<\/li>\n<\/ol>\n<em>Je recommande \u00e0 tous les utilisateurs de WordPress de se procurer ce plugin d\u00e8s maintenant !<\/em>\n\n<em><strong>- John Pozadzides,<\/strong>\nOneMansBlog, Woopra et WealthNation<\/em>\n\n<img loading=\"lazy\" decoding=\"async\" src=\"https:\/\/prettylinks.com\/wp-content\/uploads\/2009\/07\/Gregory.png\" alt=\"\" width=\"102\" height=\"88\">Bonjour,\n<strong>Il fallait absolument que je vous \u00e9crive pour vous remercier. PrettyLinks m'a fait gagner du temps et de l'argent !<\/strong>\n\n<strong>Je suis \u00e9tonn\u00e9 de voir \u00e0 quel point le PrettyLinks est pratique.<\/strong>&nbsp;Ce plugin pour wordpress est simple \u00e0 installer et encore plus simple \u00e0 utiliser.  J'\u00e9tais d\u00e9j\u00e0 compl\u00e8tement convaincu par la version gratuite mais la version pro s'est av\u00e9r\u00e9e \u00eatre la meilleure.&nbsp;<strong>un \u00e9l\u00e9ment essentiel de mon mode de vie de blogueur sous wordpress.<\/strong>&nbsp;Les fonctionnalit\u00e9s, qui ont remplac\u00e9 l'utilisation de 3 autres plugins, d\u00e9passent largement mes attentes et sont presque trop nombreuses pour \u00eatre mentionn\u00e9es.\n<strong>\nJ'ai d\u00e9sormais un contr\u00f4le total sur les liens de mon site web.<\/strong>\n\n<strong>Il est si facile de masquer une URL,<\/strong>&nbsp;si je veux le modifier plus tard, cela ne me prend que quelques secondes.\n\nL'une de mes fonctions pr\u00e9f\u00e9r\u00e9es est l'outil de remplacement des mots-cl\u00e9s.&nbsp;<strong>Quel gain de temps !<\/strong>&nbsp;Je peux choisir et personnaliser N'IMPORTE QUEL mot-cl\u00e9 sur mon blog et le configurer pour qu'il soit automatiquement masqu\u00e9 vers la destination que je souhaite.\n\nLes fonctions de rapport sont g\u00e9niales ! V\u00e9rifier les rapports pour savoir exactement combien de personnes ont cliqu\u00e9 sur mes liens et comment ils ont \u00e9t\u00e9 convertis est tr\u00e8s facile et tr\u00e8s gratifiant. J'adore le fait que je puisse m\u00eame suivre les liens vers mes comptes Twitter et Facebook.\n\nJ'ai regard\u00e9 d'autres outils similaires disponibles et j'ai m\u00eame achet\u00e9 l'un d'entre eux, mais j'ai \u00e9t\u00e9 d\u00e9\u00e7u.&nbsp;<strong>Je n'ai pas trouv\u00e9 de logiciel comparable \u00e0 PrettyLinks et j'ai m\u00eame \u00e9conomis\u00e9 de l'argent avec votre plugin.<\/strong>\n\nMerci de votre attention !\n\nEn plus de l'aspect pratique, de la facilit\u00e9 d'utilisation, du gain de temps et de la connaissance des liens sur lesquels les visiteurs de mon site web cliquent, vous avez fait de moi un client heureux.&nbsp;<strong>Je vous remercie d'avoir pris soin de moi et d'avoir r\u00e9pondu \u00e0 mes besoins.<\/strong>&nbsp;Le service client que vous offrez est sans pr\u00e9c\u00e9dent dans le monde du marketing sur Internet.\n\n<strong>Je suis persuad\u00e9 que votre plugin wordpress est la cl\u00e9 de l'augmentation des profits de mon activit\u00e9 sur Internet et je recommanderais vivement PrettyLinks \u00e0 tous ceux qui prennent au s\u00e9rieux leur pr\u00e9sence sur le Web.<\/strong>&nbsp;Je suis totalement accro \u00e0 cet outil essentiel !\n\nJe vous prie d'agr\u00e9er, Madame, Monsieur, l'expression de mes salutations distingu\u00e9es,\n\n<strong><em>Gregory E. Nemer,<\/em><\/strong>\n<em>L'entreprise sur Internet avec un but pr\u00e9cis<\/em>\n\n<img loading=\"lazy\" decoding=\"async\" src=\"https:\/\/prettylinks.com\/wp-content\/uploads\/2009\/07\/Austin.png\" alt=\"\" width=\"102\" height=\"88\">PrettyLinks a permis d'augmenter consid\u00e9rablement le trafic sur mon site web. J'ai partag\u00e9 des liens int\u00e9ressants et des articles de blog sur Facebook et Twitter en utilisant PrettyLinks et la Pretty Bar. La fonction \"retweet\" permet \u00e0 mes lecteurs de retweeter mes articles sur Twitter, ce qui, je l'ai \u00e9galement remarqu\u00e9, a augment\u00e9 le trafic. PrettyLinks en vaut vraiment la peine !\n\n<em><strong>- Austin Moore,<\/strong>\nAustin Prime<\/em>\n\n<img loading=\"lazy\" decoding=\"async\" src=\"https:\/\/prettylinks.com\/wp-content\/uploads\/2009\/07\/Richard.png\" alt=\"\" width=\"102\" height=\"88\">N'importe qui, ou presque, peut cr\u00e9er un produit et le promouvoir. La valeur vient de&nbsp;<strong>le service \u00e0 la client\u00e8le et l'assistance<\/strong>. C'est l\u00e0 que beaucoup ne sont pas capables pour une raison ou une autre.\n\nL'\u00e9quipe de PrettyLinks est&nbsp;<strong>exceptionnelle pour fournir cette ressource absolument n\u00e9cessaire<\/strong>. Je travaille sur des installations WordPress depuis plus longtemps que je ne voudrais l'admettre et j'avais fortement r\u00e9sist\u00e9 \u00e0 l'id\u00e9e de payer pour des ressources suppl\u00e9mentaires. Je me suis dit qu'avec tout ce qui \u00e9tait disponible gratuitement, je devrais \u00eatre capable de trouver ce que je cherchais et de le faire fonctionner.\n\nAu d\u00e9but de l'ann\u00e9e, j'ai commenc\u00e9 \u00e0 regarder s\u00e9rieusement les \u00e9l\u00e9ments payants qui pourraient rendre mon installation WordPress plus efficace.&nbsp;<strong>une vie plus facile et plus efficace<\/strong>. (J'ai d\u00e9cid\u00e9 de travailler avec PrettyLinks.\n\nJe travaille avec diff\u00e9rents h\u00e9bergeurs, y compris des h\u00e9bergeurs offshore. Les premi\u00e8res installations ont d\u00e9pass\u00e9 mes attentes. PLP \u00e9tait&nbsp;<strong>prouver sa valeur<\/strong>sans exception. Ensuite, j'ai fait ma premi\u00e8re installation avec un h\u00e9bergeur offshore. Sans entrer dans les d\u00e9tails, l'installation a bien eu lieu, mais certaines choses ne fonctionnaient pas correctement. Sachant que cela avait d\u00e9j\u00e0 fonctionn\u00e9 auparavant, j'ai suppos\u00e9 que c'\u00e9tait li\u00e9 d'une mani\u00e8re ou d'une autre \u00e0 leur fa\u00e7on de faire. N'ayant pas r\u00e9ussi \u00e0 r\u00e9soudre le probl\u00e8me avec eux, j'ai contact\u00e9 le service d'assistance de PLP. J'ai travaill\u00e9 avec Rick et Paul, et le&nbsp;<strong>le probl\u00e8me a \u00e9t\u00e9 r\u00e9solu<\/strong>.\n\nF\u00e9licitations \u00e0 Blair Williams et \u00e0 son \u00e9quipe pour avoir mis au point un excellent produit et pour avoir ensuite&nbsp;<strong>le soutenir<\/strong>. Je suis extr\u00eamement satisfait de PrettyLinks et je le recommande vivement, ainsi que sa valeur. (Je l'utilise actuellement sur plus de dix sites et je suis tr\u00e8s satisfait des r\u00e9sultats).\n\n<strong><em>- Richard Uhnavy,<\/em><\/strong>\n<em>Anchor Marketing, LLC<\/em>\n\n<img loading=\"lazy\" decoding=\"async\" src=\"https:\/\/prettylinks.com\/wp-content\/uploads\/2009\/07\/Bill.png\" alt=\"\" width=\"102\" height=\"88\">J'adore PrettyLinks, je l'utilise pour g\u00e9rer enti\u00e8rement mon site web. Sans PrettyLinks, je devrais cr\u00e9er manuellement des fichiers PHP compliqu\u00e9s pour rediriger mes clients vers diff\u00e9rents sites web. PrettyLinks m'offre \u00e9galement l'avantage de disposer d'excellentes fonctionnalit\u00e9s de reporting, d'importation et d'exportation, ainsi que la tranquillit\u00e9 d'esprit de savoir qu'il fonctionne tout simplement ! Merci pour cet excellent produit.\n\n<em><strong>- Bill Cherne,<\/strong>\n<\/em><em>Offres de d\u00e9coration int\u00e9rieure<\/em>\n\n<img loading=\"lazy\" decoding=\"async\" src=\"https:\/\/prettylinks.com\/wp-content\/uploads\/2009\/07\/Travis.png\" alt=\"\" width=\"102\" height=\"88\">Je voudrais recommander ce que je pense \u00eatre le meilleur plugin de l'ann\u00e9e ! J'utilise ce plugin tous les jours sur tous mes sites et je l'adore. Il a simplifi\u00e9 les choses tout en me permettant d'avoir un contr\u00f4le total sur le marquage de mes propres liens. Mon marketing d'affiliation est devenu beaucoup plus facile. Et puis il y a le bonus suppl\u00e9mentaire de l'autopostage sur Twitter.\n\nJ'utilise PrettyLinks depuis le tout premier jour de sa sortie, il y a quelques mois, et depuis un mois et demi, je teste PrettyLinks avant qu'il ne soit mis \u00e0 la disposition de tous. C'est un plugin qui r\u00e9sout un gros probl\u00e8me auquel tous les blogueurs sont confront\u00e9s. Une fois que vous l'aurez utilis\u00e9, vous vous demanderez comment vous avez pu vous en passer.\n\nJe donne \u00e0 ce plugin deux pouces en l'air, si j'avais plus de pouces je les mettrais aussi. Au moins, essayez la version gratuite de PrettyLinks et mettez-la \u00e0 jour pour d\u00e9bloquer tous les outils qui rendront le blogging facile.\n\nSi vous \u00eates un sp\u00e9cialiste du marketing d'affiliation et que vous avez plusieurs blogs, ce plugin est un r\u00eave devenu r\u00e9alit\u00e9. Il n'y a pas d'autre plugin que j'ai utilis\u00e9 ou vu qui fasse autant, PrettyLinks est dans une classe \u00e0 part.\n\nJ'ai h\u00e2te de voir ce qui va suivre. Je sais que je serai le premier \u00e0 l'essayer.\n\n<strong>- Travis Holzem,<\/strong>\neBizReview\n\n<img loading=\"lazy\" decoding=\"async\" src=\"https:\/\/prettylinks.com\/wp-content\/uploads\/2009\/07\/Michael.png\" alt=\"\" width=\"102\" height=\"88\">PrettyLinks et PrettyLinks m'ont aid\u00e9 \u00e0 \u00e9tendre ma marque personnelle en utilisant non seulement mon propre domaine pour le raccourcissement d'URL, mais aussi en utilisant la PrettyBar. Lorsque mes lecteurs cliquent sur les liens contenus dans mes articles, ils continuent \u00e0 voir ma marque et disposent d'un moyen facile de revenir sur mon site, mais je b\u00e9n\u00e9ficie \u00e9galement d'un suivi solide des clics.\n\nJe recommande ce plugin WordPress \u00e0 tous les blogueurs qui souhaitent \u00e9largir leur audience, m\u00eame lorsque les utilisateurs ne sont pas sur leur site.\n\n<strong><em>- Michael Sheehan,<\/em><\/strong>\n<em>HighTechDad<\/em>\n\n<img loading=\"lazy\" decoding=\"async\" src=\"https:\/\/prettylinks.com\/wp-content\/uploads\/2009\/07\/David.png\" alt=\"\" width=\"102\" height=\"88\">J'ai \u00e9galement achet\u00e9 le PrettyLinks et j'en suis tr\u00e8s heureux. Il y a beaucoup de fonctionnalit\u00e9s utiles qui font de ce produit un excellent produit. J'ai \u00e9galement utilis\u00e9 la version standard pendant plusieurs mois et je peux vous dire que l'\u00e9quipe de PrettyLinks est tr\u00e8s r\u00e9active aux bugs\/demandes et publie des mises \u00e0 jour tr\u00e8s rapidement. Je doute que quiconque soit d\u00e9\u00e7u par l'achat de la version Pro... en outre, elle est assortie d'une garantie de remboursement de 30 jours 100% !\n\n<em><strong>- David Boyd<\/strong><\/em>","protected":false},"excerpt":{"rendered":"","protected":false},"author":1,"featured_media":0,"parent":0,"menu_order":0,"comment_status":"closed","ping_status":"open","template":"","meta":{"om_disable_all_campaigns":false,"_strive_editorial_status":"not-started","_strive_copy_of":0,"_monsterinsights_skip_tracking":false,"_monsterinsights_sitenote_active":false,"_monsterinsights_sitenote_note":"","_monsterinsights_sitenote_category":0,"footnotes":"","maurice_hero_tagline":"","maurice_hero_title":"","maurice_hero_subtitle":"","maurice_hero_cta_link":"","maurice_hero_cta_text":""},"class_list":["post-133","page","type-page","status-publish","hentry"],"aioseo_notices":[],"aioseo_head":"\n\t\t<!-- All in One SEO Pro 4.9.5.2 - aioseo.com -->\n\t<meta name=\"description\" content=\"We could tell you about the awesomeness of Pretty Links all day long. But don&#039;t listen to us. Check out what people are saying about our custom URL shortener.\" \/>\n\t<meta name=\"robots\" content=\"max-snippet:-1, max-image-preview:large, max-video-preview:-1\" \/>\n\t<link rel=\"canonical\" href=\"https:\/\/prettylinks.com\/fr\/what-people-are-saying\/\" \/>\n\t<meta name=\"generator\" content=\"All in One SEO Pro (AIOSEO) 4.9.5.2\" \/>\n\t\t<meta property=\"og:locale\" content=\"fr_FR\" \/>\n\t\t<meta property=\"og:site_name\" content=\"PrettyLinks\" \/>\n\t\t<meta property=\"og:type\" content=\"article\" \/>\n\t\t<meta property=\"og:title\" content=\"What people are saying about PrettyLinks\" \/>\n\t\t<meta property=\"og:description\" content=\"We could tell you about the awesomeness of Pretty Links all day long. But don&#039;t listen to us. Check out what people are saying about our custom URL shortener.\" \/>\n\t\t<meta property=\"og:url\" content=\"https:\/\/prettylinks.com\/fr\/what-people-are-saying\/\" \/>\n\t\t<meta property=\"article:published_time\" content=\"2009-07-27T05:46:24+00:00\" \/>\n\t\t<meta property=\"article:modified_time\" content=\"2021-03-18T19:38:09+00:00\" \/>\n\t\t<meta name=\"twitter:card\" content=\"summary_large_image\" \/>\n\t\t<meta name=\"twitter:title\" content=\"What people are saying about PrettyLinks\" \/>\n\t\t<meta name=\"twitter:description\" content=\"We could tell you about the awesomeness of Pretty Links all day long. But don&#039;t listen to us. Check out what people are saying about our custom URL shortener.\" \/>\n\t\t<script type=\"application\/ld+json\" class=\"aioseo-schema\">\n\t\t\t{\"@context\":\"https:\\\/\\\/schema.org\",\"@graph\":[{\"@type\":\"BreadcrumbList\",\"@id\":\"https:\\\/\\\/prettylinks.com\\\/fr\\\/what-people-are-saying\\\/#breadcrumblist\",\"itemListElement\":[{\"@type\":\"ListItem\",\"@id\":\"https:\\\/\\\/prettylinks.com\\\/fr#listItem\",\"position\":1,\"name\":\"Home\",\"item\":\"https:\\\/\\\/prettylinks.com\\\/fr\",\"nextItem\":{\"@type\":\"ListItem\",\"@id\":\"https:\\\/\\\/prettylinks.com\\\/fr\\\/what-people-are-saying\\\/#listItem\",\"name\":\"What people are saying about PrettyLinks\"}},{\"@type\":\"ListItem\",\"@id\":\"https:\\\/\\\/prettylinks.com\\\/fr\\\/what-people-are-saying\\\/#listItem\",\"position\":2,\"name\":\"What people are saying about PrettyLinks\",\"previousItem\":{\"@type\":\"ListItem\",\"@id\":\"https:\\\/\\\/prettylinks.com\\\/fr#listItem\",\"name\":\"Home\"}}]},{\"@type\":\"Organization\",\"@id\":\"https:\\\/\\\/prettylinks.com\\\/fr\\\/#organization\",\"name\":\"PrettyLinks\",\"description\":\"Top Affiliate Link & URL Shortener for WordPress\",\"url\":\"https:\\\/\\\/prettylinks.com\\\/fr\\\/\"},{\"@type\":\"WebPage\",\"@id\":\"https:\\\/\\\/prettylinks.com\\\/fr\\\/what-people-are-saying\\\/#webpage\",\"url\":\"https:\\\/\\\/prettylinks.com\\\/fr\\\/what-people-are-saying\\\/\",\"name\":\"Here's What People Are Saying About Pretty Links\",\"description\":\"We could tell you about the awesomeness of Pretty Links all day long. But don't listen to us. Check out what people are saying about our custom URL shortener.\",\"inLanguage\":\"fr-FR\",\"isPartOf\":{\"@id\":\"https:\\\/\\\/prettylinks.com\\\/fr\\\/#website\"},\"breadcrumb\":{\"@id\":\"https:\\\/\\\/prettylinks.com\\\/fr\\\/what-people-are-saying\\\/#breadcrumblist\"},\"datePublished\":\"2009-07-27T01:46:24-06:00\",\"dateModified\":\"2021-03-18T19:38:09-06:00\"},{\"@type\":\"WebSite\",\"@id\":\"https:\\\/\\\/prettylinks.com\\\/fr\\\/#website\",\"url\":\"https:\\\/\\\/prettylinks.com\\\/fr\\\/\",\"name\":\"PrettyLinks\",\"description\":\"Top Affiliate Link & URL Shortener for WordPress\",\"inLanguage\":\"fr-FR\",\"publisher\":{\"@id\":\"https:\\\/\\\/prettylinks.com\\\/fr\\\/#organization\"}}]}\n\t\t<\/script>\n\t\t<!-- All in One SEO Pro -->\r\n\t\t<title>Here's What People Are Saying About Pretty Links<\/title>\n\n","aioseo_head_json":{"title":"Voici ce que les gens disent \u00e0 propos de Pretty Links","description":"Nous pourrions vous vanter les m\u00e9rites de Pretty Links toute la journ\u00e9e. Mais ne nous \u00e9coutez pas. D\u00e9couvrez ce que les gens disent de notre raccourcisseur d'URL personnalis\u00e9.","canonical_url":"https:\/\/prettylinks.com\/fr\/what-people-are-saying\/","robots":"max-snippet:-1, max-image-preview:large, max-video-preview:-1","keywords":"","webmasterTools":{"miscellaneous":""},"schema":{"@context":"https:\/\/schema.org","@graph":[{"@type":"BreadcrumbList","@id":"https:\/\/prettylinks.com\/fr\/what-people-are-saying\/#breadcrumblist","itemListElement":[{"@type":"ListItem","@id":"https:\/\/prettylinks.com\/fr#listItem","position":1,"name":"Home","item":"https:\/\/prettylinks.com\/fr","nextItem":{"@type":"ListItem","@id":"https:\/\/prettylinks.com\/fr\/what-people-are-saying\/#listItem","name":"What people are saying about PrettyLinks"}},{"@type":"ListItem","@id":"https:\/\/prettylinks.com\/fr\/what-people-are-saying\/#listItem","position":2,"name":"What people are saying about PrettyLinks","previousItem":{"@type":"ListItem","@id":"https:\/\/prettylinks.com\/fr#listItem","name":"Home"}}]},{"@type":"Organization","@id":"https:\/\/prettylinks.com\/fr\/#organization","name":"PrettyLinks","description":"Top Affiliate Link & URL Shortener for WordPress","url":"https:\/\/prettylinks.com\/fr\/"},{"@type":"WebPage","@id":"https:\/\/prettylinks.com\/fr\/what-people-are-saying\/#webpage","url":"https:\/\/prettylinks.com\/fr\/what-people-are-saying\/","name":"Here's What People Are Saying About Pretty Links","description":"We could tell you about the awesomeness of Pretty Links all day long. But don't listen to us. Check out what people are saying about our custom URL shortener.","inLanguage":"fr-FR","isPartOf":{"@id":"https:\/\/prettylinks.com\/fr\/#website"},"breadcrumb":{"@id":"https:\/\/prettylinks.com\/fr\/what-people-are-saying\/#breadcrumblist"},"datePublished":"2009-07-27T01:46:24-06:00","dateModified":"2021-03-18T19:38:09-06:00"},{"@type":"WebSite","@id":"https:\/\/prettylinks.com\/fr\/#website","url":"https:\/\/prettylinks.com\/fr\/","name":"PrettyLinks","description":"Top Affiliate Link & URL Shortener for WordPress","inLanguage":"fr-FR","publisher":{"@id":"https:\/\/prettylinks.com\/fr\/#organization"}}]},"og:locale":"fr_FR","og:site_name":"PrettyLinks","og:type":"article","og:title":"What people are saying about PrettyLinks","og:description":"We could tell you about the awesomeness of Pretty Links all day long. But don't listen to us. Check out what people are saying about our custom URL shortener.","og:url":"https:\/\/prettylinks.com\/fr\/what-people-are-saying\/","article:published_time":"2009-07-27T05:46:24+00:00","article:modified_time":"2021-03-18T19:38:09+00:00","twitter:card":"summary_large_image","twitter:title":"What people are saying about PrettyLinks","twitter:description":"We could tell you about the awesomeness of Pretty Links all day long. But don't listen to us. Check out what people are saying about our custom URL shortener."},"aioseo_meta_data":{"post_id":"133","title":"Voici ce que les gens disent \u00e0 propos de Pretty Links","description":"Nous pourrions vous vanter les m\u00e9rites de Pretty Links toute la journ\u00e9e. Mais ne nous \u00e9coutez pas. D\u00e9couvrez ce que les gens disent de notre raccourcisseur d'URL personnalis\u00e9.","keywords":[{"label":"pretty links reviews","value":"pretty links reviews"},{"label":"pretty links testimonials","value":"pretty links testimonials"}],"keyphrases":{"focus":[],"additional":[]},"primary_term":null,"canonical_url":null,"og_title":"#post_title","og_description":"We could tell you about the awesomeness of Pretty Links all day long. But don't listen to us. Check out what people are saying about our custom URL shortener.","og_object_type":"default","og_image_type":"default","og_image_url":null,"og_image_width":null,"og_image_height":null,"og_image_custom_url":null,"og_image_custom_fields":null,"og_video":"","og_custom_url":null,"og_article_section":null,"og_article_tags":[],"twitter_use_og":false,"twitter_card":"default","twitter_image_type":"default","twitter_image_url":null,"twitter_image_custom_url":null,"twitter_image_custom_fields":null,"twitter_title":null,"twitter_description":null,"schema":{"blockGraphs":[],"customGraphs":[],"default":{"data":{"Article":[],"Course":[],"Dataset":[],"FAQPage":[],"Movie":[],"Person":[],"Product":[],"ProductReview":[],"Car":[],"Recipe":[],"Service":[],"SoftwareApplication":[],"WebPage":[]},"graphName":"","isEnabled":true},"graphs":[]},"schema_type":"default","schema_type_options":"{\"article\":{\"articleType\":\"BlogPosting\"},\"course\":{\"name\":\"\",\"description\":\"\",\"provider\":\"\"},\"faq\":{\"pages\":[]},\"product\":{\"reviews\":[]},\"recipe\":{\"ingredients\":[],\"instructions\":[],\"keywords\":[]},\"software\":{\"reviews\":[],\"operatingSystems\":[]},\"webPage\":{\"webPageType\":\"WebPage\"}}","pillar_content":false,"robots_default":true,"robots_noindex":false,"robots_noarchive":false,"robots_nosnippet":false,"robots_nofollow":false,"robots_noimageindex":false,"robots_noodp":false,"robots_notranslate":false,"robots_max_snippet":"-1","robots_max_videopreview":"-1","robots_max_imagepreview":"large","priority":null,"frequency":"default","local_seo":{"businessInfo":{"name":"","urls":{"website":"","aboutPage":"","contactPage":""},"address":{"line1":"","line2":"","zip":"","city":"","state":"","country":""},"contact":{"email":"","phone":"","fax":""},"ids":{"vatID":"","taxID":"","chamberID":""},"payment":{"priceIndication":"","currenciesAccepted":"","methodsAccepted":""},"areaServed":""},"openingHours":{"show":false,"closedLabel":"","open24h":false,"open24hLabel":"","open247":false,"use24hFormat":false,"twoSets":false,"timezone":"","hours":[]}},"seo_analyzer_scan_date":"2025-10-10 00:30:43","breadcrumb_settings":null,"limit_modified_date":false,"open_ai":null,"ai":null,"created":"2020-12-21 17:50:19","updated":"2026-01-28 11:47:42"},"_links":{"self":[{"href":"https:\/\/prettylinks.com\/fr\/wp-json\/wp\/v2\/pages\/133","targetHints":{"allow":["GET"]}}],"collection":[{"href":"https:\/\/prettylinks.com\/fr\/wp-json\/wp\/v2\/pages"}],"about":[{"href":"https:\/\/prettylinks.com\/fr\/wp-json\/wp\/v2\/types\/page"}],"author":[{"embeddable":true,"href":"https:\/\/prettylinks.com\/fr\/wp-json\/wp\/v2\/users\/1"}],"replies":[{"embeddable":true,"href":"https:\/\/prettylinks.com\/fr\/wp-json\/wp\/v2\/comments?post=133"}],"version-history":[{"count":0,"href":"https:\/\/prettylinks.com\/fr\/wp-json\/wp\/v2\/pages\/133\/revisions"}],"wp:attachment":[{"href":"https:\/\/prettylinks.com\/fr\/wp-json\/wp\/v2\/media?parent=133"}],"curies":[{"name":"wp","href":"https:\/\/api.w.org\/{rel}","templated":true}]}}