{"id":854,"date":"2013-12-13T22:57:02","date_gmt":"2013-12-13T22:57:02","guid":{"rendered":"https:\/\/prettylinks.com\/thank-you-2\/"},"modified":"2025-10-15T09:30:13","modified_gmt":"2025-10-15T15:30:13","slug":"thank-you","status":"publish","type":"page","link":"https:\/\/prettylinks.com\/es\/thank-you\/","title":{"rendered":"Gracias por comprar PrettyLinks"},"content":{"rendered":"<p>En breve recibir\u00e1s un correo electr\u00f3nico con tu licencia PrettyLinks.<\/p>\n\n\n\n<p>Puede acceder aqu\u00ed para gestionar su cuenta PrettyLinks y sus licencias (utilizando el nombre de usuario y la contrase\u00f1a que acaba de configurar):<\/p>\n\n\n\n<p><a href=\"https:\/\/prettylinks.com\/es\/account\/\" data-type=\"link\" data-id=\"https:\/\/prettylinks.com\/account\">https:\/\/prettylinks.com\/account<\/a><\/p>\n\n\n\n<p>Una vez que obtenga su Clave de Licencia, <em><b>si no tiene instalado PrettyLinks Lite<\/b><\/em>A continuaci\u00f3n te explicamos c\u00f3mo instalar y activar PrettyLinks:<\/p>\n\n\n\n<ol class=\"wp-block-list\">\n<li>Descarga la \u00faltima versi\u00f3n de PrettyLinks utilizando el enlace exclusivo que se te proporcion\u00f3 en el correo electr\u00f3nico de instalaci\u00f3n.<\/li>\n\n\n\n<li>Vaya a la administraci\u00f3n de su sitio web WordPress<\/li>\n\n\n\n<li>Vaya a \"Plugins\" -&gt; \"A\u00f1adir nuevo\" y haga clic en \"Cargar\".<\/li>\n\n\n\n<li>Cargue el archivo zip que acaba de descargar y haga clic en \"Activar\".<\/li>\n\n\n\n<li>Vaya a 'PrettyLinks' -&gt; 'Activar Pro' en la administraci\u00f3n de WordPress e introduzca su clave de licencia y act\u00edvela.<\/li>\n<\/ol>\n\n\n\n<p>Alternativamente, <em><b>si ya tiene instalado PrettyLinks Lite<\/b><\/em>A continuaci\u00f3n te explicamos c\u00f3mo instalar y activar PrettyLinks:<\/p>\n\n\n\n<ol class=\"wp-block-list\">\n<li>Vaya a 'PrettyLinks' -&gt; 'Actualizar a Pro' en la administraci\u00f3n de WordPress, introduzca su clave de licencia y act\u00edvela.<\/li>\n\n\n\n<li>Haga clic en el bot\u00f3n \"Actualizar plugin a Pro\".<\/li>\n<\/ol>\n\n\n\n<p>\u00a1Eso es!<\/p>\n\n\n\n<p>Si tiene alguna pregunta, puede acceder al manual de usuario y al servicio de asistencia de PrettyLinks desde su Panel de control de miembro en <a href=\"https:\/\/prettylinks.com\/es\/account\/\">https:\/\/prettylinks.com\/account\/<\/a>.<\/p>\n\n\n\n<p>\u00a1Salud!<\/p>\n\n\n\n<p>El equipo PrettyLinks<\/p>","protected":false},"excerpt":{"rendered":"<p>En breve recibir\u00e1s un correo electr\u00f3nico con tu licencia PrettyLinks. Puedes iniciar sesi\u00f3n aqu\u00ed para gestionar tu cuenta PrettyLinks y tus licencias (utilizando el nombre de usuario y la contrase\u00f1a que acabas de configurar): https:\/\/prettylinks.com\/account Una vez que recibas tu clave de licencia, si no tienes instalado PrettyLinks Lite, aqu\u00ed tienes c\u00f3mo instalar y activar PrettyLinks: Alternativamente, si ya lo tienes...<\/p>","protected":false},"author":2,"featured_media":0,"parent":0,"menu_order":56,"comment_status":"closed","ping_status":"closed","template":"single_framed","meta":{"om_disable_all_campaigns":false,"_strive_editorial_status":"not-started","_strive_copy_of":0,"_monsterinsights_skip_tracking":false,"_monsterinsights_sitenote_active":false,"_monsterinsights_sitenote_note":"","_monsterinsights_sitenote_category":0,"footnotes":"","maurice_hero_tagline":"","maurice_hero_title":"","maurice_hero_subtitle":"","maurice_hero_cta_link":"","maurice_hero_cta_text":""},"class_list":["post-854","page","type-page","status-publish","hentry"],"aioseo_notices":[],"aioseo_head":"\n\t\t<!-- All in One SEO Pro 4.9.5.2 - aioseo.com -->\n\t<meta name=\"description\" content=\"You&#039;ll be receiving an email shortly with your PrettyLinks license. You can login here to manage your PrettyLinks account and licenses (using the username &amp; password you just setup): https:\/\/prettylinks.com\/account Once you get your License Key, if you don&#039;t currently have PrettyLinks Lite installed, here&#039;s how you&#039;ll install &amp; activate PrettyLinks: Download the latest version\" \/>\n\t<meta name=\"robots\" content=\"max-snippet:-1, max-image-preview:large, max-video-preview:-1\" \/>\n\t<link rel=\"canonical\" href=\"https:\/\/prettylinks.com\/es\/thank-you\/\" \/>\n\t<meta name=\"generator\" content=\"All in One SEO Pro (AIOSEO) 4.9.5.2\" \/>\n\t\t<meta property=\"og:locale\" content=\"es_ES\" \/>\n\t\t<meta property=\"og:site_name\" content=\"PrettyLinks\" \/>\n\t\t<meta property=\"og:type\" content=\"article\" \/>\n\t\t<meta property=\"og:title\" content=\"Thanks for Purchasing PrettyLinks\" \/>\n\t\t<meta property=\"og:description\" content=\"You&#039;ll be receiving an email shortly with your PrettyLinks license. You can login here to manage your PrettyLinks account and licenses (using the username &amp; password you just setup): https:\/\/prettylinks.com\/account Once you get your License Key, if you don&#039;t currently have PrettyLinks Lite installed, here&#039;s how you&#039;ll install &amp; activate PrettyLinks: Download the latest version\" \/>\n\t\t<meta property=\"og:url\" content=\"https:\/\/prettylinks.com\/es\/thank-you\/\" \/>\n\t\t<meta property=\"article:published_time\" content=\"2013-12-13T22:57:02+00:00\" \/>\n\t\t<meta property=\"article:modified_time\" content=\"2025-10-15T15:30:13+00:00\" \/>\n\t\t<meta name=\"twitter:card\" content=\"summary_large_image\" \/>\n\t\t<meta name=\"twitter:title\" content=\"Thanks for Purchasing PrettyLinks\" \/>\n\t\t<meta name=\"twitter:description\" content=\"You&#039;ll be receiving an email shortly with your PrettyLinks license. You can login here to manage your PrettyLinks account and licenses (using the username &amp; password you just setup): https:\/\/prettylinks.com\/account Once you get your License Key, if you don&#039;t currently have PrettyLinks Lite installed, here&#039;s how you&#039;ll install &amp; activate PrettyLinks: Download the latest version\" \/>\n\t\t<script type=\"application\/ld+json\" class=\"aioseo-schema\">\n\t\t\t{\"@context\":\"https:\\\/\\\/schema.org\",\"@graph\":[{\"@type\":\"BreadcrumbList\",\"@id\":\"https:\\\/\\\/prettylinks.com\\\/es\\\/thank-you\\\/#breadcrumblist\",\"itemListElement\":[{\"@type\":\"ListItem\",\"@id\":\"https:\\\/\\\/prettylinks.com\\\/es#listItem\",\"position\":1,\"name\":\"Home\",\"item\":\"https:\\\/\\\/prettylinks.com\\\/es\",\"nextItem\":{\"@type\":\"ListItem\",\"@id\":\"https:\\\/\\\/prettylinks.com\\\/es\\\/thank-you\\\/#listItem\",\"name\":\"Thanks for Purchasing PrettyLinks\"}},{\"@type\":\"ListItem\",\"@id\":\"https:\\\/\\\/prettylinks.com\\\/es\\\/thank-you\\\/#listItem\",\"position\":2,\"name\":\"Thanks for Purchasing PrettyLinks\",\"previousItem\":{\"@type\":\"ListItem\",\"@id\":\"https:\\\/\\\/prettylinks.com\\\/es#listItem\",\"name\":\"Home\"}}]},{\"@type\":\"Organization\",\"@id\":\"https:\\\/\\\/prettylinks.com\\\/es\\\/#organization\",\"name\":\"PrettyLinks\",\"description\":\"Top Affiliate Link & URL Shortener for WordPress\",\"url\":\"https:\\\/\\\/prettylinks.com\\\/es\\\/\"},{\"@type\":\"WebPage\",\"@id\":\"https:\\\/\\\/prettylinks.com\\\/es\\\/thank-you\\\/#webpage\",\"url\":\"https:\\\/\\\/prettylinks.com\\\/es\\\/thank-you\\\/\",\"name\":\"Thanks for Purchasing PrettyLinks\",\"description\":\"You'll be receiving an email shortly with your PrettyLinks license. You can login here to manage your PrettyLinks account and licenses (using the username & password you just setup): https:\\\/\\\/prettylinks.com\\\/account Once you get your License Key, if you don't currently have PrettyLinks Lite installed, here's how you'll install & activate PrettyLinks: Download the latest version\",\"inLanguage\":\"es-ES\",\"isPartOf\":{\"@id\":\"https:\\\/\\\/prettylinks.com\\\/es\\\/#website\"},\"breadcrumb\":{\"@id\":\"https:\\\/\\\/prettylinks.com\\\/es\\\/thank-you\\\/#breadcrumblist\"},\"datePublished\":\"2013-12-13T22:57:02-07:00\",\"dateModified\":\"2025-10-15T09:30:13-06:00\"},{\"@type\":\"WebSite\",\"@id\":\"https:\\\/\\\/prettylinks.com\\\/es\\\/#website\",\"url\":\"https:\\\/\\\/prettylinks.com\\\/es\\\/\",\"name\":\"PrettyLinks\",\"description\":\"Top Affiliate Link & URL Shortener for WordPress\",\"inLanguage\":\"es-ES\",\"publisher\":{\"@id\":\"https:\\\/\\\/prettylinks.com\\\/es\\\/#organization\"}}]}\n\t\t<\/script>\n\t\t<!-- All in One SEO Pro -->\r\n\t\t<title>Thanks for Purchasing PrettyLinks<\/title>\n\n","aioseo_head_json":{"title":"Gracias por comprar PrettyLinks","description":"En breve recibir\u00e1s un correo electr\u00f3nico con tu licencia PrettyLinks. Puedes iniciar sesi\u00f3n aqu\u00ed para gestionar tu cuenta PrettyLinks y tus licencias (utilizando el nombre de usuario y la contrase\u00f1a que acabas de configurar): https:\/\/prettylinks.com\/account Una vez que recibas tu clave de licencia, si no tienes instalado PrettyLinks Lite, aqu\u00ed tienes c\u00f3mo instalar y activar PrettyLinks: Descarga la \u00faltima versi\u00f3n.","canonical_url":"https:\/\/prettylinks.com\/es\/thank-you\/","robots":"max-snippet:-1, max-image-preview:large, max-video-preview:-1","keywords":"","webmasterTools":{"miscellaneous":""},"schema":{"@context":"https:\/\/schema.org","@graph":[{"@type":"BreadcrumbList","@id":"https:\/\/prettylinks.com\/es\/thank-you\/#breadcrumblist","itemListElement":[{"@type":"ListItem","@id":"https:\/\/prettylinks.com\/es#listItem","position":1,"name":"Home","item":"https:\/\/prettylinks.com\/es","nextItem":{"@type":"ListItem","@id":"https:\/\/prettylinks.com\/es\/thank-you\/#listItem","name":"Thanks for Purchasing PrettyLinks"}},{"@type":"ListItem","@id":"https:\/\/prettylinks.com\/es\/thank-you\/#listItem","position":2,"name":"Thanks for Purchasing PrettyLinks","previousItem":{"@type":"ListItem","@id":"https:\/\/prettylinks.com\/es#listItem","name":"Home"}}]},{"@type":"Organization","@id":"https:\/\/prettylinks.com\/es\/#organization","name":"PrettyLinks","description":"Top Affiliate Link & URL Shortener for WordPress","url":"https:\/\/prettylinks.com\/es\/"},{"@type":"WebPage","@id":"https:\/\/prettylinks.com\/es\/thank-you\/#webpage","url":"https:\/\/prettylinks.com\/es\/thank-you\/","name":"Thanks for Purchasing PrettyLinks","description":"You'll be receiving an email shortly with your PrettyLinks license. You can login here to manage your PrettyLinks account and licenses (using the username & password you just setup): https:\/\/prettylinks.com\/account Once you get your License Key, if you don't currently have PrettyLinks Lite installed, here's how you'll install & activate PrettyLinks: Download the latest version","inLanguage":"es-ES","isPartOf":{"@id":"https:\/\/prettylinks.com\/es\/#website"},"breadcrumb":{"@id":"https:\/\/prettylinks.com\/es\/thank-you\/#breadcrumblist"},"datePublished":"2013-12-13T22:57:02-07:00","dateModified":"2025-10-15T09:30:13-06:00"},{"@type":"WebSite","@id":"https:\/\/prettylinks.com\/es\/#website","url":"https:\/\/prettylinks.com\/es\/","name":"PrettyLinks","description":"Top Affiliate Link & URL Shortener for WordPress","inLanguage":"es-ES","publisher":{"@id":"https:\/\/prettylinks.com\/es\/#organization"}}]},"og:locale":"es_ES","og:site_name":"PrettyLinks","og:type":"article","og:title":"Thanks for Purchasing PrettyLinks","og:description":"You'll be receiving an email shortly with your PrettyLinks license. You can login here to manage your PrettyLinks account and licenses (using the username &amp; password you just setup): https:\/\/prettylinks.com\/account Once you get your License Key, if you don't currently have PrettyLinks Lite installed, here's how you'll install &amp; activate PrettyLinks: Download the latest version","og:url":"https:\/\/prettylinks.com\/es\/thank-you\/","article:published_time":"2013-12-13T22:57:02+00:00","article:modified_time":"2025-10-15T15:30:13+00:00","twitter:card":"summary_large_image","twitter:title":"Thanks for Purchasing PrettyLinks","twitter:description":"You'll be receiving an email shortly with your PrettyLinks license. You can login here to manage your PrettyLinks account and licenses (using the username &amp; password you just setup): https:\/\/prettylinks.com\/account Once you get your License Key, if you don't currently have PrettyLinks Lite installed, here's how you'll install &amp; activate PrettyLinks: Download the latest version"},"aioseo_meta_data":{"post_id":"854","title":null,"description":null,"keywords":null,"keyphrases":null,"primary_term":null,"canonical_url":null,"og_title":null,"og_description":null,"og_object_type":"default","og_image_type":"default","og_image_url":null,"og_image_width":null,"og_image_height":null,"og_image_custom_url":null,"og_image_custom_fields":null,"og_video":null,"og_custom_url":null,"og_article_section":null,"og_article_tags":null,"twitter_use_og":false,"twitter_card":"default","twitter_image_type":"default","twitter_image_url":null,"twitter_image_custom_url":null,"twitter_image_custom_fields":null,"twitter_title":null,"twitter_description":null,"schema":{"blockGraphs":[],"customGraphs":[],"default":{"data":{"Article":[],"Course":[],"Dataset":[],"FAQPage":[],"Movie":[],"Person":[],"Product":[],"ProductReview":[],"Car":[],"Recipe":[],"Service":[],"SoftwareApplication":[],"WebPage":[]},"graphName":"","isEnabled":true},"graphs":[]},"schema_type":null,"schema_type_options":null,"pillar_content":false,"robots_default":true,"robots_noindex":false,"robots_noarchive":false,"robots_nosnippet":false,"robots_nofollow":false,"robots_noimageindex":false,"robots_noodp":false,"robots_notranslate":false,"robots_max_snippet":null,"robots_max_videopreview":null,"robots_max_imagepreview":"large","priority":null,"frequency":null,"local_seo":null,"seo_analyzer_scan_date":"2025-10-15 15:37:52","breadcrumb_settings":null,"limit_modified_date":false,"open_ai":null,"ai":null,"created":"2020-12-21 17:50:21","updated":"2026-01-19 11:40:37"},"_links":{"self":[{"href":"https:\/\/prettylinks.com\/es\/wp-json\/wp\/v2\/pages\/854","targetHints":{"allow":["GET"]}}],"collection":[{"href":"https:\/\/prettylinks.com\/es\/wp-json\/wp\/v2\/pages"}],"about":[{"href":"https:\/\/prettylinks.com\/es\/wp-json\/wp\/v2\/types\/page"}],"author":[{"embeddable":true,"href":"https:\/\/prettylinks.com\/es\/wp-json\/wp\/v2\/users\/2"}],"replies":[{"embeddable":true,"href":"https:\/\/prettylinks.com\/es\/wp-json\/wp\/v2\/comments?post=854"}],"version-history":[{"count":1,"href":"https:\/\/prettylinks.com\/es\/wp-json\/wp\/v2\/pages\/854\/revisions"}],"predecessor-version":[{"id":16726,"href":"https:\/\/prettylinks.com\/es\/wp-json\/wp\/v2\/pages\/854\/revisions\/16726"}],"wp:attachment":[{"href":"https:\/\/prettylinks.com\/es\/wp-json\/wp\/v2\/media?parent=854"}],"curies":[{"name":"wp","href":"https:\/\/api.w.org\/{rel}","templated":true}]}}