{"id":72,"date":"2009-07-23T15:57:05","date_gmt":"2009-07-23T19:57:05","guid":{"rendered":"https:\/\/prettylinks.com\/?page_id=72"},"modified":"2025-10-15T09:30:07","modified_gmt":"2025-10-15T15:30:07","slug":"privacy-policy","status":"publish","type":"page","link":"https:\/\/prettylinks.com\/es\/privacy-policy\/","title":{"rendered":"Pol\u00edtica de privacidad"},"content":{"rendered":"<div class=\"wp-block-group alignwide is-style-maurice-layout-container is-layout-flow wp-block-group-is-layout-flow is-style-maurice-layout-container--1\">\n<p>Caseproof, LLC, una sociedad de responsabilidad limitada de Utah, posee y gestiona este sitio web. Estamos comprometidos con la privacidad y la seguridad de la informaci\u00f3n de nuestros visitantes. Lo que sigue es una declaraci\u00f3n de nuestras pr\u00e1cticas de privacidad:<\/p>\n\n\n\n<h4 class=\"wp-block-heading\">Informaci\u00f3n recogida<\/h4>\n\n\n\n<ul class=\"wp-block-list\">\n<li>Su informaci\u00f3n personal no es necesaria para visitar PrettyLinks.com<\/li>\n\n\n\n<li>Cualquier informaci\u00f3n personal recopilada es proporcionada a sabiendas por usted y s\u00f3lo cuando sea solicitada\/requerida durante el registro de la cuenta para la participaci\u00f3n interactiva en PrettyLinks.com y durante el proceso de pedido.<\/li>\n<\/ul>\n\n\n\n<h5 class=\"wp-block-heading\">Datos de tr\u00e1fico<\/h5>\n\n\n\n<ul class=\"wp-block-list\">\n<li>Su direcci\u00f3n IP es una direcci\u00f3n num\u00e9rica asignada a su ordenador, asignada por su proveedor de servicios de Internet. Recopilamos autom\u00e1ticamente su direcci\u00f3n IP como datos de tr\u00e1fico para poder enviarle informaci\u00f3n cuando nos la solicite. No se utiliza para identificar su informaci\u00f3n personal.<\/li>\n\n\n\n<li>Los remitentes son referencias a la direcci\u00f3n web desde la que se enlaz\u00f3 y su navegador la transmite autom\u00e1ticamente. Recopilamos las referencias que env\u00eda su navegador como parte de los datos de tr\u00e1fico. No se asocian a informaci\u00f3n personal identificable.<\/li>\n\n\n\n<li>Informaci\u00f3n del sistema, como su sistema operativo\/plataforma y el tipo de navegador que utiliza. Esto no se adjunta a la informaci\u00f3n de identificaci\u00f3n personal.<\/li>\n<\/ul>\n\n\n\n<h4 class=\"wp-block-heading\">Uso de la informaci\u00f3n<\/h4>\n\n\n\n<h5 class=\"wp-block-heading\">Informaci\u00f3n sobre la cuenta<\/h5>\n\n\n\n<ul class=\"wp-block-list\">\n<li>Su informaci\u00f3n se mantiene en un servidor web seguro en lo que consideramos un entorno bien protegido.<\/li>\n\n\n\n<li>Caseproof s\u00f3lo comparte informaci\u00f3n personal con empresas de facturaci\u00f3n para completar transacciones y con ning\u00fan otro fin. No se comparte ninguna otra informaci\u00f3n con ninguna otra empresa de terceros para ning\u00fan fin, bajo ninguna circunstancia.<\/li>\n\n\n\n<li>Caseproof hace todo lo posible por preservar su privacidad, la informaci\u00f3n personal puede ser revelada cuando as\u00ed lo exija la ley y creamos de buena fe que dicha acci\u00f3n es necesaria para cumplir con un procedimiento judicial, una orden judicial o un proceso legal.<\/li>\n<\/ul>\n\n\n\n<h5 class=\"wp-block-heading\">Cookies<\/h5>\n\n\n\n<ul class=\"wp-block-list\">\n<li>PrettyLinks.com se basa en la tecnolog\u00eda de \"cookies\" para permitirle volver a acceder al perfil de su cuenta registrada durante una sesi\u00f3n web. Este mecanismo se emplea \u00fanicamente para su comodidad y para ning\u00fan otro fin.<\/li>\n<\/ul>\n\n\n\n<h5 class=\"wp-block-heading\">Enlaces<\/h5>\n\n\n\n<p>Este sitio web contiene enlaces a otros sitios. Tenga en cuenta que nosotros, Caseproof, no somos responsables de las pr\u00e1cticas de privacidad de esos otros sitios. Animamos a nuestros visitantes a que est\u00e9n atentos cuando abandonen nuestro sitio y a que lean las declaraciones de privacidad de todos y cada uno de los sitios web que recopilan informaci\u00f3n personal identificable. Esta declaraci\u00f3n de privacidad se aplica \u00fanicamente a la informaci\u00f3n recopilada por este sitio web.<\/p>\n\n\n\n<h5 class=\"wp-block-heading\">Seguridad<\/h5>\n\n\n\n<p>Este sitio web toma todas las precauciones necesarias para proteger la informaci\u00f3n de nuestros visitantes. Cuando los visitantes env\u00edan informaci\u00f3n sensible a trav\u00e9s del sitio web, su informaci\u00f3n est\u00e1 protegida tanto en l\u00ednea como fuera de l\u00ednea.<\/p>\n\n\n\n<p>Nuestro formulario de pedido pide a los clientes que introduzcan informaci\u00f3n confidencial (como el n\u00famero de tarjeta de cr\u00e9dito y\/o el n\u00famero de la seguridad social). Esa informaci\u00f3n est\u00e1 protegida por un cifrado de 128 bits a trav\u00e9s de SSL (Secure Sockets Layer) (<a href=\"http:\/\/en.wikipedia.org\/wiki\/Secure_Sockets_Layer\">M\u00e1s informaci\u00f3n sobre la tecnolog\u00eda SSL<\/a>).<\/p>\n\n\n\n<p>Aunque utilizamos el cifrado SSL para proteger la informaci\u00f3n confidencial en l\u00ednea, tambi\u00e9n hacemos todo lo que est\u00e1 en nuestra mano para proteger la informaci\u00f3n de los usuarios fuera de l\u00ednea. Toda la informaci\u00f3n de nuestros clientes, no s\u00f3lo la informaci\u00f3n sensible mencionada anteriormente, est\u00e1 restringida en nuestras oficinas. S\u00f3lo los empleados que necesitan la informaci\u00f3n para realizar un trabajo espec\u00edfico (por ejemplo, nuestro empleado de facturaci\u00f3n o un representante de atenci\u00f3n al cliente) tienen acceso a la informaci\u00f3n de identificaci\u00f3n personal. Nuestros empleados deben utilizar salvapantallas protegidos con contrase\u00f1a cuando abandonan su puesto. Cuando regresan, deben volver a introducir su contrase\u00f1a para recuperar el acceso a la informaci\u00f3n del usuario. <\/p>\n\n\n\n<p>Adem\u00e1s, TODOS los empleados reciben informaci\u00f3n actualizada sobre nuestras pr\u00e1cticas de seguridad y privacidad. Cada trimestre, as\u00ed como cada vez que se a\u00f1aden nuevas pol\u00edticas, se notifica y\/o recuerda a nuestros empleados la importancia que concedemos a la privacidad, y lo que pueden hacer para garantizar la protecci\u00f3n de la informaci\u00f3n de nuestros clientes. Por \u00faltimo, los servidores que almacenan informaci\u00f3n personal identificable se encuentran en un entorno seguro, en unas instalaciones cerradas con llave.<\/p>\n\n\n\n<p>Si los visitantes tienen alguna pregunta sobre la seguridad en PrettyLinks.com, no dude en ponerse en contacto con&nbsp;<a href=\"\/es\/contact\/\">Atenci\u00f3n al cliente<\/a>.<\/p>\n\n\n\n<h4 class=\"wp-block-heading\">Correcci\u00f3n, actualizaci\u00f3n, supresi\u00f3n y desactivaci\u00f3n de datos personales<\/h4>\n\n\n\n<p>Si la informaci\u00f3n de identificaci\u00f3n personal de un visitante cambia (como c\u00f3digo postal, tel\u00e9fono, correo electr\u00f3nico o direcci\u00f3n postal), o si un visitante ya no desea nuestro servicio, proporcionamos una forma de corregir, actualizar o eliminar\/desactivar la informaci\u00f3n de identificaci\u00f3n personal. Esto puede hacerse normalmente en la p\u00e1gina \"Su cuenta\" o poni\u00e9ndose en contacto con nuestro Servicio de Atenci\u00f3n al Cliente. Tambi\u00e9n puede ponerse en contacto con nosotros por tel\u00e9fono o por correo postal a trav\u00e9s de los datos de contacto que figuran a continuaci\u00f3n.<\/p>\n\n\n\n<h4 class=\"wp-block-heading\">Notificaci\u00f3n de cambios<\/h4>\n\n\n\n<p>Si decidimos cambiar nuestra pol\u00edtica de privacidad, publicaremos dichos cambios en esta declaraci\u00f3n de privacidad, en la p\u00e1gina de inicio y en otros lugares que consideremos adecuados para que nuestros visitantes sepan en todo momento qu\u00e9 informaci\u00f3n recopilamos, c\u00f3mo la utilizamos y en qu\u00e9 circunstancias, en su caso, la revelamos.<\/p>\n\n\n\n<p>No obstante, si vamos a utilizar la informaci\u00f3n personal identificable de los visitantes de una forma distinta a la indicada en el momento de la recogida, lo notificaremos a los usuarios publicando un aviso en nuestro sitio web durante 30 d\u00edas.<\/p>\n\n\n\n<h4 class=\"wp-block-heading\">Informaci\u00f3n de contacto<\/h4>\n\n\n\n<p>Si los visitantes tienen alguna pregunta o sugerencia sobre nuestra pol\u00edtica de privacidad, p\u00f3nganse en contacto con nosotros: <strong>Caseproof, LLC<\/strong><br> 11429 S District Dr.<br> #1227<br> South Jordan, UT 84095<br> (801) 921-6928<\/p>\n<\/div>","protected":false},"excerpt":{"rendered":"<p>Caseproof, LLC, una sociedad de responsabilidad limitada de Utah, es la propietaria y administradora de este sitio web. Estamos comprometidos con la privacidad y la seguridad de la informaci\u00f3n de nuestros visitantes. Lo que sigue es una declaraci\u00f3n de nuestras pr\u00e1cticas de privacidad: Informaci\u00f3n recopilada Datos de tr\u00e1fico Informaci\u00f3n de uso Informaci\u00f3n de cuenta Cookies Enlaces Este sitio web contiene enlaces a otros sitios. Tenga en cuenta que nosotros,...<\/p>","protected":false},"author":1,"featured_media":0,"parent":0,"menu_order":24,"comment_status":"closed","ping_status":"open","template":"","meta":{"om_disable_all_campaigns":false,"_strive_editorial_status":"not-started","_strive_copy_of":0,"_monsterinsights_skip_tracking":false,"_monsterinsights_sitenote_active":false,"_monsterinsights_sitenote_note":"","_monsterinsights_sitenote_category":0,"footnotes":"","maurice_hero_tagline":"","maurice_hero_title":"","maurice_hero_subtitle":"","maurice_hero_cta_link":"","maurice_hero_cta_text":""},"class_list":["post-72","page","type-page","status-publish","hentry"],"aioseo_notices":[],"aioseo_head":"\n\t\t<!-- All in One SEO Pro 4.9.5.2 - aioseo.com -->\n\t<meta name=\"description\" content=\"Caseproof, LLC, a Utah limited liability company, owns and operates this website. We are committed to the privacy and security of our visitors&#039; information. The following is a statement of our privacy practices: Information Collected Your personal information is not required to visit PrettyLinks.com Any personal information collected is knowingly provided by you and only\" \/>\n\t<meta name=\"robots\" content=\"max-snippet:-1, max-image-preview:large, max-video-preview:-1\" \/>\n\t<link rel=\"canonical\" href=\"https:\/\/prettylinks.com\/es\/privacy-policy\/\" \/>\n\t<meta name=\"generator\" content=\"All in One SEO Pro (AIOSEO) 4.9.5.2\" \/>\n\t\t<meta property=\"og:locale\" content=\"es_ES\" \/>\n\t\t<meta property=\"og:site_name\" content=\"PrettyLinks\" \/>\n\t\t<meta property=\"og:type\" content=\"article\" \/>\n\t\t<meta property=\"og:title\" content=\"Privacy Policy\" \/>\n\t\t<meta property=\"og:description\" content=\"Caseproof, LLC, a Utah limited liability company, owns and operates this website. We are committed to the privacy and security of our visitors&#039; information. The following is a statement of our privacy practices: Information Collected Your personal information is not required to visit PrettyLinks.com Any personal information collected is knowingly provided by you and only\" \/>\n\t\t<meta property=\"og:url\" content=\"https:\/\/prettylinks.com\/es\/privacy-policy\/\" \/>\n\t\t<meta property=\"article:published_time\" content=\"2009-07-23T19:57:05+00:00\" \/>\n\t\t<meta property=\"article:modified_time\" content=\"2025-10-15T15:30:07+00:00\" \/>\n\t\t<meta name=\"twitter:card\" content=\"summary_large_image\" \/>\n\t\t<meta name=\"twitter:title\" content=\"Privacy Policy\" \/>\n\t\t<meta name=\"twitter:description\" content=\"Caseproof, LLC, a Utah limited liability company, owns and operates this website. We are committed to the privacy and security of our visitors&#039; information. The following is a statement of our privacy practices: Information Collected Your personal information is not required to visit PrettyLinks.com Any personal information collected is knowingly provided by you and only\" \/>\n\t\t<script type=\"application\/ld+json\" class=\"aioseo-schema\">\n\t\t\t{\"@context\":\"https:\\\/\\\/schema.org\",\"@graph\":[{\"@type\":\"BreadcrumbList\",\"@id\":\"https:\\\/\\\/prettylinks.com\\\/es\\\/privacy-policy\\\/#breadcrumblist\",\"itemListElement\":[{\"@type\":\"ListItem\",\"@id\":\"https:\\\/\\\/prettylinks.com\\\/es#listItem\",\"position\":1,\"name\":\"Home\",\"item\":\"https:\\\/\\\/prettylinks.com\\\/es\",\"nextItem\":{\"@type\":\"ListItem\",\"@id\":\"https:\\\/\\\/prettylinks.com\\\/es\\\/privacy-policy\\\/#listItem\",\"name\":\"Privacy Policy\"}},{\"@type\":\"ListItem\",\"@id\":\"https:\\\/\\\/prettylinks.com\\\/es\\\/privacy-policy\\\/#listItem\",\"position\":2,\"name\":\"Privacy Policy\",\"previousItem\":{\"@type\":\"ListItem\",\"@id\":\"https:\\\/\\\/prettylinks.com\\\/es#listItem\",\"name\":\"Home\"}}]},{\"@type\":\"Organization\",\"@id\":\"https:\\\/\\\/prettylinks.com\\\/es\\\/#organization\",\"name\":\"PrettyLinks\",\"description\":\"Top Affiliate Link & URL Shortener for WordPress\",\"url\":\"https:\\\/\\\/prettylinks.com\\\/es\\\/\"},{\"@type\":\"WebPage\",\"@id\":\"https:\\\/\\\/prettylinks.com\\\/es\\\/privacy-policy\\\/#webpage\",\"url\":\"https:\\\/\\\/prettylinks.com\\\/es\\\/privacy-policy\\\/\",\"name\":\"Privacy Policy\",\"description\":\"Caseproof, LLC, a Utah limited liability company, owns and operates this website. We are committed to the privacy and security of our visitors' information. The following is a statement of our privacy practices: Information Collected Your personal information is not required to visit PrettyLinks.com Any personal information collected is knowingly provided by you and only\",\"inLanguage\":\"es-ES\",\"isPartOf\":{\"@id\":\"https:\\\/\\\/prettylinks.com\\\/es\\\/#website\"},\"breadcrumb\":{\"@id\":\"https:\\\/\\\/prettylinks.com\\\/es\\\/privacy-policy\\\/#breadcrumblist\"},\"datePublished\":\"2009-07-23T15:57:05-06:00\",\"dateModified\":\"2025-10-15T09:30:07-06:00\"},{\"@type\":\"WebSite\",\"@id\":\"https:\\\/\\\/prettylinks.com\\\/es\\\/#website\",\"url\":\"https:\\\/\\\/prettylinks.com\\\/es\\\/\",\"name\":\"PrettyLinks\",\"description\":\"Top Affiliate Link & URL Shortener for WordPress\",\"inLanguage\":\"es-ES\",\"publisher\":{\"@id\":\"https:\\\/\\\/prettylinks.com\\\/es\\\/#organization\"}}]}\n\t\t<\/script>\n\t\t<!-- All in One SEO Pro -->\r\n\t\t<title>Privacy Policy<\/title>\n\n","aioseo_head_json":{"title":"Pol\u00edtica de privacidad","description":"Caseproof, LLC, una sociedad de responsabilidad limitada de Utah, es la propietaria y administradora de este sitio web. Estamos comprometidos con la privacidad y la seguridad de la informaci\u00f3n de nuestros visitantes. La siguiente es una declaraci\u00f3n de nuestras pr\u00e1cticas de privacidad: Informaci\u00f3n recopilada Su informaci\u00f3n personal no es necesaria para visitar PrettyLinks.com Cualquier informaci\u00f3n personal recopilada es proporcionada a sabiendas por usted y s\u00f3lo","canonical_url":"https:\/\/prettylinks.com\/es\/privacy-policy\/","robots":"max-snippet:-1, max-image-preview:large, max-video-preview:-1","keywords":"","webmasterTools":{"miscellaneous":""},"schema":{"@context":"https:\/\/schema.org","@graph":[{"@type":"BreadcrumbList","@id":"https:\/\/prettylinks.com\/es\/privacy-policy\/#breadcrumblist","itemListElement":[{"@type":"ListItem","@id":"https:\/\/prettylinks.com\/es#listItem","position":1,"name":"Home","item":"https:\/\/prettylinks.com\/es","nextItem":{"@type":"ListItem","@id":"https:\/\/prettylinks.com\/es\/privacy-policy\/#listItem","name":"Privacy Policy"}},{"@type":"ListItem","@id":"https:\/\/prettylinks.com\/es\/privacy-policy\/#listItem","position":2,"name":"Privacy Policy","previousItem":{"@type":"ListItem","@id":"https:\/\/prettylinks.com\/es#listItem","name":"Home"}}]},{"@type":"Organization","@id":"https:\/\/prettylinks.com\/es\/#organization","name":"PrettyLinks","description":"Top Affiliate Link & URL Shortener for WordPress","url":"https:\/\/prettylinks.com\/es\/"},{"@type":"WebPage","@id":"https:\/\/prettylinks.com\/es\/privacy-policy\/#webpage","url":"https:\/\/prettylinks.com\/es\/privacy-policy\/","name":"Privacy Policy","description":"Caseproof, LLC, a Utah limited liability company, owns and operates this website. We are committed to the privacy and security of our visitors' information. The following is a statement of our privacy practices: Information Collected Your personal information is not required to visit PrettyLinks.com Any personal information collected is knowingly provided by you and only","inLanguage":"es-ES","isPartOf":{"@id":"https:\/\/prettylinks.com\/es\/#website"},"breadcrumb":{"@id":"https:\/\/prettylinks.com\/es\/privacy-policy\/#breadcrumblist"},"datePublished":"2009-07-23T15:57:05-06:00","dateModified":"2025-10-15T09:30:07-06:00"},{"@type":"WebSite","@id":"https:\/\/prettylinks.com\/es\/#website","url":"https:\/\/prettylinks.com\/es\/","name":"PrettyLinks","description":"Top Affiliate Link & URL Shortener for WordPress","inLanguage":"es-ES","publisher":{"@id":"https:\/\/prettylinks.com\/es\/#organization"}}]},"og:locale":"es_ES","og:site_name":"PrettyLinks","og:type":"article","og:title":"Privacy Policy","og:description":"Caseproof, LLC, a Utah limited liability company, owns and operates this website. We are committed to the privacy and security of our visitors' information. The following is a statement of our privacy practices: Information Collected Your personal information is not required to visit PrettyLinks.com Any personal information collected is knowingly provided by you and only","og:url":"https:\/\/prettylinks.com\/es\/privacy-policy\/","article:published_time":"2009-07-23T19:57:05+00:00","article:modified_time":"2025-10-15T15:30:07+00:00","twitter:card":"summary_large_image","twitter:title":"Privacy Policy","twitter:description":"Caseproof, LLC, a Utah limited liability company, owns and operates this website. We are committed to the privacy and security of our visitors' information. The following is a statement of our privacy practices: Information Collected Your personal information is not required to visit PrettyLinks.com Any personal information collected is knowingly provided by you and only"},"aioseo_meta_data":{"post_id":"72","title":null,"description":null,"keywords":[{"label":"pretty links privacy policy","value":"pretty links privacy policy"}],"keyphrases":{"focus":[],"additional":[]},"primary_term":null,"canonical_url":null,"og_title":null,"og_description":null,"og_object_type":"default","og_image_type":"default","og_image_url":null,"og_image_width":null,"og_image_height":null,"og_image_custom_url":null,"og_image_custom_fields":null,"og_video":"","og_custom_url":null,"og_article_section":null,"og_article_tags":[],"twitter_use_og":false,"twitter_card":"default","twitter_image_type":"default","twitter_image_url":null,"twitter_image_custom_url":null,"twitter_image_custom_fields":null,"twitter_title":null,"twitter_description":null,"schema":{"blockGraphs":[],"customGraphs":[],"default":{"data":{"Article":[],"Course":[],"Dataset":[],"FAQPage":[],"Movie":[],"Person":[],"Product":[],"ProductReview":[],"Car":[],"Recipe":[],"Service":[],"SoftwareApplication":[],"WebPage":[]},"graphName":"","isEnabled":true},"graphs":[]},"schema_type":"default","schema_type_options":"{\"article\":{\"articleType\":\"BlogPosting\"},\"course\":{\"name\":\"\",\"description\":\"\",\"provider\":\"\"},\"faq\":{\"pages\":[]},\"product\":{\"reviews\":[]},\"recipe\":{\"ingredients\":[],\"instructions\":[],\"keywords\":[]},\"software\":{\"reviews\":[],\"operatingSystems\":[]},\"webPage\":{\"webPageType\":\"WebPage\"}}","pillar_content":false,"robots_default":true,"robots_noindex":false,"robots_noarchive":false,"robots_nosnippet":false,"robots_nofollow":false,"robots_noimageindex":false,"robots_noodp":false,"robots_notranslate":false,"robots_max_snippet":"-1","robots_max_videopreview":"-1","robots_max_imagepreview":"large","priority":null,"frequency":"default","local_seo":{"locations":{"business":{"name":"","businessType":"","image":"","areaServed":"","urls":{"website":"","aboutPage":"","contactPage":""},"address":{"streetLine1":"","streetLine2":"","zipCode":"","city":"","state":"","country":"","addressFormat":"#streetLineOne\\n#streetLineTwo\\n#city, #state #zipCode"},"contact":{"email":"","phone":"","phoneFormatted":"","fax":"","faxFormatted":""},"ids":{"vat":"","tax":"","chamberOfCommerce":""},"payment":{"priceRange":"","currenciesAccepted":"","methods":""}}},"openingHours":{"useDefaults":true,"show":false,"alwaysOpen":false,"use24hFormat":false,"timezone":"","labels":{"closed":"","alwaysOpen":""},"days":{"monday":{"open24h":false,"closed":false,"openTime":"09:00","closeTime":"17:00"},"tuesday":{"open24h":false,"closed":false,"openTime":"09:00","closeTime":"17:00"},"wednesday":{"open24h":false,"closed":false,"openTime":"09:00","closeTime":"17:00"},"thursday":{"open24h":false,"closed":false,"openTime":"09:00","closeTime":"17:00"},"friday":{"open24h":false,"closed":false,"openTime":"09:00","closeTime":"17:00"},"saturday":{"open24h":false,"closed":false,"openTime":"09:00","closeTime":"17:00"},"sunday":{"open24h":false,"closed":false,"openTime":"09:00","closeTime":"17:00"}},"closedLabel":"","open24h":false,"open24hLabel":"","open247":false,"twoSets":false,"hours":[]},"businessInfo":{"name":"","urls":{"website":"","aboutPage":"","contactPage":""},"address":{"line1":"","line2":"","zip":"","city":"","state":"","country":""},"contact":{"email":"","phone":"","fax":""},"ids":{"vatID":"","taxID":"","chamberID":""},"payment":{"priceIndication":"","currenciesAccepted":"","methodsAccepted":""},"areaServed":""}},"seo_analyzer_scan_date":"2025-10-15 15:34:33","breadcrumb_settings":null,"limit_modified_date":false,"open_ai":null,"ai":null,"created":"2020-12-21 17:50:19","updated":"2026-01-28 12:50:00"},"_links":{"self":[{"href":"https:\/\/prettylinks.com\/es\/wp-json\/wp\/v2\/pages\/72","targetHints":{"allow":["GET"]}}],"collection":[{"href":"https:\/\/prettylinks.com\/es\/wp-json\/wp\/v2\/pages"}],"about":[{"href":"https:\/\/prettylinks.com\/es\/wp-json\/wp\/v2\/types\/page"}],"author":[{"embeddable":true,"href":"https:\/\/prettylinks.com\/es\/wp-json\/wp\/v2\/users\/1"}],"replies":[{"embeddable":true,"href":"https:\/\/prettylinks.com\/es\/wp-json\/wp\/v2\/comments?post=72"}],"version-history":[{"count":1,"href":"https:\/\/prettylinks.com\/es\/wp-json\/wp\/v2\/pages\/72\/revisions"}],"predecessor-version":[{"id":16714,"href":"https:\/\/prettylinks.com\/es\/wp-json\/wp\/v2\/pages\/72\/revisions\/16714"}],"wp:attachment":[{"href":"https:\/\/prettylinks.com\/es\/wp-json\/wp\/v2\/media?parent=72"}],"curies":[{"name":"wp","href":"https:\/\/api.w.org\/{rel}","templated":true}]}}