{"id":68,"date":"2009-07-23T15:36:35","date_gmt":"2009-07-23T19:36:35","guid":{"rendered":"https:\/\/prettylinks.com\/?page_id=68"},"modified":"2025-10-15T09:30:07","modified_gmt":"2025-10-15T15:30:07","slug":"terms","status":"publish","type":"page","link":"https:\/\/prettylinks.com\/es\/terms\/","title":{"rendered":"Condiciones generales"},"content":{"rendered":"<div class=\"wp-block-group alignwide is-style-maurice-layout-container is-layout-flow wp-block-group-is-layout-flow is-style-maurice-layout-container--1\">\n<p>Nuestro sitio web le concede una licencia limitada no exclusiva para utilizar el plugin PrettyLinks y otros productos vendidos a trav\u00e9s de nuestro sitio web (<a href=\"https:\/\/prettylinks.com\/es\/\">https:\/\/prettylinks.com<\/a>) de Caseproof, LLC (los \"productos\") de acuerdo con estos T\u00e9rminos y condiciones (la \"licencia\") emitidos por nuestra empresa.<\/p>\n\n\n\n<h5 class=\"wp-block-heading\">1. Licencias de los plugins<\/h5>\n\n\n\n<p>PrettyLinks est\u00e1 bajo la licencia p\u00fablica general GNU (<a href=\"http:\/\/www.gnu.org\/licenses\/gpl.html\">http:\/\/www.gnu.org\/licenses\/gpl.html<\/a>).<\/p>\n\n\n\n<p><a name=\"upgrades\"><\/a><\/p>\n\n\n\n<h5 class=\"wp-block-heading\">2. Servicio de actualizaci\u00f3n autom\u00e1tica<\/h5>\n\n\n\n<p>El acceso a nuestro Servicio de Actualizaciones Autom\u00e1ticas est\u00e1 disponible para los clientes de acuerdo con la licencia adquirida que tengan una clave de licencia activa. Una licencia de Blogger proporciona actualizaciones autom\u00e1ticas para un solo sitio y una licencia de Desarrollador proporciona actualizaciones autom\u00e1ticas para sitios ilimitados para usted o sus clientes. No puede revender el acceso a su clave de licencia.<\/p>\n\n\n\n<p><a name=\"delivery\"><\/a><\/p>\n\n\n\n<h5 class=\"wp-block-heading\">3. Entrega<\/h5>\n\n\n\n<p>Cuando hayamos recibido el pago, recibir\u00e1 un correo electr\u00f3nico con el enlace de descarga, el nombre de usuario y la contrase\u00f1a. Este correo puede tardar hasta 1 hora en llegar, pero normalmente lo hace a los pocos minutos de realizar el pedido. Si no recibe el correo electr\u00f3nico despu\u00e9s de este per\u00edodo de tiempo, por favor <a href=\"https:\/\/prettylinks.com\/es\/contact\/\">Contacto<\/a>. A continuaci\u00f3n, puede acceder a <a href=\"\/login\/\">su cuenta<\/a> para recibir soporte. Si utiliza la direcci\u00f3n de correo electr\u00f3nico que utiliz\u00f3 para comprar el plugin, tendr\u00e1 acceso instant\u00e1neo a todo el material relacionado con el soporte.<\/p>\n\n\n\n<p><a name=\"ownership\"><\/a><\/p>\n\n\n\n<h5 class=\"wp-block-heading\">4. Propiedad<\/h5>\n\n\n\n<p>No podr\u00e1 reclamar derechos de propiedad intelectual o exclusiva sobre ninguno de nuestros productos. Todos los productos son propiedad de Caseproof, LLC. Se proporcionan \"tal cual\", sin garant\u00eda de ning\u00fan tipo, expresa o impl\u00edcita. No seremos responsables de ning\u00fan da\u00f1o, incluidos, entre otros, los da\u00f1os o p\u00e9rdidas directos, indirectos, especiales, fortuitos o consecuentes que se produzcan por el uso o la imposibilidad de uso de nuestros productos.<\/p>\n\n\n\n<p><a name=\"content\"><\/a><\/p>\n\n\n\n<h5 class=\"wp-block-heading\">5. Contenido del sitio<\/h5>\n\n\n\n<p>Todo el contenido del sitio, incluidas las im\u00e1genes y la documentaci\u00f3n publicadas en PrettyLinks.com, es propiedad de Caseproof, LLC. Cualquier reproducci\u00f3n del contenido del sitio deber\u00e1 ser autorizada previamente. El contenido de este sitio no podr\u00e1 utilizarse ni explotarse con fines comerciales o no comerciales sin el consentimiento previo por escrito de Caseproof, LLC.<\/p>\n\n\n\n<p><a name=\"refunds\"><\/a><\/p>\n\n\n\n<h5 class=\"wp-block-heading\">6. 6. Pol\u00edtica de reembolso<\/h5>\n\n\n\n<p>La garant\u00eda de devoluci\u00f3n de dinero sin riesgo de PrettyLinks ofrece que, si en cualquier momento dentro de los primeros 14 d\u00edas de la apertura de su cuenta de pago usted decide que PrettyLinks no es para usted, entonces simplemente h\u00e1gaselo saber a nuestro impresionante equipo de soporte (\u00a1lo hacemos f\u00e1cil!).<\/p>\n\n\n\n<p>Suspenderemos su Suscripci\u00f3n y le reembolsaremos el importe abonado. Su solicitud de reembolso debe recibirse en un plazo de 24 horas laborables a partir de los 14 d\u00edas de la fecha y hora de apertura de su Cuenta de pago. Aunque algunos reembolsos pueden ser instant\u00e1neos, el abono del reembolso puede tardar entre 5 y 10 d\u00edas laborables en aparecer en el extracto de su tarjeta de cr\u00e9dito. Las solicitudes de reembolso realizadas despu\u00e9s de este periodo de 14 d\u00edas no ser\u00e1n atendidas.<\/p>\n\n\n\n<p>Tambi\u00e9n ofrecemos reembolsos dentro de los 14 d\u00edas siguientes a la renovaci\u00f3n de una suscripci\u00f3n por el importe total menos una tasa administrativa de 20% (y posiblemente las tasas del procesador de pagos). Tenga en cuenta que enviamos un recordatorio sobre las pr\u00f3ximas renovaciones, y es responsabilidad del cliente cancelar su suscripci\u00f3n antes de que se produzca la renovaci\u00f3n si no desea continuar. Las solicitudes de reembolso por renovaciones realizadas despu\u00e9s de los 14 d\u00edas siguientes a la renovaci\u00f3n no ser\u00e1n aceptadas.<\/p>\n\n\n\n<p><a name=\"chargebacks\"><\/a><\/p>\n\n\n\n<h5 class=\"wp-block-heading\">7. Contracargos y comisiones bancarias<\/h5>\n\n\n\n<p>Los titulares de licencias deben <a href=\"https:\/\/prettylinks.com\/es\/contact\/\" target=\"_blank\" rel=\"noopener noreferrer\">Contacto<\/a> para solicitar reembolsos o para informarse sobre cargos no reconocidos antes de solicitar una devoluci\u00f3n de cargo a su banco. Nos reservamos el derecho a impugnar las devoluciones de cargo si el cargo no es fraudulento y no se evidencia ninguna comunicaci\u00f3n por parte del titular de la licencia.<\/p>\n\n\n\n<p>Por ning\u00fan motivo le reembolsaremos las comisiones bancarias como, por ejemplo, las comisiones por descubierto o por cambio de divisas.<\/p>\n\n\n\n<p><a name=\"support\"><\/a><\/p>\n\n\n\n<h5 class=\"wp-block-heading\">8. Soporte<\/h5>\n\n\n\n<p>Caseproof, LLC ofrece plugins de WordPress \"tal cual\" y sin que ello implique que vayan a funcionar exactamente como a usted le gustar\u00eda o que vayan a ser compatibles con todos los componentes y plugins de terceros. No ofrecemos asistencia por correo electr\u00f3nico ni ning\u00fan otro tipo de soporte para WordPress u otros plugins de WordPress que no hayamos desarrollado nosotros.<\/p>\n\n\n\n<p>La asistencia se ofrece a trav\u00e9s de un nombre de usuario y una contrase\u00f1a v\u00e1lidos. La compra de una licencia le da acceso a nuestro sistema de tickets de soporte.<\/p>\n\n\n\n<p>La asistencia y el acceso a nuestro sistema autom\u00e1tico de actualizaci\u00f3n de productos se proporcionan durante un per\u00edodo de 1 a\u00f1o a partir del momento de la compra. Transcurrido ese plazo, deber\u00e1 adquirir una renovaci\u00f3n de la licencia para seguir recibiendo asistencia y actualizaciones del producto.<\/p>\n\n\n\n<p>Los titulares de licencias no est\u00e1n autorizados a volver a publicar contenido de soporte (incluidos correos electr\u00f3nicos, tickets de soporte, grabaciones de llamadas telef\u00f3nicas o grabaciones de pantallas compartidas) o documentaci\u00f3n en sitios web externos, redes sociales, etc. Tambi\u00e9n est\u00e1 prohibido publicar capturas de pantalla de este contenido. La infracci\u00f3n ser\u00e1 motivo de rescisi\u00f3n inmediata de la licencia. Tambi\u00e9n se cancelar\u00e1 todo acceso al contenido de soporte y se interrumpir\u00e1n las actualizaciones del producto. Asimismo, ninguno de estos contenidos podr\u00e1 utilizarse como base o parte de litigios derivados de la asistencia o el uso de nuestros plugins.<\/p>\n\n\n\n<p>No garantizamos que nuestro servicio de asistencia pueda resolver todos los problemas y en todas las situaciones. Tampoco asumimos ninguna responsabilidad por las acciones llevadas a cabo por los propietarios de los sitios o por nuestro equipo de asistencia que provoquen la inactividad del sitio web, la p\u00e9rdida de datos o cualquier otro problema durante el proceso de soluci\u00f3n de problemas, correcci\u00f3n de errores, pruebas u otros.<\/p>\n\n\n\n<p>Tampoco garantizamos ninguna respuesta a las solicitudes de asistencia que recibamos por correo electr\u00f3nico (fuera de nuestro sistema de tickets de asistencia), tel\u00e9fono o nuestro formulario de contacto p\u00fablico. Nos reservamos el derecho a denegar la asistencia a cualquier usuario o cliente que consideremos oportuno.<\/p>\n\n\n\n<h5 class=\"wp-block-heading\">9. Correos electr\u00f3nicos transaccionales<\/h5>\n\n\n\n<p>Caseproof, LLC puede enviarle en ocasiones notificaciones por correo electr\u00f3nico relacionadas con su licencia de PrettyLinks. Estos correos electr\u00f3nicos transaccionales pueden incluir notificaciones de cambios en la licencia, cambios en nuestros t\u00e9rminos y condiciones, avisos de caducidad de la licencia y otra informaci\u00f3n transaccional relacionada con su compra de PrettyLinks.<\/p>\n\n\n\n<h5 class=\"wp-block-heading\">10. Cambios en los precios<\/h5>\n\n\n\n<p>Caseproof, LLC se reserva el derecho de, en cualquier momento, modificar o interrumpir, temporal o permanentemente, una licencia con o sin previo aviso. Los precios de todos los productos est\u00e1n sujetos a cambios. Los cambios de precios se notificar\u00e1n en el sitio web.<\/p>\n\n\n\n<h5 class=\"wp-block-heading\">11. Garant\u00eda<\/h5>\n\n\n\n<p>Todos nuestros plugins de WordPress se proporcionan \"tal cual\". No garantizamos que funcionen con todos los plugins de terceros, con todos los navegadores web o con todos los alojamientos web. No nos hacemos responsables de los conflictos de compatibilidad de plugins que puedan producirse. Nuestra pol\u00edtica es dar soporte a nuestros plugins lo mejor que podamos, y proporcionaremos soporte para conflictos con plugins de terceros a nuestra discreci\u00f3n o cuando el tiempo lo permita. No somos responsables de ninguna p\u00e9rdida de datos, tiempo de inactividad del sitio web, o cualquier otro problema que pueda ocurrir como resultado de la instalaci\u00f3n de nuestros plugins.<\/p>\n\n\n\n<h5 class=\"wp-block-heading\">12. Aceptaci\u00f3n<\/h5>\n\n\n\n<p>Al comprar nuestro(s) producto(s) o descargar nuestros plugins gratuitos en wordpress.org usted indica que ha le\u00eddo y acepta los T\u00e9rminos y Condiciones detallados en esta p\u00e1gina.<\/p>\n\n\n\n<h5 class=\"wp-block-heading\">13. Ley aplicable y jurisdicci\u00f3n<\/h5>\n\n\n\n<p>Estos T\u00e9rminos y Condiciones se regir\u00e1n de acuerdo con las leyes del estado de Utah, sin tener en cuenta los principios de conflicto de leyes. Cualquier disputa relacionada con estos T\u00e9rminos y Condiciones se resolver\u00e1 exclusivamente en los Tribunales Estatales o Federales ubicados en Salt Lake City, Utah, y las partes aceptan la jurisdicci\u00f3n personal de dichos tribunales.<\/p>\n\n\n\n<h5 class=\"wp-block-heading\">14. Tasas de remisi\u00f3n<\/h5>\n\n\n\n<p>Ganamos comisiones por recomendaci\u00f3n cuando usted compra servicios de las empresas que recomendamos. S\u00f3lo recomendamos productos que creemos que a\u00f1adir\u00e1n valor a nuestros lectores. Probamos y utilizamos a fondo todos los productos que recomendamos. Todas las opiniones son nuestras y no aceptamos pagos por rese\u00f1as positivas.<\/p>\n\n\n\n<p>Este m\u00e9todo de monetizaci\u00f3n se denomina marketing de afiliaci\u00f3n. Las mayores marcas de Internet ofrecen programas de afiliaci\u00f3n, como Amazon, eBay y Google. Muchos de tus sitios favoritos utilizan el marketing de afiliaci\u00f3n para pagar las facturas.<\/p>\n\n\n\n<p>La \u00fanica diferencia es que no todos dicen a sus usuarios que ganan dinero utilizando el marketing de afiliaci\u00f3n.<\/p>\n\n\n\n<p>Cuando usted hace clic en enlaces de afiliados, se le etiqueta con una cookie especial para rastrear la referencia. Si compra el producto, el anunciante nos paga una comisi\u00f3n por recomendaci\u00f3n, que var\u00eda en funci\u00f3n del producto.<\/p>\n\n\n\n<p>Pregunta #1 - \u00bfMe costar\u00e1 m\u00e1s dinero?<\/p>\n\n\n\n<p>No, en absoluto. En muchos casos, nuestras ofertas de afiliaci\u00f3n le permitir\u00e1n ahorrar dinero.<\/p>\n\n\n\n<p>Pregunta #2 - \u00bfPueden ver mis datos personales?<\/p>\n\n\n\n<p>No. No vemos ninguna informaci\u00f3n personal, como su nombre, correo electr\u00f3nico, direcci\u00f3n, tarjeta de cr\u00e9dito, etc. Lo \u00fanico que vemos es que un usuario an\u00f3nimo realiz\u00f3 una compra en una fecha\/hora concreta y qu\u00e9 producto compr\u00f3.<\/p>\n\n\n\n<p>Nos reservamos el derecho a cambiar o modificar las presentes Condiciones Generales sin previo aviso.<\/p>\n<\/div>","protected":false},"excerpt":{"rendered":"<p>Nuestro sitio web le concede una licencia limitada no exclusiva para utilizar el complemento PrettyLinks y otros productos vendidos a trav\u00e9s de nuestro sitio web (https:\/\/prettylinks.com) por Caseproof, LLC (los \"productos\") de conformidad con las presentes Condiciones (la \"licencia\") emitidas por nuestra empresa. 1. Licencia del plugin PrettyLinks est\u00e1 licenciado bajo la licencia p\u00fablica general GNU (http:\/\/www.gnu.org\/licenses\/gpl.html). 2. Servicio de actualizaci\u00f3n autom\u00e1tica...<\/p>","protected":false},"author":1,"featured_media":0,"parent":0,"menu_order":34,"comment_status":"closed","ping_status":"closed","template":"","meta":{"om_disable_all_campaigns":false,"_strive_editorial_status":"not-started","_strive_copy_of":0,"_monsterinsights_skip_tracking":false,"_monsterinsights_sitenote_active":false,"_monsterinsights_sitenote_note":"","_monsterinsights_sitenote_category":0,"footnotes":"","maurice_hero_tagline":"","maurice_hero_title":"","maurice_hero_subtitle":"","maurice_hero_cta_link":"","maurice_hero_cta_text":""},"class_list":["post-68","page","type-page","status-publish","hentry"],"aioseo_notices":[],"aioseo_head":"\n\t\t<!-- All in One SEO Pro 4.9.5.2 - aioseo.com -->\n\t<meta name=\"description\" content=\"Our website grants you non-exclusive limited license to use the PrettyLinks plugin and other products sold through our website (https:\/\/prettylinks.com) by Caseproof, LLC (the &quot;products&quot;) in accordance with these Terms and Conditions (the &quot;license&quot;) issued by our company. 1. Plugin Licensing PrettyLinks is licensed under the GNU general public license (http:\/\/www.gnu.org\/licenses\/gpl.html). 2. Automatic Upgrade Service\" \/>\n\t<meta name=\"robots\" content=\"max-snippet:-1, max-image-preview:large, max-video-preview:-1\" \/>\n\t<link rel=\"canonical\" href=\"https:\/\/prettylinks.com\/es\/terms\/\" \/>\n\t<meta name=\"generator\" content=\"All in One SEO Pro (AIOSEO) 4.9.5.2\" \/>\n\t\t<meta property=\"og:locale\" content=\"es_ES\" \/>\n\t\t<meta property=\"og:site_name\" content=\"PrettyLinks\" \/>\n\t\t<meta property=\"og:type\" content=\"article\" \/>\n\t\t<meta property=\"og:title\" content=\"Terms and Conditions\" \/>\n\t\t<meta property=\"og:description\" content=\"Our website grants you non-exclusive limited license to use the PrettyLinks plugin and other products sold through our website (https:\/\/prettylinks.com) by Caseproof, LLC (the &quot;products&quot;) in accordance with these Terms and Conditions (the &quot;license&quot;) issued by our company. 1. Plugin Licensing PrettyLinks is licensed under the GNU general public license (http:\/\/www.gnu.org\/licenses\/gpl.html). 2. Automatic Upgrade Service\" \/>\n\t\t<meta property=\"og:url\" content=\"https:\/\/prettylinks.com\/es\/terms\/\" \/>\n\t\t<meta property=\"article:published_time\" content=\"2009-07-23T19:36:35+00:00\" \/>\n\t\t<meta property=\"article:modified_time\" content=\"2025-10-15T15:30:07+00:00\" \/>\n\t\t<meta name=\"twitter:card\" content=\"summary_large_image\" \/>\n\t\t<meta name=\"twitter:title\" content=\"Terms and Conditions\" \/>\n\t\t<meta name=\"twitter:description\" content=\"Our website grants you non-exclusive limited license to use the PrettyLinks plugin and other products sold through our website (https:\/\/prettylinks.com) by Caseproof, LLC (the &quot;products&quot;) in accordance with these Terms and Conditions (the &quot;license&quot;) issued by our company. 1. Plugin Licensing PrettyLinks is licensed under the GNU general public license (http:\/\/www.gnu.org\/licenses\/gpl.html). 2. Automatic Upgrade Service\" \/>\n\t\t<script type=\"application\/ld+json\" class=\"aioseo-schema\">\n\t\t\t{\"@context\":\"https:\\\/\\\/schema.org\",\"@graph\":[{\"@type\":\"BreadcrumbList\",\"@id\":\"https:\\\/\\\/prettylinks.com\\\/es\\\/terms\\\/#breadcrumblist\",\"itemListElement\":[{\"@type\":\"ListItem\",\"@id\":\"https:\\\/\\\/prettylinks.com\\\/es#listItem\",\"position\":1,\"name\":\"Home\",\"item\":\"https:\\\/\\\/prettylinks.com\\\/es\",\"nextItem\":{\"@type\":\"ListItem\",\"@id\":\"https:\\\/\\\/prettylinks.com\\\/es\\\/terms\\\/#listItem\",\"name\":\"Terms and Conditions\"}},{\"@type\":\"ListItem\",\"@id\":\"https:\\\/\\\/prettylinks.com\\\/es\\\/terms\\\/#listItem\",\"position\":2,\"name\":\"Terms and Conditions\",\"previousItem\":{\"@type\":\"ListItem\",\"@id\":\"https:\\\/\\\/prettylinks.com\\\/es#listItem\",\"name\":\"Home\"}}]},{\"@type\":\"Organization\",\"@id\":\"https:\\\/\\\/prettylinks.com\\\/es\\\/#organization\",\"name\":\"PrettyLinks\",\"description\":\"Top Affiliate Link & URL Shortener for WordPress\",\"url\":\"https:\\\/\\\/prettylinks.com\\\/es\\\/\"},{\"@type\":\"WebPage\",\"@id\":\"https:\\\/\\\/prettylinks.com\\\/es\\\/terms\\\/#webpage\",\"url\":\"https:\\\/\\\/prettylinks.com\\\/es\\\/terms\\\/\",\"name\":\"Terms and Conditions\",\"description\":\"Our website grants you non-exclusive limited license to use the PrettyLinks plugin and other products sold through our website (https:\\\/\\\/prettylinks.com) by Caseproof, LLC (the \\\"products\\\") in accordance with these Terms and Conditions (the \\\"license\\\") issued by our company. 1. Plugin Licensing PrettyLinks is licensed under the GNU general public license (http:\\\/\\\/www.gnu.org\\\/licenses\\\/gpl.html). 2. Automatic Upgrade Service\",\"inLanguage\":\"es-ES\",\"isPartOf\":{\"@id\":\"https:\\\/\\\/prettylinks.com\\\/es\\\/#website\"},\"breadcrumb\":{\"@id\":\"https:\\\/\\\/prettylinks.com\\\/es\\\/terms\\\/#breadcrumblist\"},\"datePublished\":\"2009-07-23T15:36:35-06:00\",\"dateModified\":\"2025-10-15T09:30:07-06:00\"},{\"@type\":\"WebSite\",\"@id\":\"https:\\\/\\\/prettylinks.com\\\/es\\\/#website\",\"url\":\"https:\\\/\\\/prettylinks.com\\\/es\\\/\",\"name\":\"PrettyLinks\",\"description\":\"Top Affiliate Link & URL Shortener for WordPress\",\"inLanguage\":\"es-ES\",\"publisher\":{\"@id\":\"https:\\\/\\\/prettylinks.com\\\/es\\\/#organization\"}}]}\n\t\t<\/script>\n\t\t<!-- All in One SEO Pro -->\r\n\t\t<title>Terms and Conditions<\/title>\n\n","aioseo_head_json":{"title":"Condiciones generales","description":"Nuestro sitio web le concede una licencia limitada no exclusiva para utilizar el complemento PrettyLinks y otros productos vendidos a trav\u00e9s de nuestro sitio web (https:\/\/prettylinks.com) por Caseproof, LLC (los \"productos\") de conformidad con las presentes Condiciones (la \"licencia\") emitidas por nuestra empresa. 1. Licencia del plugin PrettyLinks est\u00e1 licenciado bajo la licencia p\u00fablica general GNU (http:\/\/www.gnu.org\/licenses\/gpl.html). 2. 2. Servicio de actualizaci\u00f3n autom\u00e1tica","canonical_url":"https:\/\/prettylinks.com\/es\/terms\/","robots":"max-snippet:-1, max-image-preview:large, max-video-preview:-1","keywords":"","webmasterTools":{"miscellaneous":""},"schema":{"@context":"https:\/\/schema.org","@graph":[{"@type":"BreadcrumbList","@id":"https:\/\/prettylinks.com\/es\/terms\/#breadcrumblist","itemListElement":[{"@type":"ListItem","@id":"https:\/\/prettylinks.com\/es#listItem","position":1,"name":"Home","item":"https:\/\/prettylinks.com\/es","nextItem":{"@type":"ListItem","@id":"https:\/\/prettylinks.com\/es\/terms\/#listItem","name":"Terms and Conditions"}},{"@type":"ListItem","@id":"https:\/\/prettylinks.com\/es\/terms\/#listItem","position":2,"name":"Terms and Conditions","previousItem":{"@type":"ListItem","@id":"https:\/\/prettylinks.com\/es#listItem","name":"Home"}}]},{"@type":"Organization","@id":"https:\/\/prettylinks.com\/es\/#organization","name":"PrettyLinks","description":"Top Affiliate Link & URL Shortener for WordPress","url":"https:\/\/prettylinks.com\/es\/"},{"@type":"WebPage","@id":"https:\/\/prettylinks.com\/es\/terms\/#webpage","url":"https:\/\/prettylinks.com\/es\/terms\/","name":"Terms and Conditions","description":"Our website grants you non-exclusive limited license to use the PrettyLinks plugin and other products sold through our website (https:\/\/prettylinks.com) by Caseproof, LLC (the \"products\") in accordance with these Terms and Conditions (the \"license\") issued by our company. 1. Plugin Licensing PrettyLinks is licensed under the GNU general public license (http:\/\/www.gnu.org\/licenses\/gpl.html). 2. Automatic Upgrade Service","inLanguage":"es-ES","isPartOf":{"@id":"https:\/\/prettylinks.com\/es\/#website"},"breadcrumb":{"@id":"https:\/\/prettylinks.com\/es\/terms\/#breadcrumblist"},"datePublished":"2009-07-23T15:36:35-06:00","dateModified":"2025-10-15T09:30:07-06:00"},{"@type":"WebSite","@id":"https:\/\/prettylinks.com\/es\/#website","url":"https:\/\/prettylinks.com\/es\/","name":"PrettyLinks","description":"Top Affiliate Link & URL Shortener for WordPress","inLanguage":"es-ES","publisher":{"@id":"https:\/\/prettylinks.com\/es\/#organization"}}]},"og:locale":"es_ES","og:site_name":"PrettyLinks","og:type":"article","og:title":"Terms and Conditions","og:description":"Our website grants you non-exclusive limited license to use the PrettyLinks plugin and other products sold through our website (https:\/\/prettylinks.com) by Caseproof, LLC (the &quot;products&quot;) in accordance with these Terms and Conditions (the &quot;license&quot;) issued by our company. 1. Plugin Licensing PrettyLinks is licensed under the GNU general public license (http:\/\/www.gnu.org\/licenses\/gpl.html). 2. Automatic Upgrade Service","og:url":"https:\/\/prettylinks.com\/es\/terms\/","article:published_time":"2009-07-23T19:36:35+00:00","article:modified_time":"2025-10-15T15:30:07+00:00","twitter:card":"summary_large_image","twitter:title":"Terms and Conditions","twitter:description":"Our website grants you non-exclusive limited license to use the PrettyLinks plugin and other products sold through our website (https:\/\/prettylinks.com) by Caseproof, LLC (the &quot;products&quot;) in accordance with these Terms and Conditions (the &quot;license&quot;) issued by our company. 1. Plugin Licensing PrettyLinks is licensed under the GNU general public license (http:\/\/www.gnu.org\/licenses\/gpl.html). 2. Automatic Upgrade Service"},"aioseo_meta_data":{"post_id":"68","title":null,"description":null,"keywords":null,"keyphrases":{"focus":{"keyphrase":"","score":0,"analysis":{"keyphraseInTitle":{"score":0,"maxScore":9,"error":1}}},"additional":[]},"primary_term":null,"canonical_url":null,"og_title":null,"og_description":null,"og_object_type":"default","og_image_type":"default","og_image_url":null,"og_image_width":null,"og_image_height":null,"og_image_custom_url":null,"og_image_custom_fields":null,"og_video":"","og_custom_url":null,"og_article_section":null,"og_article_tags":null,"twitter_use_og":false,"twitter_card":"default","twitter_image_type":"default","twitter_image_url":null,"twitter_image_custom_url":null,"twitter_image_custom_fields":null,"twitter_title":null,"twitter_description":null,"schema":{"blockGraphs":[],"customGraphs":[],"default":{"data":{"Article":[],"Course":[],"Dataset":[],"FAQPage":[],"Movie":[],"Person":[],"Product":[],"ProductReview":[],"Car":[],"Recipe":[],"Service":[],"SoftwareApplication":[],"WebPage":[]},"graphName":"WebPage","isEnabled":true},"graphs":[]},"schema_type":"none","schema_type_options":"{\"article\":{\"articleType\":\"BlogPosting\"},\"course\":{\"name\":\"\",\"description\":\"\",\"provider\":\"\"},\"faq\":{\"pages\":[]},\"product\":{\"reviews\":[]},\"recipe\":{\"ingredients\":[],\"instructions\":[],\"keywords\":[]},\"software\":{\"reviews\":[],\"operatingSystems\":[]},\"webPage\":{\"webPageType\":\"WebPage\"}}","pillar_content":false,"robots_default":true,"robots_noindex":false,"robots_noarchive":false,"robots_nosnippet":false,"robots_nofollow":false,"robots_noimageindex":false,"robots_noodp":false,"robots_notranslate":false,"robots_max_snippet":"0","robots_max_videopreview":"0","robots_max_imagepreview":"none","priority":null,"frequency":"default","local_seo":null,"seo_analyzer_scan_date":"2025-10-15 15:34:33","breadcrumb_settings":null,"limit_modified_date":false,"open_ai":"{\"title\":{\"suggestions\":[],\"usage\":0},\"description\":{\"suggestions\":[],\"usage\":0}}","ai":null,"created":"2020-12-21 17:50:19","updated":"2026-01-28 16:59:31"},"_links":{"self":[{"href":"https:\/\/prettylinks.com\/es\/wp-json\/wp\/v2\/pages\/68","targetHints":{"allow":["GET"]}}],"collection":[{"href":"https:\/\/prettylinks.com\/es\/wp-json\/wp\/v2\/pages"}],"about":[{"href":"https:\/\/prettylinks.com\/es\/wp-json\/wp\/v2\/types\/page"}],"author":[{"embeddable":true,"href":"https:\/\/prettylinks.com\/es\/wp-json\/wp\/v2\/users\/1"}],"replies":[{"embeddable":true,"href":"https:\/\/prettylinks.com\/es\/wp-json\/wp\/v2\/comments?post=68"}],"version-history":[{"count":3,"href":"https:\/\/prettylinks.com\/es\/wp-json\/wp\/v2\/pages\/68\/revisions"}],"predecessor-version":[{"id":16713,"href":"https:\/\/prettylinks.com\/es\/wp-json\/wp\/v2\/pages\/68\/revisions\/16713"}],"wp:attachment":[{"href":"https:\/\/prettylinks.com\/es\/wp-json\/wp\/v2\/media?parent=68"}],"curies":[{"name":"wp","href":"https:\/\/api.w.org\/{rel}","templated":true}]}}