{"id":263,"date":"2009-08-10T15:12:24","date_gmt":"2009-08-10T19:12:24","guid":{"rendered":"https:\/\/prettylinks.com\/?page_id=263"},"modified":"2025-10-15T10:07:12","modified_gmt":"2025-10-15T16:07:12","slug":"getting-started","status":"publish","type":"page","link":"https:\/\/prettylinks.com\/es\/getting-started\/","title":{"rendered":"Gu\u00eda de iniciaci\u00f3n"},"content":{"rendered":"<p>\u00a1Bienvenido a PrettyLinks! \ud83c\udf89 Desde acortar enlaces hasta potenciar tu estrategia de afiliaci\u00f3n, todo empieza con una r\u00e1pida configuraci\u00f3n. <\/p>\n\n\n\n<p><strong>Consejo:<\/strong> Aseg\u00farate de marcar esta p\u00e1gina, imprimirla o estar atento a tu correo electr\u00f3nico de bienvenida. (Si no lo ves enseguida, comprueba tu carpeta de correo no deseado o spam).<\/p>\n\n\n\n<h4 class=\"wp-block-heading\">Primeros pasos con PrettyLinks<\/h4>\n\n\n\n<ol class=\"wp-block-list\">\n<li><strong>Descargar e instalar el plugin PrettyLinks<\/strong><br>Cons\u00edguelo aqu\u00ed: <a href=\"https:\/\/wordpress.org\/plugins\/pretty-link\/\">PrettyLinks en WordPress.org<\/a><br><\/li>\n\n\n\n<li><strong>Actualizar dentro de WordPress<\/strong><br>Una vez instalado, vaya a <strong>PrettyLinks &gt; Actualizaci\u00f3n<\/strong>.<br><\/li>\n\n\n\n<li><strong>Introduzca sus datos de acceso<\/strong><br>Utilice el nombre de usuario y la contrase\u00f1a que cre\u00f3 al registrarse (tambi\u00e9n incluidos en su correo electr\u00f3nico de bienvenida) y, a continuaci\u00f3n, pulse <strong>Guardar<\/strong>.<\/li>\n<\/ol>\n\n\n\n<p>Ya est\u00e1 listo para empezar a utilizar PrettyLinks.<\/p>\n\n\n\n<ul class=\"wp-block-list\">\n<li>Para ver tutoriales paso a paso, visite la p\u00e1gina <a href=\"https:\/\/prettylinks.com\/es\/docs\/\">PrettyLinks Manual del usuario<\/a>.<\/li>\n\n\n\n<li>Para gestionar su cuenta, vaya a <a href=\"https:\/\/prettylinks.com\/es\/account\/\">Configuraci\u00f3n de la cuenta<\/a>.<\/li>\n\n\n\n<li>Explora nuestro <strong><a href=\"https:\/\/prettylinks.com\/es\/blog\/how-to-use-pretty-links-plugin\/\">Gu\u00eda para principiantes<\/a><\/strong> para conocer las caracter\u00edsticas m\u00e1s populares del PrettyLinks.<\/li>\n<\/ul>\n\n\n\n<p>No podemos esperar a que experimentes todo lo que este plugin puede hacer. Si tiene alg\u00fan problema, p\u00f3ngase en contacto con nosotros en <strong><a>support@prettylinks.com<\/a><\/strong>-estamos aqu\u00ed para ayudar.<\/p>\n\n\n\n<p>Gracias.<br><strong>Blair Williams<\/strong><br>Creador de PrettyLinks<\/p>","protected":false},"excerpt":{"rendered":"<p>\u00a1Bienvenido a PrettyLinks! \ud83c\udf89 Desde acortar enlaces hasta potenciar tu estrategia de afiliaci\u00f3n, todo empieza con una r\u00e1pida configuraci\u00f3n. Consejo: Aseg\u00farate de marcar esta p\u00e1gina, imprimirla o estar atento a tu correo electr\u00f3nico de bienvenida. (Si no lo ves de inmediato, comprueba tu carpeta de correo no deseado). Primeros pasos con PrettyLinks Eso es...<\/p>","protected":false},"author":1,"featured_media":0,"parent":0,"menu_order":18,"comment_status":"closed","ping_status":"closed","template":"single_framed","meta":{"om_disable_all_campaigns":false,"_strive_editorial_status":"not-started","_strive_copy_of":0,"_monsterinsights_skip_tracking":false,"_monsterinsights_sitenote_active":false,"_monsterinsights_sitenote_note":"","_monsterinsights_sitenote_category":0,"footnotes":"","maurice_hero_tagline":"","maurice_hero_title":"","maurice_hero_subtitle":"","maurice_hero_cta_link":"","maurice_hero_cta_text":""},"class_list":["post-263","page","type-page","status-publish","hentry"],"aioseo_notices":[],"aioseo_head":"\n\t\t<!-- All in One SEO Pro 4.9.5.2 - aioseo.com -->\n\t<meta name=\"description\" content=\"Check out our Getting Started Guide for quick instructions on how to get rolling with Pretty Links.\" \/>\n\t<meta name=\"robots\" content=\"max-snippet:-1, max-image-preview:large, max-video-preview:-1\" \/>\n\t<link rel=\"canonical\" href=\"https:\/\/prettylinks.com\/es\/getting-started\/\" \/>\n\t<meta name=\"generator\" content=\"All in One SEO Pro (AIOSEO) 4.9.5.2\" \/>\n\t\t<meta property=\"og:locale\" content=\"es_ES\" \/>\n\t\t<meta property=\"og:site_name\" content=\"PrettyLinks\" \/>\n\t\t<meta property=\"og:type\" content=\"article\" \/>\n\t\t<meta property=\"og:title\" content=\"Getting Started Guide\" \/>\n\t\t<meta property=\"og:description\" content=\"Check out our Getting Started Guide for quick instructions on how to get rolling with Pretty Links.\" \/>\n\t\t<meta property=\"og:url\" content=\"https:\/\/prettylinks.com\/es\/getting-started\/\" \/>\n\t\t<meta property=\"article:published_time\" content=\"2009-08-10T19:12:24+00:00\" \/>\n\t\t<meta property=\"article:modified_time\" content=\"2025-10-15T16:07:12+00:00\" \/>\n\t\t<meta name=\"twitter:card\" content=\"summary_large_image\" \/>\n\t\t<meta name=\"twitter:title\" content=\"Getting Started Guide\" \/>\n\t\t<meta name=\"twitter:description\" content=\"Check out our Getting Started Guide for quick instructions on how to get rolling with Pretty Links.\" \/>\n\t\t<script type=\"application\/ld+json\" class=\"aioseo-schema\">\n\t\t\t{\"@context\":\"https:\\\/\\\/schema.org\",\"@graph\":[{\"@type\":\"BreadcrumbList\",\"@id\":\"https:\\\/\\\/prettylinks.com\\\/es\\\/getting-started\\\/#breadcrumblist\",\"itemListElement\":[{\"@type\":\"ListItem\",\"@id\":\"https:\\\/\\\/prettylinks.com\\\/es#listItem\",\"position\":1,\"name\":\"Home\",\"item\":\"https:\\\/\\\/prettylinks.com\\\/es\",\"nextItem\":{\"@type\":\"ListItem\",\"@id\":\"https:\\\/\\\/prettylinks.com\\\/es\\\/getting-started\\\/#listItem\",\"name\":\"Getting Started Guide\"}},{\"@type\":\"ListItem\",\"@id\":\"https:\\\/\\\/prettylinks.com\\\/es\\\/getting-started\\\/#listItem\",\"position\":2,\"name\":\"Getting Started Guide\",\"previousItem\":{\"@type\":\"ListItem\",\"@id\":\"https:\\\/\\\/prettylinks.com\\\/es#listItem\",\"name\":\"Home\"}}]},{\"@type\":\"Organization\",\"@id\":\"https:\\\/\\\/prettylinks.com\\\/es\\\/#organization\",\"name\":\"PrettyLinks\",\"description\":\"Top Affiliate Link & URL Shortener for WordPress\",\"url\":\"https:\\\/\\\/prettylinks.com\\\/es\\\/\"},{\"@type\":\"WebPage\",\"@id\":\"https:\\\/\\\/prettylinks.com\\\/es\\\/getting-started\\\/#webpage\",\"url\":\"https:\\\/\\\/prettylinks.com\\\/es\\\/getting-started\\\/\",\"name\":\"Getting Started Guide\",\"description\":\"Check out our Getting Started Guide for quick instructions on how to get rolling with Pretty Links.\",\"inLanguage\":\"es-ES\",\"isPartOf\":{\"@id\":\"https:\\\/\\\/prettylinks.com\\\/es\\\/#website\"},\"breadcrumb\":{\"@id\":\"https:\\\/\\\/prettylinks.com\\\/es\\\/getting-started\\\/#breadcrumblist\"},\"datePublished\":\"2009-08-10T15:12:24-06:00\",\"dateModified\":\"2025-10-15T10:07:12-06:00\"},{\"@type\":\"WebSite\",\"@id\":\"https:\\\/\\\/prettylinks.com\\\/es\\\/#website\",\"url\":\"https:\\\/\\\/prettylinks.com\\\/es\\\/\",\"name\":\"PrettyLinks\",\"description\":\"Top Affiliate Link & URL Shortener for WordPress\",\"inLanguage\":\"es-ES\",\"publisher\":{\"@id\":\"https:\\\/\\\/prettylinks.com\\\/es\\\/#organization\"}}]}\n\t\t<\/script>\n\t\t<!-- All in One SEO Pro -->\r\n\t\t<title>Getting Started Guide<\/title>\n\n","aioseo_head_json":{"title":"Gu\u00eda de iniciaci\u00f3n","description":"Consulta nuestra Gu\u00eda de inicio para obtener instrucciones r\u00e1pidas sobre c\u00f3mo ponerte en marcha con Pretty Links.","canonical_url":"https:\/\/prettylinks.com\/es\/getting-started\/","robots":"max-snippet:-1, max-image-preview:large, max-video-preview:-1","keywords":"","webmasterTools":{"miscellaneous":""},"schema":{"@context":"https:\/\/schema.org","@graph":[{"@type":"BreadcrumbList","@id":"https:\/\/prettylinks.com\/es\/getting-started\/#breadcrumblist","itemListElement":[{"@type":"ListItem","@id":"https:\/\/prettylinks.com\/es#listItem","position":1,"name":"Home","item":"https:\/\/prettylinks.com\/es","nextItem":{"@type":"ListItem","@id":"https:\/\/prettylinks.com\/es\/getting-started\/#listItem","name":"Getting Started Guide"}},{"@type":"ListItem","@id":"https:\/\/prettylinks.com\/es\/getting-started\/#listItem","position":2,"name":"Getting Started Guide","previousItem":{"@type":"ListItem","@id":"https:\/\/prettylinks.com\/es#listItem","name":"Home"}}]},{"@type":"Organization","@id":"https:\/\/prettylinks.com\/es\/#organization","name":"PrettyLinks","description":"Top Affiliate Link & URL Shortener for WordPress","url":"https:\/\/prettylinks.com\/es\/"},{"@type":"WebPage","@id":"https:\/\/prettylinks.com\/es\/getting-started\/#webpage","url":"https:\/\/prettylinks.com\/es\/getting-started\/","name":"Getting Started Guide","description":"Check out our Getting Started Guide for quick instructions on how to get rolling with Pretty Links.","inLanguage":"es-ES","isPartOf":{"@id":"https:\/\/prettylinks.com\/es\/#website"},"breadcrumb":{"@id":"https:\/\/prettylinks.com\/es\/getting-started\/#breadcrumblist"},"datePublished":"2009-08-10T15:12:24-06:00","dateModified":"2025-10-15T10:07:12-06:00"},{"@type":"WebSite","@id":"https:\/\/prettylinks.com\/es\/#website","url":"https:\/\/prettylinks.com\/es\/","name":"PrettyLinks","description":"Top Affiliate Link & URL Shortener for WordPress","inLanguage":"es-ES","publisher":{"@id":"https:\/\/prettylinks.com\/es\/#organization"}}]},"og:locale":"es_ES","og:site_name":"PrettyLinks","og:type":"article","og:title":"Getting Started Guide","og:description":"Check out our Getting Started Guide for quick instructions on how to get rolling with Pretty Links.","og:url":"https:\/\/prettylinks.com\/es\/getting-started\/","article:published_time":"2009-08-10T19:12:24+00:00","article:modified_time":"2025-10-15T16:07:12+00:00","twitter:card":"summary_large_image","twitter:title":"Getting Started Guide","twitter:description":"Check out our Getting Started Guide for quick instructions on how to get rolling with Pretty Links."},"aioseo_meta_data":{"post_id":"263","title":null,"description":"Consulta nuestra Gu\u00eda de inicio para obtener instrucciones r\u00e1pidas sobre c\u00f3mo ponerte en marcha con Pretty Links.","keywords":[{"label":"pretty links getting started guide","value":"pretty links getting started guide"}],"keyphrases":{"focus":{"keyphrase":"","score":0,"analysis":{"keyphraseInTitle":{"score":0,"maxScore":9,"error":1}}},"additional":[]},"primary_term":null,"canonical_url":null,"og_title":null,"og_description":null,"og_object_type":"default","og_image_type":"default","og_image_url":null,"og_image_width":null,"og_image_height":null,"og_image_custom_url":null,"og_image_custom_fields":null,"og_video":"","og_custom_url":null,"og_article_section":null,"og_article_tags":null,"twitter_use_og":false,"twitter_card":"default","twitter_image_type":"default","twitter_image_url":null,"twitter_image_custom_url":null,"twitter_image_custom_fields":null,"twitter_title":null,"twitter_description":null,"schema":{"blockGraphs":[],"customGraphs":[],"default":{"data":{"Article":[],"Course":[],"Dataset":[],"FAQPage":[],"Movie":[],"Person":[],"Product":[],"ProductReview":[],"Car":[],"Recipe":[],"Service":[],"SoftwareApplication":[],"WebPage":[]},"graphName":"WebPage","isEnabled":true},"graphs":[]},"schema_type":"default","schema_type_options":"{\"article\":{\"articleType\":\"BlogPosting\"},\"course\":{\"name\":\"\",\"description\":\"\",\"provider\":\"\"},\"faq\":{\"pages\":[]},\"product\":{\"reviews\":[]},\"recipe\":{\"ingredients\":[],\"instructions\":[],\"keywords\":[]},\"software\":{\"reviews\":[],\"operatingSystems\":[]},\"webPage\":{\"webPageType\":\"WebPage\"}}","pillar_content":false,"robots_default":true,"robots_noindex":false,"robots_noarchive":false,"robots_nosnippet":false,"robots_nofollow":false,"robots_noimageindex":false,"robots_noodp":false,"robots_notranslate":false,"robots_max_snippet":"-1","robots_max_videopreview":"-1","robots_max_imagepreview":"large","priority":null,"frequency":"default","local_seo":null,"seo_analyzer_scan_date":"2025-10-15 16:08:56","breadcrumb_settings":null,"limit_modified_date":false,"open_ai":"{\"title\":{\"suggestions\":[],\"usage\":0},\"description\":{\"suggestions\":[],\"usage\":0}}","ai":{"faqs":[],"keyPoints":[],"titles":[],"descriptions":[],"socialPosts":{"email":[],"linkedin":[],"twitter":[],"facebook":[],"instagram":[]}},"created":"2020-12-21 17:50:19","updated":"2026-01-28 10:21:19"},"_links":{"self":[{"href":"https:\/\/prettylinks.com\/es\/wp-json\/wp\/v2\/pages\/263","targetHints":{"allow":["GET"]}}],"collection":[{"href":"https:\/\/prettylinks.com\/es\/wp-json\/wp\/v2\/pages"}],"about":[{"href":"https:\/\/prettylinks.com\/es\/wp-json\/wp\/v2\/types\/page"}],"author":[{"embeddable":true,"href":"https:\/\/prettylinks.com\/es\/wp-json\/wp\/v2\/users\/1"}],"replies":[{"embeddable":true,"href":"https:\/\/prettylinks.com\/es\/wp-json\/wp\/v2\/comments?post=263"}],"version-history":[{"count":2,"href":"https:\/\/prettylinks.com\/es\/wp-json\/wp\/v2\/pages\/263\/revisions"}],"predecessor-version":[{"id":16942,"href":"https:\/\/prettylinks.com\/es\/wp-json\/wp\/v2\/pages\/263\/revisions\/16942"}],"wp:attachment":[{"href":"https:\/\/prettylinks.com\/es\/wp-json\/wp\/v2\/media?parent=263"}],"curies":[{"name":"wp","href":"https:\/\/api.w.org\/{rel}","templated":true}]}}