{"id":240,"date":"2009-07-28T15:41:48","date_gmt":"2009-07-28T19:41:48","guid":{"rendered":"https:\/\/prettylinks.com\/?page_id=240"},"modified":"2025-10-16T02:48:02","modified_gmt":"2025-10-16T08:48:02","slug":"affiliate-program","status":"publish","type":"page","link":"https:\/\/prettylinks.com\/es\/affiliate-program\/","title":{"rendered":"Programa de afiliaci\u00f3n de PrettyLinks"},"content":{"rendered":"<h3 class=\"wp-block-heading\">\n\t\tPromociona el mejor acortador de URL y camuflador de enlaces del mundo\n\t<\/h3>\n\n\n\n<p>M\u00e1s de <strong>8 millones de vendedores, personas influyentes y creadores de todo el mundo<\/strong>, PrettyLinks es el <strong>#1 herramienta de marketing de afiliaci\u00f3n <\/strong>para acortar, ocultar y rastrear enlaces que generan m\u00e1s clics y m\u00e1s ingresos.<\/p>\n\n\n\n<p>Con nuestro programa de afiliados, puede promocionar la misma herramienta que impulsa su \u00e9xito. Eso significa que cada enlace que compartas puede hacerte ganar dinero, al igual que cada recomendaci\u00f3n que nos env\u00edes. <\/p>\n\n\n\n<h4 class=\"wp-block-heading\">\u00bfCu\u00e1ntas comisiones puedo ganar con PrettyLinks?<\/h4>\n\n\n\n<p>Gane <strong>Comisi\u00f3n 25%<\/strong> en la primera venta de cada cliente que recomiendes.<\/p>\n\n\n\n<h4 class=\"wp-block-heading has-text-align-left\"><br>\u00bfPor qu\u00e9 unirse al programa de afiliados de PrettyLinks?<\/h4>\n\n\n\n<ul class=\"wp-block-list\">\n<li><strong>Generosas comisiones<\/strong> que recompensan cada recomendaci\u00f3n.<\/li>\n\n\n\n<li><strong>Ventana de cookies de 60 d\u00edas<\/strong> para maximizar su potencial de ingresos.<\/li>\n\n\n\n<li><strong>Recursos creativos a su alcance<\/strong>-banners, correos electr\u00f3nicos y enlaces de texto optimizados para las conversiones.<\/li>\n\n\n\n<li><strong>Pagos mensuales r\u00e1pidos y fiables<\/strong>-entregado a trav\u00e9s de PayPal el 1 de cada mes.<\/li>\n\n\n\n<li><strong>Inscripci\u00f3n gratuita<\/strong> sin costes ocultos.<\/li>\n\n\n\n<li><strong>Seguimiento de comisiones integrado<\/strong> impulsado por el <a href=\"http:\/\/easyaffiliate.com\/\">Easy Affiliate<\/a> Plugin de WordPress.<\/li>\n\n\n\n<li><strong>Un producto que se vende solo<\/strong>-el software de marketing de afiliaci\u00f3n m\u00e1s f\u00e1cil de usar que existe.<\/li>\n<\/ul>\n\n\n\n<p>Con millones de vendedores que ya utilizan PrettyLinks para gestionar y monetizar sus enlaces de afiliaci\u00f3n, estar\u00e1s promocionando una herramienta probada, de confianza y siempre demandada.<\/p>\n\n\n\n<p>Haga clic a continuaci\u00f3n para presentar su candidatura y empezar a ganar dinero con PrettyLinks hoy mismo.<\/p>\n\n\n\n<div class=\"wp-block-buttons is-layout-flex wp-block-buttons-is-layout-flex\">\n<div class=\"wp-block-button\"><a class=\"wp-block-button__link wp-element-button\" href=\"https:\/\/prettylinks.com\/es\/affiliate-signup\/\"><strong>Af\u00edliese a PrettyLinks <\/strong><\/a><\/div>\n<\/div>\n\n\n\n<p><em>\u00bfYa es afiliado de PrettyLinks?<\/em> <a href=\"https:\/\/prettylinks.com\/es\/affiliate-login\/\">Con\u00e9ctese aqu\u00ed<\/a><\/p>\n\n\n\n<p><\/p>","protected":false},"excerpt":{"rendered":"<p>Promociona el mejor acortador de URL y camuflador de enlaces del mundo Con la confianza de m\u00e1s de 8 millones de vendedores, influencers y creadores de todo el mundo, PrettyLinks es la herramienta de marketing de afiliaci\u00f3n #1 para acortar, camuflar y rastrear enlaces que generan m\u00e1s clics y m\u00e1s ingresos. Con nuestro programa de afiliados, puedes promocionar la misma herramienta que impulsa su \u00e9xito. Eso significa...<\/p>","protected":false},"author":1,"featured_media":0,"parent":0,"menu_order":58,"comment_status":"closed","ping_status":"open","template":"single_framed","meta":{"om_disable_all_campaigns":false,"_strive_editorial_status":"not-started","_strive_copy_of":0,"_monsterinsights_skip_tracking":false,"_monsterinsights_sitenote_active":false,"_monsterinsights_sitenote_note":"","_monsterinsights_sitenote_category":0,"footnotes":"","maurice_hero_tagline":"","maurice_hero_title":"","maurice_hero_subtitle":"","maurice_hero_cta_link":"","maurice_hero_cta_text":""},"class_list":["post-240","page","type-page","status-publish","hentry"],"aioseo_notices":[],"aioseo_head":"\n\t\t<!-- All in One SEO Pro 4.9.5.2 - aioseo.com -->\n\t<meta name=\"description\" content=\"When you join the Pretty Links affiliate program, you become part of a team promoting the best and simplest URL shortener and link cloaker on the market!\" \/>\n\t<meta name=\"robots\" content=\"max-snippet:-1, max-image-preview:large, max-video-preview:-1\" \/>\n\t<link rel=\"canonical\" href=\"https:\/\/prettylinks.com\/es\/affiliate-program\/\" \/>\n\t<meta name=\"generator\" content=\"All in One SEO Pro (AIOSEO) 4.9.5.2\" \/>\n\t\t<meta property=\"og:locale\" content=\"es_ES\" \/>\n\t\t<meta property=\"og:site_name\" content=\"PrettyLinks\" \/>\n\t\t<meta property=\"og:type\" content=\"article\" \/>\n\t\t<meta property=\"og:title\" content=\"The PrettyLinks Affiliate Program\" \/>\n\t\t<meta property=\"og:description\" content=\"When you join the Pretty Links affiliate program, you become part of a team promoting the best and simplest URL shortener and link cloaker on the market!\" \/>\n\t\t<meta property=\"og:url\" content=\"https:\/\/prettylinks.com\/es\/affiliate-program\/\" \/>\n\t\t<meta property=\"article:published_time\" content=\"2009-07-28T19:41:48+00:00\" \/>\n\t\t<meta property=\"article:modified_time\" content=\"2025-10-16T08:48:02+00:00\" \/>\n\t\t<meta name=\"twitter:card\" content=\"summary_large_image\" \/>\n\t\t<meta name=\"twitter:title\" content=\"The PrettyLinks Affiliate Program\" \/>\n\t\t<meta name=\"twitter:description\" content=\"When you join the Pretty Links affiliate program, you become part of a team promoting the best and simplest URL shortener and link cloaker on the market!\" \/>\n\t\t<script type=\"application\/ld+json\" class=\"aioseo-schema\">\n\t\t\t{\"@context\":\"https:\\\/\\\/schema.org\",\"@graph\":[{\"@type\":\"BreadcrumbList\",\"@id\":\"https:\\\/\\\/prettylinks.com\\\/es\\\/affiliate-program\\\/#breadcrumblist\",\"itemListElement\":[{\"@type\":\"ListItem\",\"@id\":\"https:\\\/\\\/prettylinks.com\\\/es#listItem\",\"position\":1,\"name\":\"Home\",\"item\":\"https:\\\/\\\/prettylinks.com\\\/es\",\"nextItem\":{\"@type\":\"ListItem\",\"@id\":\"https:\\\/\\\/prettylinks.com\\\/es\\\/affiliate-program\\\/#listItem\",\"name\":\"The PrettyLinks Affiliate Program\"}},{\"@type\":\"ListItem\",\"@id\":\"https:\\\/\\\/prettylinks.com\\\/es\\\/affiliate-program\\\/#listItem\",\"position\":2,\"name\":\"The PrettyLinks Affiliate Program\",\"previousItem\":{\"@type\":\"ListItem\",\"@id\":\"https:\\\/\\\/prettylinks.com\\\/es#listItem\",\"name\":\"Home\"}}]},{\"@type\":\"Organization\",\"@id\":\"https:\\\/\\\/prettylinks.com\\\/es\\\/#organization\",\"name\":\"PrettyLinks\",\"description\":\"Top Affiliate Link & URL Shortener for WordPress\",\"url\":\"https:\\\/\\\/prettylinks.com\\\/es\\\/\"},{\"@type\":\"WebPage\",\"@id\":\"https:\\\/\\\/prettylinks.com\\\/es\\\/affiliate-program\\\/#webpage\",\"url\":\"https:\\\/\\\/prettylinks.com\\\/es\\\/affiliate-program\\\/\",\"name\":\"The PrettyLinks Affiliate Program\",\"description\":\"When you join the Pretty Links affiliate program, you become part of a team promoting the best and simplest URL shortener and link cloaker on the market!\",\"inLanguage\":\"es-ES\",\"isPartOf\":{\"@id\":\"https:\\\/\\\/prettylinks.com\\\/es\\\/#website\"},\"breadcrumb\":{\"@id\":\"https:\\\/\\\/prettylinks.com\\\/es\\\/affiliate-program\\\/#breadcrumblist\"},\"datePublished\":\"2009-07-28T15:41:48-06:00\",\"dateModified\":\"2025-10-16T02:48:02-06:00\"},{\"@type\":\"WebSite\",\"@id\":\"https:\\\/\\\/prettylinks.com\\\/es\\\/#website\",\"url\":\"https:\\\/\\\/prettylinks.com\\\/es\\\/\",\"name\":\"PrettyLinks\",\"description\":\"Top Affiliate Link & URL Shortener for WordPress\",\"inLanguage\":\"es-ES\",\"publisher\":{\"@id\":\"https:\\\/\\\/prettylinks.com\\\/es\\\/#organization\"}}]}\n\t\t<\/script>\n\t\t<!-- All in One SEO Pro -->\r\n\t\t<title>The PrettyLinks Affiliate Program<\/title>\n\n","aioseo_head_json":{"title":"Programa de afiliaci\u00f3n de PrettyLinks","description":"Cuando te unes al programa de afiliados de Pretty Links, pasas a formar parte de un equipo que promociona el mejor y m\u00e1s sencillo acortador de URL y ocultador de enlaces del mercado.","canonical_url":"https:\/\/prettylinks.com\/es\/affiliate-program\/","robots":"max-snippet:-1, max-image-preview:large, max-video-preview:-1","keywords":"","webmasterTools":{"miscellaneous":""},"schema":{"@context":"https:\/\/schema.org","@graph":[{"@type":"BreadcrumbList","@id":"https:\/\/prettylinks.com\/es\/affiliate-program\/#breadcrumblist","itemListElement":[{"@type":"ListItem","@id":"https:\/\/prettylinks.com\/es#listItem","position":1,"name":"Home","item":"https:\/\/prettylinks.com\/es","nextItem":{"@type":"ListItem","@id":"https:\/\/prettylinks.com\/es\/affiliate-program\/#listItem","name":"The PrettyLinks Affiliate Program"}},{"@type":"ListItem","@id":"https:\/\/prettylinks.com\/es\/affiliate-program\/#listItem","position":2,"name":"The PrettyLinks Affiliate Program","previousItem":{"@type":"ListItem","@id":"https:\/\/prettylinks.com\/es#listItem","name":"Home"}}]},{"@type":"Organization","@id":"https:\/\/prettylinks.com\/es\/#organization","name":"PrettyLinks","description":"Top Affiliate Link & URL Shortener for WordPress","url":"https:\/\/prettylinks.com\/es\/"},{"@type":"WebPage","@id":"https:\/\/prettylinks.com\/es\/affiliate-program\/#webpage","url":"https:\/\/prettylinks.com\/es\/affiliate-program\/","name":"The PrettyLinks Affiliate Program","description":"When you join the Pretty Links affiliate program, you become part of a team promoting the best and simplest URL shortener and link cloaker on the market!","inLanguage":"es-ES","isPartOf":{"@id":"https:\/\/prettylinks.com\/es\/#website"},"breadcrumb":{"@id":"https:\/\/prettylinks.com\/es\/affiliate-program\/#breadcrumblist"},"datePublished":"2009-07-28T15:41:48-06:00","dateModified":"2025-10-16T02:48:02-06:00"},{"@type":"WebSite","@id":"https:\/\/prettylinks.com\/es\/#website","url":"https:\/\/prettylinks.com\/es\/","name":"PrettyLinks","description":"Top Affiliate Link & URL Shortener for WordPress","inLanguage":"es-ES","publisher":{"@id":"https:\/\/prettylinks.com\/es\/#organization"}}]},"og:locale":"es_ES","og:site_name":"PrettyLinks","og:type":"article","og:title":"The PrettyLinks Affiliate Program","og:description":"When you join the Pretty Links affiliate program, you become part of a team promoting the best and simplest URL shortener and link cloaker on the market!","og:url":"https:\/\/prettylinks.com\/es\/affiliate-program\/","article:published_time":"2009-07-28T19:41:48+00:00","article:modified_time":"2025-10-16T08:48:02+00:00","twitter:card":"summary_large_image","twitter:title":"The PrettyLinks Affiliate Program","twitter:description":"When you join the Pretty Links affiliate program, you become part of a team promoting the best and simplest URL shortener and link cloaker on the market!"},"aioseo_meta_data":{"post_id":"240","title":null,"description":"Cuando te unes al programa de afiliados de Pretty Links, pasas a formar parte de un equipo que promociona el mejor y m\u00e1s sencillo acortador de URL y ocultador de enlaces del mercado.&nbsp;","keywords":[{"label":"pretty links affiliate program","value":"pretty links affiliate program"}],"keyphrases":{"focus":{"keyphrase":"","score":0,"analysis":{"keyphraseInTitle":{"score":0,"maxScore":9,"error":1}}},"additional":[]},"primary_term":null,"canonical_url":null,"og_title":null,"og_description":null,"og_object_type":"default","og_image_type":"default","og_image_url":null,"og_image_width":null,"og_image_height":null,"og_image_custom_url":null,"og_image_custom_fields":null,"og_video":"","og_custom_url":null,"og_article_section":null,"og_article_tags":null,"twitter_use_og":false,"twitter_card":"default","twitter_image_type":"default","twitter_image_url":null,"twitter_image_custom_url":null,"twitter_image_custom_fields":null,"twitter_title":null,"twitter_description":null,"schema":{"blockGraphs":[],"customGraphs":[],"default":{"data":{"Article":[],"Course":[],"Dataset":[],"FAQPage":[],"Movie":[],"Person":[],"Product":[],"ProductReview":[],"Car":[],"Recipe":[],"Service":[],"SoftwareApplication":[],"WebPage":[]},"graphName":"WebPage","isEnabled":true},"graphs":[]},"schema_type":"default","schema_type_options":"{\"article\":{\"articleType\":\"BlogPosting\"},\"course\":{\"name\":\"\",\"description\":\"\",\"provider\":\"\"},\"faq\":{\"pages\":[]},\"product\":{\"reviews\":[]},\"recipe\":{\"ingredients\":[],\"instructions\":[],\"keywords\":[]},\"software\":{\"reviews\":[],\"operatingSystems\":[]},\"webPage\":{\"webPageType\":\"WebPage\"}}","pillar_content":false,"robots_default":true,"robots_noindex":false,"robots_noarchive":false,"robots_nosnippet":false,"robots_nofollow":false,"robots_noimageindex":false,"robots_noodp":false,"robots_notranslate":false,"robots_max_snippet":"-1","robots_max_videopreview":"-1","robots_max_imagepreview":"large","priority":null,"frequency":"default","local_seo":null,"seo_analyzer_scan_date":"2025-10-16 08:55:39","breadcrumb_settings":null,"limit_modified_date":false,"open_ai":null,"ai":{"faqs":[],"keyPoints":[],"titles":[],"descriptions":[],"socialPosts":{"email":[],"linkedin":[],"twitter":[],"facebook":[],"instagram":[]}},"created":"2020-12-21 17:50:19","updated":"2026-01-28 10:21:19"},"_links":{"self":[{"href":"https:\/\/prettylinks.com\/es\/wp-json\/wp\/v2\/pages\/240","targetHints":{"allow":["GET"]}}],"collection":[{"href":"https:\/\/prettylinks.com\/es\/wp-json\/wp\/v2\/pages"}],"about":[{"href":"https:\/\/prettylinks.com\/es\/wp-json\/wp\/v2\/types\/page"}],"author":[{"embeddable":true,"href":"https:\/\/prettylinks.com\/es\/wp-json\/wp\/v2\/users\/1"}],"replies":[{"embeddable":true,"href":"https:\/\/prettylinks.com\/es\/wp-json\/wp\/v2\/comments?post=240"}],"version-history":[{"count":2,"href":"https:\/\/prettylinks.com\/es\/wp-json\/wp\/v2\/pages\/240\/revisions"}],"predecessor-version":[{"id":16985,"href":"https:\/\/prettylinks.com\/es\/wp-json\/wp\/v2\/pages\/240\/revisions\/16985"}],"wp:attachment":[{"href":"https:\/\/prettylinks.com\/es\/wp-json\/wp\/v2\/media?parent=240"}],"curies":[{"name":"wp","href":"https:\/\/api.w.org\/{rel}","templated":true}]}}