{"id":1528,"date":"2016-12-09T01:31:19","date_gmt":"2016-12-09T01:31:19","guid":{"rendered":"https:\/\/prettylinks.com\/?page_id=1528"},"modified":"2026-03-24T05:17:14","modified_gmt":"2026-03-24T11:17:14","slug":"support","status":"publish","type":"page","link":"https:\/\/prettylinks.com\/es\/support\/","title":{"rendered":"Ayuda"},"content":{"rendered":"<div class=\"wp-block-group has-global-padding is-layout-constrained wp-container-core-group-is-layout-7cbc5be6 wp-block-group-is-layout-constrained\">\n<div class=\"wp-block-group has-border-color has-primary-border-color has-global-padding is-layout-constrained wp-container-core-group-is-layout-9a4c8acf wp-block-group-is-layout-constrained\" style=\"border-width:1px;border-radius:6px;padding-top:var(--wp--preset--spacing--small);padding-right:var(--wp--preset--spacing--small);padding-bottom:var(--wp--preset--spacing--small);padding-left:var(--wp--preset--spacing--small)\">\n<h3 class=\"wp-block-heading has-text-align-center\"><strong><strong>Base de conocimientos<\/strong><\/strong><\/h3>\n\n\n\n<p class=\"has-text-align-center\">Echa un vistazo a nuestra colecci\u00f3n completa de documentos de apoyo para ayudarle a sacar el m\u00e1ximo provecho de PrettyLinks. Explora art\u00edculos, consejos y v\u00eddeos tutoriales f\u00e1ciles de seguir para cada herramienta y funci\u00f3n.<\/p>\n\n\n\n<div class=\"wp-block-buttons is-content-justification-center is-layout-flex wp-container-core-buttons-is-layout-a89b3969 wp-block-buttons-is-layout-flex\">\n<div class=\"wp-block-button\"><a class=\"wp-block-button__link wp-element-button\" href=\"https:\/\/prettylinks.com\/es\/docs\/\">Examinar los documentos de apoyo<\/a><\/div>\n<\/div>\n<\/div>\n\n\n\n<div class=\"wp-block-group has-border-color has-primary-border-color has-global-padding is-layout-constrained wp-container-core-group-is-layout-9a4c8acf wp-block-group-is-layout-constrained\" style=\"border-width:1px;border-radius:6px;padding-top:var(--wp--preset--spacing--small);padding-right:var(--wp--preset--spacing--small);padding-bottom:var(--wp--preset--spacing--small);padding-left:var(--wp--preset--spacing--small)\">\n<h3 class=\"wp-block-heading has-text-align-center\"><strong><strong><strong><strong>Usuarios Lite<\/strong><\/strong><\/strong><\/strong><\/h3>\n\n\n\n<p class=\"has-text-align-center\"><em>\u00bfEmpezando con PrettyLinks Lite? <\/em>Tambi\u00e9n puedes encontrar todo lo que necesitas en nuestros documentos de soporte. Aunque est\u00e1n escritos pensando en las versiones Pro, la mayor\u00eda de las mismas gu\u00edas y consejos para la soluci\u00f3n de problemas tambi\u00e9n te servir\u00e1n para las versiones Lite.<\/p>\n\n\n\n<p class=\"has-text-align-center\">Si se encuentra con algo que nuestros documentos no cubren, le invitamos a publicar su pregunta en la secci\u00f3n <a href=\"https:\/\/wordpress.org\/support\/plugin\/pretty-link\/\" target=\"_blank\" rel=\"noreferrer noopener\">PrettyLinks Foro de soporte de WordPress.org<\/a>. No siempre podemos garantizar los tiempos de respuesta, pero hacemos todo lo posible por responder lo antes posible.<\/p>\n\n\n\n<p class=\"has-text-align-center\">Si a\u00fan as\u00ed desea ponerse en contacto directamente con nuestro equipo de asistencia, puede <a href=\"https:\/\/prettylinks.com\/es\/contact\/\">enviar un formulario de contacto<\/a> y alguien se pondr\u00e1 en contacto con usted en breve. Para m\u00e1s informaci\u00f3n, consulte nuestro <a href=\"https:\/\/prettylinks.com\/es\/terms\/#support\" data-type=\"link\" data-id=\"https:\/\/prettylinks.com\/terms\/#support\">Condiciones generales<\/a>.<\/p>\n\n\n\n<div class=\"wp-block-buttons is-content-justification-center is-layout-flex wp-container-core-buttons-is-layout-a89b3969 wp-block-buttons-is-layout-flex\">\n<div class=\"wp-block-button\"><a class=\"wp-block-button__link wp-element-button\" href=\"https:\/\/prettylinks.com\/es\/contact\/\">Enviar un formulario de contacto<\/a><\/div>\n<\/div>\n<\/div>\n\n\n\n<div class=\"wp-block-group has-border-color has-primary-border-color has-global-padding is-layout-constrained wp-container-core-group-is-layout-9a4c8acf wp-block-group-is-layout-constrained\" style=\"border-width:1px;border-radius:6px;padding-top:var(--wp--preset--spacing--small);padding-right:var(--wp--preset--spacing--small);padding-bottom:var(--wp--preset--spacing--small);padding-left:var(--wp--preset--spacing--small)\">\n<h3 class=\"wp-block-heading has-text-align-center\"><strong><strong><strong><strong><strong>Usuarios Pro<\/strong><\/strong><\/strong><\/strong><\/strong><\/h3>\n\n\n\n<p class=\"has-text-align-center\">Si ha adquirido una Licencia PrettyLinks y tiene una Licencia de Soporte activa, puede enviar un ticket a trav\u00e9s de nuestra p\u00e1gina de Solicitud de Soporte Premium utilizando los datos de acceso de su cuenta.&nbsp;<\/p>\n\n\n\n<p class=\"has-text-align-center\">Una vez enviado su ticket, nuestro equipo se compromete a responderle<br>en 1-2 d\u00edas laborables.<\/p>\n\n\n\n<p class=\"has-text-align-center\">Nuestro horario de asistencia es de lunes a viernes, de 9 de la ma\u00f1ana a 5 de la tarde (hora de monta\u00f1a de EE.UU.), excepto los d\u00edas festivos habituales en EE.UU.<\/p>\n\n\n\n<div class=\"wp-block-buttons is-content-justification-center is-layout-flex wp-container-core-buttons-is-layout-a89b3969 wp-block-buttons-is-layout-flex\">\n<div class=\"wp-block-button\"><a class=\"wp-block-button__link wp-element-button\" href=\"https:\/\/prettylinks.com\/es\/premium-support-request\/\">Solicitud de asistencia Premium<\/a><\/div>\n<\/div>\n<\/div>\n<\/div>","protected":false},"excerpt":{"rendered":"<p>Base de conocimientos Consulte nuestra colecci\u00f3n completa de documentos de soporte para sacarle el m\u00e1ximo partido a PrettyLinks. Explore art\u00edculos f\u00e1ciles de seguir, consejos, procedimientos y v\u00eddeos tutoriales para cada herramienta y funci\u00f3n. Usuarios de Lite \u00bfEmpezando con PrettyLinks Lite? T\u00fa tambi\u00e9n puedes encontrar todo lo que necesitas en nuestros documentos de soporte. Aunque est\u00e1n escritos con...<\/p>","protected":false},"author":1,"featured_media":0,"parent":0,"menu_order":29,"comment_status":"closed","ping_status":"closed","template":"single_framed","meta":{"om_disable_all_campaigns":false,"_strive_editorial_status":"not-started","_strive_copy_of":0,"_monsterinsights_skip_tracking":false,"_monsterinsights_sitenote_active":false,"_monsterinsights_sitenote_note":"","_monsterinsights_sitenote_category":0,"footnotes":"","maurice_hero_tagline":"","maurice_hero_title":"PrettyLinks Support","maurice_hero_subtitle":"Explore our docs or get in touch with us directly.","maurice_hero_cta_link":"","maurice_hero_cta_text":""},"class_list":["post-1528","page","type-page","status-publish","hentry"],"aioseo_notices":[],"aioseo_head":"\n\t\t<!-- All in One SEO Pro 4.9.5.2 - aioseo.com -->\n\t<meta name=\"description\" content=\"With Pretty Links support, you&#039;re never left in the lurch. Our Knowledge Base and dedicated support team are here to help when you need it.\" \/>\n\t<meta name=\"robots\" content=\"max-snippet:-1, max-image-preview:large, max-video-preview:-1\" \/>\n\t<link rel=\"canonical\" href=\"https:\/\/prettylinks.com\/es\/support\/\" \/>\n\t<meta name=\"generator\" content=\"All in One SEO Pro (AIOSEO) 4.9.5.2\" \/>\n\t\t<meta property=\"og:locale\" content=\"es_ES\" \/>\n\t\t<meta property=\"og:site_name\" content=\"PrettyLinks\" \/>\n\t\t<meta property=\"og:type\" content=\"article\" \/>\n\t\t<meta property=\"og:title\" content=\"Support\" \/>\n\t\t<meta property=\"og:description\" content=\"With Pretty Links support, you&#039;re never left in the lurch. Our Knowledge Base and dedicated support team are here to help when you need it.\" \/>\n\t\t<meta property=\"og:url\" content=\"https:\/\/prettylinks.com\/es\/support\/\" \/>\n\t\t<meta property=\"article:published_time\" content=\"2016-12-09T01:31:19+00:00\" \/>\n\t\t<meta property=\"article:modified_time\" content=\"2026-03-24T11:17:14+00:00\" \/>\n\t\t<meta name=\"twitter:card\" content=\"summary_large_image\" \/>\n\t\t<meta name=\"twitter:title\" content=\"Support\" \/>\n\t\t<meta name=\"twitter:description\" content=\"With Pretty Links support, you&#039;re never left in the lurch. Our Knowledge Base and dedicated support team are here to help when you need it.\" \/>\n\t\t<script type=\"application\/ld+json\" class=\"aioseo-schema\">\n\t\t\t{\"@context\":\"https:\\\/\\\/schema.org\",\"@graph\":[{\"@type\":\"BreadcrumbList\",\"@id\":\"https:\\\/\\\/prettylinks.com\\\/es\\\/support\\\/#breadcrumblist\",\"itemListElement\":[{\"@type\":\"ListItem\",\"@id\":\"https:\\\/\\\/prettylinks.com\\\/es#listItem\",\"position\":1,\"name\":\"Home\",\"item\":\"https:\\\/\\\/prettylinks.com\\\/es\",\"nextItem\":{\"@type\":\"ListItem\",\"@id\":\"https:\\\/\\\/prettylinks.com\\\/es\\\/support\\\/#listItem\",\"name\":\"Support\"}},{\"@type\":\"ListItem\",\"@id\":\"https:\\\/\\\/prettylinks.com\\\/es\\\/support\\\/#listItem\",\"position\":2,\"name\":\"Support\",\"previousItem\":{\"@type\":\"ListItem\",\"@id\":\"https:\\\/\\\/prettylinks.com\\\/es#listItem\",\"name\":\"Home\"}}]},{\"@type\":\"Organization\",\"@id\":\"https:\\\/\\\/prettylinks.com\\\/es\\\/#organization\",\"name\":\"PrettyLinks\",\"description\":\"Top Affiliate Link & URL Shortener for WordPress\",\"url\":\"https:\\\/\\\/prettylinks.com\\\/es\\\/\"},{\"@type\":\"WebPage\",\"@id\":\"https:\\\/\\\/prettylinks.com\\\/es\\\/support\\\/#webpage\",\"url\":\"https:\\\/\\\/prettylinks.com\\\/es\\\/support\\\/\",\"name\":\"Support is our Business\",\"description\":\"With Pretty Links support, you're never left in the lurch. Our Knowledge Base and dedicated support team are here to help when you need it.\",\"inLanguage\":\"es-ES\",\"isPartOf\":{\"@id\":\"https:\\\/\\\/prettylinks.com\\\/es\\\/#website\"},\"breadcrumb\":{\"@id\":\"https:\\\/\\\/prettylinks.com\\\/es\\\/support\\\/#breadcrumblist\"},\"datePublished\":\"2016-12-09T01:31:19-07:00\",\"dateModified\":\"2026-03-24T05:17:14-06:00\"},{\"@type\":\"WebSite\",\"@id\":\"https:\\\/\\\/prettylinks.com\\\/es\\\/#website\",\"url\":\"https:\\\/\\\/prettylinks.com\\\/es\\\/\",\"name\":\"PrettyLinks\",\"description\":\"Top Affiliate Link & URL Shortener for WordPress\",\"inLanguage\":\"es-ES\",\"publisher\":{\"@id\":\"https:\\\/\\\/prettylinks.com\\\/es\\\/#organization\"}}]}\n\t\t<\/script>\n\t\t<!-- All in One SEO Pro -->\r\n\t\t<title>Support is our Business<\/title>\n\n","aioseo_head_json":{"title":"La asistencia es nuestro negocio","description":"Con la asistencia de Pretty Links, nunca se quedar\u00e1 en la estacada. Nuestra base de conocimientos y nuestro equipo de asistencia est\u00e1n aqu\u00ed para ayudarle cuando lo necesite.","canonical_url":"https:\/\/prettylinks.com\/es\/support\/","robots":"max-snippet:-1, max-image-preview:large, max-video-preview:-1","keywords":"","webmasterTools":{"miscellaneous":""},"schema":{"@context":"https:\/\/schema.org","@graph":[{"@type":"BreadcrumbList","@id":"https:\/\/prettylinks.com\/es\/support\/#breadcrumblist","itemListElement":[{"@type":"ListItem","@id":"https:\/\/prettylinks.com\/es#listItem","position":1,"name":"Home","item":"https:\/\/prettylinks.com\/es","nextItem":{"@type":"ListItem","@id":"https:\/\/prettylinks.com\/es\/support\/#listItem","name":"Support"}},{"@type":"ListItem","@id":"https:\/\/prettylinks.com\/es\/support\/#listItem","position":2,"name":"Support","previousItem":{"@type":"ListItem","@id":"https:\/\/prettylinks.com\/es#listItem","name":"Home"}}]},{"@type":"Organization","@id":"https:\/\/prettylinks.com\/es\/#organization","name":"PrettyLinks","description":"Top Affiliate Link & URL Shortener for WordPress","url":"https:\/\/prettylinks.com\/es\/"},{"@type":"WebPage","@id":"https:\/\/prettylinks.com\/es\/support\/#webpage","url":"https:\/\/prettylinks.com\/es\/support\/","name":"Support is our Business","description":"With Pretty Links support, you're never left in the lurch. Our Knowledge Base and dedicated support team are here to help when you need it.","inLanguage":"es-ES","isPartOf":{"@id":"https:\/\/prettylinks.com\/es\/#website"},"breadcrumb":{"@id":"https:\/\/prettylinks.com\/es\/support\/#breadcrumblist"},"datePublished":"2016-12-09T01:31:19-07:00","dateModified":"2026-03-24T05:17:14-06:00"},{"@type":"WebSite","@id":"https:\/\/prettylinks.com\/es\/#website","url":"https:\/\/prettylinks.com\/es\/","name":"PrettyLinks","description":"Top Affiliate Link & URL Shortener for WordPress","inLanguage":"es-ES","publisher":{"@id":"https:\/\/prettylinks.com\/es\/#organization"}}]},"og:locale":"es_ES","og:site_name":"PrettyLinks","og:type":"article","og:title":"Support","og:description":"With Pretty Links support, you're never left in the lurch. Our Knowledge Base and dedicated support team are here to help when you need it.","og:url":"https:\/\/prettylinks.com\/es\/support\/","article:published_time":"2016-12-09T01:31:19+00:00","article:modified_time":"2026-03-24T11:17:14+00:00","twitter:card":"summary_large_image","twitter:title":"Support","twitter:description":"With Pretty Links support, you're never left in the lurch. Our Knowledge Base and dedicated support team are here to help when you need it."},"aioseo_meta_data":{"post_id":"1528","title":"La asistencia es nuestro negocio","description":"With Pretty Links support, you're never left in the lurch. Our&nbsp;Knowledge Base and dedicated support team&nbsp;are here to help when you need it.","keywords":[{"label":"pretty links support","value":"pretty links support"}],"keyphrases":{"focus":{"keyphrase":"pretty links support","score":47,"analysis":{"keyphraseInTitle":{"score":3,"maxScore":9,"error":1},"keyphraseInDescription":{"score":9,"maxScore":9,"error":0},"keyphraseLength":{"score":9,"maxScore":9,"error":0,"length":3},"keyphraseInURL":{"score":1,"maxScore":5,"error":1},"keyphraseInIntroduction":{"score":3,"maxScore":9,"error":1},"keyphraseInSubHeadings":{"score":3,"maxScore":9,"error":1},"keyphraseInImageAlt":[],"keywordDensity":{"score":0,"type":"low","maxScore":9,"error":1}}},"additional":[]},"primary_term":null,"canonical_url":null,"og_title":"#post_title","og_description":"With Pretty Links support, you're never left in the lurch. Our&nbsp;Knowledge Base and dedicated support team&nbsp;are here to help when you need it.","og_object_type":"article","og_image_type":"default","og_image_url":null,"og_image_width":null,"og_image_height":null,"og_image_custom_url":null,"og_image_custom_fields":null,"og_video":"","og_custom_url":null,"og_article_section":null,"og_article_tags":null,"twitter_use_og":false,"twitter_card":"summary_large_image","twitter_image_type":"default","twitter_image_url":null,"twitter_image_custom_url":null,"twitter_image_custom_fields":null,"twitter_title":null,"twitter_description":null,"schema":{"blockGraphs":[],"customGraphs":[],"default":{"data":{"Article":[],"Course":[],"Dataset":[],"FAQPage":[],"Movie":[],"Person":[],"Product":[],"ProductReview":[],"Car":[],"Recipe":[],"Service":[],"SoftwareApplication":[],"WebPage":[]},"graphName":"WebPage","isEnabled":true},"graphs":[]},"schema_type":"default","schema_type_options":"{\"article\":{\"articleType\":\"BlogPosting\"},\"course\":{\"name\":\"\",\"description\":\"\",\"provider\":\"\"},\"faq\":{\"pages\":[]},\"product\":{\"reviews\":[]},\"recipe\":{\"ingredients\":[],\"instructions\":[],\"keywords\":[]},\"software\":{\"reviews\":[],\"operatingSystems\":[]},\"webPage\":{\"webPageType\":\"WebPage\"}}","pillar_content":false,"robots_default":true,"robots_noindex":false,"robots_noarchive":false,"robots_nosnippet":false,"robots_nofollow":false,"robots_noimageindex":false,"robots_noodp":false,"robots_notranslate":false,"robots_max_snippet":"-1","robots_max_videopreview":"-1","robots_max_imagepreview":"large","priority":null,"frequency":"default","local_seo":null,"seo_analyzer_scan_date":"2026-03-24 11:23:40","breadcrumb_settings":null,"limit_modified_date":false,"open_ai":"{\"title\":{\"suggestions\":[],\"usage\":0},\"description\":{\"suggestions\":[],\"usage\":0}}","ai":{"faqs":[],"keyPoints":[],"titles":[],"descriptions":[],"socialPosts":{"email":[],"linkedin":[],"twitter":[],"facebook":[],"instagram":[]}},"created":"2020-12-21 17:50:21","updated":"2026-03-24 11:23:40"},"_links":{"self":[{"href":"https:\/\/prettylinks.com\/es\/wp-json\/wp\/v2\/pages\/1528","targetHints":{"allow":["GET"]}}],"collection":[{"href":"https:\/\/prettylinks.com\/es\/wp-json\/wp\/v2\/pages"}],"about":[{"href":"https:\/\/prettylinks.com\/es\/wp-json\/wp\/v2\/types\/page"}],"author":[{"embeddable":true,"href":"https:\/\/prettylinks.com\/es\/wp-json\/wp\/v2\/users\/1"}],"replies":[{"embeddable":true,"href":"https:\/\/prettylinks.com\/es\/wp-json\/wp\/v2\/comments?post=1528"}],"version-history":[{"count":1,"href":"https:\/\/prettylinks.com\/es\/wp-json\/wp\/v2\/pages\/1528\/revisions"}],"predecessor-version":[{"id":16730,"href":"https:\/\/prettylinks.com\/es\/wp-json\/wp\/v2\/pages\/1528\/revisions\/16730"}],"wp:attachment":[{"href":"https:\/\/prettylinks.com\/es\/wp-json\/wp\/v2\/media?parent=1528"}],"curies":[{"name":"wp","href":"https:\/\/api.w.org\/{rel}","templated":true}]}}