{"id":133,"date":"2009-07-27T01:46:24","date_gmt":"2009-07-27T05:46:24","guid":{"rendered":"https:\/\/prettylinks.com\/?page_id=133"},"modified":"2021-03-18T19:38:09","modified_gmt":"2021-03-18T19:38:09","slug":"what-people-are-saying","status":"publish","type":"page","link":"https:\/\/prettylinks.com\/es\/what-people-are-saying\/","title":{"rendered":"Opiniones sobre PrettyLinks"},"content":{"rendered":"<div style=\"width: 100px;\" class=\"wp-video\"><video class=\"wp-video-shortcode\" id=\"video-133-1\" width=\"100\" height=\"100\" poster=\"https:\/\/prettylinks.com\/wp-content\/uploads\/2009\/07\/GBTV_poster_frame.png\" preload=\"none\" controls=\"controls\"><source type=\"video\/mp4\" src=\"https:\/\/prettylinks.com\/wp-content\/uploads\/2009\/07\/GBTV_Aug28_med.mp4?_=1\" \/><source type=\"video\/mp4\" src=\"https:\/\/prettylinks.com\/wp-content\/uploads\/2009\/07\/GBTV_Aug28_med.mp4?_=1\" \/><a href=\"https:\/\/prettylinks.com\/wp-content\/uploads\/2009\/07\/GBTV_Aug28_med.mp4\">https:\/\/prettylinks.com\/wp-content\/uploads\/2009\/07\/GBTV_Aug28_med.mp4<\/a><\/video><\/div>\n* del episodio 620 de geekbrief.tv con Cali Lewis\n<img loading=\"lazy\" decoding=\"async\" src=\"https:\/\/prettylinks.com\/wp-content\/uploads\/2009\/07\/John_Pozadzides2.png\" alt=\"\" width=\"102\" height=\"88\">Tras leer el manual de usuario y ver que hab\u00eda una garant\u00eda de devoluci\u00f3n del dinero de 30 d\u00edas, decid\u00ed que no ten\u00eda nada que perder y pagu\u00e9 por el plugin en el acto. He pasado las \u00faltimas 12 horas instalando, ajustando, probando y usando el plugin y estoy absolutamente enamorado. Y te dir\u00e9 por qu\u00e9:\n\n<strong>Cambiar\u00e1 tu vida<\/strong>\n\nMaldita sea. Es una afirmaci\u00f3n atrevida. Pero no por ello es menos cierta. D\u00e9jame contarte algunas maneras en las que ya he pensado que esta cosa cambiar\u00e1 mi mundo:\n<ol>\n \t<li>En primer lugar, \u00a1ya no utilizar\u00e9 Bit.ly! Cuando utilizas un acortador de URL para redirigir a los usuarios a la entrada de tu blog, est\u00e1s creando enlaces a SU dominio, \u00a1no al tuyo! \u00a1Esto es MALO! Google te da un PageRank m\u00e1s alto y te env\u00eda m\u00e1s tr\u00e1fico basado en los enlaces entrantes a tu sitio, por lo que tener cualquier otro dominio sentado en el medio simplemente desv\u00eda parte de tu Google Juice. Adem\u00e1s, generaliza tu marca.<\/li>\n \t<li>Ahora no s\u00f3lo acortar\u00e9 mis propios art\u00edculos. Cualquier cosa que enlace en Twitter o Facebook va a tener uno de mis propios PrettyLinks en \u00e9l. Esto me permitir\u00e1 contar cu\u00e1ntas personas siguen mis enlaces. Esto es fant\u00e1stico para obtener retroalimentaci\u00f3n y mejorar, ya que actualmente no tengo ni idea de si las cosas que estoy compartiendo son interesantes, apestan, o lo que sea. \u00a1Tambi\u00e9n hay un peque\u00f1o Bookmarklet que automatiza esto ahora!<\/li>\n \t<li>Cada vez que quiera poner un banner o alg\u00fan tipo de promoci\u00f3n en mi sitio utilizar\u00e9 un PrettyLinks personalizado. Aunque tambi\u00e9n puedo hacer un seguimiento de los enlaces salientes de mi blog con Woopra, ser\u00e1 interesante ver los informes en mi panel de control de WordPress. Estoy impaciente por ver c\u00f3mo funcionan estos dos juntos (Woopra + PrettyLinks). Hasta ahora en las pruebas los enlaces aparecen 100% normal en Woopra. Ni siquiera se puede decir que hab\u00eda un PrettyLinks en el medio.<\/li>\n \t<li>Voy a dejar que WordPress + PLP empiecen a tuitear las entradas de mi blog en lugar de hacerlo manualmente. He probado algunos otros plugins en el pasado para esto, pero no me gustaron. Adem\u00e1s, \u00a1no publicaban mi URL corta personal! \ud83d\ude42 .<\/li>\n \t<li>Tambi\u00e9n utilizo mis propias URL cortas para cosas del mundo offline. Por ejemplo, si doy una conferencia y necesito repartir una URL, les dar\u00e9 un PrettyLink. \u00bfPor qu\u00e9 no? As\u00ed puedo ver cu\u00e1nta gente ha utilizado la informaci\u00f3n.<\/li>\n \t<li>Sobre nuestro sitio podcast WealthNation.FM donde tenemos episodios, vamos a crear PrettyLinks con el n\u00famero de episodio en ellos para una referencia r\u00e1pida como: WealthNation.FM\/8 para corresponder al episodio 8.<\/li>\n<\/ol>\n<em>\u00a1Yo 100% recomiendo que todos los usuarios de WordPress obtener este plugin ahora!<\/em>\n\n<em><strong>- John Pozadzides,<\/strong>\nOneMansBlog, Woopra y WealthNation<\/em>\n\n<img loading=\"lazy\" decoding=\"async\" src=\"https:\/\/prettylinks.com\/wp-content\/uploads\/2009\/07\/Gregory.png\" alt=\"\" width=\"102\" height=\"88\">Hola,\n<strong>Ten\u00eda que escribir para dar las gracias. \u00a1PrettyLinks me ha ahorrado tiempo y dinero!<\/strong>\n\n<strong>Estoy sorprendido de lo pr\u00e1ctico que es PrettyLinks.<\/strong>&nbsp;Este plugin para wordpress es f\u00e1cil de instalar y a\u00fan m\u00e1s f\u00e1cil de usar.  Yo ya estaba completamente vendido en la versi\u00f3n gratuita, pero la versi\u00f3n pro ha demostrado ser&nbsp;<strong>una parte esencial de mi estilo de vida bloguero en wordpress.<\/strong>&nbsp;Las funciones, que han sustituido la necesidad de utilizar otros 3 plugins, superan con creces mis expectativas y son casi demasiado numerosas para mencionarlas.\n<strong>\nAhora tengo un control total sobre los enlaces de mi sitio web.<\/strong>\n\n<strong>Es muy f\u00e1cil camuflar una URL,<\/strong>&nbsp;si quiero cambiarlo m\u00e1s tarde, s\u00f3lo tardo unos segundos en hacerlo.\n\nUna de mis funciones favoritas es la herramienta de sustituci\u00f3n de palabras clave.&nbsp;<strong>\u00a1Qu\u00e9 ahorro de tiempo!<\/strong>&nbsp;Puedo elegir y personalizar CUALQUIER palabra clave de mi blog y configurarla para que se camufle autom\u00e1ticamente en el destino que yo desee.\n\n\u00a1Las funciones de informes son incre\u00edbles! Revisar los informes para saber exactamente cu\u00e1ntas personas hicieron clic en mis enlaces y qu\u00e9 tan bien se convirtieron es muy f\u00e1cil y muy gratificante. Me encanta el hecho de que incluso puedo realizar un seguimiento de los enlaces a mis cuentas de Twitter y Facebook.\n\nHe mirado otras herramientas similares disponibles e incluso compr\u00e9 una de ellas, pero me decepcion\u00f3.&nbsp;<strong>No he encontrado ning\u00fan software que pueda compararse con PrettyLinks y, de hecho, he ahorrado dinero con su plugin.<\/strong>\n\nGracias.\n\nAdem\u00e1s de la practicidad, la facilidad de uso, el ahorro de tiempo y el conocimiento de los enlaces en los que hacen clic los visitantes de mi sitio web, me hab\u00e9is convertido en un cliente feliz.&nbsp;<strong>Gracias por preocuparos de verdad por m\u00ed y atender mis necesidades.<\/strong>&nbsp;Un servicio de atenci\u00f3n al cliente como el que ofrec\u00e9is es inaudito en el mundo del marketing en Internet.\n\n<strong>Estoy seguro de que su plugin de wordpress es una clave importante para aumentar los beneficios en mi negocio en Internet y recomendar\u00eda encarecidamente PrettyLinks a cualquiera que se tome en serio su presencia en la World Wide Web.<\/strong>&nbsp;\u00a1Estoy totalmente enganchada a esta herramienta tan esencial!\n\nAtentamente,\n\n<strong><em>Gregory E. Nemer,<\/em><\/strong>\n<em>Negocios en Internet con prop\u00f3sito<\/em>\n\n<img loading=\"lazy\" decoding=\"async\" src=\"https:\/\/prettylinks.com\/wp-content\/uploads\/2009\/07\/Austin.png\" alt=\"\" width=\"102\" height=\"88\">PrettyLinks ha ayudado mucho a aumentar el tr\u00e1fico de mi sitio web. He estado compartiendo enlaces interesantes y entradas de blog en Facebook y Twitter utilizando PrettyLinks y la Pretty Bar. La funci\u00f3n \"retuitear\" permite a mis lectores retuitear mis historias en Twitter, lo que tambi\u00e9n ha aumentado el tr\u00e1fico. PrettyLinks merece la pena.\n\n<em><strong>- Austin Moore,<\/strong>\nAustin Prime<\/em>\n\n<img loading=\"lazy\" decoding=\"async\" src=\"https:\/\/prettylinks.com\/wp-content\/uploads\/2009\/07\/Richard.png\" alt=\"\" width=\"102\" height=\"88\">Casi cualquiera puede crear un producto y promocionarlo. El valor viene de&nbsp;<strong>servicio y atenci\u00f3n al cliente<\/strong>. Aqu\u00ed es donde muchos no son capaces por una raz\u00f3n u otra.\n\nEl equipo de PrettyLinks es&nbsp;<strong>excepcional a la hora de proporcionar este recurso absolutamente necesario<\/strong>. He trabajado con instalaciones de WordPress durante m\u00e1s tiempo del que me gustar\u00eda admitir y me hab\u00eda resistido firmemente a pagar por recursos adicionales. Pens\u00e9 que con todo lo que hab\u00eda disponible de forma gratuita ser\u00eda capaz de encontrar lo que buscaba y hacerlo funcionar.\n\nA principios de este a\u00f1o empec\u00e9 a mirar en serio los art\u00edculos de pago que podr\u00edan hacer que mi&nbsp;<strong>una vida m\u00e1s f\u00e1cil y eficaz<\/strong>. Decid\u00ed trabajar con el PrettyLinks (obtienes lo que pagas).\n\nTrabajo con diferentes webhosts, incluso offshore. Las primeras instalaciones superaron mis expectativas. PLP fue&nbsp;<strong>demostrar su valor<\/strong>sin excepci\u00f3n. Luego hice mi primera instalaci\u00f3n con un alojamiento web offshore. Sin entrar en detalles, se instal\u00f3 pero hab\u00eda algunas cosas que no funcionaban correctamente. Sabiendo que hab\u00eda funcionado antes, supuse que estaba relacionado de alguna manera con la forma en que hac\u00edan las cosas. Al no conseguir resolverlo con ellos, me puse en contacto con el servicio de asistencia de PLP. Trabaj\u00e9 con Rick y Paul, y el&nbsp;<strong>problema resuelto<\/strong>.\n\nFelicitaciones a Blair Williams y su equipo por sacar un gran producto y luego&nbsp;<strong>apoy\u00e1ndola<\/strong>. Estoy muy contento con PrettyLinks y lo recomiendo de todo coraz\u00f3n. (Actualmente lo estoy utilizando en m\u00e1s de diez sitios y estoy muy satisfecho con los resultados).\n\n<strong><em>- Richard Uhnavy,<\/em><\/strong>\n<em>Anchor Marketing, LLC<\/em>\n\n<img loading=\"lazy\" decoding=\"async\" src=\"https:\/\/prettylinks.com\/wp-content\/uploads\/2009\/07\/Bill.png\" alt=\"\" width=\"102\" height=\"88\">Me encanta PrettyLinks, lo utilizo para gestionar completamente mi sitio web. Sin PrettyLinks, tendr\u00eda que crear manualmente complicados archivos PHP para redirigir a mis clientes a diferentes sitios web. PrettyLinks tambi\u00e9n me da la ventaja de tener una gran funcionalidad de informes, importaci\u00f3n y exportaci\u00f3n y la tranquilidad de que \u00a1simplemente funciona! Gracias por este gran producto.\n\n<em><strong>- Bill Cherne,<\/strong>\n<\/em><em>Ofertas en dise\u00f1o de interiores<\/em>\n\n<img loading=\"lazy\" decoding=\"async\" src=\"https:\/\/prettylinks.com\/wp-content\/uploads\/2009\/07\/Travis.png\" alt=\"\" width=\"102\" height=\"88\">\u00a1Me gustar\u00eda recomendar lo que creo que es el mejor plugin del a\u00f1o! Yo uso este plugin todos los d\u00edas en todos mis sitios y me encanta. Ha simplificado las cosas al tiempo que me permite tener un control total sobre la marca de mis propios enlaces. Mi marketing de afiliaci\u00f3n se ha vuelto mucho m\u00e1s f\u00e1cil. Y luego est\u00e1 la ventaja a\u00f1adida de autoposting a Twitter.\n\nHe utilizado PrettyLinks desde el primer d\u00eda que fue lanzado hace unos meses y durante el \u00faltimo mes y medio he estado probando PrettyLinks antes de que se puso a disposici\u00f3n de todos ustedes. Se trata de un plugin que resuelve un gran problema al que se enfrentan todos los bloggers. Una vez que lo utilices, te preguntar\u00e1s c\u00f3mo has podido vivir sin \u00e9l.\n\nLe doy a este plugin dos pulgares hacia arriba, si tuviera m\u00e1s pulgares los pondr\u00eda tambi\u00e9n. Al menos prueba la versi\u00f3n gratuita de PrettyLinks y luego actual\u00edzala para desbloquear todas las herramientas que har\u00e1n que bloguear sea m\u00e1s f\u00e1cil.\n\nSi usted es un vendedor afiliado y tiene varios blogs este plugin es un sue\u00f1o hecho realidad. No hay otro plugin que he utilizado o he visto que hace tanto, PrettyLinks est\u00e1 en una clase por s\u00ed mismo.\n\nNo puedo esperar a ver lo que va a venir despu\u00e9s. S\u00e9 que ser\u00e9 el primero en probarlo.\n\n<strong>- Travis Holzem,<\/strong>\neBizReview\n\n<img loading=\"lazy\" decoding=\"async\" src=\"https:\/\/prettylinks.com\/wp-content\/uploads\/2009\/07\/Michael.png\" alt=\"\" width=\"102\" height=\"88\">PrettyLinks y PrettyLinks me han ayudado a extender a\u00fan m\u00e1s mi marca personal utilizando no s\u00f3lo mi propio dominio para acortar URL, sino tambi\u00e9n mediante el uso de PrettyBar. Cuando mis lectores hacen clic en los enlaces de mis art\u00edculos, siguen viendo mi marca y tienen una forma f\u00e1cil de volver a mi sitio, pero adem\u00e1s, como resultado, obtengo un s\u00f3lido seguimiento de los clics.\n\nRecomiendo este plugin de WordPress como un componente necesario para cualquier blogger que desee un mayor alcance, incluso cuando los usuarios no est\u00e1n en su sitio.\n\n<strong><em>- Michael Sheehan,<\/em><\/strong>\n<em>HighTechDad<\/em>\n\n<img loading=\"lazy\" decoding=\"async\" src=\"https:\/\/prettylinks.com\/wp-content\/uploads\/2009\/07\/David.png\" alt=\"\" width=\"102\" height=\"88\">Yo tambi\u00e9n compr\u00e9 el PrettyLinks y estoy muy contento de haberlo hecho. Hay un mont\u00f3n de caracter\u00edsticas \u00fatiles y que ahorran tiempo que hacen de este un gran producto. Tambi\u00e9n he utilizado la versi\u00f3n est\u00e1ndar durante varios meses y puedo decir que el equipo PrettyLinks es muy sensible a los errores \/ solicitudes y la publicaci\u00f3n de actualizaciones muy r\u00e1pidamente. Dudo que alguien se sienta decepcionado con la compra de la versi\u00f3n Pro... \u00a1adem\u00e1s viene con una garant\u00eda de devoluci\u00f3n del dinero de 30 d\u00edas!\n\n<em><strong>- David Boyd<\/strong><\/em>","protected":false},"excerpt":{"rendered":"","protected":false},"author":1,"featured_media":0,"parent":0,"menu_order":0,"comment_status":"closed","ping_status":"open","template":"","meta":{"om_disable_all_campaigns":false,"_strive_editorial_status":"not-started","_strive_copy_of":0,"_monsterinsights_skip_tracking":false,"_monsterinsights_sitenote_active":false,"_monsterinsights_sitenote_note":"","_monsterinsights_sitenote_category":0,"footnotes":"","maurice_hero_tagline":"","maurice_hero_title":"","maurice_hero_subtitle":"","maurice_hero_cta_link":"","maurice_hero_cta_text":""},"class_list":["post-133","page","type-page","status-publish","hentry"],"aioseo_notices":[],"aioseo_head":"\n\t\t<!-- All in One SEO Pro 4.9.5.2 - aioseo.com -->\n\t<meta name=\"description\" content=\"We could tell you about the awesomeness of Pretty Links all day long. But don&#039;t listen to us. Check out what people are saying about our custom URL shortener.\" \/>\n\t<meta name=\"robots\" content=\"max-snippet:-1, max-image-preview:large, max-video-preview:-1\" \/>\n\t<link rel=\"canonical\" href=\"https:\/\/prettylinks.com\/es\/what-people-are-saying\/\" \/>\n\t<meta name=\"generator\" content=\"All in One SEO Pro (AIOSEO) 4.9.5.2\" \/>\n\t\t<meta property=\"og:locale\" content=\"es_ES\" \/>\n\t\t<meta property=\"og:site_name\" content=\"PrettyLinks\" \/>\n\t\t<meta property=\"og:type\" content=\"article\" \/>\n\t\t<meta property=\"og:title\" content=\"What people are saying about PrettyLinks\" \/>\n\t\t<meta property=\"og:description\" content=\"We could tell you about the awesomeness of Pretty Links all day long. But don&#039;t listen to us. Check out what people are saying about our custom URL shortener.\" \/>\n\t\t<meta property=\"og:url\" content=\"https:\/\/prettylinks.com\/es\/what-people-are-saying\/\" \/>\n\t\t<meta property=\"article:published_time\" content=\"2009-07-27T05:46:24+00:00\" \/>\n\t\t<meta property=\"article:modified_time\" content=\"2021-03-18T19:38:09+00:00\" \/>\n\t\t<meta name=\"twitter:card\" content=\"summary_large_image\" \/>\n\t\t<meta name=\"twitter:title\" content=\"What people are saying about PrettyLinks\" \/>\n\t\t<meta name=\"twitter:description\" content=\"We could tell you about the awesomeness of Pretty Links all day long. But don&#039;t listen to us. Check out what people are saying about our custom URL shortener.\" \/>\n\t\t<script type=\"application\/ld+json\" class=\"aioseo-schema\">\n\t\t\t{\"@context\":\"https:\\\/\\\/schema.org\",\"@graph\":[{\"@type\":\"BreadcrumbList\",\"@id\":\"https:\\\/\\\/prettylinks.com\\\/es\\\/what-people-are-saying\\\/#breadcrumblist\",\"itemListElement\":[{\"@type\":\"ListItem\",\"@id\":\"https:\\\/\\\/prettylinks.com\\\/es#listItem\",\"position\":1,\"name\":\"Home\",\"item\":\"https:\\\/\\\/prettylinks.com\\\/es\",\"nextItem\":{\"@type\":\"ListItem\",\"@id\":\"https:\\\/\\\/prettylinks.com\\\/es\\\/what-people-are-saying\\\/#listItem\",\"name\":\"What people are saying about PrettyLinks\"}},{\"@type\":\"ListItem\",\"@id\":\"https:\\\/\\\/prettylinks.com\\\/es\\\/what-people-are-saying\\\/#listItem\",\"position\":2,\"name\":\"What people are saying about PrettyLinks\",\"previousItem\":{\"@type\":\"ListItem\",\"@id\":\"https:\\\/\\\/prettylinks.com\\\/es#listItem\",\"name\":\"Home\"}}]},{\"@type\":\"Organization\",\"@id\":\"https:\\\/\\\/prettylinks.com\\\/es\\\/#organization\",\"name\":\"PrettyLinks\",\"description\":\"Top Affiliate Link & URL Shortener for WordPress\",\"url\":\"https:\\\/\\\/prettylinks.com\\\/es\\\/\"},{\"@type\":\"WebPage\",\"@id\":\"https:\\\/\\\/prettylinks.com\\\/es\\\/what-people-are-saying\\\/#webpage\",\"url\":\"https:\\\/\\\/prettylinks.com\\\/es\\\/what-people-are-saying\\\/\",\"name\":\"Here's What People Are Saying About Pretty Links\",\"description\":\"We could tell you about the awesomeness of Pretty Links all day long. But don't listen to us. Check out what people are saying about our custom URL shortener.\",\"inLanguage\":\"es-ES\",\"isPartOf\":{\"@id\":\"https:\\\/\\\/prettylinks.com\\\/es\\\/#website\"},\"breadcrumb\":{\"@id\":\"https:\\\/\\\/prettylinks.com\\\/es\\\/what-people-are-saying\\\/#breadcrumblist\"},\"datePublished\":\"2009-07-27T01:46:24-06:00\",\"dateModified\":\"2021-03-18T19:38:09-06:00\"},{\"@type\":\"WebSite\",\"@id\":\"https:\\\/\\\/prettylinks.com\\\/es\\\/#website\",\"url\":\"https:\\\/\\\/prettylinks.com\\\/es\\\/\",\"name\":\"PrettyLinks\",\"description\":\"Top Affiliate Link & URL Shortener for WordPress\",\"inLanguage\":\"es-ES\",\"publisher\":{\"@id\":\"https:\\\/\\\/prettylinks.com\\\/es\\\/#organization\"}}]}\n\t\t<\/script>\n\t\t<!-- All in One SEO Pro -->\r\n\t\t<title>Here's What People Are Saying About Pretty Links<\/title>\n\n","aioseo_head_json":{"title":"Esto es lo que dice la gente sobre Pretty Links","description":"Podr\u00edamos estar todo el d\u00eda hablando de las maravillas de Pretty Links. Pero no nos hagas caso. Echa un vistazo a lo que dice la gente sobre nuestro acortador de URL personalizado.","canonical_url":"https:\/\/prettylinks.com\/es\/what-people-are-saying\/","robots":"max-snippet:-1, max-image-preview:large, max-video-preview:-1","keywords":"","webmasterTools":{"miscellaneous":""},"schema":{"@context":"https:\/\/schema.org","@graph":[{"@type":"BreadcrumbList","@id":"https:\/\/prettylinks.com\/es\/what-people-are-saying\/#breadcrumblist","itemListElement":[{"@type":"ListItem","@id":"https:\/\/prettylinks.com\/es#listItem","position":1,"name":"Home","item":"https:\/\/prettylinks.com\/es","nextItem":{"@type":"ListItem","@id":"https:\/\/prettylinks.com\/es\/what-people-are-saying\/#listItem","name":"What people are saying about PrettyLinks"}},{"@type":"ListItem","@id":"https:\/\/prettylinks.com\/es\/what-people-are-saying\/#listItem","position":2,"name":"What people are saying about PrettyLinks","previousItem":{"@type":"ListItem","@id":"https:\/\/prettylinks.com\/es#listItem","name":"Home"}}]},{"@type":"Organization","@id":"https:\/\/prettylinks.com\/es\/#organization","name":"PrettyLinks","description":"Top Affiliate Link & URL Shortener for WordPress","url":"https:\/\/prettylinks.com\/es\/"},{"@type":"WebPage","@id":"https:\/\/prettylinks.com\/es\/what-people-are-saying\/#webpage","url":"https:\/\/prettylinks.com\/es\/what-people-are-saying\/","name":"Here's What People Are Saying About Pretty Links","description":"We could tell you about the awesomeness of Pretty Links all day long. But don't listen to us. Check out what people are saying about our custom URL shortener.","inLanguage":"es-ES","isPartOf":{"@id":"https:\/\/prettylinks.com\/es\/#website"},"breadcrumb":{"@id":"https:\/\/prettylinks.com\/es\/what-people-are-saying\/#breadcrumblist"},"datePublished":"2009-07-27T01:46:24-06:00","dateModified":"2021-03-18T19:38:09-06:00"},{"@type":"WebSite","@id":"https:\/\/prettylinks.com\/es\/#website","url":"https:\/\/prettylinks.com\/es\/","name":"PrettyLinks","description":"Top Affiliate Link & URL Shortener for WordPress","inLanguage":"es-ES","publisher":{"@id":"https:\/\/prettylinks.com\/es\/#organization"}}]},"og:locale":"es_ES","og:site_name":"PrettyLinks","og:type":"article","og:title":"What people are saying about PrettyLinks","og:description":"We could tell you about the awesomeness of Pretty Links all day long. But don't listen to us. Check out what people are saying about our custom URL shortener.","og:url":"https:\/\/prettylinks.com\/es\/what-people-are-saying\/","article:published_time":"2009-07-27T05:46:24+00:00","article:modified_time":"2021-03-18T19:38:09+00:00","twitter:card":"summary_large_image","twitter:title":"What people are saying about PrettyLinks","twitter:description":"We could tell you about the awesomeness of Pretty Links all day long. But don't listen to us. Check out what people are saying about our custom URL shortener."},"aioseo_meta_data":{"post_id":"133","title":"Esto es lo que dice la gente sobre Pretty Links","description":"Podr\u00edamos estar todo el d\u00eda hablando de las maravillas de Pretty Links. Pero no nos hagas caso. Echa un vistazo a lo que dice la gente sobre nuestro acortador de URL personalizado.","keywords":[{"label":"pretty links reviews","value":"pretty links reviews"},{"label":"pretty links testimonials","value":"pretty links testimonials"}],"keyphrases":{"focus":[],"additional":[]},"primary_term":null,"canonical_url":null,"og_title":"#post_title","og_description":"We could tell you about the awesomeness of Pretty Links all day long. But don't listen to us. Check out what people are saying about our custom URL shortener.","og_object_type":"default","og_image_type":"default","og_image_url":null,"og_image_width":null,"og_image_height":null,"og_image_custom_url":null,"og_image_custom_fields":null,"og_video":"","og_custom_url":null,"og_article_section":null,"og_article_tags":[],"twitter_use_og":false,"twitter_card":"default","twitter_image_type":"default","twitter_image_url":null,"twitter_image_custom_url":null,"twitter_image_custom_fields":null,"twitter_title":null,"twitter_description":null,"schema":{"blockGraphs":[],"customGraphs":[],"default":{"data":{"Article":[],"Course":[],"Dataset":[],"FAQPage":[],"Movie":[],"Person":[],"Product":[],"ProductReview":[],"Car":[],"Recipe":[],"Service":[],"SoftwareApplication":[],"WebPage":[]},"graphName":"","isEnabled":true},"graphs":[]},"schema_type":"default","schema_type_options":"{\"article\":{\"articleType\":\"BlogPosting\"},\"course\":{\"name\":\"\",\"description\":\"\",\"provider\":\"\"},\"faq\":{\"pages\":[]},\"product\":{\"reviews\":[]},\"recipe\":{\"ingredients\":[],\"instructions\":[],\"keywords\":[]},\"software\":{\"reviews\":[],\"operatingSystems\":[]},\"webPage\":{\"webPageType\":\"WebPage\"}}","pillar_content":false,"robots_default":true,"robots_noindex":false,"robots_noarchive":false,"robots_nosnippet":false,"robots_nofollow":false,"robots_noimageindex":false,"robots_noodp":false,"robots_notranslate":false,"robots_max_snippet":"-1","robots_max_videopreview":"-1","robots_max_imagepreview":"large","priority":null,"frequency":"default","local_seo":{"businessInfo":{"name":"","urls":{"website":"","aboutPage":"","contactPage":""},"address":{"line1":"","line2":"","zip":"","city":"","state":"","country":""},"contact":{"email":"","phone":"","fax":""},"ids":{"vatID":"","taxID":"","chamberID":""},"payment":{"priceIndication":"","currenciesAccepted":"","methodsAccepted":""},"areaServed":""},"openingHours":{"show":false,"closedLabel":"","open24h":false,"open24hLabel":"","open247":false,"use24hFormat":false,"twoSets":false,"timezone":"","hours":[]}},"seo_analyzer_scan_date":"2025-10-10 00:30:43","breadcrumb_settings":null,"limit_modified_date":false,"open_ai":null,"ai":null,"created":"2020-12-21 17:50:19","updated":"2026-01-28 11:47:42"},"_links":{"self":[{"href":"https:\/\/prettylinks.com\/es\/wp-json\/wp\/v2\/pages\/133","targetHints":{"allow":["GET"]}}],"collection":[{"href":"https:\/\/prettylinks.com\/es\/wp-json\/wp\/v2\/pages"}],"about":[{"href":"https:\/\/prettylinks.com\/es\/wp-json\/wp\/v2\/types\/page"}],"author":[{"embeddable":true,"href":"https:\/\/prettylinks.com\/es\/wp-json\/wp\/v2\/users\/1"}],"replies":[{"embeddable":true,"href":"https:\/\/prettylinks.com\/es\/wp-json\/wp\/v2\/comments?post=133"}],"version-history":[{"count":0,"href":"https:\/\/prettylinks.com\/es\/wp-json\/wp\/v2\/pages\/133\/revisions"}],"wp:attachment":[{"href":"https:\/\/prettylinks.com\/es\/wp-json\/wp\/v2\/media?parent=133"}],"curies":[{"name":"wp","href":"https:\/\/api.w.org\/{rel}","templated":true}]}}