{"id":72,"date":"2009-07-23T15:57:05","date_gmt":"2009-07-23T19:57:05","guid":{"rendered":"https:\/\/prettylinks.com\/?page_id=72"},"modified":"2025-10-15T09:30:07","modified_gmt":"2025-10-15T15:30:07","slug":"privacy-policy","status":"publish","type":"page","link":"https:\/\/prettylinks.com\/de\/privacy-policy\/","title":{"rendered":"Datenschutzbestimmungen"},"content":{"rendered":"<div class=\"wp-block-group alignwide is-style-maurice-layout-container is-layout-flow wp-block-group-is-layout-flow is-style-maurice-layout-container--1\">\n<p>Caseproof, LLC, eine Gesellschaft mit beschr\u00e4nkter Haftung aus Utah, ist Eigent\u00fcmer und Betreiber dieser Website. Wir verpflichten uns, die Privatsph\u00e4re und die Sicherheit der Daten unserer Besucher zu sch\u00fctzen. Das Folgende ist eine Erkl\u00e4rung \u00fcber unsere Datenschutzpraktiken:<\/p>\n\n\n\n<h4 class=\"wp-block-heading\">Gesammelte Informationen<\/h4>\n\n\n\n<ul class=\"wp-block-list\">\n<li>Ihre pers\u00f6nlichen Daten sind f\u00fcr den Besuch von PrettyLinks.com nicht erforderlich.<\/li>\n\n\n\n<li>Alle gesammelten pers\u00f6nlichen Informationen werden von Ihnen wissentlich zur Verf\u00fcgung gestellt und nur dann, wenn sie bei der Registrierung Ihres Kontos f\u00fcr die interaktive Teilnahme auf PrettyLinks.com und w\u00e4hrend des Bestellvorgangs angefordert\/erforderlich sind.<\/li>\n<\/ul>\n\n\n\n<h5 class=\"wp-block-heading\">Verkehrsdaten<\/h5>\n\n\n\n<ul class=\"wp-block-list\">\n<li>Bei Ihrer IP-Adresse handelt es sich um eine numerische Adresse, die Ihrem Computer von Ihrem Internetdienstanbieter zugewiesen wird. Wir erfassen Ihre IP-Adresse automatisch als Verkehrsdaten, damit wir Ihnen auf Wunsch Informationen zur\u00fccksenden k\u00f6nnen. Sie wird nicht verwendet, um Ihre pers\u00f6nlichen Daten zu identifizieren.<\/li>\n\n\n\n<li>Referrer sind Verweise auf die Webadresse, von der aus Sie einen Link gesetzt haben, und werden automatisch von Ihrem Webbrowser weitergegeben. Wir sammeln Referrer, die Ihr Browser als Teil der Verkehrsdaten sendet. Diese werden nicht mit pers\u00f6nlich identifizierbaren Informationen verkn\u00fcpft.<\/li>\n\n\n\n<li>Systeminformationen wie Ihr Betriebssystem\/Ihre Plattform und die Art des von Ihnen verwendeten Webbrowsers. Diese Informationen sind nicht mit personenbezogenen Daten verkn\u00fcpft.<\/li>\n<\/ul>\n\n\n\n<h4 class=\"wp-block-heading\">Information Verwendung<\/h4>\n\n\n\n<h5 class=\"wp-block-heading\">Konto-Informationen<\/h5>\n\n\n\n<ul class=\"wp-block-list\">\n<li>Ihre Daten werden auf einem sicheren Webserver in einer unserer Meinung nach gut gesch\u00fctzten Umgebung gespeichert.<\/li>\n\n\n\n<li>Caseproof gibt pers\u00f6nliche Informationen nur an Rechnungsunternehmen weiter, um Transaktionen abzuschlie\u00dfen, und zu keinem anderen Zweck. Keine anderen Informationen werden zu irgendeinem Zweck und unter keinen Umst\u00e4nden an ein anderes Drittunternehmen weitergegeben.<\/li>\n\n\n\n<li>Caseproof bem\u00fcht sich nach Kr\u00e4ften, Ihre Privatsph\u00e4re zu sch\u00fctzen. Pers\u00f6nliche Daten k\u00f6nnen offengelegt werden, wenn dies gesetzlich vorgeschrieben ist, wenn wir in gutem Glauben davon ausgehen, dass eine solche Ma\u00dfnahme erforderlich ist, um einem Gerichtsverfahren, einer gerichtlichen Anordnung oder einem rechtlichen Verfahren nachzukommen.<\/li>\n<\/ul>\n\n\n\n<h5 class=\"wp-block-heading\">Cookies<\/h5>\n\n\n\n<ul class=\"wp-block-list\">\n<li>PrettyLinks.com verwendet die \"Cookie\"-Technologie, damit Sie w\u00e4hrend einer Web-Sitzung erneut auf Ihr registriertes Kontoprofil zugreifen k\u00f6nnen. Dieser Mechanismus wird ausschlie\u00dflich f\u00fcr Ihre Bequemlichkeit und f\u00fcr keinen anderen Zweck verwendet.<\/li>\n<\/ul>\n\n\n\n<h5 class=\"wp-block-heading\">Links<\/h5>\n\n\n\n<p>Diese Website enth\u00e4lt Links zu anderen Websites. Bitte beachten Sie, dass wir, Caseproof, nicht f\u00fcr die Datenschutzpraktiken dieser anderen Sites verantwortlich sind. Wir ermutigen unsere Besucher, beim Verlassen unserer Website darauf zu achten und die Datenschutzerkl\u00e4rungen jeder einzelnen Website zu lesen, die personenbezogene Daten sammelt. Diese Datenschutzerkl\u00e4rung gilt ausschlie\u00dflich f\u00fcr Informationen, die von dieser Website erfasst werden.<\/p>\n\n\n\n<h5 class=\"wp-block-heading\">Sicherheit<\/h5>\n\n\n\n<p>Diese Website trifft alle Vorkehrungen zum Schutz der Daten unserer Besucher. Wenn Besucher sensible Informationen \u00fcber die Website \u00fcbermitteln, werden diese sowohl online als auch offline gesch\u00fctzt.<\/p>\n\n\n\n<p>In unserem Bestellformular werden Kunden aufgefordert, sensible Daten (wie Kreditkartennummer und\/oder Sozialversicherungsnummer) einzugeben. Diese Informationen werden durch eine 128-Bit-Verschl\u00fcsselung \u00fcber SSL (Secure Sockets Layer) gesch\u00fctzt (<a href=\"http:\/\/en.wikipedia.org\/wiki\/Secure_Sockets_Layer\">Erfahren Sie hier mehr \u00fcber die SSL-Technologie<\/a>).<\/p>\n\n\n\n<p>Wir verwenden die SSL-Verschl\u00fcsselung, um sensible Daten online zu sch\u00fctzen, aber wir tun auch alles in unserer Macht Stehende, um Benutzerinformationen offline zu sch\u00fctzen. Alle Informationen unserer Kunden, nicht nur die oben erw\u00e4hnten sensiblen Daten, sind in unseren B\u00fcros gesperrt. Nur Mitarbeiter, die diese Informationen f\u00fcr ihre Arbeit ben\u00f6tigen (z. B. unser Rechnungsf\u00fchrer oder ein Kundendienstmitarbeiter), haben Zugang zu personenbezogenen Daten. Unsere Mitarbeiter m\u00fcssen passwortgesch\u00fctzte Bildschirmschoner verwenden, wenn sie ihren Arbeitsplatz verlassen. Wenn sie zur\u00fcckkehren, m\u00fcssen sie ihr Passwort erneut eingeben, um wieder Zugang zu den Benutzerdaten zu erhalten. <\/p>\n\n\n\n<p>Au\u00dferdem werden ALLE Mitarbeiter \u00fcber unsere Sicherheits- und Datenschutzpraktiken auf dem Laufenden gehalten. Jedes Quartal sowie jedes Mal, wenn neue Richtlinien hinzukommen, werden unsere Mitarbeiter benachrichtigt und\/oder daran erinnert, welche Bedeutung wir dem Datenschutz beimessen und was sie tun k\u00f6nnen, um den Schutz der Daten unserer Kunden zu gew\u00e4hrleisten. Schlie\u00dflich befinden sich die Server, auf denen personenbezogene Daten gespeichert sind, in einer sicheren Umgebung in einer abgeschlossenen Einrichtung.<\/p>\n\n\n\n<p>Wenn Besucher Fragen zur Sicherheit auf PrettyLinks.com haben, k\u00f6nnen sie sich gerne an&nbsp;<a href=\"\/de\/contact\/\">Kundenbetreuung<\/a>.<\/p>\n\n\n\n<h4 class=\"wp-block-heading\">Berichtigung, Aktualisierung, L\u00f6schung und Deaktivierung von pers\u00f6nlichen Informationen<\/h4>\n\n\n\n<p>Wenn sich die personenbezogenen Daten eines Besuchers \u00e4ndern (z. B. Postleitzahl, Telefon, E-Mail oder Postanschrift) oder wenn ein Besucher unseren Service nicht mehr in Anspruch nehmen m\u00f6chte, bieten wir die M\u00f6glichkeit, personenbezogene Daten zu korrigieren, zu aktualisieren oder zu l\u00f6schen\/deaktivieren. Dies kann in der Regel auf der Seite \"Ihr Konto\" oder durch Kontaktaufnahme mit unserem Kundendienst geschehen. Sie k\u00f6nnen uns auch telefonisch oder per Post unter den unten aufgef\u00fchrten Kontaktdaten erreichen.<\/p>\n\n\n\n<h4 class=\"wp-block-heading\">Benachrichtigung \u00fcber \u00c4nderungen<\/h4>\n\n\n\n<p>Wenn wir uns entscheiden, unsere Datenschutzrichtlinien zu \u00e4ndern, werden wir diese \u00c4nderungen in dieser Datenschutzerkl\u00e4rung, auf der Homepage und an anderen Stellen, die wir f\u00fcr angemessen halten, ver\u00f6ffentlichen, damit unsere Besucher immer wissen, welche Informationen wir sammeln, wie wir sie verwenden und unter welchen Umst\u00e4nden wir sie gegebenenfalls weitergeben.<\/p>\n\n\n\n<p>Wenn wir jedoch die personenbezogenen Daten der Besucher auf eine andere Weise verwenden, als zum Zeitpunkt der Erfassung angegeben, werden wir die Benutzer durch einen Hinweis auf unserer Website f\u00fcr 30 Tage informieren.<\/p>\n\n\n\n<h4 class=\"wp-block-heading\">Kontaktinformationen<\/h4>\n\n\n\n<p>Wenn Besucher Fragen oder Anregungen zu unserer Datenschutzpolitik haben, wenden Sie sich bitte an uns: <strong>Caseproof, LLC<\/strong><br> 11429 S District Dr.<br> #1227<br> South Jordan, UT 84095<br> (801) 921-6928<\/p>\n<\/div>","protected":false},"excerpt":{"rendered":"<p>Caseproof, LLC, eine Gesellschaft mit beschr\u00e4nkter Haftung aus Utah, ist Eigent\u00fcmer und Betreiber dieser Website. Wir verpflichten uns, die Privatsph\u00e4re und die Sicherheit der Daten unserer Besucher zu sch\u00fctzen. Im Folgenden finden Sie eine Erkl\u00e4rung zu unseren Datenschutzpraktiken: Gesammelte Informationen Verkehrsdaten Informationen Verwendung Kontoinformationen Cookies Links Diese Website enth\u00e4lt Links zu anderen Websites. Bitte beachten Sie, dass wir,...<\/p>","protected":false},"author":1,"featured_media":0,"parent":0,"menu_order":24,"comment_status":"closed","ping_status":"open","template":"","meta":{"om_disable_all_campaigns":false,"_strive_editorial_status":"not-started","_strive_copy_of":0,"_monsterinsights_skip_tracking":false,"_monsterinsights_sitenote_active":false,"_monsterinsights_sitenote_note":"","_monsterinsights_sitenote_category":0,"footnotes":"","maurice_hero_tagline":"","maurice_hero_title":"","maurice_hero_subtitle":"","maurice_hero_cta_link":"","maurice_hero_cta_text":""},"class_list":["post-72","page","type-page","status-publish","hentry"],"aioseo_notices":[],"aioseo_head":"\n\t\t<!-- All in One SEO Pro 4.9.5.2 - aioseo.com -->\n\t<meta name=\"description\" content=\"Caseproof, LLC, a Utah limited liability company, owns and operates this website. We are committed to the privacy and security of our visitors&#039; information. The following is a statement of our privacy practices: Information Collected Your personal information is not required to visit PrettyLinks.com Any personal information collected is knowingly provided by you and only\" \/>\n\t<meta name=\"robots\" content=\"max-snippet:-1, max-image-preview:large, max-video-preview:-1\" \/>\n\t<link rel=\"canonical\" href=\"https:\/\/prettylinks.com\/de\/privacy-policy\/\" \/>\n\t<meta name=\"generator\" content=\"All in One SEO Pro (AIOSEO) 4.9.5.2\" \/>\n\t\t<meta property=\"og:locale\" content=\"de_DE\" \/>\n\t\t<meta property=\"og:site_name\" content=\"PrettyLinks\" \/>\n\t\t<meta property=\"og:type\" content=\"article\" \/>\n\t\t<meta property=\"og:title\" content=\"Privacy Policy\" \/>\n\t\t<meta property=\"og:description\" content=\"Caseproof, LLC, a Utah limited liability company, owns and operates this website. We are committed to the privacy and security of our visitors&#039; information. The following is a statement of our privacy practices: Information Collected Your personal information is not required to visit PrettyLinks.com Any personal information collected is knowingly provided by you and only\" \/>\n\t\t<meta property=\"og:url\" content=\"https:\/\/prettylinks.com\/de\/privacy-policy\/\" \/>\n\t\t<meta property=\"article:published_time\" content=\"2009-07-23T19:57:05+00:00\" \/>\n\t\t<meta property=\"article:modified_time\" content=\"2025-10-15T15:30:07+00:00\" \/>\n\t\t<meta name=\"twitter:card\" content=\"summary_large_image\" \/>\n\t\t<meta name=\"twitter:title\" content=\"Privacy Policy\" \/>\n\t\t<meta name=\"twitter:description\" content=\"Caseproof, LLC, a Utah limited liability company, owns and operates this website. We are committed to the privacy and security of our visitors&#039; information. The following is a statement of our privacy practices: Information Collected Your personal information is not required to visit PrettyLinks.com Any personal information collected is knowingly provided by you and only\" \/>\n\t\t<script type=\"application\/ld+json\" class=\"aioseo-schema\">\n\t\t\t{\"@context\":\"https:\\\/\\\/schema.org\",\"@graph\":[{\"@type\":\"BreadcrumbList\",\"@id\":\"https:\\\/\\\/prettylinks.com\\\/de\\\/privacy-policy\\\/#breadcrumblist\",\"itemListElement\":[{\"@type\":\"ListItem\",\"@id\":\"https:\\\/\\\/prettylinks.com\\\/de#listItem\",\"position\":1,\"name\":\"Home\",\"item\":\"https:\\\/\\\/prettylinks.com\\\/de\",\"nextItem\":{\"@type\":\"ListItem\",\"@id\":\"https:\\\/\\\/prettylinks.com\\\/de\\\/privacy-policy\\\/#listItem\",\"name\":\"Privacy Policy\"}},{\"@type\":\"ListItem\",\"@id\":\"https:\\\/\\\/prettylinks.com\\\/de\\\/privacy-policy\\\/#listItem\",\"position\":2,\"name\":\"Privacy Policy\",\"previousItem\":{\"@type\":\"ListItem\",\"@id\":\"https:\\\/\\\/prettylinks.com\\\/de#listItem\",\"name\":\"Home\"}}]},{\"@type\":\"Organization\",\"@id\":\"https:\\\/\\\/prettylinks.com\\\/de\\\/#organization\",\"name\":\"PrettyLinks\",\"description\":\"Top Affiliate Link & URL Shortener for WordPress\",\"url\":\"https:\\\/\\\/prettylinks.com\\\/de\\\/\"},{\"@type\":\"WebPage\",\"@id\":\"https:\\\/\\\/prettylinks.com\\\/de\\\/privacy-policy\\\/#webpage\",\"url\":\"https:\\\/\\\/prettylinks.com\\\/de\\\/privacy-policy\\\/\",\"name\":\"Privacy Policy\",\"description\":\"Caseproof, LLC, a Utah limited liability company, owns and operates this website. We are committed to the privacy and security of our visitors' information. The following is a statement of our privacy practices: Information Collected Your personal information is not required to visit PrettyLinks.com Any personal information collected is knowingly provided by you and only\",\"inLanguage\":\"de-DE\",\"isPartOf\":{\"@id\":\"https:\\\/\\\/prettylinks.com\\\/de\\\/#website\"},\"breadcrumb\":{\"@id\":\"https:\\\/\\\/prettylinks.com\\\/de\\\/privacy-policy\\\/#breadcrumblist\"},\"datePublished\":\"2009-07-23T15:57:05-06:00\",\"dateModified\":\"2025-10-15T09:30:07-06:00\"},{\"@type\":\"WebSite\",\"@id\":\"https:\\\/\\\/prettylinks.com\\\/de\\\/#website\",\"url\":\"https:\\\/\\\/prettylinks.com\\\/de\\\/\",\"name\":\"PrettyLinks\",\"description\":\"Top Affiliate Link & URL Shortener for WordPress\",\"inLanguage\":\"de-DE\",\"publisher\":{\"@id\":\"https:\\\/\\\/prettylinks.com\\\/de\\\/#organization\"}}]}\n\t\t<\/script>\n\t\t<!-- All in One SEO Pro -->\r\n\t\t<title>Privacy Policy<\/title>\n\n","aioseo_head_json":{"title":"Datenschutzbestimmungen","description":"Caseproof, LLC, eine Gesellschaft mit beschr\u00e4nkter Haftung aus Utah, ist Eigent\u00fcmer und Betreiber dieser Website. Wir verpflichten uns, die Privatsph\u00e4re und die Sicherheit der Daten unserer Besucher zu sch\u00fctzen. Im Folgenden finden Sie eine Erkl\u00e4rung zu unseren Datenschutzpraktiken: Gesammelte Informationen Ihre pers\u00f6nlichen Daten sind nicht erforderlich, um PrettyLinks.com zu besuchen Alle gesammelten pers\u00f6nlichen Daten werden von Ihnen wissentlich zur Verf\u00fcgung gestellt und nur","canonical_url":"https:\/\/prettylinks.com\/de\/privacy-policy\/","robots":"max-snippet:-1, max-image-preview:large, max-video-preview:-1","keywords":"","webmasterTools":{"miscellaneous":""},"schema":{"@context":"https:\/\/schema.org","@graph":[{"@type":"BreadcrumbList","@id":"https:\/\/prettylinks.com\/de\/privacy-policy\/#breadcrumblist","itemListElement":[{"@type":"ListItem","@id":"https:\/\/prettylinks.com\/de#listItem","position":1,"name":"Home","item":"https:\/\/prettylinks.com\/de","nextItem":{"@type":"ListItem","@id":"https:\/\/prettylinks.com\/de\/privacy-policy\/#listItem","name":"Privacy Policy"}},{"@type":"ListItem","@id":"https:\/\/prettylinks.com\/de\/privacy-policy\/#listItem","position":2,"name":"Privacy Policy","previousItem":{"@type":"ListItem","@id":"https:\/\/prettylinks.com\/de#listItem","name":"Home"}}]},{"@type":"Organization","@id":"https:\/\/prettylinks.com\/de\/#organization","name":"PrettyLinks","description":"Top Affiliate Link & URL Shortener for WordPress","url":"https:\/\/prettylinks.com\/de\/"},{"@type":"WebPage","@id":"https:\/\/prettylinks.com\/de\/privacy-policy\/#webpage","url":"https:\/\/prettylinks.com\/de\/privacy-policy\/","name":"Privacy Policy","description":"Caseproof, LLC, a Utah limited liability company, owns and operates this website. We are committed to the privacy and security of our visitors' information. The following is a statement of our privacy practices: Information Collected Your personal information is not required to visit PrettyLinks.com Any personal information collected is knowingly provided by you and only","inLanguage":"de-DE","isPartOf":{"@id":"https:\/\/prettylinks.com\/de\/#website"},"breadcrumb":{"@id":"https:\/\/prettylinks.com\/de\/privacy-policy\/#breadcrumblist"},"datePublished":"2009-07-23T15:57:05-06:00","dateModified":"2025-10-15T09:30:07-06:00"},{"@type":"WebSite","@id":"https:\/\/prettylinks.com\/de\/#website","url":"https:\/\/prettylinks.com\/de\/","name":"PrettyLinks","description":"Top Affiliate Link & URL Shortener for WordPress","inLanguage":"de-DE","publisher":{"@id":"https:\/\/prettylinks.com\/de\/#organization"}}]},"og:locale":"de_DE","og:site_name":"PrettyLinks","og:type":"article","og:title":"Privacy Policy","og:description":"Caseproof, LLC, a Utah limited liability company, owns and operates this website. We are committed to the privacy and security of our visitors' information. The following is a statement of our privacy practices: Information Collected Your personal information is not required to visit PrettyLinks.com Any personal information collected is knowingly provided by you and only","og:url":"https:\/\/prettylinks.com\/de\/privacy-policy\/","article:published_time":"2009-07-23T19:57:05+00:00","article:modified_time":"2025-10-15T15:30:07+00:00","twitter:card":"summary_large_image","twitter:title":"Privacy Policy","twitter:description":"Caseproof, LLC, a Utah limited liability company, owns and operates this website. We are committed to the privacy and security of our visitors' information. The following is a statement of our privacy practices: Information Collected Your personal information is not required to visit PrettyLinks.com Any personal information collected is knowingly provided by you and only"},"aioseo_meta_data":{"post_id":"72","title":null,"description":null,"keywords":[{"label":"pretty links privacy policy","value":"pretty links privacy policy"}],"keyphrases":{"focus":[],"additional":[]},"primary_term":null,"canonical_url":null,"og_title":null,"og_description":null,"og_object_type":"default","og_image_type":"default","og_image_url":null,"og_image_width":null,"og_image_height":null,"og_image_custom_url":null,"og_image_custom_fields":null,"og_video":"","og_custom_url":null,"og_article_section":null,"og_article_tags":[],"twitter_use_og":false,"twitter_card":"default","twitter_image_type":"default","twitter_image_url":null,"twitter_image_custom_url":null,"twitter_image_custom_fields":null,"twitter_title":null,"twitter_description":null,"schema":{"blockGraphs":[],"customGraphs":[],"default":{"data":{"Article":[],"Course":[],"Dataset":[],"FAQPage":[],"Movie":[],"Person":[],"Product":[],"ProductReview":[],"Car":[],"Recipe":[],"Service":[],"SoftwareApplication":[],"WebPage":[]},"graphName":"","isEnabled":true},"graphs":[]},"schema_type":"default","schema_type_options":"{\"article\":{\"articleType\":\"BlogPosting\"},\"course\":{\"name\":\"\",\"description\":\"\",\"provider\":\"\"},\"faq\":{\"pages\":[]},\"product\":{\"reviews\":[]},\"recipe\":{\"ingredients\":[],\"instructions\":[],\"keywords\":[]},\"software\":{\"reviews\":[],\"operatingSystems\":[]},\"webPage\":{\"webPageType\":\"WebPage\"}}","pillar_content":false,"robots_default":true,"robots_noindex":false,"robots_noarchive":false,"robots_nosnippet":false,"robots_nofollow":false,"robots_noimageindex":false,"robots_noodp":false,"robots_notranslate":false,"robots_max_snippet":"-1","robots_max_videopreview":"-1","robots_max_imagepreview":"large","priority":null,"frequency":"default","local_seo":{"locations":{"business":{"name":"","businessType":"","image":"","areaServed":"","urls":{"website":"","aboutPage":"","contactPage":""},"address":{"streetLine1":"","streetLine2":"","zipCode":"","city":"","state":"","country":"","addressFormat":"#streetLineOne\\n#streetLineTwo\\n#city, #state #zipCode"},"contact":{"email":"","phone":"","phoneFormatted":"","fax":"","faxFormatted":""},"ids":{"vat":"","tax":"","chamberOfCommerce":""},"payment":{"priceRange":"","currenciesAccepted":"","methods":""}}},"openingHours":{"useDefaults":true,"show":false,"alwaysOpen":false,"use24hFormat":false,"timezone":"","labels":{"closed":"","alwaysOpen":""},"days":{"monday":{"open24h":false,"closed":false,"openTime":"09:00","closeTime":"17:00"},"tuesday":{"open24h":false,"closed":false,"openTime":"09:00","closeTime":"17:00"},"wednesday":{"open24h":false,"closed":false,"openTime":"09:00","closeTime":"17:00"},"thursday":{"open24h":false,"closed":false,"openTime":"09:00","closeTime":"17:00"},"friday":{"open24h":false,"closed":false,"openTime":"09:00","closeTime":"17:00"},"saturday":{"open24h":false,"closed":false,"openTime":"09:00","closeTime":"17:00"},"sunday":{"open24h":false,"closed":false,"openTime":"09:00","closeTime":"17:00"}},"closedLabel":"","open24h":false,"open24hLabel":"","open247":false,"twoSets":false,"hours":[]},"businessInfo":{"name":"","urls":{"website":"","aboutPage":"","contactPage":""},"address":{"line1":"","line2":"","zip":"","city":"","state":"","country":""},"contact":{"email":"","phone":"","fax":""},"ids":{"vatID":"","taxID":"","chamberID":""},"payment":{"priceIndication":"","currenciesAccepted":"","methodsAccepted":""},"areaServed":""}},"seo_analyzer_scan_date":"2025-10-15 15:34:33","breadcrumb_settings":null,"limit_modified_date":false,"open_ai":null,"ai":null,"created":"2020-12-21 17:50:19","updated":"2026-01-28 12:50:00"},"_links":{"self":[{"href":"https:\/\/prettylinks.com\/de\/wp-json\/wp\/v2\/pages\/72","targetHints":{"allow":["GET"]}}],"collection":[{"href":"https:\/\/prettylinks.com\/de\/wp-json\/wp\/v2\/pages"}],"about":[{"href":"https:\/\/prettylinks.com\/de\/wp-json\/wp\/v2\/types\/page"}],"author":[{"embeddable":true,"href":"https:\/\/prettylinks.com\/de\/wp-json\/wp\/v2\/users\/1"}],"replies":[{"embeddable":true,"href":"https:\/\/prettylinks.com\/de\/wp-json\/wp\/v2\/comments?post=72"}],"version-history":[{"count":1,"href":"https:\/\/prettylinks.com\/de\/wp-json\/wp\/v2\/pages\/72\/revisions"}],"predecessor-version":[{"id":16714,"href":"https:\/\/prettylinks.com\/de\/wp-json\/wp\/v2\/pages\/72\/revisions\/16714"}],"wp:attachment":[{"href":"https:\/\/prettylinks.com\/de\/wp-json\/wp\/v2\/media?parent=72"}],"curies":[{"name":"wp","href":"https:\/\/api.w.org\/{rel}","templated":true}]}}