{"id":68,"date":"2009-07-23T15:36:35","date_gmt":"2009-07-23T19:36:35","guid":{"rendered":"https:\/\/prettylinks.com\/?page_id=68"},"modified":"2025-10-15T09:30:07","modified_gmt":"2025-10-15T15:30:07","slug":"terms","status":"publish","type":"page","link":"https:\/\/prettylinks.com\/de\/terms\/","title":{"rendered":"Bedingungen und Konditionen"},"content":{"rendered":"<div class=\"wp-block-group alignwide is-style-maurice-layout-container is-layout-flow wp-block-group-is-layout-flow is-style-maurice-layout-container--1\">\n<p>Unsere Website gew\u00e4hrt Ihnen eine nicht-exklusive, begrenzte Lizenz zur Nutzung des PrettyLinks-Plugins und anderer Produkte, die \u00fcber unsere Website verkauft werden (<a href=\"https:\/\/prettylinks.com\/de\/\">https:\/\/prettylinks.com<\/a>) von Caseproof, LLC (die \"Produkte\") in \u00dcbereinstimmung mit diesen Allgemeinen Gesch\u00e4ftsbedingungen (die \"Lizenz\"), die von unserem Unternehmen ausgestellt wurden.<\/p>\n\n\n\n<h5 class=\"wp-block-heading\">1. Plugin-Lizenzierung<\/h5>\n\n\n\n<p>PrettyLinks ist lizenziert unter der GNU General Public License (<a href=\"http:\/\/www.gnu.org\/licenses\/gpl.html\">http:\/\/www.gnu.org\/licenses\/gpl.html<\/a>).<\/p>\n\n\n\n<p><a name=\"upgrades\"><\/a><\/p>\n\n\n\n<h5 class=\"wp-block-heading\">2. Automatischer Upgrade-Service<\/h5>\n\n\n\n<p>Der Zugang zu unserem Service f\u00fcr automatische Upgrades steht Kunden zur Verf\u00fcgung, die einen aktiven Lizenzschl\u00fcssel haben, entsprechend der erworbenen Lizenz. Eine Blogger-Lizenz bietet automatische Upgrades f\u00fcr eine einzelne Website und eine Entwickler-Lizenz bietet automatische Upgrades f\u00fcr unbegrenzte Websites f\u00fcr Sie oder Ihre Kunden. Sie d\u00fcrfen den Zugang zu Ihrem Lizenzschl\u00fcssel nicht weiterverkaufen.<\/p>\n\n\n\n<p><a name=\"delivery\"><\/a><\/p>\n\n\n\n<h5 class=\"wp-block-heading\">3. Lieferung<\/h5>\n\n\n\n<p>Nach erfolgreichem Zahlungseingang erhalten Sie eine E-Mail mit dem Download-Link, dem Benutzernamen und dem Passwort. Es kann bis zu 1 Stunde dauern, bis diese E-Mail bei Ihnen eintrifft, aber in der Regel erhalten Sie sie innerhalb weniger Minuten nach der Bestellung. Sollten Sie nach diesem Zeitraum keine E-Mail erhalten, bitten wir Sie <a href=\"https:\/\/prettylinks.com\/de\/contact\/\">Kontaktieren Sie uns<\/a>. Sie k\u00f6nnen sich dann anmelden bei <a href=\"\/login\/\">Ihr Konto<\/a> um Unterst\u00fctzung zu erhalten. Wenn Sie die E-Mail-Adresse verwenden, mit der Sie das Plugin gekauft haben, haben Sie sofortigen Zugang zu allen Supportmaterialien.<\/p>\n\n\n\n<p><a name=\"ownership\"><\/a><\/p>\n\n\n\n<h5 class=\"wp-block-heading\">4. Eigent\u00fcmerschaft<\/h5>\n\n\n\n<p>Sie k\u00f6nnen keine intellektuellen oder exklusiven Eigentumsrechte an einem unserer Produkte beanspruchen. Alle Produkte sind das Eigentum von Caseproof, LLC. Sie werden \"so wie sie sind\" zur Verf\u00fcgung gestellt, ohne jegliche ausdr\u00fcckliche oder stillschweigende Garantie. Wir haften nicht f\u00fcr Sch\u00e4den, einschlie\u00dflich, aber nicht beschr\u00e4nkt auf, direkte, indirekte, besondere, zuf\u00e4llige oder Folgesch\u00e4den oder Verluste, die aus der Verwendung oder der Unf\u00e4higkeit zur Verwendung unserer Produkte entstehen.<\/p>\n\n\n\n<p><a name=\"content\"><\/a><\/p>\n\n\n\n<h5 class=\"wp-block-heading\">5. Inhalt der Website<\/h5>\n\n\n\n<p>Der gesamte Inhalt der Website, einschlie\u00dflich der auf PrettyLinks.com ver\u00f6ffentlichten Bilder und Dokumentationen, ist das Eigentum von Caseproof, LLC. Jede Vervielf\u00e4ltigung von Website-Inhalten muss im Voraus genehmigt werden. Der Inhalt dieser Website darf ohne die vorherige schriftliche Zustimmung von Caseproof, LLC nicht f\u00fcr kommerzielle oder nichtkommerzielle Zwecke verwendet oder genutzt werden.<\/p>\n\n\n\n<p><a name=\"refunds\"><\/a><\/p>\n\n\n\n<h5 class=\"wp-block-heading\">6. Erstattungspolitik<\/h5>\n\n\n\n<p>Die PrettyLinks-Geld-zur\u00fcck-Garantie bietet Ihnen die M\u00f6glichkeit, innerhalb der ersten 14 Tage nach Er\u00f6ffnung Ihres kostenpflichtigen Kontos zu entscheiden, dass PrettyLinks nicht das Richtige f\u00fcr Sie ist, und dies unserem gro\u00dfartigen Support-Team mitzuteilen (wir machen es Ihnen leicht!).<\/p>\n\n\n\n<p>Wir werden Ihr Abonnement beenden und Ihnen eine R\u00fcckerstattung zukommen lassen. Ihr Antrag auf R\u00fcckerstattung muss innerhalb von 24 Gesch\u00e4ftsstunden innerhalb von 14 Tagen ab dem Datum und der Uhrzeit der Er\u00f6ffnung Ihres bezahlten Kontos eingehen. W\u00e4hrend einige R\u00fcckerstattungen sofort erfolgen k\u00f6nnen, kann es bis zu 5 - 10 Werktage dauern, bis die R\u00fcckerstattung auf Ihrer Kreditkartenabrechnung erscheint. R\u00fcckerstattungsantr\u00e4ge, die nach dieser 14-t\u00e4gigen Frist gestellt werden, k\u00f6nnen nicht ber\u00fccksichtigt werden.<\/p>\n\n\n\n<p>Wir bieten auch R\u00fcckerstattungen innerhalb der ersten 14 Tage nach einer Abonnementverl\u00e4ngerung f\u00fcr den vollen Betrag abz\u00fcglich einer Verwaltungsgeb\u00fchr von 20% (und m\u00f6glicherweise Geb\u00fchren f\u00fcr die Zahlungsabwicklung). Bitte beachten Sie, dass wir eine Erinnerung an bevorstehende Verl\u00e4ngerungen senden und es in der Verantwortung des Kunden liegt, sein Abonnement zu k\u00fcndigen, bevor die Verl\u00e4ngerung stattfindet, wenn er nicht fortfahren m\u00f6chte. Erstattungsantr\u00e4ge f\u00fcr Verl\u00e4ngerungen, die nach den ersten 14 Tagen nach der Verl\u00e4ngerung gestellt werden, k\u00f6nnen nicht ber\u00fccksichtigt werden.<\/p>\n\n\n\n<p><a name=\"chargebacks\"><\/a><\/p>\n\n\n\n<h5 class=\"wp-block-heading\">7. R\u00fcckbuchungen und Bankgeb\u00fchren<\/h5>\n\n\n\n<p>Lizenzinhaber sollten <a href=\"https:\/\/prettylinks.com\/de\/contact\/\" target=\"_blank\" rel=\"noopener noreferrer\">Kontaktieren Sie uns<\/a> bei R\u00fcckerstattungsantr\u00e4gen oder nicht anerkannten Abbuchungen zu erkundigen, bevor sie eine R\u00fcckbuchungsanfrage bei ihrer Bank stellen. Wir behalten uns das Recht vor, R\u00fcckbuchungen anzufechten, wenn die Abbuchung nicht betr\u00fcgerisch ist und keine Mitteilung des Lizenzinhabers ersichtlich ist.<\/p>\n\n\n\n<p>Wir erstatten Ihnen unter keinen Umst\u00e4nden Bankgeb\u00fchren, wie z. B. \u00dcberziehungs- oder W\u00e4hrungsumrechnungsgeb\u00fchren.<\/p>\n\n\n\n<p><a name=\"support\"><\/a><\/p>\n\n\n\n<h5 class=\"wp-block-heading\">8. Unterst\u00fctzung<\/h5>\n\n\n\n<p>Caseproof, LLC bietet WordPress-Plugins \"wie sie sind\" und ohne implizite Bedeutung, dass sie genau so funktionieren, wie Sie es w\u00fcnschen, oder mit allen Komponenten und Plugins von Drittanbietern kompatibel sein werden. Wir bieten keinen Support per E-Mail oder anderweitigen Support f\u00fcr WordPress oder andere WordPress-Plugins, die wir nicht entwickelt haben.<\/p>\n\n\n\n<p>Der Support wird \u00fcber einen g\u00fcltigen Benutzernamen und ein Passwort angeboten. Mit dem Erwerb einer Lizenz erhalten Sie Zugang zu unserem Support-Ticket-System.<\/p>\n\n\n\n<p>Der Support und der Zugang zu unserem automatischen Produktaktualisierungssystem werden f\u00fcr einen Zeitraum von 1 Jahr ab dem Kaufdatum gew\u00e4hrt. Nach 1 Jahr m\u00fcssen Sie eine Lizenzverl\u00e4ngerung erwerben, um weiterhin Support und Produktaktualisierungen zu erhalten.<\/p>\n\n\n\n<p>Lizenzinhabern ist es nicht gestattet, Support-Inhalte (einschlie\u00dflich E-Mails, Support-Tickets, Aufzeichnungen von Telefongespr\u00e4chen oder Screenshots) oder Dokumentationen auf externen Websites, in sozialen Medien usw. zu ver\u00f6ffentlichen. Das Ver\u00f6ffentlichen von Screenshots dieser Inhalte ist ebenfalls untersagt. Eine Zuwiderhandlung f\u00fchrt zur sofortigen Beendigung der Lizenz. Jeglicher Zugang zu Support-Inhalten wird ebenfalls beendet, und Produkt-Updates werden nicht mehr angeboten. Ebenso kann keiner dieser Inhalte als Grundlage f\u00fcr oder Teil von Streitigkeiten im Zusammenhang mit dem Support oder der Verwendung unserer Plugins verwendet werden.<\/p>\n\n\n\n<p>Wir garantieren nicht, dass unser Support in der Lage sein wird, jedes Problem und jede Situation zu l\u00f6sen. Wir \u00fcbernehmen auch keine Haftung f\u00fcr Handlungen von Website-Besitzern oder unserem Support-Team, die zu Ausfallzeiten der Website, Datenverlust oder anderen Problemen w\u00e4hrend der Fehlersuche, Fehlerbehebung, Tests oder anderweitig f\u00fchren.<\/p>\n\n\n\n<p>Wir garantieren auch keine Antwort auf Support-Anfragen, die wir per E-Mail (au\u00dferhalb unseres Support-Ticket-Systems), Telefon oder \u00fcber unser \u00f6ffentliches Kontaktformular erhalten. Wir behalten uns das Recht vor, Nutzern oder Kunden den Support zu verweigern, wenn wir dies f\u00fcr angemessen halten.<\/p>\n\n\n\n<h5 class=\"wp-block-heading\">9. Transaktions-E-Mails<\/h5>\n\n\n\n<p>Caseproof, LLC kann Ihnen gelegentlich E-Mail-Benachrichtigungen in Bezug auf Ihre PrettyLinks-Lizenz senden. Diese Transaktions-E-Mails k\u00f6nnen Benachrichtigungen \u00fcber Lizenz\u00e4nderungen, \u00c4nderungen unserer Gesch\u00e4ftsbedingungen, Hinweise zum Ablauf der Lizenz und andere Transaktionsinformationen in Bezug auf Ihren Kauf von PrettyLinks enthalten.<\/p>\n\n\n\n<h5 class=\"wp-block-heading\">10. Preis\u00e4nderungen<\/h5>\n\n\n\n<p>Caseproof, LLC beh\u00e4lt sich das Recht vor, jederzeit eine Lizenz mit oder ohne Vorank\u00fcndigung vor\u00fcbergehend oder dauerhaft zu \u00e4ndern oder einzustellen. Die Preise f\u00fcr alle Produkte k\u00f6nnen sich \u00e4ndern. Preis\u00e4nderungen werden auf der Website bekannt gegeben.<\/p>\n\n\n\n<h5 class=\"wp-block-heading\">11. Garantie<\/h5>\n\n\n\n<p>Alle unsere WordPress-Plugins werden \"wie besehen\" bereitgestellt. Wir k\u00f6nnen nicht garantieren, dass sie mit allen Plugins von Drittanbietern, mit allen Webbrowsern oder mit allen Webhosts funktionieren. Wir sind nicht verantwortlich f\u00fcr etwaige Kompatibilit\u00e4tskonflikte zwischen den Plugins, die auftreten k\u00f6nnen. Es ist unsere Politik, unsere Plugins so gut wie m\u00f6glich zu unterst\u00fctzen, und wir werden nach unserem Ermessen oder wenn es die Zeit erlaubt, Unterst\u00fctzung f\u00fcr Plugin-Konflikte von Drittanbietern anbieten. Wir sind nicht verantwortlich f\u00fcr Datenverluste, Ausfallzeiten der Website oder andere Probleme, die durch die Installation unserer Plugins entstehen k\u00f6nnen.<\/p>\n\n\n\n<h5 class=\"wp-block-heading\">12. Akzeptanz<\/h5>\n\n\n\n<p>Durch den Kauf unserer Produkte oder das Herunterladen unserer kostenlosen Plugins auf wordpress.org erkl\u00e4ren Sie, dass Sie die auf dieser Seite aufgef\u00fchrten Allgemeinen Gesch\u00e4ftsbedingungen gelesen haben und ihnen zustimmen.<\/p>\n\n\n\n<h5 class=\"wp-block-heading\">13. Geltendes Recht und Gerichtsstand<\/h5>\n\n\n\n<p>Diese Bedingungen unterliegen den Gesetzen des Staates Utah, ohne R\u00fccksicht auf kollisionsrechtliche Grunds\u00e4tze. Alle Streitigkeiten im Zusammenhang mit diesen Nutzungsbedingungen werden ausschlie\u00dflich vor den Staats- oder Bundesgerichten in Salt Lake City, Utah, entschieden, und die Parteien erkl\u00e4ren sich mit der pers\u00f6nlichen Zust\u00e4ndigkeit der genannten Gerichte einverstanden.<\/p>\n\n\n\n<h5 class=\"wp-block-heading\">14. Verweisungsgeb\u00fchren<\/h5>\n\n\n\n<p>Wir erhalten Empfehlungsgeb\u00fchren, wenn Sie Dienstleistungen von Unternehmen kaufen, die wir empfehlen. Wir empfehlen nur Produkte, von denen wir glauben, dass sie einen Mehrwert f\u00fcr unsere Leser darstellen. Wir testen und verwenden alle Produkte, die wir empfehlen, gr\u00fcndlich. Alle Meinungen sind unsere eigenen, und wir akzeptieren keine Zahlungen f\u00fcr positive Bewertungen.<\/p>\n\n\n\n<p>Diese Monetarisierungsmethode wird als Affiliate-Marketing bezeichnet. Die gr\u00f6\u00dften Marken im Internet bieten Partnerprogramme an, z. B. Amazon, eBay und Google. Viele Ihrer Lieblingsseiten nutzen Affiliate-Marketing, um ihre Rechnungen zu bezahlen.<\/p>\n\n\n\n<p>Der einzige Unterschied ist, dass nicht jeder seinen Nutzern sagt, dass er mit Affiliate Marketing Geld verdient.<\/p>\n\n\n\n<p>Wenn Sie auf Affiliate-Links klicken, wird ein spezielles Cookie gesetzt, um die Empfehlung zu verfolgen. Wenn Sie das Produkt kaufen, zahlt uns der Werbetreibende eine Vermittlungsgeb\u00fchr, die f\u00fcr jedes Produkt unterschiedlich hoch ist.<\/p>\n\n\n\n<p>Frage #1 - Wird es mich mehr Geld kosten?<\/p>\n\n\n\n<p>Nein, absolut nicht. In vielen F\u00e4llen k\u00f6nnen Sie mit unseren Partnerangeboten sogar Geld sparen.<\/p>\n\n\n\n<p>Frage #2 - K\u00f6nnen Sie meine pers\u00f6nlichen Daten sehen?<\/p>\n\n\n\n<p>Nein. Wir sehen keine pers\u00f6nlichen Informationen wie Ihren Namen, Ihre E-Mail-Adresse, Adresse, Kreditkarte usw. Das Einzige, was wir sehen, ist, dass ein anonymer Nutzer zu einem bestimmten Datum\/Uhrzeit einen Kauf get\u00e4tigt hat und welches Produkt er gekauft hat.<\/p>\n\n\n\n<p>Wir behalten uns das Recht vor, die aktuellen Gesch\u00e4ftsbedingungen ohne vorherige Ank\u00fcndigung zu \u00e4ndern oder zu erg\u00e4nzen.<\/p>\n<\/div>","protected":false},"excerpt":{"rendered":"<p>Unsere Website gew\u00e4hrt Ihnen eine nicht-exklusive, eingeschr\u00e4nkte Lizenz zur Nutzung des PrettyLinks-Plugins und anderer Produkte, die \u00fcber unsere Website (https:\/\/prettylinks.com) von Caseproof, LLC verkauft werden (die \"Produkte\"), in \u00dcbereinstimmung mit diesen Allgemeinen Gesch\u00e4ftsbedingungen (die \"Lizenz\"), die von unserem Unternehmen ausgestellt wurden. 1. Plugin-Lizenzierung PrettyLinks ist unter der GNU General Public License (http:\/\/www.gnu.org\/licenses\/gpl.html) lizenziert. 2. Automatischer Upgrade-Service...<\/p>","protected":false},"author":1,"featured_media":0,"parent":0,"menu_order":34,"comment_status":"closed","ping_status":"closed","template":"","meta":{"om_disable_all_campaigns":false,"_strive_editorial_status":"not-started","_strive_copy_of":0,"_monsterinsights_skip_tracking":false,"_monsterinsights_sitenote_active":false,"_monsterinsights_sitenote_note":"","_monsterinsights_sitenote_category":0,"footnotes":"","maurice_hero_tagline":"","maurice_hero_title":"","maurice_hero_subtitle":"","maurice_hero_cta_link":"","maurice_hero_cta_text":""},"class_list":["post-68","page","type-page","status-publish","hentry"],"aioseo_notices":[],"aioseo_head":"\n\t\t<!-- All in One SEO Pro 4.9.5.2 - aioseo.com -->\n\t<meta name=\"description\" content=\"Our website grants you non-exclusive limited license to use the PrettyLinks plugin and other products sold through our website (https:\/\/prettylinks.com) by Caseproof, LLC (the &quot;products&quot;) in accordance with these Terms and Conditions (the &quot;license&quot;) issued by our company. 1. Plugin Licensing PrettyLinks is licensed under the GNU general public license (http:\/\/www.gnu.org\/licenses\/gpl.html). 2. Automatic Upgrade Service\" \/>\n\t<meta name=\"robots\" content=\"max-snippet:-1, max-image-preview:large, max-video-preview:-1\" \/>\n\t<link rel=\"canonical\" href=\"https:\/\/prettylinks.com\/de\/terms\/\" \/>\n\t<meta name=\"generator\" content=\"All in One SEO Pro (AIOSEO) 4.9.5.2\" \/>\n\t\t<meta property=\"og:locale\" content=\"de_DE\" \/>\n\t\t<meta property=\"og:site_name\" content=\"PrettyLinks\" \/>\n\t\t<meta property=\"og:type\" content=\"article\" \/>\n\t\t<meta property=\"og:title\" content=\"Terms and Conditions\" \/>\n\t\t<meta property=\"og:description\" content=\"Our website grants you non-exclusive limited license to use the PrettyLinks plugin and other products sold through our website (https:\/\/prettylinks.com) by Caseproof, LLC (the &quot;products&quot;) in accordance with these Terms and Conditions (the &quot;license&quot;) issued by our company. 1. Plugin Licensing PrettyLinks is licensed under the GNU general public license (http:\/\/www.gnu.org\/licenses\/gpl.html). 2. Automatic Upgrade Service\" \/>\n\t\t<meta property=\"og:url\" content=\"https:\/\/prettylinks.com\/de\/terms\/\" \/>\n\t\t<meta property=\"article:published_time\" content=\"2009-07-23T19:36:35+00:00\" \/>\n\t\t<meta property=\"article:modified_time\" content=\"2025-10-15T15:30:07+00:00\" \/>\n\t\t<meta name=\"twitter:card\" content=\"summary_large_image\" \/>\n\t\t<meta name=\"twitter:title\" content=\"Terms and Conditions\" \/>\n\t\t<meta name=\"twitter:description\" content=\"Our website grants you non-exclusive limited license to use the PrettyLinks plugin and other products sold through our website (https:\/\/prettylinks.com) by Caseproof, LLC (the &quot;products&quot;) in accordance with these Terms and Conditions (the &quot;license&quot;) issued by our company. 1. Plugin Licensing PrettyLinks is licensed under the GNU general public license (http:\/\/www.gnu.org\/licenses\/gpl.html). 2. Automatic Upgrade Service\" \/>\n\t\t<script type=\"application\/ld+json\" class=\"aioseo-schema\">\n\t\t\t{\"@context\":\"https:\\\/\\\/schema.org\",\"@graph\":[{\"@type\":\"BreadcrumbList\",\"@id\":\"https:\\\/\\\/prettylinks.com\\\/de\\\/terms\\\/#breadcrumblist\",\"itemListElement\":[{\"@type\":\"ListItem\",\"@id\":\"https:\\\/\\\/prettylinks.com\\\/de#listItem\",\"position\":1,\"name\":\"Home\",\"item\":\"https:\\\/\\\/prettylinks.com\\\/de\",\"nextItem\":{\"@type\":\"ListItem\",\"@id\":\"https:\\\/\\\/prettylinks.com\\\/de\\\/terms\\\/#listItem\",\"name\":\"Terms and Conditions\"}},{\"@type\":\"ListItem\",\"@id\":\"https:\\\/\\\/prettylinks.com\\\/de\\\/terms\\\/#listItem\",\"position\":2,\"name\":\"Terms and Conditions\",\"previousItem\":{\"@type\":\"ListItem\",\"@id\":\"https:\\\/\\\/prettylinks.com\\\/de#listItem\",\"name\":\"Home\"}}]},{\"@type\":\"Organization\",\"@id\":\"https:\\\/\\\/prettylinks.com\\\/de\\\/#organization\",\"name\":\"PrettyLinks\",\"description\":\"Top Affiliate Link & URL Shortener for WordPress\",\"url\":\"https:\\\/\\\/prettylinks.com\\\/de\\\/\"},{\"@type\":\"WebPage\",\"@id\":\"https:\\\/\\\/prettylinks.com\\\/de\\\/terms\\\/#webpage\",\"url\":\"https:\\\/\\\/prettylinks.com\\\/de\\\/terms\\\/\",\"name\":\"Terms and Conditions\",\"description\":\"Our website grants you non-exclusive limited license to use the PrettyLinks plugin and other products sold through our website (https:\\\/\\\/prettylinks.com) by Caseproof, LLC (the \\\"products\\\") in accordance with these Terms and Conditions (the \\\"license\\\") issued by our company. 1. Plugin Licensing PrettyLinks is licensed under the GNU general public license (http:\\\/\\\/www.gnu.org\\\/licenses\\\/gpl.html). 2. Automatic Upgrade Service\",\"inLanguage\":\"de-DE\",\"isPartOf\":{\"@id\":\"https:\\\/\\\/prettylinks.com\\\/de\\\/#website\"},\"breadcrumb\":{\"@id\":\"https:\\\/\\\/prettylinks.com\\\/de\\\/terms\\\/#breadcrumblist\"},\"datePublished\":\"2009-07-23T15:36:35-06:00\",\"dateModified\":\"2025-10-15T09:30:07-06:00\"},{\"@type\":\"WebSite\",\"@id\":\"https:\\\/\\\/prettylinks.com\\\/de\\\/#website\",\"url\":\"https:\\\/\\\/prettylinks.com\\\/de\\\/\",\"name\":\"PrettyLinks\",\"description\":\"Top Affiliate Link & URL Shortener for WordPress\",\"inLanguage\":\"de-DE\",\"publisher\":{\"@id\":\"https:\\\/\\\/prettylinks.com\\\/de\\\/#organization\"}}]}\n\t\t<\/script>\n\t\t<!-- All in One SEO Pro -->\r\n\t\t<title>Terms and Conditions<\/title>\n\n","aioseo_head_json":{"title":"Bedingungen und Konditionen","description":"Unsere Website gew\u00e4hrt Ihnen eine nicht-exklusive, eingeschr\u00e4nkte Lizenz zur Nutzung des PrettyLinks-Plugins und anderer Produkte, die \u00fcber unsere Website (https:\/\/prettylinks.com) von Caseproof, LLC verkauft werden (die \"Produkte\"), in \u00dcbereinstimmung mit diesen Allgemeinen Gesch\u00e4ftsbedingungen (die \"Lizenz\"), die von unserem Unternehmen ausgestellt wurden. 1. Plugin-Lizenzierung PrettyLinks ist unter der GNU General Public License (http:\/\/www.gnu.org\/licenses\/gpl.html) lizenziert. 2. Automatischer Upgrade-Service","canonical_url":"https:\/\/prettylinks.com\/de\/terms\/","robots":"max-snippet:-1, max-image-preview:large, max-video-preview:-1","keywords":"","webmasterTools":{"miscellaneous":""},"schema":{"@context":"https:\/\/schema.org","@graph":[{"@type":"BreadcrumbList","@id":"https:\/\/prettylinks.com\/de\/terms\/#breadcrumblist","itemListElement":[{"@type":"ListItem","@id":"https:\/\/prettylinks.com\/de#listItem","position":1,"name":"Home","item":"https:\/\/prettylinks.com\/de","nextItem":{"@type":"ListItem","@id":"https:\/\/prettylinks.com\/de\/terms\/#listItem","name":"Terms and Conditions"}},{"@type":"ListItem","@id":"https:\/\/prettylinks.com\/de\/terms\/#listItem","position":2,"name":"Terms and Conditions","previousItem":{"@type":"ListItem","@id":"https:\/\/prettylinks.com\/de#listItem","name":"Home"}}]},{"@type":"Organization","@id":"https:\/\/prettylinks.com\/de\/#organization","name":"PrettyLinks","description":"Top Affiliate Link & URL Shortener for WordPress","url":"https:\/\/prettylinks.com\/de\/"},{"@type":"WebPage","@id":"https:\/\/prettylinks.com\/de\/terms\/#webpage","url":"https:\/\/prettylinks.com\/de\/terms\/","name":"Terms and Conditions","description":"Our website grants you non-exclusive limited license to use the PrettyLinks plugin and other products sold through our website (https:\/\/prettylinks.com) by Caseproof, LLC (the \"products\") in accordance with these Terms and Conditions (the \"license\") issued by our company. 1. Plugin Licensing PrettyLinks is licensed under the GNU general public license (http:\/\/www.gnu.org\/licenses\/gpl.html). 2. Automatic Upgrade Service","inLanguage":"de-DE","isPartOf":{"@id":"https:\/\/prettylinks.com\/de\/#website"},"breadcrumb":{"@id":"https:\/\/prettylinks.com\/de\/terms\/#breadcrumblist"},"datePublished":"2009-07-23T15:36:35-06:00","dateModified":"2025-10-15T09:30:07-06:00"},{"@type":"WebSite","@id":"https:\/\/prettylinks.com\/de\/#website","url":"https:\/\/prettylinks.com\/de\/","name":"PrettyLinks","description":"Top Affiliate Link & URL Shortener for WordPress","inLanguage":"de-DE","publisher":{"@id":"https:\/\/prettylinks.com\/de\/#organization"}}]},"og:locale":"de_DE","og:site_name":"PrettyLinks","og:type":"article","og:title":"Terms and Conditions","og:description":"Our website grants you non-exclusive limited license to use the PrettyLinks plugin and other products sold through our website (https:\/\/prettylinks.com) by Caseproof, LLC (the &quot;products&quot;) in accordance with these Terms and Conditions (the &quot;license&quot;) issued by our company. 1. Plugin Licensing PrettyLinks is licensed under the GNU general public license (http:\/\/www.gnu.org\/licenses\/gpl.html). 2. Automatic Upgrade Service","og:url":"https:\/\/prettylinks.com\/de\/terms\/","article:published_time":"2009-07-23T19:36:35+00:00","article:modified_time":"2025-10-15T15:30:07+00:00","twitter:card":"summary_large_image","twitter:title":"Terms and Conditions","twitter:description":"Our website grants you non-exclusive limited license to use the PrettyLinks plugin and other products sold through our website (https:\/\/prettylinks.com) by Caseproof, LLC (the &quot;products&quot;) in accordance with these Terms and Conditions (the &quot;license&quot;) issued by our company. 1. Plugin Licensing PrettyLinks is licensed under the GNU general public license (http:\/\/www.gnu.org\/licenses\/gpl.html). 2. Automatic Upgrade Service"},"aioseo_meta_data":{"post_id":"68","title":null,"description":null,"keywords":null,"keyphrases":{"focus":{"keyphrase":"","score":0,"analysis":{"keyphraseInTitle":{"score":0,"maxScore":9,"error":1}}},"additional":[]},"primary_term":null,"canonical_url":null,"og_title":null,"og_description":null,"og_object_type":"default","og_image_type":"default","og_image_url":null,"og_image_width":null,"og_image_height":null,"og_image_custom_url":null,"og_image_custom_fields":null,"og_video":"","og_custom_url":null,"og_article_section":null,"og_article_tags":null,"twitter_use_og":false,"twitter_card":"default","twitter_image_type":"default","twitter_image_url":null,"twitter_image_custom_url":null,"twitter_image_custom_fields":null,"twitter_title":null,"twitter_description":null,"schema":{"blockGraphs":[],"customGraphs":[],"default":{"data":{"Article":[],"Course":[],"Dataset":[],"FAQPage":[],"Movie":[],"Person":[],"Product":[],"ProductReview":[],"Car":[],"Recipe":[],"Service":[],"SoftwareApplication":[],"WebPage":[]},"graphName":"WebPage","isEnabled":true},"graphs":[]},"schema_type":"none","schema_type_options":"{\"article\":{\"articleType\":\"BlogPosting\"},\"course\":{\"name\":\"\",\"description\":\"\",\"provider\":\"\"},\"faq\":{\"pages\":[]},\"product\":{\"reviews\":[]},\"recipe\":{\"ingredients\":[],\"instructions\":[],\"keywords\":[]},\"software\":{\"reviews\":[],\"operatingSystems\":[]},\"webPage\":{\"webPageType\":\"WebPage\"}}","pillar_content":false,"robots_default":true,"robots_noindex":false,"robots_noarchive":false,"robots_nosnippet":false,"robots_nofollow":false,"robots_noimageindex":false,"robots_noodp":false,"robots_notranslate":false,"robots_max_snippet":"0","robots_max_videopreview":"0","robots_max_imagepreview":"none","priority":null,"frequency":"default","local_seo":null,"seo_analyzer_scan_date":"2025-10-15 15:34:33","breadcrumb_settings":null,"limit_modified_date":false,"open_ai":"{\"title\":{\"suggestions\":[],\"usage\":0},\"description\":{\"suggestions\":[],\"usage\":0}}","ai":null,"created":"2020-12-21 17:50:19","updated":"2026-01-28 16:59:31"},"_links":{"self":[{"href":"https:\/\/prettylinks.com\/de\/wp-json\/wp\/v2\/pages\/68","targetHints":{"allow":["GET"]}}],"collection":[{"href":"https:\/\/prettylinks.com\/de\/wp-json\/wp\/v2\/pages"}],"about":[{"href":"https:\/\/prettylinks.com\/de\/wp-json\/wp\/v2\/types\/page"}],"author":[{"embeddable":true,"href":"https:\/\/prettylinks.com\/de\/wp-json\/wp\/v2\/users\/1"}],"replies":[{"embeddable":true,"href":"https:\/\/prettylinks.com\/de\/wp-json\/wp\/v2\/comments?post=68"}],"version-history":[{"count":3,"href":"https:\/\/prettylinks.com\/de\/wp-json\/wp\/v2\/pages\/68\/revisions"}],"predecessor-version":[{"id":16713,"href":"https:\/\/prettylinks.com\/de\/wp-json\/wp\/v2\/pages\/68\/revisions\/16713"}],"wp:attachment":[{"href":"https:\/\/prettylinks.com\/de\/wp-json\/wp\/v2\/media?parent=68"}],"curies":[{"name":"wp","href":"https:\/\/api.w.org\/{rel}","templated":true}]}}