{"id":174,"date":"2009-07-27T16:31:16","date_gmt":"2009-07-27T20:31:16","guid":{"rendered":"https:\/\/prettylinks.com\/?page_id=174"},"modified":"2025-10-15T10:00:14","modified_gmt":"2025-10-15T16:00:14","slug":"importing-exporting-your-links","status":"publish","type":"page","link":"https:\/\/prettylinks.com\/de\/importing-exporting-your-links\/","title":{"rendered":"Importieren und Exportieren Ihrer Links"},"content":{"rendered":"<h3>Exportieren Sie Ihre Links:<\/h3>\n<ol>\n<li>Gehen Sie zu \"PrettyLinks\" -&gt; \"Pro Import\/Export\"<\/li>\n<li>Klicken Sie auf den \"Export\"-Link<\/li>\n<li>Speichern Sie die CSV-Datei auf Ihrem Computer oder \u00f6ffnen Sie sie in Excel (oder OpenOffice.org).<\/li>\n<\/ol>\n<h3>Importieren Sie Ihre Links:<\/h3>\n<p>Das Importieren ist etwas schwieriger als das Exportieren ... das liegt daran, dass Sie eine Menge Dinge tun k\u00f6nnen, je nachdem, wie Ihre Dateien formatiert sind. Im Folgenden finden Sie einige Richtlinien, die Sie bei der Formatierung Ihrer CSV-Dateien f\u00fcr den Import beachten sollten - anschlie\u00dfend gehen wir die Schritte zum Import der CSV-Datei durch:<\/p>\n<ul>\n<li><em><strong>PrettyLinks<\/strong><\/em> wei\u00df, welche Daten in jeder Spalte Ihrer CSV-Datei enthalten sind, indem es nach bestimmten \u00dcberschriften zu jeder Spalte sucht - sie sind selbsterkl\u00e4rend, m\u00fcssen aber genau diese Namen haben: id, url, slug, name, description, category_id, redirect_type, track_me, use_prettybar, use_ultra_cloak, param_forwarding, param_struct, track_as_img, keywords ... wenn eine Spalte in Ihrer CSV-Datei kein erstes Feld hat, das eine dieser Bezeichnungen enth\u00e4lt, wird die gesamte Spalte ignoriert (<em><strong>PrettyLinks<\/strong><\/em> keine Ahnung haben, was sie mit den Daten anfangen sollen).<\/li>\n<li>Die Spalte \"id\" ist etwas Besonderes ... wenn eine Zeile in Ihrer CSV-Datei einen Wert f\u00fcr die id enth\u00e4lt, dann <em><strong>PrettyLinks<\/strong><\/em> wird versuchen, einen Datensatz in der Datenbank mit dieser ID zu aktualisieren - wenn der Wert gefunden wird, werden die Daten des Links aktualisiert. Wenn Sie versuchen, einen sch\u00f6nen Link aus Ihrer CSV-Datei zu erstellen, sollten Sie das Feld id leer lassen. Wenn <em><strong>PrettyLinks<\/strong><\/em> einen leeren Wert in der id-Spalte sieht (oder die id-Spalte nicht existiert), dann wird einfach ein h\u00fcbscher Link aus den Daten in dieser Zeile erstellt.<\/li>\n<li>Bei der Erstellung von Links ist die einzige erforderliche Spalte \"url\" (die Spalte \"id\" ist nicht vorhanden oder der Wert \"id\" ist leer) - wenn dies die einzige Spalte ist, werden h\u00fcbsche Links f\u00fcr die Ziel-URLs unter Verwendung von Standardoptionen, Namen und generierten Slugs erstellt. Bei der Aktualisierung von Links ist die einzige erforderliche Spalte die 'id'-Spalte.<\/li>\n<li>Wenn Sie keine Slug-Spalte haben oder Ihr Slug f\u00fcr eine bestimmte Zeile leer ist, dann <em><strong>PrettyLinks<\/strong> <\/em>wird automatisch ein Slug f\u00fcr das PrettyLinks erzeugt.<\/li>\n<li>Ich empfehle Ihnen, Ihre Links zu exportieren und die Exportdatei in Excel zu bearbeiten ... Wenn Sie mit den \u00c4nderungen fertig sind, speichern Sie die Datei als CSV. Wenn Sie wie ich mit einem Mac arbeiten, gibt es verschiedene Arten von CSV-Dateien, die Sie speichern k\u00f6nnen - stellen Sie sicher, dass Sie \"CSV (Windows)\" ausw\u00e4hlen - das ist die einzige, die funktionieren wird.<\/li>\n<\/ul>\n<p>Okay, und hier sind die Schritte zum Importieren, sobald Sie eine g\u00fcltige CSV-Datei erhalten haben:<\/p>\n<ol>\n<li>Gehen Sie zu \"PrettyLinks\" -&gt; \"Pro Import\/Export\"<\/li>\n<li>Klicken Sie auf die Schaltfl\u00e4che \"Durchsuchen\" neben \"W\u00e4hlen Sie eine Datei zum Importieren\".<\/li>\n<li>W\u00e4hlen Sie die CSV-Datei, die Sie gerade gespeichert haben<\/li>\n<li>Klicken Sie auf die Schaltfl\u00e4che \"Importieren\".<\/li>\n<\/ol>\n<p>Wenn Sie Probleme haben, dies zum Laufen zu bringen, kontaktieren Sie mich bitte \u00fcber die <a href=\"https:\/\/prettylinks.com\/de\/contact\/\">Formular Kundenbetreuung<\/a>.<\/p>","protected":false},"excerpt":{"rendered":"<p>Exportieren Sie Ihre Links: Gehen Sie zu \"PrettyLinks\" -&gt; \"Pro Import\/Export\" Klicken Sie auf den Link \"Export\" Speichern Sie die CSV-Datei auf Ihrem Computer oder \u00f6ffnen Sie sie in Excel (oder OpenOffice.org) Importieren Sie Ihre Links: Das Importieren ist ein bisschen schwieriger als das Exportieren ... das liegt daran, dass Sie eine Menge Dinge tun k\u00f6nnen, je nachdem, wie Ihre Dateien sind...<\/p>","protected":false},"author":1,"featured_media":0,"parent":0,"menu_order":0,"comment_status":"closed","ping_status":"open","template":"single_framed","meta":{"om_disable_all_campaigns":false,"_strive_editorial_status":"not-started","_strive_copy_of":0,"_monsterinsights_skip_tracking":false,"_monsterinsights_sitenote_active":false,"_monsterinsights_sitenote_note":"","_monsterinsights_sitenote_category":0,"footnotes":"","maurice_hero_tagline":"","maurice_hero_title":"","maurice_hero_subtitle":"","maurice_hero_cta_link":"","maurice_hero_cta_text":""},"class_list":["post-174","page","type-page","status-publish","hentry"],"aioseo_notices":[],"aioseo_head":"\n\t\t<!-- All in One SEO Pro 4.9.5.2 - aioseo.com -->\n\t<meta name=\"description\" content=\"Instructions on how to import and export your links into Pretty Links.\" \/>\n\t<meta name=\"robots\" content=\"max-snippet:-1, max-image-preview:large, max-video-preview:-1\" \/>\n\t<link rel=\"canonical\" href=\"https:\/\/prettylinks.com\/de\/importing-exporting-your-links\/\" \/>\n\t<meta name=\"generator\" content=\"All in One SEO Pro (AIOSEO) 4.9.5.2\" \/>\n\t\t<meta property=\"og:locale\" content=\"de_DE\" \/>\n\t\t<meta property=\"og:site_name\" content=\"PrettyLinks\" \/>\n\t\t<meta property=\"og:type\" content=\"article\" \/>\n\t\t<meta property=\"og:title\" content=\"Importing &amp; Exporting your Links\" \/>\n\t\t<meta property=\"og:description\" content=\"Instructions on how to import and export your links into Pretty Links.\" \/>\n\t\t<meta property=\"og:url\" content=\"https:\/\/prettylinks.com\/de\/importing-exporting-your-links\/\" \/>\n\t\t<meta property=\"article:published_time\" content=\"2009-07-27T20:31:16+00:00\" \/>\n\t\t<meta property=\"article:modified_time\" content=\"2025-10-15T16:00:14+00:00\" \/>\n\t\t<meta name=\"twitter:card\" content=\"summary_large_image\" \/>\n\t\t<meta name=\"twitter:title\" content=\"Importing &amp; Exporting your Links\" \/>\n\t\t<meta name=\"twitter:description\" content=\"Instructions on how to import and export your links into Pretty Links.\" \/>\n\t\t<script type=\"application\/ld+json\" class=\"aioseo-schema\">\n\t\t\t{\"@context\":\"https:\\\/\\\/schema.org\",\"@graph\":[{\"@type\":\"BreadcrumbList\",\"@id\":\"https:\\\/\\\/prettylinks.com\\\/de\\\/importing-exporting-your-links\\\/#breadcrumblist\",\"itemListElement\":[{\"@type\":\"ListItem\",\"@id\":\"https:\\\/\\\/prettylinks.com\\\/de#listItem\",\"position\":1,\"name\":\"Home\",\"item\":\"https:\\\/\\\/prettylinks.com\\\/de\",\"nextItem\":{\"@type\":\"ListItem\",\"@id\":\"https:\\\/\\\/prettylinks.com\\\/de\\\/importing-exporting-your-links\\\/#listItem\",\"name\":\"Importing &#038; Exporting your Links\"}},{\"@type\":\"ListItem\",\"@id\":\"https:\\\/\\\/prettylinks.com\\\/de\\\/importing-exporting-your-links\\\/#listItem\",\"position\":2,\"name\":\"Importing &#038; Exporting your Links\",\"previousItem\":{\"@type\":\"ListItem\",\"@id\":\"https:\\\/\\\/prettylinks.com\\\/de#listItem\",\"name\":\"Home\"}}]},{\"@type\":\"Organization\",\"@id\":\"https:\\\/\\\/prettylinks.com\\\/de\\\/#organization\",\"name\":\"PrettyLinks\",\"description\":\"Top Affiliate Link & URL Shortener for WordPress\",\"url\":\"https:\\\/\\\/prettylinks.com\\\/de\\\/\"},{\"@type\":\"WebPage\",\"@id\":\"https:\\\/\\\/prettylinks.com\\\/de\\\/importing-exporting-your-links\\\/#webpage\",\"url\":\"https:\\\/\\\/prettylinks.com\\\/de\\\/importing-exporting-your-links\\\/\",\"name\":\"Importing & Exporting your Links\",\"description\":\"Instructions on how to import and export your links into Pretty Links.\",\"inLanguage\":\"de-DE\",\"isPartOf\":{\"@id\":\"https:\\\/\\\/prettylinks.com\\\/de\\\/#website\"},\"breadcrumb\":{\"@id\":\"https:\\\/\\\/prettylinks.com\\\/de\\\/importing-exporting-your-links\\\/#breadcrumblist\"},\"datePublished\":\"2009-07-27T16:31:16-06:00\",\"dateModified\":\"2025-10-15T10:00:14-06:00\"},{\"@type\":\"WebSite\",\"@id\":\"https:\\\/\\\/prettylinks.com\\\/de\\\/#website\",\"url\":\"https:\\\/\\\/prettylinks.com\\\/de\\\/\",\"name\":\"PrettyLinks\",\"description\":\"Top Affiliate Link & URL Shortener for WordPress\",\"inLanguage\":\"de-DE\",\"publisher\":{\"@id\":\"https:\\\/\\\/prettylinks.com\\\/de\\\/#organization\"}}]}\n\t\t<\/script>\n\t\t<!-- All in One SEO Pro -->\r\n\t\t<title>Importing &amp; Exporting your Links<\/title>\n\n","aioseo_head_json":{"title":"Importieren und Exportieren Ihrer Links","description":"Anweisungen zum Importieren und Exportieren Ihrer Links in Pretty Links.","canonical_url":"https:\/\/prettylinks.com\/de\/importing-exporting-your-links\/","robots":"max-snippet:-1, max-image-preview:large, max-video-preview:-1","keywords":"","webmasterTools":{"miscellaneous":""},"schema":{"@context":"https:\/\/schema.org","@graph":[{"@type":"BreadcrumbList","@id":"https:\/\/prettylinks.com\/de\/importing-exporting-your-links\/#breadcrumblist","itemListElement":[{"@type":"ListItem","@id":"https:\/\/prettylinks.com\/de#listItem","position":1,"name":"Home","item":"https:\/\/prettylinks.com\/de","nextItem":{"@type":"ListItem","@id":"https:\/\/prettylinks.com\/de\/importing-exporting-your-links\/#listItem","name":"Importing &#038; Exporting your Links"}},{"@type":"ListItem","@id":"https:\/\/prettylinks.com\/de\/importing-exporting-your-links\/#listItem","position":2,"name":"Importing &#038; Exporting your Links","previousItem":{"@type":"ListItem","@id":"https:\/\/prettylinks.com\/de#listItem","name":"Home"}}]},{"@type":"Organization","@id":"https:\/\/prettylinks.com\/de\/#organization","name":"PrettyLinks","description":"Top Affiliate Link & URL Shortener for WordPress","url":"https:\/\/prettylinks.com\/de\/"},{"@type":"WebPage","@id":"https:\/\/prettylinks.com\/de\/importing-exporting-your-links\/#webpage","url":"https:\/\/prettylinks.com\/de\/importing-exporting-your-links\/","name":"Importing & Exporting your Links","description":"Instructions on how to import and export your links into Pretty Links.","inLanguage":"de-DE","isPartOf":{"@id":"https:\/\/prettylinks.com\/de\/#website"},"breadcrumb":{"@id":"https:\/\/prettylinks.com\/de\/importing-exporting-your-links\/#breadcrumblist"},"datePublished":"2009-07-27T16:31:16-06:00","dateModified":"2025-10-15T10:00:14-06:00"},{"@type":"WebSite","@id":"https:\/\/prettylinks.com\/de\/#website","url":"https:\/\/prettylinks.com\/de\/","name":"PrettyLinks","description":"Top Affiliate Link & URL Shortener for WordPress","inLanguage":"de-DE","publisher":{"@id":"https:\/\/prettylinks.com\/de\/#organization"}}]},"og:locale":"de_DE","og:site_name":"PrettyLinks","og:type":"article","og:title":"Importing &amp; Exporting your Links","og:description":"Instructions on how to import and export your links into Pretty Links.","og:url":"https:\/\/prettylinks.com\/de\/importing-exporting-your-links\/","article:published_time":"2009-07-27T20:31:16+00:00","article:modified_time":"2025-10-15T16:00:14+00:00","twitter:card":"summary_large_image","twitter:title":"Importing &amp; Exporting your Links","twitter:description":"Instructions on how to import and export your links into Pretty Links."},"aioseo_meta_data":{"post_id":"174","title":null,"description":"Anweisungen zum Importieren und Exportieren Ihrer Links in Pretty Links.","keywords":[{"label":"pretty links importing and exporting links","value":"pretty links importing and exporting links"}],"keyphrases":{"focus":{"keyphrase":"","score":0,"analysis":{"keyphraseInTitle":{"score":0,"maxScore":9,"error":1}}},"additional":[]},"primary_term":null,"canonical_url":null,"og_title":null,"og_description":null,"og_object_type":"default","og_image_type":"default","og_image_url":null,"og_image_width":null,"og_image_height":null,"og_image_custom_url":null,"og_image_custom_fields":null,"og_video":"","og_custom_url":null,"og_article_section":null,"og_article_tags":null,"twitter_use_og":false,"twitter_card":"default","twitter_image_type":"default","twitter_image_url":null,"twitter_image_custom_url":null,"twitter_image_custom_fields":null,"twitter_title":null,"twitter_description":null,"schema":{"blockGraphs":[],"customGraphs":[],"default":{"data":{"Article":[],"Course":[],"Dataset":[],"FAQPage":[],"Movie":[],"Person":[],"Product":[],"ProductReview":[],"Car":[],"Recipe":[],"Service":[],"SoftwareApplication":[],"WebPage":[]},"graphName":"WebPage","isEnabled":true},"graphs":[]},"schema_type":"default","schema_type_options":"{\"article\":{\"articleType\":\"BlogPosting\"},\"course\":{\"name\":\"\",\"description\":\"\",\"provider\":\"\"},\"faq\":{\"pages\":[]},\"product\":{\"reviews\":[]},\"recipe\":{\"ingredients\":[],\"instructions\":[],\"keywords\":[]},\"software\":{\"reviews\":[],\"operatingSystems\":[]},\"webPage\":{\"webPageType\":\"WebPage\"}}","pillar_content":false,"robots_default":true,"robots_noindex":false,"robots_noarchive":false,"robots_nosnippet":false,"robots_nofollow":false,"robots_noimageindex":false,"robots_noodp":false,"robots_notranslate":false,"robots_max_snippet":"-1","robots_max_videopreview":"-1","robots_max_imagepreview":"large","priority":null,"frequency":"default","local_seo":null,"seo_analyzer_scan_date":"2025-10-15 16:01:24","breadcrumb_settings":null,"limit_modified_date":false,"open_ai":null,"ai":{"faqs":[],"keyPoints":[],"titles":[],"descriptions":[],"socialPosts":{"email":[],"linkedin":[],"twitter":[],"facebook":[],"instagram":[]}},"created":"2020-12-21 17:50:19","updated":"2026-01-28 10:21:19"},"_links":{"self":[{"href":"https:\/\/prettylinks.com\/de\/wp-json\/wp\/v2\/pages\/174","targetHints":{"allow":["GET"]}}],"collection":[{"href":"https:\/\/prettylinks.com\/de\/wp-json\/wp\/v2\/pages"}],"about":[{"href":"https:\/\/prettylinks.com\/de\/wp-json\/wp\/v2\/types\/page"}],"author":[{"embeddable":true,"href":"https:\/\/prettylinks.com\/de\/wp-json\/wp\/v2\/users\/1"}],"replies":[{"embeddable":true,"href":"https:\/\/prettylinks.com\/de\/wp-json\/wp\/v2\/comments?post=174"}],"version-history":[{"count":1,"href":"https:\/\/prettylinks.com\/de\/wp-json\/wp\/v2\/pages\/174\/revisions"}],"predecessor-version":[{"id":16934,"href":"https:\/\/prettylinks.com\/de\/wp-json\/wp\/v2\/pages\/174\/revisions\/16934"}],"wp:attachment":[{"href":"https:\/\/prettylinks.com\/de\/wp-json\/wp\/v2\/media?parent=174"}],"curies":[{"name":"wp","href":"https:\/\/api.w.org\/{rel}","templated":true}]}}