{"id":133,"date":"2009-07-27T01:46:24","date_gmt":"2009-07-27T05:46:24","guid":{"rendered":"https:\/\/prettylinks.com\/?page_id=133"},"modified":"2021-03-18T19:38:09","modified_gmt":"2021-03-18T19:38:09","slug":"what-people-are-saying","status":"publish","type":"page","link":"https:\/\/prettylinks.com\/de\/what-people-are-saying\/","title":{"rendered":"Was die Leute \u00fcber PrettyLinks sagen"},"content":{"rendered":"<div style=\"width: 100px;\" class=\"wp-video\"><video class=\"wp-video-shortcode\" id=\"video-133-1\" width=\"100\" height=\"100\" poster=\"https:\/\/prettylinks.com\/wp-content\/uploads\/2009\/07\/GBTV_poster_frame.png\" preload=\"none\" controls=\"controls\"><source type=\"video\/mp4\" src=\"https:\/\/prettylinks.com\/wp-content\/uploads\/2009\/07\/GBTV_Aug28_med.mp4?_=1\" \/><source type=\"video\/mp4\" src=\"https:\/\/prettylinks.com\/wp-content\/uploads\/2009\/07\/GBTV_Aug28_med.mp4?_=1\" \/><a href=\"https:\/\/prettylinks.com\/wp-content\/uploads\/2009\/07\/GBTV_Aug28_med.mp4\">https:\/\/prettylinks.com\/wp-content\/uploads\/2009\/07\/GBTV_Aug28_med.mp4<\/a><\/video><\/div>\n* aus Episode 620 von geekbrief.tv mit Cali Lewis\n<img loading=\"lazy\" decoding=\"async\" src=\"https:\/\/prettylinks.com\/wp-content\/uploads\/2009\/07\/John_Pozadzides2.png\" alt=\"\" width=\"102\" height=\"88\">Nachdem ich das Benutzerhandbuch durchgelesen und gesehen hatte, dass es eine 30-t\u00e4gige Geld-zur\u00fcck-Garantie gibt, beschloss ich, dass ich absolut nichts zu verlieren hatte und bezahlte das Plugin auf der Stelle. Ich habe gerade die letzten 12 Stunden damit verbracht, das Plugin zu installieren, zu optimieren, zu testen und zu benutzen, und ich bin absolut begeistert. Und ich sage Ihnen auch warum:\n\n<strong>Es wird Ihr Leben ver\u00e4ndern<\/strong>\n\nVerdammt! Das ist eine gewagte Aussage. Aber das macht sie nicht weniger wahr. Ich m\u00f6chte Ihnen ein paar M\u00f6glichkeiten aufzeigen, wie ich bereits dar\u00fcber nachgedacht habe, wie dieses Ding meine Welt ver\u00e4ndern k\u00f6nnte:\n<ol>\n \t<li>Zun\u00e4chst einmal werde ich Bit.ly nicht mehr verwenden! Wenn Sie einen URL-Verk\u00fcrzer verwenden, um Nutzer auf Ihren Blogbeitrag umzuleiten, erstellen Sie Links zu IHRER Domain, nicht zu Ihrer eigenen! Das ist SCHLECHT! Google gibt Ihnen einen h\u00f6heren PageRank und schickt Ihnen mehr Traffic auf der Grundlage von eingehenden Links zu Ihrer Website, so dass eine andere Domain in der Mitte lediglich etwas von Ihrem Google Juice abzieht. Au\u00dferdem wird dadurch Ihre Marke verallgemeinert.<\/li>\n \t<li>Ich werde jetzt nicht nur meine eigenen Artikel k\u00fcrzen. Alles, was ich auf Twitter oder Facebook verlinke, wird mit einem meiner eigenen PrettyLinks versehen. So kann ich tats\u00e4chlich z\u00e4hlen, wie viele Leute meinen Links folgen! Das ist fantastisch, um Feedback zu bekommen und mich zu verbessern, da ich derzeit keine Ahnung habe, ob die Dinge, die ich teile, interessant sind, schlecht sind oder was auch immer. Au\u00dferdem gibt es jetzt ein tolles kleines Bookmarklet, das dies automatisiert!<\/li>\n \t<li>Jedes Mal, wenn ich ein Werbebanner oder eine andere Art von Werbung auf meiner Website platzieren m\u00f6chte, werde ich ein benutzerdefiniertes PrettyLinks verwenden. Obwohl ich die ausgehenden Links in meinem Blog auch mit Woopra verfolgen kann, wird es interessant sein, die Berichte in meinem WordPress-Kontrollpanel zu sehen. Ich kann es kaum erwarten, zu sehen, wie die beiden zusammen funktionieren (Woopra + PrettyLinks). Bei den bisherigen Tests erscheinen die Links in Woopra 100% normal. Man kann nicht einmal erkennen, dass ein PrettyLinks dazwischen war.<\/li>\n \t<li>Ich werde WordPress + PLP damit beauftragen, meine Blogbeitr\u00e4ge zu twittern, anstatt dies manuell zu tun. Ich habe in der Vergangenheit einige andere Plugins f\u00fcr diesen Zweck ausprobiert, aber sie haben mir nicht gefallen. Au\u00dferdem haben sie meine pers\u00f6nliche Kurz-URL nicht gepostet \ud83d\ude42 .<\/li>\n \t<li>Ich verwende meine eigenen kurzen URLs auch f\u00fcr Dinge in der Offline-Welt. Wenn ich z. B. einen Vortrag halte und eine URL weitergeben muss, gebe ich ihnen einen PrettyLink. Ich meine, warum nicht? Dann kann ich sehen, wie viele Leute auf die Informationen reagiert haben.<\/li>\n \t<li>Auf unserer WealthNation.FM-Podcast-Website, auf der wir Episoden haben, erstellen wir PrettyLinks mit der Episodennummer als Schnellreferenz: WealthNation.FM\/8, um der Episode 8 zu entsprechen.<\/li>\n<\/ol>\n<em>Ich 100% empfehlen, dass jeder WordPress-Benutzer bekommen dieses Plugin jetzt!<\/em>\n\n<em><strong>- John Pozadzides,<\/strong>\nOneMansBlog, Woopra &amp; WealthNation<\/em>\n\n<img loading=\"lazy\" decoding=\"async\" src=\"https:\/\/prettylinks.com\/wp-content\/uploads\/2009\/07\/Gregory.png\" alt=\"\" width=\"102\" height=\"88\">Hallo,\n<strong>Ich MUSSTE einfach schreiben, um \"Danke\" zu sagen. PrettyLinks hat mir Zeit und Geld gespart!<\/strong>\n\n<strong>Ich bin erstaunt, wie praktisch PrettyLinks ist.<\/strong>&nbsp;Dieses Plugin f\u00fcr WordPress ist einfach zu installieren und noch einfacher zu benutzen.  Ich war schon von der kostenlosen Version \u00fcberzeugt, aber die Pro-Version hat sich als&nbsp;<strong>ein wesentlicher Bestandteil meines Lebensstils als WordPress-Blogger.<\/strong>&nbsp;Die Funktionen, die die Verwendung von 3 anderen Plugins ersetzt haben, \u00fcbertreffen bei weitem meine Erwartungen und sind fast zu zahlreich, um sie zu erw\u00e4hnen.\n<strong>\nIch habe jetzt die vollst\u00e4ndige Kontrolle \u00fcber die Links auf meiner Website.<\/strong>\n\n<strong>Es ist so einfach, eine URL zu verschleiern,<\/strong>&nbsp;Wenn ich sie sp\u00e4ter \u00e4ndern m\u00f6chte, dauert das nur Sekunden.\n\nEine meiner Lieblingsfunktionen ist das Tool zum Ersetzen von Schl\u00fcsselw\u00f6rtern.&nbsp;<strong>Was f\u00fcr eine Zeitersparnis!<\/strong>&nbsp;Ich kann JEDES Keyword in meinem Blog ausw\u00e4hlen und anpassen und es so einrichten, dass es automatisch zu dem von mir gew\u00fcnschten Ziel geleitet wird.\n\nDie Berichtsfunktionen sind fantastisch! Die \u00dcberpr\u00fcfung der Berichte, um genau herauszufinden, wie viele Leute auf meine Links geklickt haben und wie gut sie konvertiert sind, ist sehr einfach und sehr lohnend. Ich finde es toll, dass ich sogar Links zu meinen Twitter- und Facebook-Konten verfolgen kann.\n\nIch habe mir einige \u00e4hnliche Tools angeschaut und sogar eines davon gekauft, aber ich war entt\u00e4uscht.&nbsp;<strong>Ich habe keine Software gefunden, die auch nur ann\u00e4hernd mit PrettyLinks vergleichbar ist, und ich habe mit Ihrem Plugin sogar Geld gespart.<\/strong>\n\nDanke!\n\nAbgesehen von der Praktikabilit\u00e4t, der Benutzerfreundlichkeit, der Zeitersparnis und dem Wissen, auf welche Links meine Website-Besucher klicken, haben Sie mich zu einem gl\u00fccklichen Kunden gemacht.&nbsp;<strong>Danke, dass Sie sich wirklich um mich k\u00fcmmern und auf meine Bed\u00fcrfnisse eingehen.<\/strong>&nbsp;Ein Kundenservice, wie Sie ihn bieten, ist in der Welt des Internetmarketings unerh\u00f6rt.\n\n<strong>Ich bin zuversichtlich, dass Ihr WordPress-Plugin ein wichtiger Schl\u00fcssel zur Steigerung der Gewinne in meinem Internet-Gesch\u00e4ft ist und w\u00fcrde PrettyLinks jedem empfehlen, der es mit seiner Pr\u00e4senz im World Wide Web ernst meint.<\/strong>&nbsp;Ich bin total s\u00fcchtig nach diesem unverzichtbaren Werkzeug!\n\nMit freundlichen Gr\u00fc\u00dfen,\n\n<strong><em>Gregory E. Nemer,<\/em><\/strong>\n<em>Internet-Gesch\u00e4ft mit Zweck<\/em>\n\n<img loading=\"lazy\" decoding=\"async\" src=\"https:\/\/prettylinks.com\/wp-content\/uploads\/2009\/07\/Austin.png\" alt=\"\" width=\"102\" height=\"88\">PrettyLinks hat dazu beigetragen, den Verkehr auf meiner Website erheblich zu steigern. Ich habe interessante Links und Blogbeitr\u00e4ge auf Facebook und Twitter mit Hilfe von PrettyLinks und der Pretty Bar geteilt. Die \"Retweet\"-Funktion erm\u00f6glicht es meinen Lesern, meine Beitr\u00e4ge auf Twitter zu retweeten, was ebenfalls zu einer Steigerung der Besucherzahlen gef\u00fchrt hat. PrettyLinks ist sein Geld auf jeden Fall wert!\n\n<em><strong>- Austin Moore,<\/strong>\nAustin Prime<\/em>\n\n<img loading=\"lazy\" decoding=\"async\" src=\"https:\/\/prettylinks.com\/wp-content\/uploads\/2009\/07\/Richard.png\" alt=\"\" width=\"102\" height=\"88\">Fast jeder kann ein Produkt zusammenstellen und es vermarkten. Der Wert kommt von&nbsp;<strong>Kundendienst und Unterst\u00fctzung<\/strong>. Dazu sind viele aus dem einen oder anderen Grund nicht in der Lage.\n\nDas Team von PrettyLinks ist&nbsp;<strong>au\u00dfergew\u00f6hnlich bei der Bereitstellung dieser absolut notwendigen Ressource<\/strong>. Ich habe schon l\u00e4nger mit WordPress-Installationen gearbeitet, als ich zugeben m\u00f6chte, und hatte mich strikt dagegen gewehrt, f\u00fcr zus\u00e4tzliche Ressourcen zu bezahlen. Ich dachte mir, bei all dem, was da drau\u00dfen kostenlos verf\u00fcgbar ist, sollte ich in der Lage sein, das zu finden, wonach ich suche, und es zum Laufen zu bringen.\n\nAnfang dieses Jahres begann ich, mich ernsthaft nach kostenpflichtigen Produkten umzusehen, die meine Arbeit verbessern k\u00f6nnten.&nbsp;<strong>das Leben einfacher und effizienter machen<\/strong>. (Man bekommt, wof\u00fcr man bezahlt, hatte ich schlie\u00dflich begriffen.) Ich entschied mich f\u00fcr PrettyLinks.\n\nIch arbeite mit verschiedenen Webhosts zusammen, auch mit Offshore-Anbietern. Die ersten paar Installationen \u00fcbertrafen meine Erwartungen. PLP war&nbsp;<strong>seinen Wert zu beweisen<\/strong>, ohne Ausnahme. Dann habe ich meine erste Installation bei einem Offshore-Webhost durchgef\u00fchrt. Ohne ins Detail zu gehen, wurde die Installation durchgef\u00fchrt, aber einige Dinge funktionierten nicht richtig. Da ich wusste, dass es vorher funktioniert hatte, nahm ich an, dass es irgendwie mit der Art und Weise zusammenhing, wie sie die Dinge handhabten. Da ich mit ihnen keine L\u00f6sung fand, wandte ich mich an den Support von PLP. Ich arbeitete mit Rick und Paul zusammen, und die&nbsp;<strong>Problem wurde gel\u00f6st<\/strong>.\n\nHut ab vor Blair Williams und seinem Team, die ein gro\u00dfartiges Produkt auf den Markt bringen und dann&nbsp;<strong>es unterst\u00fctzen<\/strong>. Ich bin sehr zufrieden mit PrettyLinks und kann es und seinen Wert nur w\u00e4rmstens empfehlen. (Ich verwende es derzeit auf \u00fcber zehn Websites und bin mit den Ergebnissen sehr zufrieden).\n\n<strong><em>- Richard Uhnavy,<\/em><\/strong>\n<em>Anchor Marketing, LLC<\/em>\n\n<img loading=\"lazy\" decoding=\"async\" src=\"https:\/\/prettylinks.com\/wp-content\/uploads\/2009\/07\/Bill.png\" alt=\"\" width=\"102\" height=\"88\">Ich liebe PrettyLinks, ich verwalte damit meine Website komplett. Ohne PrettyLinks m\u00fcsste ich manuell komplizierte PHP-Dateien erstellen, um meine Kunden auf verschiedene Websites umzuleiten. PrettyLinks bietet mir auch den Vorteil, dass ich tolle Berichte, Import- und Exportfunktionen habe und die Gewissheit, dass es einfach funktioniert! Vielen Dank f\u00fcr das gro\u00dfartige Produkt.\n\n<em><strong>- Bill Cherne,<\/strong>\n<\/em><em>Innenarchitektur-Angebote<\/em>\n\n<img loading=\"lazy\" decoding=\"async\" src=\"https:\/\/prettylinks.com\/wp-content\/uploads\/2009\/07\/Travis.png\" alt=\"\" width=\"102\" height=\"88\">Ich m\u00f6chte das meiner Meinung nach beste Plugin des Jahres empfehlen! Ich verwende dieses Plugin t\u00e4glich auf all meinen Websites und liebe es. Es hat die Dinge vereinfacht und gibt mir gleichzeitig die vollst\u00e4ndige Kontrolle \u00fcber das Branding meiner eigenen Links. Mein Partnermarketing ist viel einfacher geworden. Und dann gibt es noch den zus\u00e4tzlichen Bonus des automatischen Postings auf Twitter.\n\nIch benutze PrettyLinks seit dem ersten Tag, an dem es vor ein paar Monaten ver\u00f6ffentlicht wurde, und habe es in den letzten anderthalb Monaten getestet, bevor es f\u00fcr Sie alle verf\u00fcgbar gemacht wurde. Dieses Plugin l\u00f6st ein gro\u00dfes Problem, das alle Blogger haben. Sobald Sie es benutzen, werden Sie sich fragen, wie Sie ohne es ausgekommen sind.\n\nIch gebe diesem Plugin zwei Daumen nach oben, wenn ich mehr Daumen h\u00e4tte, w\u00fcrde ich sie auch nach oben geben. Probieren Sie zumindest die kostenlose Version von PrettyLinks aus und erwerben Sie dann ein Upgrade, um alle Tools freizuschalten, die Ihnen das Bloggen erleichtern.\n\nWenn Sie ein Affiliate-Vermarkter sind und mehrere Blogs haben, ist dieses Plugin ein wahr gewordener Traum. Es gibt kein anderes Plugin, das ich verwendet habe oder gesehen habe, das so viel kann. PrettyLinks ist eine Klasse f\u00fcr sich.\n\nIch kann es kaum erwarten, zu sehen, was als N\u00e4chstes kommen wird. Ich wei\u00df, dass ich der Erste in der Schlange sein werde, der es ausprobiert.\n\n<strong>- Travis Holzem,<\/strong>\neBizReview\n\n<img loading=\"lazy\" decoding=\"async\" src=\"https:\/\/prettylinks.com\/wp-content\/uploads\/2009\/07\/Michael.png\" alt=\"\" width=\"102\" height=\"88\">PrettyLinks und PrettyLinks haben mir geholfen, meine pers\u00f6nliche Marke weiter auszubauen, indem ich nicht nur meine eigene Domain f\u00fcr die URL-Verk\u00fcrzung verwendet habe, sondern auch durch den Einsatz der PrettyBar. Wenn meine Leser auf die Links in meinen Artikeln klicken, sehen sie weiterhin mein Branding und haben eine einfache M\u00f6glichkeit, zu meiner Website zur\u00fcckzukehren, aber ich erhalte dadurch auch ein solides Click-Through-Tracking.\n\nIch empfehle dieses WordPress-Plugin als unverzichtbare Komponente f\u00fcr jeden Blogger, der eine gr\u00f6\u00dfere Reichweite anstrebt, auch wenn die Nutzer nicht auf seiner Website sind.\n\n<strong><em>- Michael Sheehan,<\/em><\/strong>\n<em>HighTechDad<\/em>\n\n<img loading=\"lazy\" decoding=\"async\" src=\"https:\/\/prettylinks.com\/wp-content\/uploads\/2009\/07\/David.png\" alt=\"\" width=\"102\" height=\"88\">Ich habe das PrettyLinks ebenfalls gekauft und bin sehr froh dar\u00fcber. Es gibt eine Menge n\u00fctzlicher und zeitsparender Funktionen, die dieses Produkt zu einem gro\u00dfartigen Produkt machen. Ich habe auch die Standardversion mehrere Monate lang benutzt und ich kann Ihnen sagen, dass das PrettyLinks-Team sehr schnell auf Bugs\/Anfragen reagiert und Updates ver\u00f6ffentlicht. Ich bezweifle, dass irgendjemand vom Kauf der Pro-Version entt\u00e4uscht sein wird... au\u00dferdem gibt es eine 30-t\u00e4gige 100%-Geld-zur\u00fcck-Garantie!\n\n<em><strong>- David Boyd<\/strong><\/em>","protected":false},"excerpt":{"rendered":"","protected":false},"author":1,"featured_media":0,"parent":0,"menu_order":0,"comment_status":"closed","ping_status":"open","template":"","meta":{"om_disable_all_campaigns":false,"_strive_editorial_status":"not-started","_strive_copy_of":0,"_monsterinsights_skip_tracking":false,"_monsterinsights_sitenote_active":false,"_monsterinsights_sitenote_note":"","_monsterinsights_sitenote_category":0,"footnotes":"","maurice_hero_tagline":"","maurice_hero_title":"","maurice_hero_subtitle":"","maurice_hero_cta_link":"","maurice_hero_cta_text":""},"class_list":["post-133","page","type-page","status-publish","hentry"],"aioseo_notices":[],"aioseo_head":"\n\t\t<!-- All in One SEO Pro 4.9.5.2 - aioseo.com -->\n\t<meta name=\"description\" content=\"We could tell you about the awesomeness of Pretty Links all day long. But don&#039;t listen to us. Check out what people are saying about our custom URL shortener.\" \/>\n\t<meta name=\"robots\" content=\"max-snippet:-1, max-image-preview:large, max-video-preview:-1\" \/>\n\t<link rel=\"canonical\" href=\"https:\/\/prettylinks.com\/de\/what-people-are-saying\/\" \/>\n\t<meta name=\"generator\" content=\"All in One SEO Pro (AIOSEO) 4.9.5.2\" \/>\n\t\t<meta property=\"og:locale\" content=\"de_DE\" \/>\n\t\t<meta property=\"og:site_name\" content=\"PrettyLinks\" \/>\n\t\t<meta property=\"og:type\" content=\"article\" \/>\n\t\t<meta property=\"og:title\" content=\"What people are saying about PrettyLinks\" \/>\n\t\t<meta property=\"og:description\" content=\"We could tell you about the awesomeness of Pretty Links all day long. But don&#039;t listen to us. Check out what people are saying about our custom URL shortener.\" \/>\n\t\t<meta property=\"og:url\" content=\"https:\/\/prettylinks.com\/de\/what-people-are-saying\/\" \/>\n\t\t<meta property=\"article:published_time\" content=\"2009-07-27T05:46:24+00:00\" \/>\n\t\t<meta property=\"article:modified_time\" content=\"2021-03-18T19:38:09+00:00\" \/>\n\t\t<meta name=\"twitter:card\" content=\"summary_large_image\" \/>\n\t\t<meta name=\"twitter:title\" content=\"What people are saying about PrettyLinks\" \/>\n\t\t<meta name=\"twitter:description\" content=\"We could tell you about the awesomeness of Pretty Links all day long. But don&#039;t listen to us. Check out what people are saying about our custom URL shortener.\" \/>\n\t\t<script type=\"application\/ld+json\" class=\"aioseo-schema\">\n\t\t\t{\"@context\":\"https:\\\/\\\/schema.org\",\"@graph\":[{\"@type\":\"BreadcrumbList\",\"@id\":\"https:\\\/\\\/prettylinks.com\\\/de\\\/what-people-are-saying\\\/#breadcrumblist\",\"itemListElement\":[{\"@type\":\"ListItem\",\"@id\":\"https:\\\/\\\/prettylinks.com\\\/de#listItem\",\"position\":1,\"name\":\"Home\",\"item\":\"https:\\\/\\\/prettylinks.com\\\/de\",\"nextItem\":{\"@type\":\"ListItem\",\"@id\":\"https:\\\/\\\/prettylinks.com\\\/de\\\/what-people-are-saying\\\/#listItem\",\"name\":\"What people are saying about PrettyLinks\"}},{\"@type\":\"ListItem\",\"@id\":\"https:\\\/\\\/prettylinks.com\\\/de\\\/what-people-are-saying\\\/#listItem\",\"position\":2,\"name\":\"What people are saying about PrettyLinks\",\"previousItem\":{\"@type\":\"ListItem\",\"@id\":\"https:\\\/\\\/prettylinks.com\\\/de#listItem\",\"name\":\"Home\"}}]},{\"@type\":\"Organization\",\"@id\":\"https:\\\/\\\/prettylinks.com\\\/de\\\/#organization\",\"name\":\"PrettyLinks\",\"description\":\"Top Affiliate Link & URL Shortener for WordPress\",\"url\":\"https:\\\/\\\/prettylinks.com\\\/de\\\/\"},{\"@type\":\"WebPage\",\"@id\":\"https:\\\/\\\/prettylinks.com\\\/de\\\/what-people-are-saying\\\/#webpage\",\"url\":\"https:\\\/\\\/prettylinks.com\\\/de\\\/what-people-are-saying\\\/\",\"name\":\"Here's What People Are Saying About Pretty Links\",\"description\":\"We could tell you about the awesomeness of Pretty Links all day long. But don't listen to us. Check out what people are saying about our custom URL shortener.\",\"inLanguage\":\"de-DE\",\"isPartOf\":{\"@id\":\"https:\\\/\\\/prettylinks.com\\\/de\\\/#website\"},\"breadcrumb\":{\"@id\":\"https:\\\/\\\/prettylinks.com\\\/de\\\/what-people-are-saying\\\/#breadcrumblist\"},\"datePublished\":\"2009-07-27T01:46:24-06:00\",\"dateModified\":\"2021-03-18T19:38:09-06:00\"},{\"@type\":\"WebSite\",\"@id\":\"https:\\\/\\\/prettylinks.com\\\/de\\\/#website\",\"url\":\"https:\\\/\\\/prettylinks.com\\\/de\\\/\",\"name\":\"PrettyLinks\",\"description\":\"Top Affiliate Link & URL Shortener for WordPress\",\"inLanguage\":\"de-DE\",\"publisher\":{\"@id\":\"https:\\\/\\\/prettylinks.com\\\/de\\\/#organization\"}}]}\n\t\t<\/script>\n\t\t<!-- All in One SEO Pro -->\r\n\t\t<title>Here's What People Are Saying About Pretty Links<\/title>\n\n","aioseo_head_json":{"title":"Das sagen die Leute \u00fcber Pretty Links","description":"Wir k\u00f6nnten Ihnen den ganzen Tag lang von der Genialit\u00e4t von Pretty Links erz\u00e4hlen. Aber h\u00f6ren Sie nicht auf uns. Sehen Sie sich an, was die Leute \u00fcber unseren benutzerdefinierten URL-Verk\u00fcrzer sagen.","canonical_url":"https:\/\/prettylinks.com\/de\/what-people-are-saying\/","robots":"max-snippet:-1, max-image-preview:large, max-video-preview:-1","keywords":"","webmasterTools":{"miscellaneous":""},"schema":{"@context":"https:\/\/schema.org","@graph":[{"@type":"BreadcrumbList","@id":"https:\/\/prettylinks.com\/de\/what-people-are-saying\/#breadcrumblist","itemListElement":[{"@type":"ListItem","@id":"https:\/\/prettylinks.com\/de#listItem","position":1,"name":"Home","item":"https:\/\/prettylinks.com\/de","nextItem":{"@type":"ListItem","@id":"https:\/\/prettylinks.com\/de\/what-people-are-saying\/#listItem","name":"What people are saying about PrettyLinks"}},{"@type":"ListItem","@id":"https:\/\/prettylinks.com\/de\/what-people-are-saying\/#listItem","position":2,"name":"What people are saying about PrettyLinks","previousItem":{"@type":"ListItem","@id":"https:\/\/prettylinks.com\/de#listItem","name":"Home"}}]},{"@type":"Organization","@id":"https:\/\/prettylinks.com\/de\/#organization","name":"PrettyLinks","description":"Top Affiliate Link & URL Shortener for WordPress","url":"https:\/\/prettylinks.com\/de\/"},{"@type":"WebPage","@id":"https:\/\/prettylinks.com\/de\/what-people-are-saying\/#webpage","url":"https:\/\/prettylinks.com\/de\/what-people-are-saying\/","name":"Here's What People Are Saying About Pretty Links","description":"We could tell you about the awesomeness of Pretty Links all day long. But don't listen to us. Check out what people are saying about our custom URL shortener.","inLanguage":"de-DE","isPartOf":{"@id":"https:\/\/prettylinks.com\/de\/#website"},"breadcrumb":{"@id":"https:\/\/prettylinks.com\/de\/what-people-are-saying\/#breadcrumblist"},"datePublished":"2009-07-27T01:46:24-06:00","dateModified":"2021-03-18T19:38:09-06:00"},{"@type":"WebSite","@id":"https:\/\/prettylinks.com\/de\/#website","url":"https:\/\/prettylinks.com\/de\/","name":"PrettyLinks","description":"Top Affiliate Link & URL Shortener for WordPress","inLanguage":"de-DE","publisher":{"@id":"https:\/\/prettylinks.com\/de\/#organization"}}]},"og:locale":"de_DE","og:site_name":"PrettyLinks","og:type":"article","og:title":"What people are saying about PrettyLinks","og:description":"We could tell you about the awesomeness of Pretty Links all day long. But don't listen to us. Check out what people are saying about our custom URL shortener.","og:url":"https:\/\/prettylinks.com\/de\/what-people-are-saying\/","article:published_time":"2009-07-27T05:46:24+00:00","article:modified_time":"2021-03-18T19:38:09+00:00","twitter:card":"summary_large_image","twitter:title":"What people are saying about PrettyLinks","twitter:description":"We could tell you about the awesomeness of Pretty Links all day long. But don't listen to us. Check out what people are saying about our custom URL shortener."},"aioseo_meta_data":{"post_id":"133","title":"Das sagen die Leute \u00fcber Pretty Links","description":"Wir k\u00f6nnten Ihnen den ganzen Tag lang von der Genialit\u00e4t von Pretty Links erz\u00e4hlen. Aber h\u00f6ren Sie nicht auf uns. Sehen Sie sich an, was die Leute \u00fcber unseren benutzerdefinierten URL-Verk\u00fcrzer sagen.","keywords":[{"label":"pretty links reviews","value":"pretty links reviews"},{"label":"pretty links testimonials","value":"pretty links testimonials"}],"keyphrases":{"focus":[],"additional":[]},"primary_term":null,"canonical_url":null,"og_title":"#post_title","og_description":"We could tell you about the awesomeness of Pretty Links all day long. But don't listen to us. Check out what people are saying about our custom URL shortener.","og_object_type":"default","og_image_type":"default","og_image_url":null,"og_image_width":null,"og_image_height":null,"og_image_custom_url":null,"og_image_custom_fields":null,"og_video":"","og_custom_url":null,"og_article_section":null,"og_article_tags":[],"twitter_use_og":false,"twitter_card":"default","twitter_image_type":"default","twitter_image_url":null,"twitter_image_custom_url":null,"twitter_image_custom_fields":null,"twitter_title":null,"twitter_description":null,"schema":{"blockGraphs":[],"customGraphs":[],"default":{"data":{"Article":[],"Course":[],"Dataset":[],"FAQPage":[],"Movie":[],"Person":[],"Product":[],"ProductReview":[],"Car":[],"Recipe":[],"Service":[],"SoftwareApplication":[],"WebPage":[]},"graphName":"","isEnabled":true},"graphs":[]},"schema_type":"default","schema_type_options":"{\"article\":{\"articleType\":\"BlogPosting\"},\"course\":{\"name\":\"\",\"description\":\"\",\"provider\":\"\"},\"faq\":{\"pages\":[]},\"product\":{\"reviews\":[]},\"recipe\":{\"ingredients\":[],\"instructions\":[],\"keywords\":[]},\"software\":{\"reviews\":[],\"operatingSystems\":[]},\"webPage\":{\"webPageType\":\"WebPage\"}}","pillar_content":false,"robots_default":true,"robots_noindex":false,"robots_noarchive":false,"robots_nosnippet":false,"robots_nofollow":false,"robots_noimageindex":false,"robots_noodp":false,"robots_notranslate":false,"robots_max_snippet":"-1","robots_max_videopreview":"-1","robots_max_imagepreview":"large","priority":null,"frequency":"default","local_seo":{"businessInfo":{"name":"","urls":{"website":"","aboutPage":"","contactPage":""},"address":{"line1":"","line2":"","zip":"","city":"","state":"","country":""},"contact":{"email":"","phone":"","fax":""},"ids":{"vatID":"","taxID":"","chamberID":""},"payment":{"priceIndication":"","currenciesAccepted":"","methodsAccepted":""},"areaServed":""},"openingHours":{"show":false,"closedLabel":"","open24h":false,"open24hLabel":"","open247":false,"use24hFormat":false,"twoSets":false,"timezone":"","hours":[]}},"seo_analyzer_scan_date":"2025-10-10 00:30:43","breadcrumb_settings":null,"limit_modified_date":false,"open_ai":null,"ai":null,"created":"2020-12-21 17:50:19","updated":"2026-01-28 11:47:42"},"_links":{"self":[{"href":"https:\/\/prettylinks.com\/de\/wp-json\/wp\/v2\/pages\/133","targetHints":{"allow":["GET"]}}],"collection":[{"href":"https:\/\/prettylinks.com\/de\/wp-json\/wp\/v2\/pages"}],"about":[{"href":"https:\/\/prettylinks.com\/de\/wp-json\/wp\/v2\/types\/page"}],"author":[{"embeddable":true,"href":"https:\/\/prettylinks.com\/de\/wp-json\/wp\/v2\/users\/1"}],"replies":[{"embeddable":true,"href":"https:\/\/prettylinks.com\/de\/wp-json\/wp\/v2\/comments?post=133"}],"version-history":[{"count":0,"href":"https:\/\/prettylinks.com\/de\/wp-json\/wp\/v2\/pages\/133\/revisions"}],"wp:attachment":[{"href":"https:\/\/prettylinks.com\/de\/wp-json\/wp\/v2\/media?parent=133"}],"curies":[{"name":"wp","href":"https:\/\/api.w.org\/{rel}","templated":true}]}}