{"id":11102,"date":"2023-05-12T16:10:48","date_gmt":"2023-05-12T16:10:48","guid":{"rendered":"https:\/\/prettylinks.com\/?page_id=11102"},"modified":"2026-03-26T03:36:04","modified_gmt":"2026-03-26T09:36:04","slug":"client-free-account","status":"publish","type":"page","link":"https:\/\/prettylinks.com\/de\/client-free-account\/","title":{"rendered":"Kostenloses Kundenkonto"},"content":{"rendered":"<p>Bitte f\u00fcllen Sie das folgende Formular aus, um sich f\u00fcr Ihr kostenloses PrettyLinks.com-Konto zu registrieren.<\/p>\n\n\n\n<div class=\"wp-block-group has-global-padding is-layout-constrained wp-block-group-is-layout-constrained\"><p class=\"error\">Registrierungsschl\u00fcssel fehlt.<\/p>\n<\/div>","protected":false},"excerpt":{"rendered":"<p>Bitte f\u00fcllen Sie das folgende Formular aus, um sich f\u00fcr Ihr kostenloses PrettyLinks.com-Konto zu registrieren.<\/p>","protected":false},"author":32547,"featured_media":0,"parent":0,"menu_order":11,"comment_status":"closed","ping_status":"closed","template":"single_framed","meta":{"om_disable_all_campaigns":false,"_strive_editorial_status":"not-started","_strive_copy_of":0,"_monsterinsights_skip_tracking":false,"_monsterinsights_sitenote_active":false,"_monsterinsights_sitenote_note":"","_monsterinsights_sitenote_category":0,"footnotes":"","maurice_hero_tagline":"","maurice_hero_title":"","maurice_hero_subtitle":"","maurice_hero_cta_link":"","maurice_hero_cta_text":""},"class_list":["post-11102","page","type-page","status-publish","hentry"],"aioseo_notices":[],"aioseo_head":"\n\t\t<!-- All in One SEO Pro 4.9.5.2 - aioseo.com -->\n\t<meta name=\"description\" content=\"Please fill out the form below to register for your Free PrettyLinks.com Account. Registration key missing.\" \/>\n\t<meta name=\"robots\" content=\"max-snippet:-1, max-image-preview:large, max-video-preview:-1\" \/>\n\t<link rel=\"canonical\" href=\"https:\/\/prettylinks.com\/de\/client-free-account\/\" \/>\n\t<meta name=\"generator\" content=\"All in One SEO Pro (AIOSEO) 4.9.5.2\" \/>\n\t\t<meta property=\"og:locale\" content=\"de_DE\" \/>\n\t\t<meta property=\"og:site_name\" content=\"PrettyLinks\" \/>\n\t\t<meta property=\"og:type\" content=\"article\" \/>\n\t\t<meta property=\"og:title\" content=\"Client Free Account\" \/>\n\t\t<meta property=\"og:description\" content=\"Please fill out the form below to register for your Free PrettyLinks.com Account. Registration key missing.\" \/>\n\t\t<meta property=\"og:url\" content=\"https:\/\/prettylinks.com\/de\/client-free-account\/\" \/>\n\t\t<meta property=\"article:published_time\" content=\"2023-05-12T16:10:48+00:00\" \/>\n\t\t<meta property=\"article:modified_time\" content=\"2026-03-26T09:36:04+00:00\" \/>\n\t\t<meta name=\"twitter:card\" content=\"summary_large_image\" \/>\n\t\t<meta name=\"twitter:title\" content=\"Client Free Account\" \/>\n\t\t<meta name=\"twitter:description\" content=\"Please fill out the form below to register for your Free PrettyLinks.com Account. Registration key missing.\" \/>\n\t\t<script type=\"application\/ld+json\" class=\"aioseo-schema\">\n\t\t\t{\"@context\":\"https:\\\/\\\/schema.org\",\"@graph\":[{\"@type\":\"BreadcrumbList\",\"@id\":\"https:\\\/\\\/prettylinks.com\\\/de\\\/client-free-account\\\/#breadcrumblist\",\"itemListElement\":[{\"@type\":\"ListItem\",\"@id\":\"https:\\\/\\\/prettylinks.com\\\/de#listItem\",\"position\":1,\"name\":\"Home\",\"item\":\"https:\\\/\\\/prettylinks.com\\\/de\",\"nextItem\":{\"@type\":\"ListItem\",\"@id\":\"https:\\\/\\\/prettylinks.com\\\/de\\\/client-free-account\\\/#listItem\",\"name\":\"Client Free Account\"}},{\"@type\":\"ListItem\",\"@id\":\"https:\\\/\\\/prettylinks.com\\\/de\\\/client-free-account\\\/#listItem\",\"position\":2,\"name\":\"Client Free Account\",\"previousItem\":{\"@type\":\"ListItem\",\"@id\":\"https:\\\/\\\/prettylinks.com\\\/de#listItem\",\"name\":\"Home\"}}]},{\"@type\":\"Organization\",\"@id\":\"https:\\\/\\\/prettylinks.com\\\/de\\\/#organization\",\"name\":\"PrettyLinks\",\"description\":\"Top Affiliate Link & URL Shortener for WordPress\",\"url\":\"https:\\\/\\\/prettylinks.com\\\/de\\\/\"},{\"@type\":\"WebPage\",\"@id\":\"https:\\\/\\\/prettylinks.com\\\/de\\\/client-free-account\\\/#webpage\",\"url\":\"https:\\\/\\\/prettylinks.com\\\/de\\\/client-free-account\\\/\",\"name\":\"Client Free Account\",\"description\":\"Please fill out the form below to register for your Free PrettyLinks.com Account. Registration key missing.\",\"inLanguage\":\"de-DE\",\"isPartOf\":{\"@id\":\"https:\\\/\\\/prettylinks.com\\\/de\\\/#website\"},\"breadcrumb\":{\"@id\":\"https:\\\/\\\/prettylinks.com\\\/de\\\/client-free-account\\\/#breadcrumblist\"},\"datePublished\":\"2023-05-12T16:10:48-06:00\",\"dateModified\":\"2026-03-26T03:36:04-06:00\"},{\"@type\":\"WebSite\",\"@id\":\"https:\\\/\\\/prettylinks.com\\\/de\\\/#website\",\"url\":\"https:\\\/\\\/prettylinks.com\\\/de\\\/\",\"name\":\"PrettyLinks\",\"description\":\"Top Affiliate Link & URL Shortener for WordPress\",\"inLanguage\":\"de-DE\",\"publisher\":{\"@id\":\"https:\\\/\\\/prettylinks.com\\\/de\\\/#organization\"}}]}\n\t\t<\/script>\n\t\t<!-- All in One SEO Pro -->\r\n\t\t<title>Client Free Account<\/title>\n\n","aioseo_head_json":{"title":"Kostenloses Kundenkonto","description":"Bitte f\u00fcllen Sie das folgende Formular aus, um sich f\u00fcr Ihr kostenloses PrettyLinks.com-Konto zu registrieren. Registrierungsschl\u00fcssel fehlt.","canonical_url":"https:\/\/prettylinks.com\/de\/client-free-account\/","robots":"max-snippet:-1, max-image-preview:large, max-video-preview:-1","keywords":"","webmasterTools":{"miscellaneous":""},"schema":{"@context":"https:\/\/schema.org","@graph":[{"@type":"BreadcrumbList","@id":"https:\/\/prettylinks.com\/de\/client-free-account\/#breadcrumblist","itemListElement":[{"@type":"ListItem","@id":"https:\/\/prettylinks.com\/de#listItem","position":1,"name":"Home","item":"https:\/\/prettylinks.com\/de","nextItem":{"@type":"ListItem","@id":"https:\/\/prettylinks.com\/de\/client-free-account\/#listItem","name":"Client Free Account"}},{"@type":"ListItem","@id":"https:\/\/prettylinks.com\/de\/client-free-account\/#listItem","position":2,"name":"Client Free Account","previousItem":{"@type":"ListItem","@id":"https:\/\/prettylinks.com\/de#listItem","name":"Home"}}]},{"@type":"Organization","@id":"https:\/\/prettylinks.com\/de\/#organization","name":"PrettyLinks","description":"Top Affiliate Link & URL Shortener for WordPress","url":"https:\/\/prettylinks.com\/de\/"},{"@type":"WebPage","@id":"https:\/\/prettylinks.com\/de\/client-free-account\/#webpage","url":"https:\/\/prettylinks.com\/de\/client-free-account\/","name":"Client Free Account","description":"Please fill out the form below to register for your Free PrettyLinks.com Account. Registration key missing.","inLanguage":"de-DE","isPartOf":{"@id":"https:\/\/prettylinks.com\/de\/#website"},"breadcrumb":{"@id":"https:\/\/prettylinks.com\/de\/client-free-account\/#breadcrumblist"},"datePublished":"2023-05-12T16:10:48-06:00","dateModified":"2026-03-26T03:36:04-06:00"},{"@type":"WebSite","@id":"https:\/\/prettylinks.com\/de\/#website","url":"https:\/\/prettylinks.com\/de\/","name":"PrettyLinks","description":"Top Affiliate Link & URL Shortener for WordPress","inLanguage":"de-DE","publisher":{"@id":"https:\/\/prettylinks.com\/de\/#organization"}}]},"og:locale":"de_DE","og:site_name":"PrettyLinks","og:type":"article","og:title":"Client Free Account","og:description":"Please fill out the form below to register for your Free PrettyLinks.com Account. Registration key missing.","og:url":"https:\/\/prettylinks.com\/de\/client-free-account\/","article:published_time":"2023-05-12T16:10:48+00:00","article:modified_time":"2026-03-26T09:36:04+00:00","twitter:card":"summary_large_image","twitter:title":"Client Free Account","twitter:description":"Please fill out the form below to register for your Free PrettyLinks.com Account. Registration key missing."},"aioseo_meta_data":{"post_id":"11102","title":null,"description":null,"keywords":null,"keyphrases":{"focus":{"keyphrase":"","score":0,"analysis":{"keyphraseInTitle":{"score":0,"maxScore":9,"error":1}}},"additional":[]},"primary_term":null,"canonical_url":null,"og_title":null,"og_description":null,"og_object_type":"default","og_image_type":"default","og_image_url":null,"og_image_width":null,"og_image_height":null,"og_image_custom_url":null,"og_image_custom_fields":null,"og_video":"","og_custom_url":null,"og_article_section":null,"og_article_tags":null,"twitter_use_og":false,"twitter_card":"default","twitter_image_type":"default","twitter_image_url":null,"twitter_image_custom_url":null,"twitter_image_custom_fields":null,"twitter_title":null,"twitter_description":null,"schema":{"blockGraphs":[],"customGraphs":[],"default":{"data":{"Article":[],"Course":[],"Dataset":[],"FAQPage":[],"Movie":[],"Person":[],"Product":[],"ProductReview":[],"Car":[],"Recipe":[],"Service":[],"SoftwareApplication":[],"WebPage":[]},"graphName":"WebPage","isEnabled":true},"graphs":[]},"schema_type":"default","schema_type_options":null,"pillar_content":false,"robots_default":true,"robots_noindex":false,"robots_noarchive":false,"robots_nosnippet":false,"robots_nofollow":false,"robots_noimageindex":false,"robots_noodp":false,"robots_notranslate":false,"robots_max_snippet":"-1","robots_max_videopreview":"-1","robots_max_imagepreview":"large","priority":null,"frequency":"default","local_seo":null,"seo_analyzer_scan_date":"2026-03-26 09:48:28","breadcrumb_settings":null,"limit_modified_date":false,"open_ai":"{\"title\":{\"suggestions\":[],\"usage\":0},\"description\":{\"suggestions\":[],\"usage\":0}}","ai":{"faqs":[],"keyPoints":[],"titles":[],"descriptions":[],"socialPosts":{"email":[],"linkedin":[],"twitter":[],"facebook":[],"instagram":[]}},"created":"2023-05-12 15:47:23","updated":"2026-03-26 09:48:28"},"_links":{"self":[{"href":"https:\/\/prettylinks.com\/de\/wp-json\/wp\/v2\/pages\/11102","targetHints":{"allow":["GET"]}}],"collection":[{"href":"https:\/\/prettylinks.com\/de\/wp-json\/wp\/v2\/pages"}],"about":[{"href":"https:\/\/prettylinks.com\/de\/wp-json\/wp\/v2\/types\/page"}],"author":[{"embeddable":true,"href":"https:\/\/prettylinks.com\/de\/wp-json\/wp\/v2\/users\/32547"}],"replies":[{"embeddable":true,"href":"https:\/\/prettylinks.com\/de\/wp-json\/wp\/v2\/comments?post=11102"}],"version-history":[{"count":2,"href":"https:\/\/prettylinks.com\/de\/wp-json\/wp\/v2\/pages\/11102\/revisions"}],"predecessor-version":[{"id":18033,"href":"https:\/\/prettylinks.com\/de\/wp-json\/wp\/v2\/pages\/11102\/revisions\/18033"}],"wp:attachment":[{"href":"https:\/\/prettylinks.com\/de\/wp-json\/wp\/v2\/media?parent=11102"}],"curies":[{"name":"wp","href":"https:\/\/api.w.org\/{rel}","templated":true}]}}